{"id":1711,"date":"2024-09-05T12:48:15","date_gmt":"2024-09-05T11:48:15","guid":{"rendered":"https:\/\/zoodelpirineu.com\/oferta-de-treball-dexpert-en-marqueting\/"},"modified":"2025-09-10T05:33:28","modified_gmt":"2025-09-10T04:33:28","slug":"oferta-de-feina-en-comunicacio-a-ong","status":"publish","type":"page","link":"https:\/\/zoodelpirineu.com\/ca\/sobre-nosaltres\/treballa-amb-nosaltres\/oferta-de-feina-en-comunicacio-a-ong\/","title":{"rendered":"Oferta de feina en Comunicaci\u00f3 a ONG"},"content":{"rendered":"\n<div class=\"wp-block-cover\"><img loading=\"lazy\" decoding=\"async\" width=\"1024\" height=\"410\" class=\"wp-block-cover__image-background wp-image-4723 size-large\" alt=\"Trabajo en comunicaci\u00f3n en ONG: fot\u00f3grafa documentando un cuervo en el refugio de fauna salvaje del Pirineo.\" src=\"https:\/\/zoodelpirineu.com\/wp-content\/uploads\/2025\/08\/voluntariadoconanimalessalvajes-1024x410.jpg\" style=\"object-position:71% 29%\" data-object-fit=\"cover\" data-object-position=\"71% 29%\" srcset=\"https:\/\/zoodelpirineu.com\/wp-content\/uploads\/2025\/08\/voluntariadoconanimalessalvajes-1024x410.jpg 1024w, https:\/\/zoodelpirineu.com\/wp-content\/uploads\/2025\/08\/voluntariadoconanimalessalvajes-300x120.jpg 300w, https:\/\/zoodelpirineu.com\/wp-content\/uploads\/2025\/08\/voluntariadoconanimalessalvajes-768x307.jpg 768w, https:\/\/zoodelpirineu.com\/wp-content\/uploads\/2025\/08\/voluntariadoconanimalessalvajes-1536x614.jpg 1536w, https:\/\/zoodelpirineu.com\/wp-content\/uploads\/2025\/08\/voluntariadoconanimalessalvajes.jpg 2000w\" sizes=\"auto, (max-width: 1024px) 100vw, 1024px\" \/><span aria-hidden=\"true\" class=\"wp-block-cover__background has-contrast-background-color has-background-dim-60 has-background-dim\"><\/span><div class=\"wp-block-cover__inner-container is-layout-constrained wp-block-cover-is-layout-constrained\">\n<p class=\"has-text-align-center has-large-font-size\">Oferta de feina en Comunicaci\u00f3 a ONG:<br\/>T\u00e8cnic\/a de Comunicaci\u00f3 i Atenci\u00f3 al P\u00fablic<\/p>\n\n\n\n<p class=\"has-text-align-center has-medium-font-size\">Uneix-te a la Fundaci\u00f3 Zoo del Pirineu i ajuda\u2019ns a protegir la fauna salvatge inspirant cada any milers de visitants.<\/p>\n<\/div><\/div>\n\n<div style=\"height:100px\" aria-hidden=\"true\" class=\"wp-block-spacer\"><\/div>\n\n<div class=\"wp-block-columns is-layout-flex wp-container-core-columns-is-layout-9d6595d7 wp-block-columns-is-layout-flex\">\n<div class=\"wp-block-column is-layout-flow wp-block-column-is-layout-flow\" style=\"flex-basis:25%\"><\/div>\n\n\n\n<div class=\"wp-block-column is-layout-flow wp-block-column-is-layout-flow\" style=\"flex-basis:50%\">\n<p class=\"has-text-align-center\">Si est\u00e0s buscant una <strong>feina en comunicaci\u00f3 dins d\u2019una ONG<\/strong> on puguis unir creativitat, tracte amb el p\u00fablic i comprom\u00eds real, aquesta \u00e9s la teva oportunitat. <\/p>\n\n\n\n<p class=\"has-text-align-center\">A la <strong>Fundaci\u00f3 Zoo del Pirineu<\/strong> busquem una persona emp\u00e0tica, proactiva i amb capacitat d\u2019execuci\u00f3 per refor\u00e7ar l\u2019\u00e0rea de comunicaci\u00f3 i l\u2019atenci\u00f3 als visitants.<\/p>\n<\/div>\n\n\n\n<div class=\"wp-block-column is-layout-flow wp-block-column-is-layout-flow\" style=\"flex-basis:25%\"><\/div>\n<\/div>\n\n<div style=\"height:100px\" aria-hidden=\"true\" class=\"wp-block-spacer\"><\/div>\n\n<h2 class=\"wp-block-heading has-text-align-center\">Responsabilitats en aquesta feina de comunicaci\u00f3 a ONG<\/h2>\n\n<div class=\"wp-block-columns is-layout-flex wp-container-core-columns-is-layout-9d6595d7 wp-block-columns-is-layout-flex\">\n<div class=\"wp-block-column has-base-background-color has-background is-layout-flow wp-block-column-is-layout-flow\">\n<div style=\"height:30px\" aria-hidden=\"true\" class=\"wp-block-spacer\"><\/div>\n\n\n\n<h3 class=\"wp-block-heading has-text-align-center\">Comunicaci\u00f3 i xarxes socials<\/h3>\n\n\n\n<p class=\"has-text-align-center\">Crear i programar publicacions (fotos, v\u00eddeos, stories i textos).<\/p>\n\n\n\n<p class=\"has-text-align-center\">Respondre missatges i comentaris a les xarxes socials.<\/p>\n<\/div>\n\n\n\n<div class=\"wp-block-column has-base-background-color has-background is-layout-flow wp-block-column-is-layout-flow\">\n<div style=\"height:30px\" aria-hidden=\"true\" class=\"wp-block-spacer\"><\/div>\n\n\n\n<h3 class=\"wp-block-heading has-text-align-center\">Atenci\u00f3 al p\u00fablic i reserves<\/h3>\n\n\n\n<p class=\"has-text-align-center\">Atendre trucades i correus electr\u00f2nics.<\/p>\n\n\n\n<p class=\"has-text-align-center\">Gestionar reserves d\u2019activitats i resoldre dubtes.<\/p>\n<\/div>\n\n\n\n<div class=\"wp-block-column has-base-background-color has-background is-layout-flow wp-block-column-is-layout-flow\">\n<div style=\"height:30px\" aria-hidden=\"true\" class=\"wp-block-spacer\"><\/div>\n\n\n\n<h3 class=\"wp-block-heading has-text-align-center\">Visites i atenci\u00f3 al visitant<\/h3>\n\n\n\n<p class=\"has-text-align-center\">Rebre i donar la benvinguda a taquilla.<\/p>\n\n\n\n<p class=\"has-text-align-center\">Conduir visites guiades per a fam\u00edlies, escoles i grups.<\/p>\n<\/div>\n\n\n\n<div class=\"wp-block-column has-base-background-color has-background is-layout-flow wp-block-column-is-layout-flow\">\n<div style=\"height:30px\" aria-hidden=\"true\" class=\"wp-block-spacer\"><\/div>\n\n\n\n<h3 class=\"wp-block-heading has-text-align-center\">Suport operatiu a l\u2019equip<\/h3>\n\n\n\n<p class=\"has-text-align-center\">Treballar 2 caps de setmana al mes, moments essencials en qu\u00e8 el refugi rep m\u00e9s visitants i transmet la seva tasca educativa amb m\u00e9s impacte.<\/p>\n<\/div>\n<\/div>\n\n<div style=\"height:100px\" aria-hidden=\"true\" class=\"wp-block-spacer\"><\/div>\n\n<h2 class=\"wp-block-heading has-text-align-center\">Qu\u00e8 ens agradaria que aportessis en aquesta feina de comunicaci\u00f3 a ONG?<\/h2>\n\n<div class=\"wp-block-columns is-layout-flex wp-container-core-columns-is-layout-9d6595d7 wp-block-columns-is-layout-flex\">\n<div class=\"wp-block-column is-layout-flow wp-block-column-is-layout-flow\" style=\"flex-basis:10%\"><\/div>\n\n\n\n<div class=\"wp-block-column has-base-background-color has-background is-layout-flow wp-block-column-is-layout-flow\">\n<div style=\"height:30px\" aria-hidden=\"true\" class=\"wp-block-spacer\"><\/div>\n\n\n\n<p class=\"has-text-align-center\"><strong>Creativitat i habilitats comunicatives<\/strong> per donar vida a les nostres xarxes i activitats.<br\/><\/p>\n<\/div>\n\n\n\n<div class=\"wp-block-column has-base-background-color has-background is-layout-flow wp-block-column-is-layout-flow\">\n<div style=\"height:30px\" aria-hidden=\"true\" class=\"wp-block-spacer\"><\/div>\n\n\n\n<p class=\"has-text-align-center\"><strong>Empatia i tracte proper<\/strong> perqu\u00e8 cada visitant se senti ben rebut.<\/p>\n<\/div>\n\n\n\n<div class=\"wp-block-column has-base-background-color has-background is-layout-flow wp-block-column-is-layout-flow\">\n<div style=\"height:30px\" aria-hidden=\"true\" class=\"wp-block-spacer\"><\/div>\n\n\n\n<p class=\"has-text-align-center\"><strong>Treball en equip i resili\u00e8ncia<\/strong> per col\u00b7laborar i mantenir l\u2019energia en moments d\u2019alta aflu\u00e8ncia.<\/p>\n<\/div>\n\n\n\n<div class=\"wp-block-column has-base-background-color has-background is-layout-flow wp-block-column-is-layout-flow\">\n<div style=\"height:30px\" aria-hidden=\"true\" class=\"wp-block-spacer\"><\/div>\n\n\n\n<p class=\"has-text-align-center\"><strong>Orientaci\u00f3 a l\u2019acci\u00f3 i capacitat d\u2019aprenentatge r\u00e0pid<\/strong> per adaptar-te i executar amb efic\u00e0cia.<\/p>\n<\/div>\n\n\n\n<div class=\"wp-block-column is-layout-flow wp-block-column-is-layout-flow\" style=\"flex-basis:10%\"><\/div>\n<\/div>\n\n<div style=\"height:100px\" aria-hidden=\"true\" class=\"wp-block-spacer\"><\/div>\n\n<h2 class=\"wp-block-heading has-text-align-center\">Qu\u00e8 ofereix aquest lloc de feina en comunicaci\u00f3 a ONG<\/h2>\n\n<div class=\"wp-block-columns is-layout-flex wp-container-core-columns-is-layout-9d6595d7 wp-block-columns-is-layout-flex\">\n<div class=\"wp-block-column is-layout-flow wp-block-column-is-layout-flow\" style=\"flex-basis:10%\"><\/div>\n\n\n\n<div class=\"wp-block-column has-base-background-color has-background is-layout-flow wp-block-column-is-layout-flow\">\n<div style=\"height:30px\" aria-hidden=\"true\" class=\"wp-block-spacer\"><\/div>\n\n\n\n<p class=\"has-text-align-center\"><strong>Estabilitat i sou revisable<\/strong>, amb un contracte que et permet cr\u00e9ixer juntament amb el projecte.<\/p>\n<\/div>\n\n\n\n<div class=\"wp-block-column has-base-background-color has-background is-layout-flow wp-block-column-is-layout-flow\">\n<div style=\"height:30px\" aria-hidden=\"true\" class=\"wp-block-spacer\"><\/div>\n\n\n\n<p class=\"has-text-align-center\"><strong>Un equip proper i apassionat<\/strong>, on la teva contribuci\u00f3 tindr\u00e0 un impacte real.<\/p>\n<\/div>\n\n\n\n<div class=\"wp-block-column has-base-background-color has-background is-layout-flow wp-block-column-is-layout-flow\">\n<div style=\"height:30px\" aria-hidden=\"true\" class=\"wp-block-spacer\"><\/div>\n\n\n\n<p class=\"has-text-align-center\"><strong>Aprenentatge continu i desenvolupament professional<\/strong>, assumint responsabilitat des del primer dia.<\/p>\n<\/div>\n\n\n\n<div class=\"wp-block-column has-base-background-color has-background is-layout-flow wp-block-column-is-layout-flow\">\n<div style=\"height:30px\" aria-hidden=\"true\" class=\"wp-block-spacer\"><\/div>\n\n\n\n<p class=\"has-text-align-center\"><strong>Un entorn laboral hum\u00e0 i flexible,<\/strong> que respecta la teva vida personal mentre treballes en un projecte amb prop\u00f2sit.<\/p>\n<\/div>\n\n\n\n<div class=\"wp-block-column is-layout-flow wp-block-column-is-layout-flow\" style=\"flex-basis:10%\"><\/div>\n<\/div>\n\n<div style=\"height:100px\" aria-hidden=\"true\" class=\"wp-block-spacer\"><\/div>\n\n<h2 class=\"wp-block-heading has-text-align-center\">El teu pr\u00f2xim pas<\/h2>\n\n<div class=\"wp-block-columns is-layout-flex wp-container-core-columns-is-layout-9d6595d7 wp-block-columns-is-layout-flex\">\n<div class=\"wp-block-column is-layout-flow wp-block-column-is-layout-flow\" style=\"flex-basis:25%\"><\/div>\n\n\n\n<div class=\"wp-block-column is-layout-flow wp-block-column-is-layout-flow\" style=\"flex-basis:50%\">\n<p class=\"has-text-align-center\">Aquesta <strong>feina en comunicaci\u00f3 a ONG<\/strong> \u00e9s molt m\u00e9s que una ocupaci\u00f3:<br\/>\u00e9s l\u2019oportunitat de cr\u00e9ixer en un entorn estable, envoltat d\u2019un equip proper i apassionat, mentre contribueixes a protegir la fauna salvatge i inspires cada any milers de visitants.<\/p>\n<\/div>\n\n\n\n<div class=\"wp-block-column is-layout-flow wp-block-column-is-layout-flow\" style=\"flex-basis:25%\"><\/div>\n<\/div>\n\n<div class=\"wp-block-buttons is-content-justification-center is-layout-flex wp-container-core-buttons-is-layout-16018d1d wp-block-buttons-is-layout-flex\">\n<div class=\"wp-block-button\"><a class=\"wp-block-button__link has-medium-font-size has-custom-font-size wp-element-button\" href=\"https:\/\/zoodelpirineu.com\/ca\/contacte\/\">Envia\u2019ns el teu curr\u00edculum i fes el primer pas per unir-te al nostre equip.<\/a><\/div>\n<\/div>\n\n<div style=\"height:100px\" aria-hidden=\"true\" class=\"wp-block-spacer\"><\/div>\n\n<div class=\"wp-block-cover\"><img loading=\"lazy\" decoding=\"async\" width=\"1024\" height=\"410\" class=\"wp-block-cover__image-background wp-image-5236 size-large\" alt=\"Trabajo en comunicaci\u00f3n en ONG: manos protegiendo dos cr\u00edas de ave como s\u00edmbolo de cuidado y prop\u00f3sito real.\" src=\"https:\/\/zoodelpirineu.com\/wp-content\/uploads\/2025\/09\/oportunidaddecrezer-1024x410.jpg\" data-object-fit=\"cover\" srcset=\"https:\/\/zoodelpirineu.com\/wp-content\/uploads\/2025\/09\/oportunidaddecrezer-1024x410.jpg 1024w, https:\/\/zoodelpirineu.com\/wp-content\/uploads\/2025\/09\/oportunidaddecrezer-300x120.jpg 300w, https:\/\/zoodelpirineu.com\/wp-content\/uploads\/2025\/09\/oportunidaddecrezer-768x307.jpg 768w, https:\/\/zoodelpirineu.com\/wp-content\/uploads\/2025\/09\/oportunidaddecrezer-1536x614.jpg 1536w, https:\/\/zoodelpirineu.com\/wp-content\/uploads\/2025\/09\/oportunidaddecrezer.jpg 2000w\" sizes=\"auto, (max-width: 1024px) 100vw, 1024px\" \/><span aria-hidden=\"true\" class=\"wp-block-cover__background has-contrast-background-color has-background-dim\"><\/span><div class=\"wp-block-cover__inner-container is-layout-constrained wp-block-cover-is-layout-constrained\">\n<p class=\"has-text-align-center has-large-font-size\">Uneix-te a un projecte amb prop\u00f2sit.<\/p>\n<\/div><\/div>\n","protected":false},"excerpt":{"rendered":"<p>Si est\u00e0s buscant una feina en comunicaci\u00f3 dins d\u2019una ONG on puguis unir creativitat, tracte amb el p\u00fablic i comprom\u00eds real, aquesta \u00e9s la teva &#8230; <\/p>\n<p class=\"read-more-container\"><a title=\"Oferta de feina en Comunicaci\u00f3 a ONG\" class=\"read-more button\" href=\"https:\/\/zoodelpirineu.com\/ca\/sobre-nosaltres\/treballa-amb-nosaltres\/oferta-de-feina-en-comunicacio-a-ong\/#more-1711\" aria-label=\"M\u00e9s informaci\u00f3 sobre Oferta de feina en Comunicaci\u00f3 a ONG\">Read more<\/a><\/p>\n","protected":false},"author":1,"featured_media":0,"parent":538,"menu_order":0,"comment_status":"closed","ping_status":"open","template":"","meta":{"om_disable_all_campaigns":false,"_monsterinsights_skip_tracking":false,"_monsterinsights_sitenote_active":false,"_monsterinsights_sitenote_note":"","_monsterinsights_sitenote_category":0,"footnotes":""},"class_list":["post-1711","page","type-page","status-publish"],"aioseo_notices":[],"_links":{"self":[{"href":"https:\/\/zoodelpirineu.com\/ca\/wp-json\/wp\/v2\/pages\/1711","targetHints":{"allow":["GET"]}}],"collection":[{"href":"https:\/\/zoodelpirineu.com\/ca\/wp-json\/wp\/v2\/pages"}],"about":[{"href":"https:\/\/zoodelpirineu.com\/ca\/wp-json\/wp\/v2\/types\/page"}],"author":[{"embeddable":true,"href":"https:\/\/zoodelpirineu.com\/ca\/wp-json\/wp\/v2\/users\/1"}],"replies":[{"embeddable":true,"href":"https:\/\/zoodelpirineu.com\/ca\/wp-json\/wp\/v2\/comments?post=1711"}],"version-history":[{"count":4,"href":"https:\/\/zoodelpirineu.com\/ca\/wp-json\/wp\/v2\/pages\/1711\/revisions"}],"predecessor-version":[{"id":5242,"href":"https:\/\/zoodelpirineu.com\/ca\/wp-json\/wp\/v2\/pages\/1711\/revisions\/5242"}],"up":[{"embeddable":true,"href":"https:\/\/zoodelpirineu.com\/ca\/wp-json\/wp\/v2\/pages\/538"}],"wp:attachment":[{"href":"https:\/\/zoodelpirineu.com\/ca\/wp-json\/wp\/v2\/media?parent=1711"}],"curies":[{"name":"wp","href":"https:\/\/api.w.org\/{rel}","templated":true}]}}