{"id":2826,"date":"2025-02-14T07:26:39","date_gmt":"2025-02-14T06:26:39","guid":{"rendered":"https:\/\/zoodelpirineu.com\/empreses\/projectes-de-rsc\/"},"modified":"2025-02-26T17:26:54","modified_gmt":"2025-02-26T16:26:54","slug":"projectes-de-rsc","status":"publish","type":"page","link":"https:\/\/zoodelpirineu.com\/ca\/donacio\/empreses\/projectes-de-rsc\/","title":{"rendered":"Projectes de RSC"},"content":{"rendered":"\n<div class=\"wp-block-cover\"><span aria-hidden=\"true\" class=\"wp-block-cover__background has-background-dim\"><\/span><img loading=\"lazy\" decoding=\"async\" width=\"2000\" height=\"800\" class=\"wp-block-cover__image-background wp-image-2737\" alt=\"\" src=\"https:\/\/zoodelpirineu.com\/wp-content\/uploads\/2025\/02\/Proyectos-de-CRS.jpg\" style=\"object-position:52% 100%\" data-object-fit=\"cover\" data-object-position=\"52% 100%\" srcset=\"https:\/\/zoodelpirineu.com\/wp-content\/uploads\/2025\/02\/Proyectos-de-CRS.jpg 2000w, https:\/\/zoodelpirineu.com\/wp-content\/uploads\/2025\/02\/Proyectos-de-CRS-300x120.jpg 300w, https:\/\/zoodelpirineu.com\/wp-content\/uploads\/2025\/02\/Proyectos-de-CRS-1024x410.jpg 1024w, https:\/\/zoodelpirineu.com\/wp-content\/uploads\/2025\/02\/Proyectos-de-CRS-768x307.jpg 768w, https:\/\/zoodelpirineu.com\/wp-content\/uploads\/2025\/02\/Proyectos-de-CRS-1536x614.jpg 1536w\" sizes=\"auto, (max-width: 2000px) 100vw, 2000px\" \/><div class=\"wp-block-cover__inner-container is-layout-constrained wp-block-cover-is-layout-constrained\">\n<p class=\"has-text-align-center has-large-font-size\">Converteix el teu RSC en Impacte Visible i Mesurable amb Projectes Reals<\/p>\n\n\n\n<p class=\"has-text-align-center\">Selecciona projectes mesurables i alineats amb la teva estrat\u00e8gia de RSC,<br\/>llestos per a la teva mem\u00f2ria corporativa i 100% auditables.<\/p>\n\n\n\n<div style=\"height:60px\" aria-hidden=\"true\" class=\"wp-block-spacer\"><\/div>\n\n\n\n<div class=\"wp-block-buttons is-content-justification-center is-layout-flex wp-container-core-buttons-is-layout-16018d1d wp-block-buttons-is-layout-flex\">\n<div class=\"wp-block-button\"><a class=\"wp-block-button__link wp-element-button\" href=\"#proyectos-de-RSC\">Veure Projectes de RSC<\/a><\/div>\n<\/div>\n\n\n\n<div style=\"height:40px\" aria-hidden=\"true\" class=\"wp-block-spacer\"><\/div>\n<\/div><\/div>\n\n<div style=\"height:100px\" aria-hidden=\"true\" class=\"wp-block-spacer\"><\/div>\n\n<h2 class=\"wp-block-heading has-text-align-center\">RSC per omplir un informe o per liderar un canvi real?<\/h2>\n\n<div class=\"wp-block-columns is-layout-flex wp-container-core-columns-is-layout-9d6595d7 wp-block-columns-is-layout-flex\">\n<div class=\"wp-block-column is-layout-flow wp-block-column-is-layout-flow\" style=\"flex-basis:25%\"><\/div>\n\n\n\n<div class=\"wp-block-column is-layout-flow wp-block-column-is-layout-flow\" style=\"flex-basis:50%\">\n<p class=\"has-text-align-center\">Moltes empreses fan RSC nom\u00e9s per complir l&#8217;informe anual. <strong>La teva RSC pot ser diferent:<\/strong> mesurable, visible i alineat amb els <a href=\"https:\/\/www.un.org\/sustainabledevelopment\/es\/\" target=\"_blank\" rel=\"noopener\" title=\"ODS\">ODS<\/a>.<\/p>\n\n\n\n<div style=\"height:40px\" aria-hidden=\"true\" class=\"wp-block-spacer\"><\/div>\n\n\n<div class=\"wp-block-image\">\n<figure class=\"aligncenter size-full is-resized\"><img loading=\"lazy\" decoding=\"async\" width=\"320\" height=\"213\" src=\"https:\/\/zoodelpirineu.com\/wp-content\/uploads\/2025\/02\/RSC-picto.png\" alt=\"\" class=\"wp-image-2443\" style=\"width:auto;height:80px\" srcset=\"https:\/\/zoodelpirineu.com\/wp-content\/uploads\/2025\/02\/RSC-picto.png 320w, https:\/\/zoodelpirineu.com\/wp-content\/uploads\/2025\/02\/RSC-picto-300x200.png 300w\" sizes=\"auto, (max-width: 320px) 100vw, 320px\" \/><\/figure>\n<\/div><\/div>\n\n\n\n<div class=\"wp-block-column is-layout-flow wp-block-column-is-layout-flow\" style=\"flex-basis:25%\"><\/div>\n<\/div>\n\n<h2 class=\"wp-block-heading has-text-align-center\" id=\"proyectos-de-RSC\">Projectes de RSC amb Impacte Real<\/h2>\n\n<div class=\"wp-block-columns is-layout-flex wp-container-core-columns-is-layout-9d6595d7 wp-block-columns-is-layout-flex\">\n<div class=\"wp-block-column is-layout-flow wp-block-column-is-layout-flow\" style=\"flex-basis:10%\"><\/div>\n\n\n\n<div class=\"wp-block-column has-base-background-color has-background is-layout-flow wp-block-column-is-layout-flow\">\n<div style=\"height:20px\" aria-hidden=\"true\" class=\"wp-block-spacer\"><\/div>\n\n\n\n<h3 class=\"wp-block-heading has-text-align-center\"><a href=\"https:\/\/zoodelpirineu.com\/ca\/empreses\/projectes-de-rsc\/financiar-proyectos-educativos\/\" title=\"Finan&#xE7;ar projectes educatius\">Projectes Educatius<\/a><\/h3>\n\n\n\n<p class=\"has-text-align-center\">Impulsa l&#8217;educaci\u00f3 ambiental finan\u00e7ant iniciatives que connecten els infants amb la natura.<\/p>\n\n\n\n<p class=\"has-text-align-center\"><strong>Benefici per a la teva empresa:<br\/><\/strong>\u2705 <strong>ODS 4<\/strong>: Alinea la teva RSC amb l&#8217;educaci\u00f3 ambiental.<br\/>\u2705 <strong>Reconeixement<\/strong>: La teva marca en materials educatius i xarxes socials i premsa.<\/p>\n\n\n\n<div class=\"wp-block-buttons is-content-justification-space-between is-layout-flex wp-container-core-buttons-is-layout-3d213aab wp-block-buttons-is-layout-flex\">\n<div class=\"wp-block-button has-custom-width wp-block-button__width-100\"><a class=\"wp-block-button__link wp-element-button\" href=\"https:\/\/zoodelpirineu.com\/ca\/empreses\/projectes-de-rsc\/financiar-proyectos-educativos\/\" style=\"border-radius:0px\">Descobreix com finan\u00e7ar projectes educatius<\/a><\/div>\n<\/div>\n<\/div>\n\n\n\n<div class=\"wp-block-column has-base-background-color has-background is-layout-flow wp-block-column-is-layout-flow\">\n<div style=\"height:20px\" aria-hidden=\"true\" class=\"wp-block-spacer\"><\/div>\n\n\n\n<h3 class=\"wp-block-heading has-text-align-center\"><a href=\"https:\/\/zoodelpirineu.com\/ca\/empreses\/projectes-de-rsc\/projecte-per-salvar-vides-salvatges\/\" title=\"Finan&#xE7;ar projectes educatius\">A Contrarellotge<\/a><\/h3>\n\n\n\n<p class=\"has-text-align-center\">Salva vides salvatges finan\u00e7ant una m\u00e0quina de raigs X que permetr\u00e0 diagn\u00f2stics r\u00e0pids i tractaments efica\u00e7os.<\/p>\n\n\n\n<p class=\"has-text-align-center\"><strong>Benefici per a la teva empresa:<br\/><\/strong>\u2705 <strong>ODS 15<\/strong>: Alinea la teva RSC amb la protecci\u00f3 de la biodiversitat.<br\/>\u2705 <strong>Reconeixement<\/strong>: La teva marca a la nostra cl\u00ednica, web, xarxes socials i comunicacions amb la premsa.<\/p>\n\n\n\n<div class=\"wp-block-buttons is-content-justification-space-between is-layout-flex wp-container-core-buttons-is-layout-3d213aab wp-block-buttons-is-layout-flex\">\n<div class=\"wp-block-button has-custom-width wp-block-button__width-100\"><a class=\"wp-block-button__link wp-element-button\" href=\"https:\/\/zoodelpirineu.com\/ca\/empreses\/projectes-de-rsc\/projecte-per-salvar-vides-salvatges\/\" style=\"border-radius:0px\">Vull con\u00e8ixer el projecte que salva vides salvatges<\/a><\/div>\n<\/div>\n<\/div>\n\n\n\n<div class=\"wp-block-column is-layout-flow wp-block-column-is-layout-flow\" style=\"flex-basis:10%\"><\/div>\n<\/div>\n\n<div style=\"height:100px\" aria-hidden=\"true\" class=\"wp-block-spacer\"><\/div>\n<div class=\"wp-block-image\">\n<figure class=\"aligncenter size-full is-resized\"><img loading=\"lazy\" decoding=\"async\" width=\"320\" height=\"213\" src=\"https:\/\/zoodelpirineu.com\/wp-content\/uploads\/2025\/02\/Resultados-picto.png\" alt=\"\" class=\"wp-image-2725\" style=\"width:auto;height:100px\" srcset=\"https:\/\/zoodelpirineu.com\/wp-content\/uploads\/2025\/02\/Resultados-picto.png 320w, https:\/\/zoodelpirineu.com\/wp-content\/uploads\/2025\/02\/Resultados-picto-300x200.png 300w\" sizes=\"auto, (max-width: 320px) 100vw, 320px\" \/><\/figure>\n<\/div>\n<h3 class=\"wp-block-heading has-text-align-center\">Caracter\u00edstiques principals de RCS: Resultats, M\u00e8triques i Visibilitat<\/h3>\n\n<div class=\"wp-block-columns is-layout-flex wp-container-core-columns-is-layout-9d6595d7 wp-block-columns-is-layout-flex\">\n<div class=\"wp-block-column is-layout-flow wp-block-column-is-layout-flow\" style=\"flex-basis:5%\"><\/div>\n\n\n\n<div class=\"wp-block-column is-layout-flow wp-block-column-is-layout-flow\">\n<div style=\"height:20px\" aria-hidden=\"true\" class=\"wp-block-spacer\"><\/div>\n\n\n<div class=\"wp-block-image\">\n<figure class=\"aligncenter size-full is-resized\"><img loading=\"lazy\" decoding=\"async\" width=\"320\" height=\"213\" src=\"https:\/\/zoodelpirineu.com\/wp-content\/uploads\/2025\/02\/OK-picto.png\" alt=\"\" class=\"wp-image-2700\" style=\"width:auto;height:50px\" srcset=\"https:\/\/zoodelpirineu.com\/wp-content\/uploads\/2025\/02\/OK-picto.png 320w, https:\/\/zoodelpirineu.com\/wp-content\/uploads\/2025\/02\/OK-picto-300x200.png 300w\" sizes=\"auto, (max-width: 320px) 100vw, 320px\" \/><\/figure>\n<\/div>\n\n\n<p class=\"has-text-align-center\"><strong>Projectes alineats amb ODS:<\/strong><\/p>\n\n\n\n<p class=\"has-text-align-center\">4. Educaci\u00f3<br\/>12. Sostenibilitat<br\/>15. Biodiversitat<br\/>17. Col\u00b7laboraci\u00f3<\/p>\n<\/div>\n\n\n\n<div class=\"wp-block-column is-layout-flow wp-block-column-is-layout-flow\">\n<div style=\"height:20px\" aria-hidden=\"true\" class=\"wp-block-spacer\"><\/div>\n\n\n<div class=\"wp-block-image\">\n<figure class=\"aligncenter size-full is-resized\"><img loading=\"lazy\" decoding=\"async\" width=\"320\" height=\"213\" src=\"https:\/\/zoodelpirineu.com\/wp-content\/uploads\/2025\/02\/OK-picto.png\" alt=\"\" class=\"wp-image-2700\" style=\"width:auto;height:50px\" srcset=\"https:\/\/zoodelpirineu.com\/wp-content\/uploads\/2025\/02\/OK-picto.png 320w, https:\/\/zoodelpirineu.com\/wp-content\/uploads\/2025\/02\/OK-picto-300x200.png 300w\" sizes=\"auto, (max-width: 320px) 100vw, 320px\" \/><\/figure>\n<\/div>\n\n\n<p class=\"has-text-align-center\"><strong>Desgravaci\u00f3 Fiscal fins al 50%:<\/strong> <\/p>\n\n\n\n<p class=\"has-text-align-center\">Participant 3 anys consecutius. (Els primers 2 anys la desgravaci\u00f3 \u00e9s del 40%) <\/p>\n<\/div>\n\n\n\n<div class=\"wp-block-column is-layout-flow wp-block-column-is-layout-flow\">\n<div style=\"height:20px\" aria-hidden=\"true\" class=\"wp-block-spacer\"><\/div>\n\n\n<div class=\"wp-block-image\">\n<figure class=\"aligncenter size-full is-resized\"><img loading=\"lazy\" decoding=\"async\" width=\"320\" height=\"213\" src=\"https:\/\/zoodelpirineu.com\/wp-content\/uploads\/2025\/02\/OK-picto.png\" alt=\"\" class=\"wp-image-2700\" style=\"width:auto;height:50px\" srcset=\"https:\/\/zoodelpirineu.com\/wp-content\/uploads\/2025\/02\/OK-picto.png 320w, https:\/\/zoodelpirineu.com\/wp-content\/uploads\/2025\/02\/OK-picto-300x200.png 300w\" sizes=\"auto, (max-width: 320px) 100vw, 320px\" \/><\/figure>\n<\/div>\n\n\n<p class=\"has-text-align-center\"><strong>Visibilitat Reputacional:<\/strong><\/p>\n\n\n\n<p class=\"has-text-align-center\">El teu logotip en projectes, informes, premsa, xarxes, i pres\u00e8ncia f\u00edsica destacada al refugi.<\/p>\n<\/div>\n\n\n\n<div class=\"wp-block-column is-layout-flow wp-block-column-is-layout-flow\">\n<div style=\"height:20px\" aria-hidden=\"true\" class=\"wp-block-spacer\"><\/div>\n\n\n<div class=\"wp-block-image\">\n<figure class=\"aligncenter size-full is-resized\"><img loading=\"lazy\" decoding=\"async\" width=\"320\" height=\"213\" src=\"https:\/\/zoodelpirineu.com\/wp-content\/uploads\/2025\/02\/OK-picto.png\" alt=\"\" class=\"wp-image-2700\" style=\"width:auto;height:50px\" srcset=\"https:\/\/zoodelpirineu.com\/wp-content\/uploads\/2025\/02\/OK-picto.png 320w, https:\/\/zoodelpirineu.com\/wp-content\/uploads\/2025\/02\/OK-picto-300x200.png 300w\" sizes=\"auto, (max-width: 320px) 100vw, 320px\" \/><\/figure>\n<\/div>\n\n\n<p class=\"has-text-align-center\"><strong>Contingut per a la teva Mem\u00f2ria:<\/strong><\/p>\n\n\n\n<p class=\"has-text-align-center\">Informes amb m\u00e8triques, v\u00eddeos i fotos a punt pels teus reportis corporatius.<\/p>\n<\/div>\n\n\n\n<div class=\"wp-block-column is-layout-flow wp-block-column-is-layout-flow\">\n<div style=\"height:20px\" aria-hidden=\"true\" class=\"wp-block-spacer\"><\/div>\n\n\n<div class=\"wp-block-image\">\n<figure class=\"aligncenter size-full is-resized\"><img loading=\"lazy\" decoding=\"async\" width=\"320\" height=\"213\" src=\"https:\/\/zoodelpirineu.com\/wp-content\/uploads\/2025\/02\/OK-picto.png\" alt=\"\" class=\"wp-image-2700\" style=\"width:auto;height:50px\" srcset=\"https:\/\/zoodelpirineu.com\/wp-content\/uploads\/2025\/02\/OK-picto.png 320w, https:\/\/zoodelpirineu.com\/wp-content\/uploads\/2025\/02\/OK-picto-300x200.png 300w\" sizes=\"auto, (max-width: 320px) 100vw, 320px\" \/><\/figure>\n<\/div>\n\n\n<p class=\"has-text-align-center\"><strong>Diferenciaci\u00f3 Competitiva:<\/strong> <\/p>\n\n\n\n<p class=\"has-text-align-center\">Ser l\u00edder en sostenibilitat amb un impacte real.<\/p>\n<\/div>\n\n\n\n<div class=\"wp-block-column is-layout-flow wp-block-column-is-layout-flow\" style=\"flex-basis:5%\"><\/div>\n<\/div>\n\n<div style=\"height:100px\" aria-hidden=\"true\" class=\"wp-block-spacer\"><\/div>\n<div class=\"wp-block-image\">\n<figure class=\"aligncenter size-full is-resized\"><img loading=\"lazy\" decoding=\"async\" width=\"320\" height=\"213\" src=\"https:\/\/zoodelpirineu.com\/wp-content\/uploads\/2023\/02\/Perfil-laboral-icono.png\" alt=\"Missi&#xF3;\" class=\"wp-image-561\" style=\"width:auto;height:100px\" srcset=\"https:\/\/zoodelpirineu.com\/wp-content\/uploads\/2023\/02\/Perfil-laboral-icono.png 320w, https:\/\/zoodelpirineu.com\/wp-content\/uploads\/2023\/02\/Perfil-laboral-icono-300x200.png 300w\" sizes=\"auto, (max-width: 320px) 100vw, 320px\" \/><\/figure>\n<\/div>\n<h3 class=\"wp-block-heading has-text-align-center\">Impacte de RSC en els teus Treballadors<\/h3>\n\n<p class=\"has-text-align-center\">Una missi\u00f3 que es viu: impulsa la cultura corporativa, motiva el teu equip i atrau el millor talent.<\/p>\n\n<div class=\"wp-block-columns is-layout-flex wp-container-core-columns-is-layout-9d6595d7 wp-block-columns-is-layout-flex\">\n<div class=\"wp-block-column is-layout-flow wp-block-column-is-layout-flow\"><\/div>\n\n\n\n<div class=\"wp-block-column has-base-background-color has-background is-layout-flow wp-block-column-is-layout-flow\">\n<div style=\"height:20px\" aria-hidden=\"true\" class=\"wp-block-spacer\"><\/div>\n\n\n<div class=\"wp-block-image\">\n<figure class=\"aligncenter size-full is-resized\"><img loading=\"lazy\" decoding=\"async\" width=\"320\" height=\"213\" src=\"https:\/\/zoodelpirineu.com\/wp-content\/uploads\/2023\/02\/OK-icono.png\" alt=\"OK\" class=\"wp-image-500\" style=\"width:auto;height:50px\" srcset=\"https:\/\/zoodelpirineu.com\/wp-content\/uploads\/2023\/02\/OK-icono.png 320w, https:\/\/zoodelpirineu.com\/wp-content\/uploads\/2023\/02\/OK-icono-300x200.png 300w\" sizes=\"auto, (max-width: 320px) 100vw, 320px\" \/><\/figure>\n<\/div>\n\n\n<p class=\"has-text-align-center\"><strong>Motivaci\u00f3 i Prop\u00f2sit:<br\/><\/strong>Participar en projectes reals i clars connecta el teu equip amb un prop\u00f2sit i augmenta la satisfacci\u00f3 laboral.<\/p>\n<\/div>\n\n\n\n<div class=\"wp-block-column has-base-background-color has-background is-layout-flow wp-block-column-is-layout-flow\">\n<div style=\"height:20px\" aria-hidden=\"true\" class=\"wp-block-spacer\"><\/div>\n\n\n<div class=\"wp-block-image\">\n<figure class=\"aligncenter size-full is-resized\"><img loading=\"lazy\" decoding=\"async\" width=\"320\" height=\"213\" src=\"https:\/\/zoodelpirineu.com\/wp-content\/uploads\/2023\/02\/OK-icono.png\" alt=\"OK\" class=\"wp-image-500\" style=\"width:auto;height:50px\" srcset=\"https:\/\/zoodelpirineu.com\/wp-content\/uploads\/2023\/02\/OK-icono.png 320w, https:\/\/zoodelpirineu.com\/wp-content\/uploads\/2023\/02\/OK-icono-300x200.png 300w\" sizes=\"auto, (max-width: 320px) 100vw, 320px\" \/><\/figure>\n<\/div>\n\n\n<p class=\"has-text-align-center\"><strong>Atracci\u00f3 de Talent<\/strong>:<br\/>El 76% dels professionals s&#8217;estimen m\u00e9s empreses amb valors s\u00f2lids i projectes d&#8217;impacte social.<\/p>\n<\/div>\n\n\n\n<div class=\"wp-block-column has-base-background-color has-background is-layout-flow wp-block-column-is-layout-flow\">\n<div style=\"height:20px\" aria-hidden=\"true\" class=\"wp-block-spacer\"><\/div>\n\n\n<div class=\"wp-block-image\">\n<figure class=\"aligncenter size-full is-resized\"><img loading=\"lazy\" decoding=\"async\" width=\"320\" height=\"213\" src=\"https:\/\/zoodelpirineu.com\/wp-content\/uploads\/2023\/02\/OK-icono.png\" alt=\"OK\" class=\"wp-image-500\" style=\"width:auto;height:50px\" srcset=\"https:\/\/zoodelpirineu.com\/wp-content\/uploads\/2023\/02\/OK-icono.png 320w, https:\/\/zoodelpirineu.com\/wp-content\/uploads\/2023\/02\/OK-icono-300x200.png 300w\" sizes=\"auto, (max-width: 320px) 100vw, 320px\" \/><\/figure>\n<\/div>\n\n\n<p class=\"has-text-align-center\"><strong>Retenci\u00f3 de Talent<\/strong>:<br\/>Un entorn laboral amb un prop\u00f2sit redueix la rotaci\u00f3 i fidelitza els millors professionals.<\/p>\n<\/div>\n\n\n\n<div class=\"wp-block-column is-layout-flow wp-block-column-is-layout-flow\"><\/div>\n<\/div>\n\n<div style=\"height:100px\" aria-hidden=\"true\" class=\"wp-block-spacer\"><\/div>\n<div class=\"wp-block-image\">\n<figure class=\"aligncenter size-full is-resized\"><img loading=\"lazy\" decoding=\"async\" width=\"320\" height=\"213\" src=\"https:\/\/zoodelpirineu.com\/wp-content\/uploads\/2025\/02\/Acuerdo-Picto.png\" alt=\"\" class=\"wp-image-2716\" style=\"width:auto;height:100px\" srcset=\"https:\/\/zoodelpirineu.com\/wp-content\/uploads\/2025\/02\/Acuerdo-Picto.png 320w, https:\/\/zoodelpirineu.com\/wp-content\/uploads\/2025\/02\/Acuerdo-Picto-300x200.png 300w\" sizes=\"auto, (max-width: 320px) 100vw, 320px\" \/><\/figure>\n<\/div>\n<h2 class=\"wp-block-heading has-text-align-center\">Per qu\u00e8 amb Nosaltres?<\/h2>\n\n<div style=\"height:20px\" aria-hidden=\"true\" class=\"wp-block-spacer\"><\/div>\n\n<div class=\"wp-block-columns is-layout-flex wp-container-core-columns-is-layout-9d6595d7 wp-block-columns-is-layout-flex\">\n<div class=\"wp-block-column is-layout-flow wp-block-column-is-layout-flow\"><\/div>\n\n\n\n<div class=\"wp-block-column is-layout-flow wp-block-column-is-layout-flow\"><div class=\"wp-block-image\">\n<figure class=\"aligncenter size-full is-resized\"><img loading=\"lazy\" decoding=\"async\" width=\"320\" height=\"213\" src=\"https:\/\/zoodelpirineu.com\/wp-content\/uploads\/2025\/02\/Exclusividad-picto.png\" alt=\"\" class=\"wp-image-2708\" style=\"width:auto;height:50px\" srcset=\"https:\/\/zoodelpirineu.com\/wp-content\/uploads\/2025\/02\/Exclusividad-picto.png 320w, https:\/\/zoodelpirineu.com\/wp-content\/uploads\/2025\/02\/Exclusividad-picto-300x200.png 300w\" sizes=\"auto, (max-width: 320px) 100vw, 320px\" \/><\/figure>\n<\/div>\n\n\n<p class=\"has-text-align-center\"><strong>Centre de Rescat Privat M\u00e9s Gran de Catalunya<\/strong>:<br\/>El teu suport omple el buit on no arriba l&#8217;administraci\u00f3.<\/p>\n<\/div>\n\n\n\n<div class=\"wp-block-column is-layout-flow wp-block-column-is-layout-flow\"><div class=\"wp-block-image\">\n<figure class=\"aligncenter size-full is-resized\"><img loading=\"lazy\" decoding=\"async\" width=\"320\" height=\"213\" src=\"https:\/\/zoodelpirineu.com\/wp-content\/uploads\/2025\/02\/Exclusividad-picto.png\" alt=\"\" class=\"wp-image-2708\" style=\"width:auto;height:50px\" srcset=\"https:\/\/zoodelpirineu.com\/wp-content\/uploads\/2025\/02\/Exclusividad-picto.png 320w, https:\/\/zoodelpirineu.com\/wp-content\/uploads\/2025\/02\/Exclusividad-picto-300x200.png 300w\" sizes=\"auto, (max-width: 320px) 100vw, 320px\" \/><\/figure>\n<\/div>\n\n\n<p class=\"has-text-align-center\"><strong>Transpar\u00e8ncia Total<\/strong>:<br\/>Informes d&#8217;impacte detallats i auditables.<\/p>\n<\/div>\n\n\n\n<div class=\"wp-block-column is-layout-flow wp-block-column-is-layout-flow\"><div class=\"wp-block-image\">\n<figure class=\"aligncenter size-full is-resized\"><img loading=\"lazy\" decoding=\"async\" width=\"320\" height=\"213\" src=\"https:\/\/zoodelpirineu.com\/wp-content\/uploads\/2025\/02\/Exclusividad-picto.png\" alt=\"\" class=\"wp-image-2708\" style=\"width:auto;height:50px\" srcset=\"https:\/\/zoodelpirineu.com\/wp-content\/uploads\/2025\/02\/Exclusividad-picto.png 320w, https:\/\/zoodelpirineu.com\/wp-content\/uploads\/2025\/02\/Exclusividad-picto-300x200.png 300w\" sizes=\"auto, (max-width: 320px) 100vw, 320px\" \/><\/figure>\n<\/div>\n\n\n<p class=\"has-text-align-center\"><strong>Projectes 100% alineats amb els ODS<\/strong>:<br\/>Compleix l&#8217;impacte global.<\/p>\n<\/div>\n\n\n\n<div class=\"wp-block-column is-layout-flow wp-block-column-is-layout-flow\"><div class=\"wp-block-image\">\n<figure class=\"aligncenter size-full is-resized\"><img loading=\"lazy\" decoding=\"async\" width=\"320\" height=\"213\" src=\"https:\/\/zoodelpirineu.com\/wp-content\/uploads\/2025\/02\/Exclusividad-picto.png\" alt=\"\" class=\"wp-image-2708\" style=\"width:auto;height:50px\" srcset=\"https:\/\/zoodelpirineu.com\/wp-content\/uploads\/2025\/02\/Exclusividad-picto.png 320w, https:\/\/zoodelpirineu.com\/wp-content\/uploads\/2025\/02\/Exclusividad-picto-300x200.png 300w\" sizes=\"auto, (max-width: 320px) 100vw, 320px\" \/><\/figure>\n<\/div>\n\n\n<p class=\"has-text-align-center\"><strong>Networking Empresarial<\/strong>:<br\/>Forma part d&#8217;un selecte grup d&#8217;empreses l\u00edders.<\/p>\n<\/div>\n\n\n\n<div class=\"wp-block-column is-layout-flow wp-block-column-is-layout-flow\"><\/div>\n<\/div>\n\n<div style=\"height:100px\" aria-hidden=\"true\" class=\"wp-block-spacer\"><\/div>\n\n<div class=\"wp-block-cover\"><span aria-hidden=\"true\" class=\"wp-block-cover__background has-background-dim\"><\/span><img loading=\"lazy\" decoding=\"async\" width=\"2000\" height=\"800\" class=\"wp-block-cover__image-background wp-image-2740\" alt=\"\" src=\"https:\/\/zoodelpirineu.com\/wp-content\/uploads\/2025\/02\/Proteccion-de-la-naturaleza.jpg\" data-object-fit=\"cover\" srcset=\"https:\/\/zoodelpirineu.com\/wp-content\/uploads\/2025\/02\/Proteccion-de-la-naturaleza.jpg 2000w, https:\/\/zoodelpirineu.com\/wp-content\/uploads\/2025\/02\/Proteccion-de-la-naturaleza-300x120.jpg 300w, https:\/\/zoodelpirineu.com\/wp-content\/uploads\/2025\/02\/Proteccion-de-la-naturaleza-1024x410.jpg 1024w, https:\/\/zoodelpirineu.com\/wp-content\/uploads\/2025\/02\/Proteccion-de-la-naturaleza-768x307.jpg 768w, https:\/\/zoodelpirineu.com\/wp-content\/uploads\/2025\/02\/Proteccion-de-la-naturaleza-1536x614.jpg 1536w\" sizes=\"auto, (max-width: 2000px) 100vw, 2000px\" \/><div class=\"wp-block-cover__inner-container is-layout-constrained wp-block-cover-is-layout-constrained\">\n<p class=\"has-text-align-center has-large-font-size\">Lidera Projectes Reals per a l&#8217;Educaci\u00f3, la Sostenibilitat i la Conservaci\u00f3<\/p>\n\n\n\n<p class=\"has-text-align-center\">Et guiarem per convertir la Responsabilitat Social Corporativa de la teva empresa<br\/>en projectes mesurables, auditables i llestos per a la mem\u00f2ria corporativa.<\/p>\n\n\n\n<div class=\"wp-block-buttons is-content-justification-center is-layout-flex wp-container-core-buttons-is-layout-16018d1d wp-block-buttons-is-layout-flex\">\n<div class=\"wp-block-button\"><a class=\"wp-block-button__link wp-element-button\" href=\"https:\/\/zoodelpirineu.com\/ca\/contacte\/\">Contacta amb Nosaltres<\/a><\/div>\n<\/div>\n\n\n\n<div style=\"height:40px\" aria-hidden=\"true\" class=\"wp-block-spacer\"><\/div>\n<\/div><\/div>\n","protected":false},"excerpt":{"rendered":"<p>RSC per omplir un informe o per liderar un canvi real? Moltes empreses fan RSC nom\u00e9s per complir l&#8217;informe anual. La teva RSC pot ser &#8230; <\/p>\n<p class=\"read-more-container\"><a title=\"Projectes de RSC\" class=\"read-more button\" href=\"https:\/\/zoodelpirineu.com\/ca\/donacio\/empreses\/projectes-de-rsc\/#more-2826\" aria-label=\"M\u00e9s informaci\u00f3 sobre Projectes de RSC\">Read more<\/a><\/p>\n","protected":false},"author":1,"featured_media":0,"parent":2681,"menu_order":0,"comment_status":"closed","ping_status":"closed","template":"","meta":{"om_disable_all_campaigns":false,"_monsterinsights_skip_tracking":false,"_monsterinsights_sitenote_active":false,"_monsterinsights_sitenote_note":"","_monsterinsights_sitenote_category":0,"footnotes":""},"class_list":["post-2826","page","type-page","status-publish"],"aioseo_notices":[],"_links":{"self":[{"href":"https:\/\/zoodelpirineu.com\/ca\/wp-json\/wp\/v2\/pages\/2826","targetHints":{"allow":["GET"]}}],"collection":[{"href":"https:\/\/zoodelpirineu.com\/ca\/wp-json\/wp\/v2\/pages"}],"about":[{"href":"https:\/\/zoodelpirineu.com\/ca\/wp-json\/wp\/v2\/types\/page"}],"author":[{"embeddable":true,"href":"https:\/\/zoodelpirineu.com\/ca\/wp-json\/wp\/v2\/users\/1"}],"replies":[{"embeddable":true,"href":"https:\/\/zoodelpirineu.com\/ca\/wp-json\/wp\/v2\/comments?post=2826"}],"version-history":[{"count":3,"href":"https:\/\/zoodelpirineu.com\/ca\/wp-json\/wp\/v2\/pages\/2826\/revisions"}],"predecessor-version":[{"id":2893,"href":"https:\/\/zoodelpirineu.com\/ca\/wp-json\/wp\/v2\/pages\/2826\/revisions\/2893"}],"up":[{"embeddable":true,"href":"https:\/\/zoodelpirineu.com\/ca\/wp-json\/wp\/v2\/pages\/2681"}],"wp:attachment":[{"href":"https:\/\/zoodelpirineu.com\/ca\/wp-json\/wp\/v2\/media?parent=2826"}],"curies":[{"name":"wp","href":"https:\/\/api.w.org\/{rel}","templated":true}]}}