{"id":2832,"date":"2025-02-16T08:01:33","date_gmt":"2025-02-16T07:01:33","guid":{"rendered":"https:\/\/zoodelpirineu.com\/empreses\/projectes-de-rsc\/projecte-per-salvar-vides-salvatges\/"},"modified":"2025-02-26T17:32:24","modified_gmt":"2025-02-26T16:32:24","slug":"projecte-per-salvar-vides-salvatges","status":"publish","type":"page","link":"https:\/\/zoodelpirineu.com\/ca\/donacio\/empreses\/projectes-de-rsc\/projecte-per-salvar-vides-salvatges\/","title":{"rendered":"Projecte per salvar vides salvatges"},"content":{"rendered":"\n<div class=\"wp-block-cover\"><span aria-hidden=\"true\" class=\"wp-block-cover__background has-contrast-background-color has-background-dim\"><\/span><img loading=\"lazy\" decoding=\"async\" width=\"2000\" height=\"800\" class=\"wp-block-cover__image-background wp-image-2788\" alt=\"Compra de maquina Rayos X puede salvar vidas salvajes de animales electrocutados\" src=\"https:\/\/zoodelpirineu.com\/wp-content\/uploads\/2025\/02\/Aguila-real-rescatada-1.jpg\" style=\"object-position:48% 0%\" data-object-fit=\"cover\" data-object-position=\"48% 0%\" srcset=\"https:\/\/zoodelpirineu.com\/wp-content\/uploads\/2025\/02\/Aguila-real-rescatada-1.jpg 2000w, https:\/\/zoodelpirineu.com\/wp-content\/uploads\/2025\/02\/Aguila-real-rescatada-1-300x120.jpg 300w, https:\/\/zoodelpirineu.com\/wp-content\/uploads\/2025\/02\/Aguila-real-rescatada-1-1024x410.jpg 1024w, https:\/\/zoodelpirineu.com\/wp-content\/uploads\/2025\/02\/Aguila-real-rescatada-1-768x307.jpg 768w, https:\/\/zoodelpirineu.com\/wp-content\/uploads\/2025\/02\/Aguila-real-rescatada-1-1536x614.jpg 1536w\" sizes=\"auto, (max-width: 2000px) 100vw, 2000px\" \/><div class=\"wp-block-cover__inner-container is-layout-constrained wp-block-cover-is-layout-constrained\">\n<p class=\"has-text-align-center has-large-font-size\">A Contrarellotge: Diagn\u00f2stics R\u00e0pids per Salvar Vides Salvatges<\/p>\n\n\n\n<p class=\"has-text-align-center has-large-font-size\">Patrocina una m\u00e0quina de raigs X <\/p>\n<\/div><\/div>\n\n<div style=\"height:100px\" aria-hidden=\"true\" class=\"wp-block-spacer\"><\/div>\n\n<div class=\"wp-block-columns is-layout-flex wp-container-core-columns-is-layout-9d6595d7 wp-block-columns-is-layout-flex\">\n<div class=\"wp-block-column is-layout-flow wp-block-column-is-layout-flow\" style=\"flex-basis:25%\"><\/div>\n\n\n\n<div class=\"wp-block-column is-layout-flow wp-block-column-is-layout-flow\" style=\"flex-basis:50%\">\n<p class=\"has-text-align-center\">Cada any centenars d&#8217;animals arriben al nostre centre despr\u00e9s d&#8217;accidents de tr\u00e0nsit, atacs o electrocuci\u00f3. Sense una m\u00e0quina de raigs X, depenem de trasllats a altres cl\u00edniques, perdent un temps cr\u00edtic que podria salvar les seves vides. <\/p>\n<\/div>\n\n\n\n<div class=\"wp-block-column is-layout-flow wp-block-column-is-layout-flow\" style=\"flex-basis:25%\"><\/div>\n<\/div>\n\n<div style=\"height:100px\" aria-hidden=\"true\" class=\"wp-block-spacer\"><\/div>\n\n<h2 class=\"wp-block-heading has-text-align-center\">Hist\u00f2ries Reals: Vides a Contrarellotge<\/h2>\n\n<div class=\"wp-block-columns is-layout-flex wp-container-core-columns-is-layout-9d6595d7 wp-block-columns-is-layout-flex\">\n<div class=\"wp-block-column is-layout-flow wp-block-column-is-layout-flow\" style=\"flex-basis:15%\"><\/div>\n\n\n\n<div class=\"wp-block-column is-layout-flow wp-block-column-is-layout-flow\">\n<figure class=\"wp-block-image size-full\"><img loading=\"lazy\" decoding=\"async\" width=\"800\" height=\"600\" src=\"https:\/\/zoodelpirineu.com\/wp-content\/uploads\/2025\/02\/Aguila-Gloria.jpg\" alt=\"salvar vides salvatges d'animals electrocutats\" class=\"wp-image-2779\" srcset=\"https:\/\/zoodelpirineu.com\/wp-content\/uploads\/2025\/02\/Aguila-Gloria.jpg 800w, https:\/\/zoodelpirineu.com\/wp-content\/uploads\/2025\/02\/Aguila-Gloria-300x225.jpg 300w, https:\/\/zoodelpirineu.com\/wp-content\/uploads\/2025\/02\/Aguila-Gloria-768x576.jpg 768w\" sizes=\"auto, (max-width: 800px) 100vw, 800px\" \/><\/figure>\n\n\n\n<h4 class=\"wp-block-heading\">Gl\u00f2ria, l&#8217;\u00e0liga daurada<\/h4>\n\n\n\n<p><strong>Accident:<\/strong> Electrocuci\u00f3<br\/><strong>Lesi\u00f3:<\/strong> Fractura d&#8217;ala amb infecci\u00f3 greu.<br\/><strong>Tractament:<\/strong> Trasllat a una altra cl\u00ednica cada cop que necessit\u00e0vem diagn\u00f2stic a causa de la manca de raigs X. Va ser necessari amputar-li l&#8217;ala per salvar la seva vida.<\/p>\n\n\n\n<p><em>\u00abSi hagu\u00e9ssim tingut una m\u00e0quina de raigs X, la Gl\u00f2ria hauria estat diagnosticada en minuts i la seva rehabilitaci\u00f3 hauria estat molt m\u00e9s r\u00e0pida i c\u00f2moda per a ella.\u00bb<br\/><\/em>\u2014 <em>Dra. Laia Sanchez, veterin\u00e0ria del centre <\/em><\/p>\n<\/div>\n\n\n\n<div class=\"wp-block-column is-layout-flow wp-block-column-is-layout-flow\">\n<figure class=\"wp-block-image size-full\"><img loading=\"lazy\" decoding=\"async\" width=\"800\" height=\"600\" src=\"https:\/\/zoodelpirineu.com\/wp-content\/uploads\/2023\/09\/Santuario-de-zorros.jpg\" alt=\"salvar vides salvatges d'animals v&#xED;ctimes d'acci&#xF3; humana\" class=\"wp-image-1514\" srcset=\"https:\/\/zoodelpirineu.com\/wp-content\/uploads\/2023\/09\/Santuario-de-zorros.jpg 800w, https:\/\/zoodelpirineu.com\/wp-content\/uploads\/2023\/09\/Santuario-de-zorros-300x225.jpg 300w, https:\/\/zoodelpirineu.com\/wp-content\/uploads\/2023\/09\/Santuario-de-zorros-768x576.jpg 768w\" sizes=\"auto, (max-width: 800px) 100vw, 800px\" \/><\/figure>\n\n\n\n<h4 class=\"wp-block-heading\">Mart\u00ed, la guineu <\/h4>\n\n\n\n<p><strong>Accident:<\/strong> Agressi\u00f3 humana violenta.<br\/><strong>Lesi\u00f3:<\/strong> Danys interns a la columna i lesions cerebrals.<br\/><strong>Tractament:<\/strong> Sense una m\u00e0quina de raigs X, no vam poder diagnosticar a temps les lesions neurol\u00f2giques.<\/p>\n\n\n\n<p><em>\u00abAmb una m\u00e0quina de raigs X, haur\u00edem detectat l&#8217;abast de les lesions a la seva columna a temps. El Mart\u00ed podria haver tornat a la natura.\u00bb<br\/><\/em>\u2014 <em>Dra. Laia Sanchez, veterin\u00e0ria del centre <\/em><\/p>\n<\/div>\n\n\n\n<div class=\"wp-block-column is-layout-flow wp-block-column-is-layout-flow\" style=\"flex-basis:15%\"><\/div>\n<\/div>\n\n<div class=\"wp-block-buttons is-content-justification-center is-layout-flex wp-container-core-buttons-is-layout-16018d1d wp-block-buttons-is-layout-flex\">\n<div class=\"wp-block-button\"><a class=\"wp-block-button__link wp-element-button\" href=\"https:\/\/zoodelpirineu.com\/ca\/contacte\/\">Patrocina diagn\u00f2stics r\u00e0pids per salvar vides salvatges<\/a><\/div>\n<\/div>\n\n<div style=\"height:100px\" aria-hidden=\"true\" class=\"wp-block-spacer\"><\/div>\n\n<h2 class=\"wp-block-heading has-text-align-center\">La soluci\u00f3 per salvar vides salvatges<\/h2>\n\n<div class=\"wp-block-columns is-layout-flex wp-container-core-columns-is-layout-9d6595d7 wp-block-columns-is-layout-flex\">\n<div class=\"wp-block-column is-layout-flow wp-block-column-is-layout-flow\" style=\"flex-basis:25%\"><\/div>\n\n\n\n<div class=\"wp-block-column is-layout-flow wp-block-column-is-layout-flow\" style=\"flex-basis:50%\">\n<p class=\"has-text-align-center\">Amb una m\u00e0quina de raigs X, podrem salvar m\u00e9s vides salvatges.<\/p>\n\n\n\n<div class=\"wp-block-columns is-layout-flex wp-container-core-columns-is-layout-9d6595d7 wp-block-columns-is-layout-flex\">\n<div class=\"wp-block-column has-base-background-color has-background is-layout-flow wp-block-column-is-layout-flow\">\n<div style=\"height:20px\" aria-hidden=\"true\" class=\"wp-block-spacer\"><\/div>\n\n\n<div class=\"wp-block-image\">\n<figure class=\"aligncenter size-full is-resized\"><img loading=\"lazy\" decoding=\"async\" width=\"320\" height=\"213\" src=\"https:\/\/zoodelpirineu.com\/wp-content\/uploads\/2024\/09\/Protejer-animales-picto.png\" alt=\"\" class=\"wp-image-1728\" style=\"width:auto;height:50px\" srcset=\"https:\/\/zoodelpirineu.com\/wp-content\/uploads\/2024\/09\/Protejer-animales-picto.png 320w, https:\/\/zoodelpirineu.com\/wp-content\/uploads\/2024\/09\/Protejer-animales-picto-300x200.png 300w\" sizes=\"auto, (max-width: 320px) 100vw, 320px\" \/><\/figure>\n<\/div>\n\n\n<p class=\"has-text-align-center\">Diagnosticar lesions internes en minuts.<\/p>\n<\/div>\n\n\n\n<div class=\"wp-block-column has-base-background-color has-background is-layout-flow wp-block-column-is-layout-flow\">\n<div style=\"height:20px\" aria-hidden=\"true\" class=\"wp-block-spacer\"><\/div>\n\n\n<div class=\"wp-block-image\">\n<figure class=\"aligncenter size-full is-resized\"><img loading=\"lazy\" decoding=\"async\" width=\"320\" height=\"213\" src=\"https:\/\/zoodelpirineu.com\/wp-content\/uploads\/2024\/09\/Protejer-animales-picto.png\" alt=\"\" class=\"wp-image-1728\" style=\"width:auto;height:50px\" srcset=\"https:\/\/zoodelpirineu.com\/wp-content\/uploads\/2024\/09\/Protejer-animales-picto.png 320w, https:\/\/zoodelpirineu.com\/wp-content\/uploads\/2024\/09\/Protejer-animales-picto-300x200.png 300w\" sizes=\"auto, (max-width: 320px) 100vw, 320px\" \/><\/figure>\n<\/div>\n\n\n<p class=\"has-text-align-center\">Aplicar tractaments immediats i evitar trasllats perillosos.<\/p>\n<\/div>\n\n\n\n<div class=\"wp-block-column has-base-background-color has-background is-layout-flow wp-block-column-is-layout-flow\">\n<div style=\"height:20px\" aria-hidden=\"true\" class=\"wp-block-spacer\"><\/div>\n\n\n<div class=\"wp-block-image\">\n<figure class=\"aligncenter size-full is-resized\"><img loading=\"lazy\" decoding=\"async\" width=\"320\" height=\"213\" src=\"https:\/\/zoodelpirineu.com\/wp-content\/uploads\/2024\/09\/Protejer-animales-picto.png\" alt=\"\" class=\"wp-image-1728\" style=\"width:auto;height:50px\" srcset=\"https:\/\/zoodelpirineu.com\/wp-content\/uploads\/2024\/09\/Protejer-animales-picto.png 320w, https:\/\/zoodelpirineu.com\/wp-content\/uploads\/2024\/09\/Protejer-animales-picto-300x200.png 300w\" sizes=\"auto, (max-width: 320px) 100vw, 320px\" \/><\/figure>\n<\/div>\n\n\n<p class=\"has-text-align-center\">Augmentar la taxa de recuperaci\u00f3 un 70%.<\/p>\n<\/div>\n<\/div>\n\n\n\n<p class=\"has-text-align-center\"><strong>Cost total del projecte:<\/strong> <strong>25.000\u20ac<\/strong>.<br\/><em>(Inclou l&#8217;equip, la instal\u00b7laci\u00f3 i la formaci\u00f3 del personal especialitzat.)<\/em><\/p>\n<\/div>\n\n\n\n<div class=\"wp-block-column is-layout-flow wp-block-column-is-layout-flow\" style=\"flex-basis:25%\"><\/div>\n<\/div>\n\n<div style=\"height:100px\" aria-hidden=\"true\" class=\"wp-block-spacer\"><\/div>\n\n<h2 class=\"wp-block-heading has-text-align-center\">Qu\u00e8 guanya la teva empresa?<\/h2>\n\n<div class=\"wp-block-columns is-layout-flex wp-container-core-columns-is-layout-9d6595d7 wp-block-columns-is-layout-flex\">\n<div class=\"wp-block-column is-layout-flow wp-block-column-is-layout-flow\"><\/div>\n\n\n\n<div class=\"wp-block-column is-layout-flow wp-block-column-is-layout-flow\">\n<div style=\"height:20px\" aria-hidden=\"true\" class=\"wp-block-spacer\"><\/div>\n\n\n<div class=\"wp-block-image\">\n<figure class=\"aligncenter size-full is-resized\"><img loading=\"lazy\" decoding=\"async\" width=\"320\" height=\"213\" src=\"https:\/\/zoodelpirineu.com\/wp-content\/uploads\/2025\/02\/OK-picto.png\" alt=\"\" class=\"wp-image-2700\" style=\"width:auto;height:50px\" srcset=\"https:\/\/zoodelpirineu.com\/wp-content\/uploads\/2025\/02\/OK-picto.png 320w, https:\/\/zoodelpirineu.com\/wp-content\/uploads\/2025\/02\/OK-picto-300x200.png 300w\" sizes=\"auto, (max-width: 320px) 100vw, 320px\" \/><\/figure>\n<\/div>\n\n\n<p class=\"has-text-align-center\"><strong>Resol un problema real:<br\/><\/strong>Cada any animals moren per falta d&#8217;un diagn\u00f2stic r\u00e0pid. El teu suport porta solucions. <\/p>\n<\/div>\n\n\n\n<div class=\"wp-block-column is-layout-flow wp-block-column-is-layout-flow\">\n<div style=\"height:20px\" aria-hidden=\"true\" class=\"wp-block-spacer\"><\/div>\n\n\n<div class=\"wp-block-image\">\n<figure class=\"aligncenter size-full is-resized\"><img loading=\"lazy\" decoding=\"async\" width=\"320\" height=\"213\" src=\"https:\/\/zoodelpirineu.com\/wp-content\/uploads\/2025\/02\/OK-picto.png\" alt=\"\" class=\"wp-image-2700\" style=\"width:auto;height:50px\" srcset=\"https:\/\/zoodelpirineu.com\/wp-content\/uploads\/2025\/02\/OK-picto.png 320w, https:\/\/zoodelpirineu.com\/wp-content\/uploads\/2025\/02\/OK-picto-300x200.png 300w\" sizes=\"auto, (max-width: 320px) 100vw, 320px\" \/><\/figure>\n<\/div>\n\n\n<p class=\"has-text-align-center\"><strong>Deixa un llegat:<br\/><\/strong>La teva empresa ser\u00e0 reconeguda a la premsa per salvar vides i protegir la fauna del nostre pa\u00eds.<\/p>\n<\/div>\n\n\n\n<div class=\"wp-block-column is-layout-flow wp-block-column-is-layout-flow\">\n<div style=\"height:20px\" aria-hidden=\"true\" class=\"wp-block-spacer\"><\/div>\n\n\n<div class=\"wp-block-image\">\n<figure class=\"aligncenter size-full is-resized\"><img loading=\"lazy\" decoding=\"async\" width=\"320\" height=\"213\" src=\"https:\/\/zoodelpirineu.com\/wp-content\/uploads\/2025\/02\/OK-picto.png\" alt=\"\" class=\"wp-image-2700\" style=\"width:auto;height:50px\" srcset=\"https:\/\/zoodelpirineu.com\/wp-content\/uploads\/2025\/02\/OK-picto.png 320w, https:\/\/zoodelpirineu.com\/wp-content\/uploads\/2025\/02\/OK-picto-300x200.png 300w\" sizes=\"auto, (max-width: 320px) 100vw, 320px\" \/><\/figure>\n<\/div>\n\n\n<p class=\"has-text-align-center\"><strong>Impacte visible i mesurable:<br\/><\/strong>La teva aportaci\u00f3 es traduir\u00e0 en vides salvades, amb informes peri\u00f2dics.<\/p>\n<\/div>\n\n\n\n<div class=\"wp-block-column is-layout-flow wp-block-column-is-layout-flow\">\n<div style=\"height:20px\" aria-hidden=\"true\" class=\"wp-block-spacer\"><\/div>\n\n\n<div class=\"wp-block-image\">\n<figure class=\"aligncenter size-full is-resized\"><img loading=\"lazy\" decoding=\"async\" width=\"320\" height=\"213\" src=\"https:\/\/zoodelpirineu.com\/wp-content\/uploads\/2025\/02\/OK-picto.png\" alt=\"\" class=\"wp-image-2700\" style=\"width:auto;height:50px\" srcset=\"https:\/\/zoodelpirineu.com\/wp-content\/uploads\/2025\/02\/OK-picto.png 320w, https:\/\/zoodelpirineu.com\/wp-content\/uploads\/2025\/02\/OK-picto-300x200.png 300w\" sizes=\"auto, (max-width: 320px) 100vw, 320px\" \/><\/figure>\n<\/div>\n\n\n<p class=\"has-text-align-center\"><strong>Emoci\u00f3 que transcendeix:<br\/><\/strong>Els clients i els empleats es sentiran part d&#8217;una hist\u00f2ria d&#8217;esperan\u00e7a.<\/p>\n<\/div>\n\n\n\n<div class=\"wp-block-column is-layout-flow wp-block-column-is-layout-flow\">\n<div style=\"height:20px\" aria-hidden=\"true\" class=\"wp-block-spacer\"><\/div>\n\n\n<div class=\"wp-block-image\">\n<figure class=\"aligncenter size-full is-resized\"><img loading=\"lazy\" decoding=\"async\" width=\"320\" height=\"213\" src=\"https:\/\/zoodelpirineu.com\/wp-content\/uploads\/2025\/02\/OK-picto.png\" alt=\"\" class=\"wp-image-2700\" style=\"width:auto;height:50px\" srcset=\"https:\/\/zoodelpirineu.com\/wp-content\/uploads\/2025\/02\/OK-picto.png 320w, https:\/\/zoodelpirineu.com\/wp-content\/uploads\/2025\/02\/OK-picto-300x200.png 300w\" sizes=\"auto, (max-width: 320px) 100vw, 320px\" \/><\/figure>\n<\/div>\n\n\n<p class=\"has-text-align-center\"><strong>Avantatge fiscal:<\/strong><br\/><a href=\"https:\/\/zoodelpirineu.com\/ca\/empreses\/desgravar-l-impost-de-societats\/\" title=\"Desgravar l'Impost de Societats\"><strong>Desgrava fins al 50%<\/strong><\/a> de la teva aportaci\u00f3 a l&#8217;<strong>Impost de Societats<\/strong>.<\/p>\n<\/div>\n\n\n\n<div class=\"wp-block-column is-layout-flow wp-block-column-is-layout-flow\"><\/div>\n<\/div>\n\n<div style=\"height:100px\" aria-hidden=\"true\" class=\"wp-block-spacer\"><\/div>\n<div class=\"wp-block-image\">\n<figure class=\"aligncenter size-full is-resized\"><img loading=\"lazy\" decoding=\"async\" width=\"320\" height=\"213\" src=\"https:\/\/zoodelpirineu.com\/wp-content\/uploads\/2025\/02\/Atencion-picto.png\" alt=\"\" class=\"wp-image-2477\" style=\"width:auto;height:80px\" srcset=\"https:\/\/zoodelpirineu.com\/wp-content\/uploads\/2025\/02\/Atencion-picto.png 320w, https:\/\/zoodelpirineu.com\/wp-content\/uploads\/2025\/02\/Atencion-picto-300x200.png 300w\" sizes=\"auto, (max-width: 320px) 100vw, 320px\" \/><\/figure>\n<\/div>\n<h2 class=\"wp-block-heading has-text-align-center\">El Temps s&#8217;Esgota: Actua Avui<\/h2>\n\n<div class=\"wp-block-columns is-layout-flex wp-container-core-columns-is-layout-9d6595d7 wp-block-columns-is-layout-flex\">\n<div class=\"wp-block-column is-layout-flow wp-block-column-is-layout-flow\" style=\"flex-basis:25%\"><\/div>\n\n\n\n<div class=\"wp-block-column is-layout-flow wp-block-column-is-layout-flow\" style=\"flex-basis:50%\">\n<p class=\"has-text-align-center\">Cada dia nous animals arriben ferits i necessiten atenci\u00f3 urgent. <strong>Sense aquesta m\u00e0quina cada minut perdut \u00e9s una vida en risc.<\/strong><\/p>\n\n\n\n<p class=\"has-text-align-center\"><strong>Est\u00e0s llest per ser part de la soluci\u00f3?<\/strong><\/p>\n\n\n\n<div class=\"wp-block-buttons is-content-justification-center is-layout-flex wp-container-core-buttons-is-layout-16018d1d wp-block-buttons-is-layout-flex\">\n<div class=\"wp-block-button\"><a class=\"wp-block-button__link wp-element-button\" href=\"https:\/\/zoodelpirineu.com\/ca\/contacte\/\" style=\"border-radius:0px\">Contacta amb nosaltres i lidera el canvi per salvar vides salvatges<\/a><\/div>\n<\/div>\n<\/div>\n\n\n\n<div class=\"wp-block-column is-layout-flow wp-block-column-is-layout-flow\" style=\"flex-basis:25%\"><\/div>\n<\/div>\n\n<div style=\"height:100px\" aria-hidden=\"true\" class=\"wp-block-spacer\"><\/div>\n<div class=\"wp-block-image\">\n<figure class=\"aligncenter size-full is-resized\"><img loading=\"lazy\" decoding=\"async\" width=\"320\" height=\"213\" src=\"https:\/\/zoodelpirineu.com\/wp-content\/uploads\/2025\/02\/Acuerdo-Picto.png\" alt=\"\" class=\"wp-image-2716\" style=\"width:auto;height:80px\" srcset=\"https:\/\/zoodelpirineu.com\/wp-content\/uploads\/2025\/02\/Acuerdo-Picto.png 320w, https:\/\/zoodelpirineu.com\/wp-content\/uploads\/2025\/02\/Acuerdo-Picto-300x200.png 300w\" sizes=\"auto, (max-width: 320px) 100vw, 320px\" \/><\/figure>\n<\/div>\n<h2 class=\"wp-block-heading has-text-align-center\">Testimonis: Confian\u00e7a Basada en Fets Reals<\/h2>\n\n<div class=\"wp-block-columns is-layout-flex wp-container-core-columns-is-layout-9d6595d7 wp-block-columns-is-layout-flex\">\n<div class=\"wp-block-column is-layout-flow wp-block-column-is-layout-flow\" style=\"flex-basis:10%\"><\/div>\n\n\n\n<div class=\"wp-block-column is-layout-flow wp-block-column-is-layout-flow\">\n<blockquote class=\"wp-block-quote is-layout-flow wp-block-quote-is-layout-flow\">\n<p>Aqu\u00ed no hi ha dreceres. Cada animal que rescatem \u00e9s un testimoni de la nostra experi\u00e8ncia i dedicaci\u00f3. Sense una m\u00e0quina de raigs X, treballem a contrarellotge, per\u00f2 ho aconseguim perqu\u00e8 creiem en la nostra missi\u00f3.  <\/p>\n<cite>Dra. Laia S\u00e1nchez, veterin\u00e0ria especialista en fauna salvatge <\/cite><\/blockquote>\n<\/div>\n\n\n\n<div class=\"wp-block-column is-layout-flow wp-block-column-is-layout-flow\">\n<blockquote class=\"wp-block-quote is-layout-flow wp-block-quote-is-layout-flow\">\n<p>La feina de l&#8217;equip \u00e9s incre\u00efble. \u00c9s trist veure com depenen de donacions privades, per\u00f2 \u00e9s inspirador saber que tots hi podem ajudar. <\/p>\n<cite>Albert G\u00f3mez, padr\u00ed del Mart\u00ed, una guineu rescatada<\/cite><\/blockquote>\n<\/div>\n\n\n\n<div class=\"wp-block-column is-layout-flow wp-block-column-is-layout-flow\">\n<blockquote class=\"wp-block-quote is-layout-flow wp-block-quote-is-layout-flow\">\n<p>Admiro com el Zoo del Pirineu t\u00e9 cura dels animals que altres ignoren. Ells fan all\u00f2 que l&#8217;administraci\u00f3 no vol assumir, i ho fan amb passi\u00f3, amor i rigor professional. <\/p>\n<cite>Marta L\u00f3pez, visitant habitual<\/cite><\/blockquote>\n<\/div>\n\n\n\n<div class=\"wp-block-column is-layout-flow wp-block-column-is-layout-flow\" style=\"flex-basis:10%\"><\/div>\n<\/div>\n\n<div style=\"height:100px\" aria-hidden=\"true\" class=\"wp-block-spacer\"><\/div>\n\n<div class=\"wp-block-columns is-layout-flex wp-container-core-columns-is-layout-9d6595d7 wp-block-columns-is-layout-flex\">\n<div class=\"wp-block-column is-layout-flow wp-block-column-is-layout-flow\" style=\"flex-basis:25%\"><\/div>\n\n\n\n<div class=\"wp-block-column has-base-background-color has-background is-layout-flow wp-block-column-is-layout-flow\" style=\"flex-basis:50%\">\n<div style=\"height:20px\" aria-hidden=\"true\" class=\"wp-block-spacer\"><\/div>\n\n\n<div class=\"wp-block-image\">\n<figure class=\"aligncenter size-full is-resized\"><img loading=\"lazy\" decoding=\"async\" width=\"320\" height=\"213\" src=\"https:\/\/zoodelpirineu.com\/wp-content\/uploads\/2025\/02\/Comunidad-icon.png\" alt=\"\" class=\"wp-image-2775\" style=\"width:auto;height:80px\" srcset=\"https:\/\/zoodelpirineu.com\/wp-content\/uploads\/2025\/02\/Comunidad-icon.png 320w, https:\/\/zoodelpirineu.com\/wp-content\/uploads\/2025\/02\/Comunidad-icon-300x200.png 300w\" sizes=\"auto, (max-width: 320px) 100vw, 320px\" \/><\/figure>\n<\/div>\n\n\n<h3 class=\"wp-block-heading has-text-align-center\">L&#8217;administraci\u00f3 no actua. Nosaltres, s\u00ed. <\/h3>\n\n\n\n<p class=\"has-text-align-center\">Som el centre de rescat privat de fauna salvatge m\u00e9s gran a Catalunya. Sense ajuts p\u00fablics, <strong>per\u00f2 amb la confian\u00e7a dels qui senten la for\u00e7a del nostre comprom\u00eds<\/strong> per salvar vides salvatges. <\/p>\n\n\n\n<p class=\"has-text-align-center\"><strong>T&#8217;uneixes a nosaltres per marcar la difer\u00e8ncia?<\/strong><\/p>\n\n\n\n<div class=\"wp-block-buttons is-layout-flex wp-block-buttons-is-layout-flex\">\n<div class=\"wp-block-button has-custom-width wp-block-button__width-100\"><a class=\"wp-block-button__link wp-element-button\" href=\"https:\/\/zoodelpirineu.com\/ca\/contacte\/\" style=\"border-radius:0px\">Vull liderar el canvi i donar suport a diagn\u00f2stics r\u00e0pids<\/a><\/div>\n<\/div>\n<\/div>\n\n\n\n<div class=\"wp-block-column is-layout-flow wp-block-column-is-layout-flow\" style=\"flex-basis:25%\"><\/div>\n<\/div>\n\n<div style=\"height:100px\" aria-hidden=\"true\" class=\"wp-block-spacer\"><\/div>\n\n<div class=\"wp-block-cover\"><span aria-hidden=\"true\" class=\"wp-block-cover__background has-background-dim\"><\/span><img loading=\"lazy\" decoding=\"async\" width=\"2000\" height=\"800\" class=\"wp-block-cover__image-background wp-image-2785\" alt=\"\" src=\"https:\/\/zoodelpirineu.com\/wp-content\/uploads\/2025\/02\/Zorro-rescatado-1.jpg\" data-object-fit=\"cover\" srcset=\"https:\/\/zoodelpirineu.com\/wp-content\/uploads\/2025\/02\/Zorro-rescatado-1.jpg 2000w, https:\/\/zoodelpirineu.com\/wp-content\/uploads\/2025\/02\/Zorro-rescatado-1-300x120.jpg 300w, https:\/\/zoodelpirineu.com\/wp-content\/uploads\/2025\/02\/Zorro-rescatado-1-1024x410.jpg 1024w, https:\/\/zoodelpirineu.com\/wp-content\/uploads\/2025\/02\/Zorro-rescatado-1-768x307.jpg 768w, https:\/\/zoodelpirineu.com\/wp-content\/uploads\/2025\/02\/Zorro-rescatado-1-1536x614.jpg 1536w\" sizes=\"auto, (max-width: 2000px) 100vw, 2000px\" \/><div class=\"wp-block-cover__inner-container is-layout-constrained wp-block-cover-is-layout-constrained\">\n<div style=\"height:40px\" aria-hidden=\"true\" class=\"wp-block-spacer\"><\/div>\n\n\n\n<p class=\"has-text-align-center has-large-font-size\">Inspira les futures generacions, demostrant que la teva empresa actua on altres miren cap a una altra banda.<\/p>\n\n\n\n<p class=\"has-text-align-center has-large-font-size\">Contribueix a un canvi cultural envers el respecte i la protecci\u00f3 de la fauna salvatge.<\/p>\n<\/div><\/div>\n","protected":false},"excerpt":{"rendered":"<p>Cada any centenars d&#8217;animals arriben al nostre centre despr\u00e9s d&#8217;accidents de tr\u00e0nsit, atacs o electrocuci\u00f3. Sense una m\u00e0quina de raigs X, depenem de trasllats a &#8230; <\/p>\n<p class=\"read-more-container\"><a title=\"Projecte per salvar vides salvatges\" class=\"read-more button\" href=\"https:\/\/zoodelpirineu.com\/ca\/donacio\/empreses\/projectes-de-rsc\/projecte-per-salvar-vides-salvatges\/#more-2832\" aria-label=\"M\u00e9s informaci\u00f3 sobre Projecte per salvar vides salvatges\">Read more<\/a><\/p>\n","protected":false},"author":1,"featured_media":1515,"parent":2826,"menu_order":0,"comment_status":"closed","ping_status":"closed","template":"","meta":{"om_disable_all_campaigns":false,"_monsterinsights_skip_tracking":false,"_monsterinsights_sitenote_active":false,"_monsterinsights_sitenote_note":"","_monsterinsights_sitenote_category":0,"footnotes":""},"class_list":["post-2832","page","type-page","status-publish","has-post-thumbnail"],"aioseo_notices":[],"_links":{"self":[{"href":"https:\/\/zoodelpirineu.com\/ca\/wp-json\/wp\/v2\/pages\/2832","targetHints":{"allow":["GET"]}}],"collection":[{"href":"https:\/\/zoodelpirineu.com\/ca\/wp-json\/wp\/v2\/pages"}],"about":[{"href":"https:\/\/zoodelpirineu.com\/ca\/wp-json\/wp\/v2\/types\/page"}],"author":[{"embeddable":true,"href":"https:\/\/zoodelpirineu.com\/ca\/wp-json\/wp\/v2\/users\/1"}],"replies":[{"embeddable":true,"href":"https:\/\/zoodelpirineu.com\/ca\/wp-json\/wp\/v2\/comments?post=2832"}],"version-history":[{"count":4,"href":"https:\/\/zoodelpirineu.com\/ca\/wp-json\/wp\/v2\/pages\/2832\/revisions"}],"predecessor-version":[{"id":2900,"href":"https:\/\/zoodelpirineu.com\/ca\/wp-json\/wp\/v2\/pages\/2832\/revisions\/2900"}],"up":[{"embeddable":true,"href":"https:\/\/zoodelpirineu.com\/ca\/wp-json\/wp\/v2\/pages\/2826"}],"wp:featuredmedia":[{"embeddable":true,"href":"https:\/\/zoodelpirineu.com\/ca\/wp-json\/wp\/v2\/media\/1515"}],"wp:attachment":[{"href":"https:\/\/zoodelpirineu.com\/ca\/wp-json\/wp\/v2\/media?parent=2832"}],"curies":[{"name":"wp","href":"https:\/\/api.w.org\/{rel}","templated":true}]}}