{"id":2881,"date":"2025-02-15T07:37:25","date_gmt":"2025-02-15T06:37:25","guid":{"rendered":"https:\/\/zoodelpirineu.com\/empreses\/projectes-de-rsc\/financiar-proyectos-educativos\/"},"modified":"2025-02-26T17:30:10","modified_gmt":"2025-02-26T16:30:10","slug":"financar-projectes-educatius","status":"publish","type":"page","link":"https:\/\/zoodelpirineu.com\/ca\/donacio\/empreses\/projectes-de-rsc\/financar-projectes-educatius\/","title":{"rendered":"Finan\u00e7ar projectes educatius"},"content":{"rendered":"\n<div class=\"wp-block-cover\"><span aria-hidden=\"true\" class=\"wp-block-cover__background has-background-dim\"><\/span><img loading=\"lazy\" decoding=\"async\" width=\"2000\" height=\"800\" class=\"wp-block-cover__image-background wp-image-2548\" alt=\"Financiar proyectos educativos\" src=\"https:\/\/zoodelpirineu.com\/wp-content\/uploads\/2025\/02\/Educacion-ambiental-para-escuelas.jpg\" style=\"object-position:61% 31%\" data-object-fit=\"cover\" data-object-position=\"61% 31%\" srcset=\"https:\/\/zoodelpirineu.com\/wp-content\/uploads\/2025\/02\/Educacion-ambiental-para-escuelas.jpg 2000w, https:\/\/zoodelpirineu.com\/wp-content\/uploads\/2025\/02\/Educacion-ambiental-para-escuelas-300x120.jpg 300w, https:\/\/zoodelpirineu.com\/wp-content\/uploads\/2025\/02\/Educacion-ambiental-para-escuelas-1024x410.jpg 1024w, https:\/\/zoodelpirineu.com\/wp-content\/uploads\/2025\/02\/Educacion-ambiental-para-escuelas-768x307.jpg 768w, https:\/\/zoodelpirineu.com\/wp-content\/uploads\/2025\/02\/Educacion-ambiental-para-escuelas-1536x614.jpg 1536w\" sizes=\"auto, (max-width: 2000px) 100vw, 2000px\" \/><div class=\"wp-block-cover__inner-container is-layout-constrained wp-block-cover-is-layout-constrained\">\n<p class=\"has-text-align-center has-large-font-size\">Finan\u00e7a projectes educatius que connecten els nens amb la natura\u2026 i deixa empremta en el seu futur i a la teva RSC.<\/p>\n<\/div><\/div>\n\n<div style=\"height:100px\" aria-hidden=\"true\" class=\"wp-block-spacer\"><\/div>\n\n<div class=\"wp-block-columns is-layout-flex wp-container-core-columns-is-layout-9d6595d7 wp-block-columns-is-layout-flex\">\n<div class=\"wp-block-column is-layout-flow wp-block-column-is-layout-flow\" style=\"flex-basis:25%\"><\/div>\n\n\n\n<div class=\"wp-block-column is-layout-flow wp-block-column-is-layout-flow\" style=\"flex-basis:50%\">\n<p class=\"has-text-align-center\">Segons <a href=\"https:\/\/www.unicef.es\/blog\/pobreza\/pobreza-infantil-en-espana\" target=\"_blank\" rel=\"noopener\" title=\"UNICEF\"><strong>UNICEF<\/strong><\/a>, 1 de cada 3 nens a Espanya viu en risc de pobresa. Per ells, aprendre sobre la natura fora de l&#8217;aula \u00e9s un luxe.<\/p>\n\n\n\n<p class=\"has-text-align-center\">Tot i aix\u00f2, el contacte amb la fauna salvatge \u00e9s clau per desenvolupar empatia, responsabilitat i consci\u00e8ncia ambiental.<\/p>\n<\/div>\n\n\n\n<div class=\"wp-block-column is-layout-flow wp-block-column-is-layout-flow\" style=\"flex-basis:25%\"><\/div>\n<\/div>\n\n<div style=\"height:100px\" aria-hidden=\"true\" class=\"wp-block-spacer\"><\/div>\n\n<h2 class=\"wp-block-heading has-text-align-center\">La teva empresa pot obrir les portes de la natura als nens<\/h2>\n\n<div class=\"wp-block-columns is-layout-flex wp-container-core-columns-is-layout-9d6595d7 wp-block-columns-is-layout-flex\">\n<div class=\"wp-block-column is-layout-flow wp-block-column-is-layout-flow\" style=\"flex-basis:25%\"><\/div>\n\n\n\n<div class=\"wp-block-column is-layout-flow wp-block-column-is-layout-flow\" style=\"flex-basis:50%\">\n<p class=\"has-text-align-center\">En finan\u00e7ar projectes educatius, la teva empresa es converteix en la pe\u00e7a clau perqu\u00e8 els nens puguin:<\/p>\n\n\n\n<div style=\"height:20px\" aria-hidden=\"true\" class=\"wp-block-spacer\"><\/div>\n\n\n\n<div class=\"wp-block-columns is-layout-flex wp-container-core-columns-is-layout-9d6595d7 wp-block-columns-is-layout-flex\">\n<div class=\"wp-block-column is-layout-flow wp-block-column-is-layout-flow\"><div class=\"wp-block-image\">\n<figure class=\"aligncenter size-full is-resized\"><img loading=\"lazy\" decoding=\"async\" width=\"320\" height=\"213\" src=\"https:\/\/zoodelpirineu.com\/wp-content\/uploads\/2023\/02\/Trabaja-con-nostros-picto.png\" alt=\"Recolza el zoo a Catalunya\" class=\"wp-image-558\" style=\"width:auto;height:50px\" srcset=\"https:\/\/zoodelpirineu.com\/wp-content\/uploads\/2023\/02\/Trabaja-con-nostros-picto.png 320w, https:\/\/zoodelpirineu.com\/wp-content\/uploads\/2023\/02\/Trabaja-con-nostros-picto-300x200.png 300w\" sizes=\"auto, (max-width: 320px) 100vw, 320px\" \/><\/figure>\n<\/div>\n\n\n<p class=\"has-text-align-center\">Con\u00e9ixer i interactuar amb animals salvatges.<\/p>\n<\/div>\n\n\n\n<div class=\"wp-block-column is-layout-flow wp-block-column-is-layout-flow\"><div class=\"wp-block-image\">\n<figure class=\"aligncenter size-full is-resized\"><img loading=\"lazy\" decoding=\"async\" width=\"320\" height=\"213\" src=\"https:\/\/zoodelpirineu.com\/wp-content\/uploads\/2023\/02\/Trabaja-con-nostros-picto.png\" alt=\"Recolza el zoo a Catalunya\" class=\"wp-image-558\" style=\"width:auto;height:50px\" srcset=\"https:\/\/zoodelpirineu.com\/wp-content\/uploads\/2023\/02\/Trabaja-con-nostros-picto.png 320w, https:\/\/zoodelpirineu.com\/wp-content\/uploads\/2023\/02\/Trabaja-con-nostros-picto-300x200.png 300w\" sizes=\"auto, (max-width: 320px) 100vw, 320px\" \/><\/figure>\n<\/div>\n\n\n<p class=\"has-text-align-center\">Sorprendre&#8217;s en descobrir la riquesa natural del seu pa\u00eds.<\/p>\n<\/div>\n\n\n\n<div class=\"wp-block-column is-layout-flow wp-block-column-is-layout-flow\"><div class=\"wp-block-image\">\n<figure class=\"aligncenter size-full is-resized\"><img loading=\"lazy\" decoding=\"async\" width=\"320\" height=\"213\" src=\"https:\/\/zoodelpirineu.com\/wp-content\/uploads\/2023\/02\/Trabaja-con-nostros-picto.png\" alt=\"Recolza el zoo a Catalunya\" class=\"wp-image-558\" style=\"width:auto;height:50px\" srcset=\"https:\/\/zoodelpirineu.com\/wp-content\/uploads\/2023\/02\/Trabaja-con-nostros-picto.png 320w, https:\/\/zoodelpirineu.com\/wp-content\/uploads\/2023\/02\/Trabaja-con-nostros-picto-300x200.png 300w\" sizes=\"auto, (max-width: 320px) 100vw, 320px\" \/><\/figure>\n<\/div>\n\n\n<p class=\"has-text-align-center\">Aprendre d&#8217;educadors apassionats que transmeten el seu amor per la natura.<\/p>\n<\/div>\n<\/div>\n\n\n\n<div class=\"wp-block-buttons is-content-justification-center is-layout-flex wp-container-core-buttons-is-layout-16018d1d wp-block-buttons-is-layout-flex\">\n<div class=\"wp-block-button\"><a class=\"wp-block-button__link wp-element-button\" href=\"https:\/\/zoodelpirineu.com\/ca\/contacte\/\">Vull finan\u00e7ar una experi\u00e8ncia educativa<\/a><\/div>\n<\/div>\n<\/div>\n\n\n\n<div class=\"wp-block-column is-layout-flow wp-block-column-is-layout-flow\" style=\"flex-basis:25%\"><\/div>\n<\/div>\n\n<div style=\"height:100px\" aria-hidden=\"true\" class=\"wp-block-spacer\"><\/div>\n\n<h2 class=\"wp-block-heading has-text-align-center\">Opcions de Finan\u00e7ar projectes educatius<\/h2>\n\n<div class=\"wp-block-columns is-layout-flex wp-container-core-columns-is-layout-9d6595d7 wp-block-columns-is-layout-flex\">\n<div class=\"wp-block-column is-layout-flow wp-block-column-is-layout-flow\" style=\"flex-basis:5%\"><\/div>\n\n\n\n<div class=\"wp-block-column is-layout-flow wp-block-column-is-layout-flow\">\n<h3 class=\"wp-block-heading has-text-align-left\">Opci\u00f3 1:<br\/>Portem la natura a l&#8217;escola<br data-mce-bogus=\"1\"\/><\/h3>\n\n\n\n<p class=\"has-text-align-left\">Organitzem una visita educativa amb animals en viu directament a l&#8217;escola.<\/p>\n\n\n\n<h4 class=\"wp-block-heading\">Inversi\u00f3:<\/h4>\n\n\n\n<p><strong>500 \u20ac<\/strong> per a una activitat de mig dia (fins a 3 classes).<\/p>\n\n\n\n<p>Inclou:<\/p>\n\n\n\n<ul class=\"wp-block-list\">\n<li>Gesti\u00f3<\/li>\n\n\n\n<li>Transport fins a escola<\/li>\n\n\n\n<li>3 hores d&#8217;activitat<\/li>\n\n\n\n<li>Material educatiu <\/li>\n<\/ul>\n\n\n\n<h4 class=\"wp-block-heading\">Impacte:<\/h4>\n\n\n\n<p>60-90 nens experimenten la naturalesa al seu entorn escolar.<\/p>\n\n\n\n<div class=\"wp-block-buttons is-layout-flex wp-block-buttons-is-layout-flex\">\n<div class=\"wp-block-button\"><a class=\"wp-block-button__link wp-element-button\" href=\"https:\/\/zoodelpirineu.com\/ca\/contacte\/\">S\u00ed, vull portar la natura a una escola<\/a><\/div>\n<\/div>\n<\/div>\n\n\n\n<div class=\"wp-block-column is-layout-flow wp-block-column-is-layout-flow\" style=\"flex-basis:5%\"><\/div>\n\n\n\n<div class=\"wp-block-column is-layout-flow wp-block-column-is-layout-flow\">\n<h3 class=\"wp-block-heading\">Opci\u00f3 2:<br\/>Portem els nens al Zoo del Pirineu<\/h3>\n\n\n\n<p>Oferim una visita al Zoo del Pirineu, en plena natura, per a una experi\u00e8ncia completa.<\/p>\n\n\n\n<h4 class=\"wp-block-heading\">Cost aproximat:<\/h4>\n\n\n\n<p><strong>450\u20ac<\/strong> per grup de 30 alumnes (3 activitats).<br\/><strong><strong>+500 \u20ac a 750 \u20ac<\/strong><\/strong> addicionals pel transport amb autocar, segons la dist\u00e0ncia.<\/p>\n\n\n\n<h3 class=\"wp-block-heading\">El que inclou:<\/h3>\n\n\n\n<ul class=\"wp-block-list\">\n<li>Gesti\u00f3<\/li>\n\n\n\n<li>3 tallers de 1 hora<\/li>\n\n\n\n<li>Transport amb autocar <\/li>\n\n\n\n<li>Material educatiu<\/li>\n<\/ul>\n\n\n\n<h4 class=\"wp-block-heading\">Impacte:<\/h4>\n\n\n\n<p>30 nens viuen una experi\u00e8ncia \u00fanica en plena natura.<\/p>\n\n\n\n<div class=\"wp-block-buttons is-layout-flex wp-block-buttons-is-layout-flex\">\n<div class=\"wp-block-button\"><a class=\"wp-block-button__link wp-element-button\" href=\"https:\/\/zoodelpirineu.com\/ca\/contacte\/\">Vull portar els alumnes al refugi d&#8217;animals<\/a><\/div>\n<\/div>\n<\/div>\n\n\n\n<div class=\"wp-block-column is-layout-flow wp-block-column-is-layout-flow\" style=\"flex-basis:5%\"><\/div>\n<\/div>\n\n<div style=\"height:100px\" aria-hidden=\"true\" class=\"wp-block-spacer\"><\/div>\n\n<h2 class=\"wp-block-heading has-text-align-center\">Aix\u00ed de f\u00e0cil \u00e9s Finan\u00e7ar projectes educatius<\/h2>\n\n<div class=\"wp-block-columns is-layout-flex wp-container-core-columns-is-layout-9d6595d7 wp-block-columns-is-layout-flex\">\n<div class=\"wp-block-column is-layout-flow wp-block-column-is-layout-flow\"><\/div>\n\n\n\n<div class=\"wp-block-column is-layout-flow wp-block-column-is-layout-flow\"><div class=\"wp-block-image\">\n<figure class=\"aligncenter size-medium is-resized\"><img loading=\"lazy\" decoding=\"async\" width=\"300\" height=\"200\" src=\"https:\/\/zoodelpirineu.com\/wp-content\/uploads\/2025\/02\/1-picto-1-300x200.png\" alt=\"\" class=\"wp-image-2514\" style=\"width:auto;height:50px\" srcset=\"https:\/\/zoodelpirineu.com\/wp-content\/uploads\/2025\/02\/1-picto-1-300x200.png 300w, https:\/\/zoodelpirineu.com\/wp-content\/uploads\/2025\/02\/1-picto-1.png 320w\" sizes=\"auto, (max-width: 300px) 100vw, 300px\" \/><\/figure>\n<\/div>\n\n\n<h3 class=\"wp-block-heading has-text-align-center\">Tria l&#8217;opci\u00f3 que prefereixis<\/h3>\n\n\n\n<p class=\"has-text-align-center\">Portem la natura a l&#8217;escola o portem els nens al zoo.<\/p>\n<\/div>\n\n\n\n<div class=\"wp-block-column is-layout-flow wp-block-column-is-layout-flow\"><div class=\"wp-block-image\">\n<figure class=\"aligncenter size-full is-resized\"><img loading=\"lazy\" decoding=\"async\" width=\"320\" height=\"213\" src=\"https:\/\/zoodelpirineu.com\/wp-content\/uploads\/2025\/02\/2-picto.png\" alt=\"\" class=\"wp-image-2517\" style=\"width:auto;height:50px\" srcset=\"https:\/\/zoodelpirineu.com\/wp-content\/uploads\/2025\/02\/2-picto.png 320w, https:\/\/zoodelpirineu.com\/wp-content\/uploads\/2025\/02\/2-picto-300x200.png 300w\" sizes=\"auto, (max-width: 320px) 100vw, 320px\" \/><\/figure>\n<\/div>\n\n\n<h3 class=\"wp-block-heading has-text-align-center\">Finan\u00e7a el projecte<\/h3>\n\n\n\n<p class=\"has-text-align-center\">Amb un proc\u00e9s simple i tota la documentaci\u00f3 fiscal que necessites.<\/p>\n<\/div>\n\n\n\n<div class=\"wp-block-column is-layout-flow wp-block-column-is-layout-flow\"><div class=\"wp-block-image\">\n<figure class=\"aligncenter size-full is-resized\"><img loading=\"lazy\" decoding=\"async\" width=\"320\" height=\"213\" src=\"https:\/\/zoodelpirineu.com\/wp-content\/uploads\/2025\/02\/3-picto.png\" alt=\"\" class=\"wp-image-2520\" style=\"width:auto;height:50px\" srcset=\"https:\/\/zoodelpirineu.com\/wp-content\/uploads\/2025\/02\/3-picto.png 320w, https:\/\/zoodelpirineu.com\/wp-content\/uploads\/2025\/02\/3-picto-300x200.png 300w\" sizes=\"auto, (max-width: 320px) 100vw, 320px\" \/><\/figure>\n<\/div>\n\n\n<h3 class=\"wp-block-heading has-text-align-center\">Veu l&#8217;impacte<\/h3>\n\n\n\n<p class=\"has-text-align-center\">Us enviem un informe amb imatges, testimonis i resultats d&#8217;aprenentatge.<\/p>\n<\/div>\n\n\n\n<div class=\"wp-block-column is-layout-flow wp-block-column-is-layout-flow\"><\/div>\n<\/div>\n\n<div class=\"wp-block-columns is-layout-flex wp-container-core-columns-is-layout-9d6595d7 wp-block-columns-is-layout-flex\">\n<div class=\"wp-block-column is-layout-flow wp-block-column-is-layout-flow\" style=\"flex-basis:25%\"><\/div>\n\n\n\n<div class=\"wp-block-column has-base-background-color has-background is-layout-flow wp-block-column-is-layout-flow\" style=\"flex-basis:50%\">\n<div style=\"height:20px\" aria-hidden=\"true\" class=\"wp-block-spacer\"><\/div>\n\n\n<div class=\"wp-block-image\">\n<figure class=\"aligncenter size-full is-resized\"><img loading=\"lazy\" decoding=\"async\" width=\"320\" height=\"213\" src=\"https:\/\/zoodelpirineu.com\/wp-content\/uploads\/2025\/02\/Acuerdo-Picto.png\" alt=\"\" class=\"wp-image-2716\" style=\"width:auto;height:50px\" srcset=\"https:\/\/zoodelpirineu.com\/wp-content\/uploads\/2025\/02\/Acuerdo-Picto.png 320w, https:\/\/zoodelpirineu.com\/wp-content\/uploads\/2025\/02\/Acuerdo-Picto-300x200.png 300w\" sizes=\"auto, (max-width: 320px) 100vw, 320px\" \/><\/figure>\n<\/div>\n\n\n<p class=\"has-text-align-center\"><strong>Nosaltres ens encarreguem de tot<\/strong>: Organitzaci\u00f3, execuci\u00f3 i documentaci\u00f3 de l&#8217;activitat.<\/p>\n<\/div>\n\n\n\n<div class=\"wp-block-column is-layout-flow wp-block-column-is-layout-flow\" style=\"flex-basis:25%\"><\/div>\n<\/div>\n\n<div style=\"height:100px\" aria-hidden=\"true\" class=\"wp-block-spacer\"><\/div>\n\n<div style=\"height:20px\" aria-hidden=\"true\" class=\"wp-block-spacer\"><\/div>\n\n<h2 class=\"wp-block-heading has-text-align-center\">Per qu\u00e8 finan\u00e7ar projectes educatius?<\/h2>\n\n<div class=\"wp-block-columns is-layout-flex wp-container-core-columns-is-layout-9d6595d7 wp-block-columns-is-layout-flex\">\n<div class=\"wp-block-column is-layout-flow wp-block-column-is-layout-flow\" style=\"flex-basis:5%\"><\/div>\n\n\n\n<div class=\"wp-block-column is-layout-flow wp-block-column-is-layout-flow\"><div class=\"wp-block-image\">\n<figure class=\"aligncenter size-full is-resized\"><img loading=\"lazy\" decoding=\"async\" width=\"320\" height=\"213\" src=\"https:\/\/zoodelpirineu.com\/wp-content\/uploads\/2025\/02\/OK-picto.png\" alt=\"\" class=\"wp-image-2700\" style=\"width:auto;height:50px\" srcset=\"https:\/\/zoodelpirineu.com\/wp-content\/uploads\/2025\/02\/OK-picto.png 320w, https:\/\/zoodelpirineu.com\/wp-content\/uploads\/2025\/02\/OK-picto-300x200.png 300w\" sizes=\"auto, (max-width: 320px) 100vw, 320px\" \/><\/figure>\n<\/div>\n\n\n<h3 class=\"wp-block-heading has-text-align-center\">Impacte ambiental i social<\/h3>\n\n\n\n<p class=\"has-text-align-center\">Contribueixes a l&#8217;educaci\u00f3 de nens sense importar-ne la proced\u00e8ncia ni la situaci\u00f3 econ\u00f2mica dels pares.<\/p>\n<\/div>\n\n\n\n<div class=\"wp-block-column is-layout-flow wp-block-column-is-layout-flow\"><div class=\"wp-block-image\">\n<figure class=\"aligncenter size-full is-resized\"><img loading=\"lazy\" decoding=\"async\" width=\"320\" height=\"213\" src=\"https:\/\/zoodelpirineu.com\/wp-content\/uploads\/2025\/02\/OK-picto.png\" alt=\"\" class=\"wp-image-2700\" style=\"width:auto;height:50px\" srcset=\"https:\/\/zoodelpirineu.com\/wp-content\/uploads\/2025\/02\/OK-picto.png 320w, https:\/\/zoodelpirineu.com\/wp-content\/uploads\/2025\/02\/OK-picto-300x200.png 300w\" sizes=\"auto, (max-width: 320px) 100vw, 320px\" \/><\/figure>\n<\/div>\n\n\n<h3 class=\"wp-block-heading has-text-align-center\">Reputaci\u00f3 Empresarial<\/h3>\n\n\n\n<p class=\"has-text-align-center\">La teva empresa ser\u00e0 reconeguda com a agent de canvi positiu.<\/p>\n<\/div>\n\n\n\n<div class=\"wp-block-column is-layout-flow wp-block-column-is-layout-flow\"><div class=\"wp-block-image\">\n<figure class=\"aligncenter size-full is-resized\"><img loading=\"lazy\" decoding=\"async\" width=\"320\" height=\"213\" src=\"https:\/\/zoodelpirineu.com\/wp-content\/uploads\/2025\/02\/OK-picto.png\" alt=\"\" class=\"wp-image-2700\" style=\"width:auto;height:50px\" srcset=\"https:\/\/zoodelpirineu.com\/wp-content\/uploads\/2025\/02\/OK-picto.png 320w, https:\/\/zoodelpirineu.com\/wp-content\/uploads\/2025\/02\/OK-picto-300x200.png 300w\" sizes=\"auto, (max-width: 320px) 100vw, 320px\" \/><\/figure>\n<\/div>\n\n\n<h3 class=\"wp-block-heading has-text-align-center\">Orgull d&#8217;equip<\/h3>\n\n\n\n<p class=\"has-text-align-center\">Els teus empleats es sentiran orgulls en formar part d&#8217;una empresa que aposta pel futur de les noves generacions.<\/p>\n<\/div>\n\n\n\n<div class=\"wp-block-column is-layout-flow wp-block-column-is-layout-flow\"><div class=\"wp-block-image\">\n<figure class=\"aligncenter size-full is-resized\"><img loading=\"lazy\" decoding=\"async\" width=\"320\" height=\"213\" src=\"https:\/\/zoodelpirineu.com\/wp-content\/uploads\/2025\/02\/OK-picto.png\" alt=\"\" class=\"wp-image-2700\" style=\"width:auto;height:50px\" srcset=\"https:\/\/zoodelpirineu.com\/wp-content\/uploads\/2025\/02\/OK-picto.png 320w, https:\/\/zoodelpirineu.com\/wp-content\/uploads\/2025\/02\/OK-picto-300x200.png 300w\" sizes=\"auto, (max-width: 320px) 100vw, 320px\" \/><\/figure>\n<\/div>\n\n\n<h3 class=\"wp-block-heading has-text-align-center\"><a href=\"https:\/\/zoodelpirineu.com\/ca\/empreses\/desgravar-l-impost-de-societats\/\" title=\"Avantatges Fiscals\">Avantatges Fiscals<\/a><\/h3>\n\n\n\n<p class=\"has-text-align-center\">Pots desgravar fins al <strong>50% a l&#8217;impost de societats<\/strong> segons la <strong><a href=\"https:\/\/www.boe.es\/buscar\/act.php?id=BOE-A-2002-25039\" title=\"Llei 49\/2002\">Llei 49\/2002<\/a><\/strong>.<\/p>\n<\/div>\n\n\n\n<div class=\"wp-block-column is-layout-flow wp-block-column-is-layout-flow\"><div class=\"wp-block-image\">\n<figure class=\"aligncenter size-full is-resized\"><img loading=\"lazy\" decoding=\"async\" width=\"320\" height=\"213\" src=\"https:\/\/zoodelpirineu.com\/wp-content\/uploads\/2025\/02\/OK-picto.png\" alt=\"\" class=\"wp-image-2700\" style=\"width:auto;height:50px\" srcset=\"https:\/\/zoodelpirineu.com\/wp-content\/uploads\/2025\/02\/OK-picto.png 320w, https:\/\/zoodelpirineu.com\/wp-content\/uploads\/2025\/02\/OK-picto-300x200.png 300w\" sizes=\"auto, (max-width: 320px) 100vw, 320px\" \/><\/figure>\n<\/div>\n\n\n<h3 class=\"wp-block-heading has-text-align-center\">Satisfacci\u00f3 personal<\/h3>\n\n\n\n<p class=\"has-text-align-center\">Ser\u00e0s qui faci possible que els nens visquin un dia extraordinari. La seva emoci\u00f3 i sorpresa seran la teva millor recompensa. <\/p>\n<\/div>\n\n\n\n<div class=\"wp-block-column is-layout-flow wp-block-column-is-layout-flow\" style=\"flex-basis:5%\"><\/div>\n<\/div>\n\n<div style=\"height:100px\" aria-hidden=\"true\" class=\"wp-block-spacer\"><\/div>\n\n<div class=\"wp-block-columns is-layout-flex wp-container-core-columns-is-layout-9d6595d7 wp-block-columns-is-layout-flex\">\n<div class=\"wp-block-column is-layout-flow wp-block-column-is-layout-flow\" style=\"flex-basis:25%\"><\/div>\n\n\n\n<div class=\"wp-block-column has-contrast-3-background-color has-background is-layout-flow wp-block-column-is-layout-flow\" style=\"flex-basis:50%\">\n<div style=\"height:20px\" aria-hidden=\"true\" class=\"wp-block-spacer\"><\/div>\n\n\n<div class=\"wp-block-image\">\n<figure class=\"aligncenter size-full is-resized\"><img loading=\"lazy\" decoding=\"async\" width=\"320\" height=\"213\" src=\"https:\/\/zoodelpirineu.com\/wp-content\/uploads\/2025\/02\/Stop-picto.png\" alt=\"\" class=\"wp-image-2481\" style=\"width:auto;height:50px\" srcset=\"https:\/\/zoodelpirineu.com\/wp-content\/uploads\/2025\/02\/Stop-picto.png 320w, https:\/\/zoodelpirineu.com\/wp-content\/uploads\/2025\/02\/Stop-picto-300x200.png 300w\" sizes=\"auto, (max-width: 320px) 100vw, 320px\" \/><\/figure>\n<\/div>\n\n\n<p class=\"has-text-align-center\">Si seguim deixant l&#8217;educaci\u00f3 ambiental a mans d&#8217;un sistema saturat, cada cop m\u00e9s nens creixeran sense con\u00e8ixer ni valorar la riquesa natural del pa\u00eds.<\/p>\n\n\n\n<div class=\"wp-block-buttons is-content-justification-center is-layout-flex wp-container-core-buttons-is-layout-16018d1d wp-block-buttons-is-layout-flex\">\n<div class=\"wp-block-button\"><a class=\"wp-block-button__link wp-element-button\" href=\"https:\/\/zoodelpirineu.com\/ca\/contacte\/\"><strong>Vull finan\u00e7ar un projecte educatiu ja<\/strong><\/a><\/div>\n<\/div>\n\n\n\n<div style=\"height:20px\" aria-hidden=\"true\" class=\"wp-block-spacer\"><\/div>\n<\/div>\n\n\n\n<div class=\"wp-block-column is-layout-flow wp-block-column-is-layout-flow\" style=\"flex-basis:25%\"><\/div>\n<\/div>\n\n<div style=\"height:100px\" aria-hidden=\"true\" class=\"wp-block-spacer\"><\/div>\n\n<div class=\"wp-block-cover has-parallax\"><span aria-hidden=\"true\" class=\"wp-block-cover__background has-contrast-background-color has-background-dim\"><\/span><div role=\"img\" aria-label=\"Financiar proyectos educativos\" class=\"wp-block-cover__image-background wp-image-2750 has-parallax\" style=\"background-position:50% 50%;background-image:url(https:\/\/zoodelpirineu.com\/wp-content\/uploads\/2025\/02\/Zoo-va-a-la-escuela.jpg)\"><\/div><div class=\"wp-block-cover__inner-container is-layout-constrained wp-block-cover-is-layout-constrained\">\n<p class=\"has-text-align-center has-large-font-size\">Els nens que avui descobreixen la natura, dem\u00e0 seran els que la protegeixin. Fes possible aquesta experi\u00e8ncia amb la teva empresa. <\/p>\n<\/div><\/div>\n","protected":false},"excerpt":{"rendered":"<p>Segons UNICEF, 1 de cada 3 nens a Espanya viu en risc de pobresa. Per ells, aprendre sobre la natura fora de l&#8217;aula \u00e9s un &#8230; <\/p>\n<p class=\"read-more-container\"><a title=\"Finan\u00e7ar projectes educatius\" class=\"read-more button\" href=\"https:\/\/zoodelpirineu.com\/ca\/donacio\/empreses\/projectes-de-rsc\/financar-projectes-educatius\/#more-2881\" aria-label=\"M\u00e9s informaci\u00f3 sobre Finan\u00e7ar projectes educatius\">Read more<\/a><\/p>\n","protected":false},"author":1,"featured_media":2751,"parent":2826,"menu_order":0,"comment_status":"closed","ping_status":"closed","template":"","meta":{"om_disable_all_campaigns":false,"_monsterinsights_skip_tracking":false,"_monsterinsights_sitenote_active":false,"_monsterinsights_sitenote_note":"","_monsterinsights_sitenote_category":0,"footnotes":""},"class_list":["post-2881","page","type-page","status-publish","has-post-thumbnail"],"aioseo_notices":[],"_links":{"self":[{"href":"https:\/\/zoodelpirineu.com\/ca\/wp-json\/wp\/v2\/pages\/2881","targetHints":{"allow":["GET"]}}],"collection":[{"href":"https:\/\/zoodelpirineu.com\/ca\/wp-json\/wp\/v2\/pages"}],"about":[{"href":"https:\/\/zoodelpirineu.com\/ca\/wp-json\/wp\/v2\/types\/page"}],"author":[{"embeddable":true,"href":"https:\/\/zoodelpirineu.com\/ca\/wp-json\/wp\/v2\/users\/1"}],"replies":[{"embeddable":true,"href":"https:\/\/zoodelpirineu.com\/ca\/wp-json\/wp\/v2\/comments?post=2881"}],"version-history":[{"count":2,"href":"https:\/\/zoodelpirineu.com\/ca\/wp-json\/wp\/v2\/pages\/2881\/revisions"}],"predecessor-version":[{"id":2897,"href":"https:\/\/zoodelpirineu.com\/ca\/wp-json\/wp\/v2\/pages\/2881\/revisions\/2897"}],"up":[{"embeddable":true,"href":"https:\/\/zoodelpirineu.com\/ca\/wp-json\/wp\/v2\/pages\/2826"}],"wp:featuredmedia":[{"embeddable":true,"href":"https:\/\/zoodelpirineu.com\/ca\/wp-json\/wp\/v2\/media\/2751"}],"wp:attachment":[{"href":"https:\/\/zoodelpirineu.com\/ca\/wp-json\/wp\/v2\/media?parent=2881"}],"curies":[{"name":"wp","href":"https:\/\/api.w.org\/{rel}","templated":true}]}}