{"id":3365,"date":"2022-12-25T05:27:33","date_gmt":"2022-12-25T04:27:33","guid":{"rendered":"https:\/\/zoodelpirineu.com\/avis-legal\/"},"modified":"2025-04-08T12:56:13","modified_gmt":"2025-04-08T11:56:13","slug":"avis-legal","status":"publish","type":"page","link":"https:\/\/zoodelpirineu.com\/ca\/legal\/avis-legal\/","title":{"rendered":"Av\u00eds legal"},"content":{"rendered":"\n<h2 class=\"wp-block-heading\">Contacte<\/h2>\n\n<p>Fundaci\u00f3 Zoo del Pirineu<br\/>Ctra. L-401, km 35,6<br\/>25283 Od\u00e8n<br\/>Espanya <\/p>\n\n<p>Tel\u00e8fon: +34 610 75 02 24<br\/>Email: zoopirineu@gmail.com<br\/>Persona responsable: Stanislava Kuspertova<\/p>\n\n<div style=\"height:60px\" aria-hidden=\"true\" class=\"wp-block-spacer\"><\/div>\n\n<h2 class=\"wp-block-heading\">N\u00famero d&#8217;Identificaci\u00f3 Fiscal<\/h2>\n\n<p>G25844416 (NIF Intracomunitari: ES G25844416)<\/p>\n\n<div style=\"height:60px\" aria-hidden=\"true\" class=\"wp-block-spacer\"><\/div>\n\n<h2 class=\"wp-block-heading\">Registre de parc zool\u00f2gic<\/h2>\n\n<p>Certificat d&#8217;inscripci\u00f3 al registre de nuclis zool\u00f2gics L-2500172.<a href=\"https:\/\/mediambient.gencat.cat\/ca\/05_ambits_dactuacio\/patrimoni_natural\/senp_catalunya\/espais_sistema\/lleida\/\"> Instituci\u00f3 de registre: Generalitat de Catalunya, Departament d&#8217;Agricultura, Ramaderia, Pesca, Alimentaci\u00f3 i Medi Natural, Serveis Territorials de Lleida, Espanya<\/a><\/p>\n\n<h3 class=\"wp-block-heading\">Autoritat supervisora<\/h3>\n\n<p><a href=\"http:\/\/sac.gencat.cat\/sacgencat\/AppJava\/organisme_fitxa.jsp?codi=6307\">Generalitat de Catalunya, Direcci\u00f3 General de Pol\u00edtiques Ambientals i Medi Natural<\/a>, Carrer de Proven\u00e7a, 204-208, 08036 Barcelona, \u200b\u200bEspanya<\/p>\n\n<div style=\"height:60px\" aria-hidden=\"true\" class=\"wp-block-spacer\"><\/div>\n\n<h2 class=\"wp-block-heading\">Informaci\u00f3 sobre l&#8217;asseguran\u00e7a de responsabilitat professional<\/h2>\n\n<p><strong>Nom i domicili social de l&#8217;assegurador<\/strong>: <a href=\"https:\/\/www.seguroscatalanaoccidente.com\/\">Assegurances Catalana Occident S.A. d&#8217;Assegurances i Reassegurances<\/a>, NIF: A-28119220, amb domicili social al Passeig de la Castellana n\u00fam. 4, 28046 (Madrid) i inscrita al Registre d&#8217;Entitats Asseguradores de la Direcci\u00f3 General d&#8217;Assegurances i Fons de Pensions amb la clau C-0468.<\/p>\n\n<p><strong>Validesa de l&#8217;asseguran\u00e7a<\/strong>: Espanya<\/p>\n\n<div style=\"height:60px\" aria-hidden=\"true\" class=\"wp-block-spacer\"><\/div>\n\n<h2 class=\"wp-block-heading\">Resoluci\u00f3 de litigis en l\u00ednia<\/h2>\n\n<p>La Comissi\u00f3 Europea ofereix una plataforma de resoluci\u00f3 de disputes en l\u00ednia (plataforma RLL): <a href=\"https:\/\/ec.europa.eu\/consumers\/odr\/main\/index.cfm?event=main.home2.show&amp;lng=ES\">https:\/\/ec.europa.eu\/consumers\/odr<\/a>. La nostra adre\u00e7a de correu electr\u00f2nic es troba a la part superior de l&#8217;Av\u00eds Legal.<\/p>\n\n<div style=\"height:60px\" aria-hidden=\"true\" class=\"wp-block-spacer\"><\/div>\n\n<h2 class=\"wp-block-heading\">Responsabilitat pel contingut<\/h2>\n\n<p>Com a prove\u00efdor de serveis, som responsables del contingut de les nostres p\u00e0gines segons les lleis generals. No obstant aix\u00f2, com a prove\u00efdor de serveis, ni estem obligats a supervisar cap informaci\u00f3 transmesa o emmagatzemada pels tercers, ni a investigar circumst\u00e0ncies que indiquin una activitat il\u00b7l\u00edcita. <\/p>\n\n<p>Les obligacions de suprimir o bloquejar l&#8217;\u00fas d&#8217;informaci\u00f3 en virtut de la legislaci\u00f3 general no es veuran afectades.<\/p>\n\n<p>El fet de cometre una determinada infracci\u00f3 nom\u00e9s \u00e9s possible a partir que \u00e9s conscient que certa infracci\u00f3 de llei \u00e9s possible. Un cop ens sapiguem de les infraccions, eliminarem aquest contingut immediatament. <\/p>\n\n<p><strong>Per a m\u00e9s informaci\u00f3 visita la nostra p\u00e0gina: <a href=\"https:\/\/zoodelpirineu.com\/ca\/legal\/\" title=\"Legal\">Zoo del Pirineu<\/a><\/strong><\/p>\n","protected":false},"excerpt":{"rendered":"<p>Contacte Fundaci\u00f3 Zoo del PirineuCtra. L-401, km 35,625283 Od\u00e8nEspanya Tel\u00e8fon: +34 610 75 02 24Email: zoopirineu@gmail.comPersona responsable: Stanislava Kuspertova N\u00famero d&#8217;Identificaci\u00f3 Fiscal G25844416 (NIF Intracomunitari: &#8230; <\/p>\n<p class=\"read-more-container\"><a title=\"Av\u00eds legal\" class=\"read-more button\" href=\"https:\/\/zoodelpirineu.com\/ca\/legal\/avis-legal\/#more-3365\" aria-label=\"M\u00e9s informaci\u00f3 sobre Av\u00eds legal\">Read more<\/a><\/p>\n","protected":false},"author":1,"featured_media":0,"parent":3889,"menu_order":0,"comment_status":"closed","ping_status":"closed","template":"","meta":{"om_disable_all_campaigns":false,"_monsterinsights_skip_tracking":false,"_monsterinsights_sitenote_active":false,"_monsterinsights_sitenote_note":"","_monsterinsights_sitenote_category":0,"footnotes":""},"class_list":["post-3365","page","type-page","status-publish"],"aioseo_notices":[],"_links":{"self":[{"href":"https:\/\/zoodelpirineu.com\/ca\/wp-json\/wp\/v2\/pages\/3365","targetHints":{"allow":["GET"]}}],"collection":[{"href":"https:\/\/zoodelpirineu.com\/ca\/wp-json\/wp\/v2\/pages"}],"about":[{"href":"https:\/\/zoodelpirineu.com\/ca\/wp-json\/wp\/v2\/types\/page"}],"author":[{"embeddable":true,"href":"https:\/\/zoodelpirineu.com\/ca\/wp-json\/wp\/v2\/users\/1"}],"replies":[{"embeddable":true,"href":"https:\/\/zoodelpirineu.com\/ca\/wp-json\/wp\/v2\/comments?post=3365"}],"version-history":[{"count":1,"href":"https:\/\/zoodelpirineu.com\/ca\/wp-json\/wp\/v2\/pages\/3365\/revisions"}],"predecessor-version":[{"id":3366,"href":"https:\/\/zoodelpirineu.com\/ca\/wp-json\/wp\/v2\/pages\/3365\/revisions\/3366"}],"up":[{"embeddable":true,"href":"https:\/\/zoodelpirineu.com\/ca\/wp-json\/wp\/v2\/pages\/3889"}],"wp:attachment":[{"href":"https:\/\/zoodelpirineu.com\/ca\/wp-json\/wp\/v2\/media?parent=3365"}],"curies":[{"name":"wp","href":"https:\/\/api.w.org\/{rel}","templated":true}]}}