{"id":3411,"date":"2021-12-23T06:59:21","date_gmt":"2021-12-23T05:59:21","guid":{"rendered":"https:\/\/regalar-experiencias.zoodelpirineu.com\/experiencia-animal-un-regal-pels-amants-dels-animals\/"},"modified":"2026-01-14T16:56:49","modified_gmt":"2026-01-14T15:56:49","slug":"experiencia-animal-regalo-para-amantes-de-animales","status":"publish","type":"page","link":"https:\/\/zoodelpirineu.com\/ca\/experiencies-per-regalar\/regalar-experiencia-amb-animals\/experiencia-animal-regalo-para-amantes-de-animales\/","title":{"rendered":"Experi\u00e8ncia Animal un Regal pels amants dels Animals"},"content":{"rendered":"\n<div class=\"wp-block-media-text alignwide is-stacked-on-mobile has-background\" style=\"background-color:#f7fefb\"><figure class=\"wp-block-media-text__media\"><img decoding=\"async\" src=\"https:\/\/regalar-experiencias.zoodelpirineu.com\/wp-content\/uploads\/2021\/12\/Experiencia-animal.jpg\" alt=\"Experi\u00e8ncia animal, regal per a amants d&#039;animals.\" class=\"wp-image-185 size-full\"\/><\/figure><div class=\"wp-block-media-text__content\">\n<div style=\"height:10px\" aria-hidden=\"true\" class=\"wp-block-spacer\"><\/div>\n\n\n\n<p>Vols fer un regal a uns amants dels animals? L&#8217;Experi\u00e8ncia Animal \u00e9s un regal que compleix els somnis de moltes persones: grans i petites.<\/p>\n\n\n\n<p>No la trobar\u00e0s a cap altre lloc d&#8217;Espanya. Si busques un regal incre\u00efble pels amants dels animals, aquest \u00e9s el teu regal.<\/p>\n\n\n\n<p>\u00c9s al 100% personalitzada i la recomanem per a totes les edats. S\u00f3n els visitants els que escullen amb quins animals volen entrar en contacte directe. Tindran un expert de fauna salvatge a la seva disposici\u00f3. <\/p>\n\n\n\n<div class=\"wp-block-buttons is-content-justification-center is-layout-flex wp-container-core-buttons-is-layout-16018d1d wp-block-buttons-is-layout-flex\">\n<div class=\"wp-block-button\"><a class=\"wp-block-button__link wp-element-button\" href=\"https:\/\/zoodelpirineu.com\/ca\/experiencies-per-regalar\/comprar-vals-regals\/\" style=\"border-radius:1px\">Regalar Experi\u00e8ncia Animal<\/a><\/div>\n<\/div>\n<\/div><\/div>\n\n<div style=\"height:25px\" aria-hidden=\"true\" class=\"wp-block-spacer\"><\/div>\n\n<h2 class=\"wp-block-heading\">Detalls de l&#8217;Experi\u00e8ncia Animal<\/h2>\n\n<div class=\"wp-block-columns is-layout-flex wp-container-core-columns-is-layout-9d6595d7 wp-block-columns-is-layout-flex\">\n<div class=\"wp-block-column is-layout-flow wp-block-column-is-layout-flow\" style=\"flex-basis:25%\">\n<figure class=\"wp-block-image size-full\"><img decoding=\"async\" src=\"https:\/\/regalar-experiencias.zoodelpirineu.com\/wp-content\/uploads\/2022\/09\/Experiencia-animal-para-hombres.jpg\" alt=\"Regal perfecte pel teu xicot\" class=\"wp-image-544\"\/><\/figure>\n<\/div>\n\n\n\n<div class=\"wp-block-column is-layout-flow wp-block-column-is-layout-flow\" style=\"flex-basis:66.66%\">\n<h3 class=\"wp-block-heading\">Funcionament de l&#8217;activitat<\/h3>\n\n\n\n<ul class=\"wp-block-list\">\n<li>Els participants escullen els animals amb qu\u00e8 volen entrar en contacte. <\/li>\n\n\n\n<li>Abans d&#8217;entrar a les instal\u00b7lacions dels animals l&#8217;Eloi explica les normes particulars de cada animal.<\/li>\n\n\n\n<li>Els visitants trien el ritme.\n<ul class=\"wp-block-list\">\n<li>Es pot quedar tota l&#8217;hora amb un animal si tenen un inter\u00e8s en particular.<\/li>\n\n\n\n<li>El m\u00e9s habitual \u00e9s seleccionar 5 animals.<\/li>\n\n\n\n<li>De vegades, els participants volen tenir un contacte breu amb una m\u00e0xima varietat de fins a 10 animals.<\/li>\n<\/ul>\n<\/li>\n\n\n\n<li>Tenen una oportunitat perfecta de preguntar i aclarir els dubtes amb l&#8217;Eloi, un dels fundadors del Zoo del Pirineu. <\/li>\n<\/ul>\n<\/div>\n<\/div>\n\n<div class=\"wp-block-columns is-layout-flex wp-container-core-columns-is-layout-9d6595d7 wp-block-columns-is-layout-flex\">\n<div class=\"wp-block-column is-layout-flow wp-block-column-is-layout-flow\" style=\"flex-basis:25%\">\n<figure class=\"wp-block-image size-large\"><img loading=\"lazy\" decoding=\"async\" width=\"819\" height=\"1024\" src=\"https:\/\/regalar-experiencias.zoodelpirineu.com\/wp-content\/uploads\/2022\/09\/Experiencia-Animal-para-ninas-819x1024.jpg\" alt=\"Regal per a amants d'animals petits.\" class=\"wp-image-540\" srcset=\"https:\/\/zoodelpirineu.com\/wp-content\/uploads\/2022\/09\/Experiencia-Animal-para-ninas-819x1024.jpg 819w, https:\/\/zoodelpirineu.com\/wp-content\/uploads\/2022\/09\/Experiencia-Animal-para-ninas-240x300.jpg 240w, https:\/\/zoodelpirineu.com\/wp-content\/uploads\/2022\/09\/Experiencia-Animal-para-ninas-768x960.jpg 768w, https:\/\/zoodelpirineu.com\/wp-content\/uploads\/2022\/09\/Experiencia-Animal-para-ninas.jpg 1080w\" sizes=\"auto, (max-width: 819px) 100vw, 819px\" \/><\/figure>\n<\/div>\n\n\n\n<div class=\"wp-block-column is-layout-flow wp-block-column-is-layout-flow\" style=\"flex-basis:66.66%\">\n<h3 class=\"wp-block-heading\">Horari<\/h3>\n\n\n\n<p>L&#8217;Experi\u00e8ncia Animal l&#8217;oferim durant tot l&#8217;any, cada dia. T\u00e9 una durada de 1 hora.<\/p>\n\n\n\n<h3 class=\"wp-block-heading\">Preu<\/h3>\n\n\n\n<p>\u00abExperi\u00e8ncia Animal\u00bb nom\u00e9s est\u00e0 disponible per a grups privats de fins a 5 persones. El preu \u00e9s de 70\u20ac per grup.<\/p>\n\n\n\n<div class=\"wp-block-buttons is-content-justification-center is-layout-flex wp-container-core-buttons-is-layout-16018d1d wp-block-buttons-is-layout-flex\">\n<div class=\"wp-block-button\"><a class=\"wp-block-button__link wp-element-button\" href=\"https:\/\/zoodelpirineu.com\/ca\/experiencies-per-regalar\/comprar-vals-regals\/\" style=\"border-radius:1px\">Regalar Experi\u00e8ncia Animal<\/a><\/div>\n<\/div>\n\n\n\n<div style=\"height:20px\" aria-hidden=\"true\" class=\"wp-block-spacer\"><\/div>\n\n\n\n<h3 class=\"wp-block-heading\">Idioma<\/h3>\n\n\n\n<p>L&#8217;Experi\u00e8ncia Animal es pot fer en els seg\u00fcents idiomes:<\/p>\n\n\n\n<ul class=\"wp-block-list\">\n<li>Castell\u00e0<\/li>\n\n\n\n<li>Catal\u00e0<\/li>\n<\/ul>\n<\/div>\n<\/div>\n\n<div class=\"wp-block-columns are-vertically-aligned-top is-layout-flex wp-container-core-columns-is-layout-9d6595d7 wp-block-columns-is-layout-flex\">\n<div class=\"wp-block-column is-vertically-aligned-top is-layout-flow wp-block-column-is-layout-flow\" style=\"flex-basis:25%\">\n<figure class=\"wp-block-image size-full\"><img decoding=\"async\" src=\"https:\/\/regalar-experiencias.zoodelpirineu.com\/wp-content\/uploads\/2022\/09\/Regalo-para-mujeres-extraordinarias.jpg\" alt=\"Regal original per a amiga\" class=\"wp-image-434\"\/><\/figure>\n<\/div>\n\n\n\n<div class=\"wp-block-column is-vertically-aligned-top is-layout-flow wp-block-column-is-layout-flow\" style=\"flex-basis:66.66%\">\n<h3 class=\"wp-block-heading\">Animals que esperen els participants<\/h3>\n\n\n\n<p>Mam\u00edfers: Gams \/ Senglars \/ Guineu \/ Conills&#8230;<br\/>Aus: Mussols \/ Falcons \/ \u00c0guiles \/ Corb&#8230;<\/p>\n\n\n\n<p>Els participants escullen quins animals volen con\u00e8ixer de primera m\u00e0. <\/p>\n<\/div>\n<\/div>\n\n<div class=\"wp-block-columns are-vertically-aligned-center is-layout-flex wp-container-core-columns-is-layout-9d6595d7 wp-block-columns-is-layout-flex\">\n<div class=\"wp-block-column is-vertically-aligned-center is-layout-flow wp-block-column-is-layout-flow\" style=\"flex-basis:25%\">\n<figure class=\"wp-block-image size-full\"><img decoding=\"async\" src=\"https:\/\/regalar-experiencias.zoodelpirineu.com\/wp-content\/uploads\/2022\/09\/Halcon-peregrino-en-cetreria.jpg\" alt=\"Experi&#xE8;ncia amb animals per a adults\" class=\"wp-image-523\"\/><\/figure>\n<\/div>\n\n\n\n<div class=\"wp-block-column is-vertically-aligned-center is-layout-flow wp-block-column-is-layout-flow\" style=\"flex-basis:66.66%\">\n<h3 class=\"wp-block-heading\">Combinar-la amb altres activitats<\/h3>\n\n\n\n<p>Pots incloure altres activitats al val regal. En aquest cas, si us plau, compra el regal a la p\u00e0gina seg\u00fcent:<\/p>\n\n\n\n<div class=\"wp-block-buttons is-content-justification-center is-layout-flex wp-container-core-buttons-is-layout-16018d1d wp-block-buttons-is-layout-flex\">\n<div class=\"wp-block-button\"><a class=\"wp-block-button__link wp-element-button\" href=\"https:\/\/zoodelpirineu.com\/ca\/experiencies-per-regalar\/comprar-vals-regals\/\" style=\"border-radius:1px\">Regalar diverses experi\u00e8ncies<\/a><\/div>\n<\/div>\n<\/div>\n<\/div>\n\n<div class=\"wp-block-cover\"><img decoding=\"async\" class=\"wp-block-cover__image-background wp-image-547\" alt=\"Regalo para grandes y peque\u00f1os\" src=\"https:\/\/regalar-experiencias.zoodelpirineu.com\/wp-content\/uploads\/2022\/09\/Experiencia-Animal-para-ninos.jpg\" style=\"object-position:45% 44%\" data-object-fit=\"cover\" data-object-position=\"45% 44%\"\/><span aria-hidden=\"true\" class=\"wp-block-cover__background has-background-dim\"><\/span><div class=\"wp-block-cover__inner-container is-layout-flow wp-block-cover-is-layout-flow\">\n<p class=\"has-text-align-center has-base-3-color has-text-color has-large-font-size\">L&#8217;Experi\u00e8ncia Animal d\u00f3na una extraordin\u00e0ria oportunitat d&#8217;entrar en contacte directe amb una gran varietat d&#8217;animals. <br\/><br\/>\u00c9s un regal perfecte per a nens i adults. <\/p>\n\n\n\n<div class=\"wp-block-buttons is-layout-flex wp-block-buttons-is-layout-flex\">\n<div class=\"wp-block-button aligncenter\"><a class=\"wp-block-button__link wp-element-button\" href=\"https:\/\/zoodelpirineu.com\/ca\/experiencies-per-regalar\/comprar-vals-regals\/\">Regalar Experi\u00e8ncia Animal<\/a><\/div>\n<\/div>\n<\/div><\/div>\n","protected":false},"excerpt":{"rendered":"<p>Si busques un regal incre\u00efble pels amants dels animals, aquest \u00e9s el teu regal. \u00c9s al 100% personalitzat. S\u00f3n els visitants els que escullen amb quins animals volen entrar en contacte directe.<\/p>\n","protected":false},"author":1,"featured_media":186,"parent":5786,"menu_order":0,"comment_status":"closed","ping_status":"open","template":"","meta":{"om_disable_all_campaigns":false,"_monsterinsights_skip_tracking":false,"_monsterinsights_sitenote_active":false,"_monsterinsights_sitenote_note":"","_monsterinsights_sitenote_category":0,"footnotes":""},"class_list":["post-3411","page","type-page","status-publish","has-post-thumbnail"],"aioseo_notices":[],"_links":{"self":[{"href":"https:\/\/zoodelpirineu.com\/ca\/wp-json\/wp\/v2\/pages\/3411","targetHints":{"allow":["GET"]}}],"collection":[{"href":"https:\/\/zoodelpirineu.com\/ca\/wp-json\/wp\/v2\/pages"}],"about":[{"href":"https:\/\/zoodelpirineu.com\/ca\/wp-json\/wp\/v2\/types\/page"}],"author":[{"embeddable":true,"href":"https:\/\/zoodelpirineu.com\/ca\/wp-json\/wp\/v2\/users\/1"}],"replies":[{"embeddable":true,"href":"https:\/\/zoodelpirineu.com\/ca\/wp-json\/wp\/v2\/comments?post=3411"}],"version-history":[{"count":3,"href":"https:\/\/zoodelpirineu.com\/ca\/wp-json\/wp\/v2\/pages\/3411\/revisions"}],"predecessor-version":[{"id":5844,"href":"https:\/\/zoodelpirineu.com\/ca\/wp-json\/wp\/v2\/pages\/3411\/revisions\/5844"}],"up":[{"embeddable":true,"href":"https:\/\/zoodelpirineu.com\/ca\/wp-json\/wp\/v2\/pages\/5786"}],"wp:featuredmedia":[{"embeddable":true,"href":"https:\/\/zoodelpirineu.com\/ca\/wp-json\/"}],"wp:attachment":[{"href":"https:\/\/zoodelpirineu.com\/ca\/wp-json\/wp\/v2\/media?parent=3411"}],"curies":[{"name":"wp","href":"https:\/\/api.w.org\/{rel}","templated":true}]}}