{"id":3415,"date":"2021-12-23T06:02:07","date_gmt":"2021-12-23T05:02:07","guid":{"rendered":"https:\/\/regalar-experiencias.zoodelpirineu.com\/curs-de-falconeria-un-regal-extraordinari\/"},"modified":"2026-01-14T16:53:20","modified_gmt":"2026-01-14T15:53:20","slug":"curso-de-cetreria","status":"publish","type":"page","link":"https:\/\/zoodelpirineu.com\/ca\/experiencies-per-regalar\/regalar-experiencia-amb-animals\/curso-de-cetreria\/","title":{"rendered":"Curs de falconeria | Un regal extraordinari"},"content":{"rendered":"\n<div class=\"wp-block-media-text alignwide is-stacked-on-mobile has-background\" style=\"background-color:#f7fefb\"><figure class=\"wp-block-media-text__media\"><img decoding=\"async\" src=\"https:\/\/regalar-experiencias.zoodelpirineu.com\/wp-content\/uploads\/2021\/12\/Regalos-originales-para-adultos.jpg\" alt=\"Curs de falconeria\" class=\"wp-image-34 size-full\"\/><\/figure><div class=\"wp-block-media-text__content\">\n<div style=\"height:10px\" aria-hidden=\"true\" class=\"wp-block-spacer\"><\/div>\n\n\n\n<p>Busques un <strong>regal excepcional<\/strong> per a un <strong>amant dels animals<\/strong>? El curs de falconeria podria ser el teu regal perfecte. Est\u00e0 disponible com:<\/p>\n\n\n\n<ul class=\"wp-block-list\">\n<li>Una experi\u00e8ncia individual<\/li>\n\n\n\n<li>Temps de qualitat en parella <\/li>\n\n\n\n<li>Com a experi\u00e8ncia en un grup familiar <\/li>\n\n\n\n<li>Viv\u00e8ncia \u00fanica d&#8217;un grup d&#8217;amics <\/li>\n<\/ul>\n\n\n\n<p>Es tracta d&#8217;una experi\u00e8ncia molt intensa de <strong>6 hores<\/strong> de contacte directe amb rapinyaires. La recomanem per a adults i adolescents a partir de 12 anys. <\/p>\n\n\n\n<p>Si penses que 6 hores podrien ser massa, si us plau, fes un cop d&#8217;ull a l&#8217;<a href=\"https:\/\/zoodelpirineu.com\/ca\/experiencies-per-regalar\/actividades\/experiencia-buhos\/\" target=\"_blank\" rel=\"noopener\" title=\"Experi&#xE8;ncia mussols\">Experi\u00e8ncia mussols<\/a>. \u00c9s una variant redu\u00efda del curs.<\/p>\n\n\n\n<div class=\"wp-block-buttons is-content-justification-center is-layout-flex wp-container-core-buttons-is-layout-16018d1d wp-block-buttons-is-layout-flex\">\n<div class=\"wp-block-button is-style-fill\"><a class=\"wp-block-button__link wp-element-button\" href=\"https:\/\/zoodelpirineu.com\/ca\/experiencies-per-regalar\/comprar-vals-regals\/\">Regalar Curs de falconeria<\/a><\/div>\n<\/div>\n<\/div><\/div>\n\n<div style=\"height:40px\" aria-hidden=\"true\" class=\"wp-block-spacer\"><\/div>\n\n<h2 class=\"wp-block-heading\">Funcionament del curs de falconeria<\/h2>\n\n<h3 class=\"wp-block-heading\" id=\"horari-curs-falconeria\">Horari<\/h3>\n\n<p>El curs de falconeria comen\u00e7a a les 10:00 i finalitza a les 17:00.<\/p>\n\n<ul class=\"wp-block-list\">\n<li>10:00-11:00\n<ul class=\"wp-block-list\">\n<li>Benvinguda i presentaci\u00f3<\/li>\n\n\n\n<li>Primer contacte amb les aus<\/li>\n<\/ul>\n<\/li>\n\n\n\n<li>11:00-12:00 Exhibici\u00f3 de vol d&#8217;aus rapinyaires<\/li>\n\n\n\n<li>12:00-14:00 Mussols<\/li>\n\n\n\n<li>14:00-15:00 Pausa per menjar (<strong>El menjar no est\u00e0 incl\u00f2s<\/strong> en el preu del curs, recomanem que portin menjar de casa.)<\/li>\n\n\n\n<li>15:00-17:00 Falcons i \u00e0ligues<\/li>\n\n\n\n<li>17:00 Final del curs de falconeria<\/li>\n<\/ul>\n\n<div style=\"height:60px\" aria-hidden=\"true\" class=\"wp-block-spacer\"><\/div>\n\n<h3 class=\"wp-block-heading\">Aus rapinyaires que participen al curs de falconeria<\/h3>\n\n<div class=\"wp-block-columns are-vertically-aligned-center is-layout-flex wp-container-core-columns-is-layout-9d6595d7 wp-block-columns-is-layout-flex\">\n<div class=\"wp-block-column is-vertically-aligned-center is-layout-flow wp-block-column-is-layout-flow\" style=\"flex-basis:33.33%\">\n<figure class=\"wp-block-image size-full\"><img decoding=\"async\" src=\"https:\/\/regalar-experiencias.zoodelpirineu.com\/wp-content\/uploads\/2022\/09\/Alimentar-lechuza.jpg\" alt=\"Activitats amb animals\" class=\"wp-image-479\"\/><\/figure>\n<\/div>\n\n\n\n<div class=\"wp-block-column is-vertically-aligned-center is-layout-flow wp-block-column-is-layout-flow\" style=\"flex-basis:66.66%\">\n<ol class=\"wp-block-list\">\n<li>Xut<\/li>\n\n\n\n<li>Mussol pirinenc<\/li>\n\n\n\n<li>Mussol com\u00fa<\/li>\n\n\n\n<li>\u00d2liba<\/li>\n\n\n\n<li>Mussol banyut<\/li>\n\n\n\n<li>Duc<\/li>\n\n\n\n<li>Xoriguer com\u00fa<\/li>\n\n\n\n<li>Falc\u00f3 pelegr\u00ed<\/li>\n\n\n\n<li>\u00c0guila daurada<\/li>\n\n\n\n<li>Voltor com\u00fa<\/li>\n\n\n\n<li>Corb<\/li>\n<\/ol>\n\n\n\n<p><em>*<sup>)<\/sup> Els animals poden variar lleugerament.<\/em><\/p>\n<\/div>\n<\/div>\n\n<h3 class=\"wp-block-heading\">Informaci\u00f3 completa<\/h3>\n\n<p>Aqu\u00ed trobar\u00e0s tota la informaci\u00f3 detallada sobre el curs de falconeria. <\/p>\n\n<div class=\"wp-block-buttons is-layout-flex wp-block-buttons-is-layout-flex\">\n<div class=\"wp-block-button\"><a class=\"wp-block-button__link wp-element-button\" href=\"https:\/\/visitar.zoodelpirineu.com\/es\/actividades-con-animales\/curso-de-cetreria\/\" style=\"border-radius:0px\" target=\"_blank\" rel=\"noreferrer noopener\">Curs de falconeria al Zoo del Pirineu<\/a><\/div>\n<\/div>\n\n<div style=\"height:40px\" aria-hidden=\"true\" class=\"wp-block-spacer\"><\/div>\n\n<h2 class=\"wp-block-heading has-large-font-size\">Opcions del curs de falconeria<\/h2>\n\n<div style=\"height:40px\" aria-hidden=\"true\" class=\"wp-block-spacer\"><\/div>\n\n<div class=\"wp-block-columns is-layout-flex wp-container-core-columns-is-layout-9d6595d7 wp-block-columns-is-layout-flex\">\n<div class=\"wp-block-column has-base-background-color has-background is-layout-flow wp-block-column-is-layout-flow\">\n<div class=\"wp-block-cover is-light has-custom-content-position is-position-top-center\"><img decoding=\"async\" class=\"wp-block-cover__image-background wp-image-648\" alt=\"Curso de cetrer\u00eda\" src=\"https:\/\/regalar-experiencias.zoodelpirineu.com\/wp-content\/uploads\/2021\/12\/Curso-de-cetreria.jpg\" style=\"object-position:45% 45%\" data-object-fit=\"cover\" data-object-position=\"45% 45%\"\/><span aria-hidden=\"true\" class=\"wp-block-cover__background has-background-dim-0 has-background-dim\"><\/span><div class=\"wp-block-cover__inner-container is-layout-flow wp-block-cover-is-layout-flow\">\n<h3 class=\"wp-block-heading has-text-align-center\">Curs de falconeria per a participants individuals<\/h3>\n<\/div><\/div>\n\n\n\n<div style=\"height:10px\" aria-hidden=\"true\" class=\"wp-block-spacer\"><\/div>\n\n\n\n<h4 class=\"wp-block-heading has-text-align-center\">Preu<\/h4>\n\n\n\n<p class=\"has-text-align-center\">120\u20ac per participant<br\/>20\u20ac per acompanyant<\/p>\n\n\n\n<p class=\"has-text-align-center\"><em>Els <strong>participants<\/strong> entren en contacte directe amb els animals. Els <strong>acompanyants<\/strong> ens acompanyen durant tot el curs, poden escoltar les explicacions i fer fotos. Els acompanyants menors de 5 anys no paguen res.<\/em><\/p>\n\n\n\n<h4 class=\"wp-block-heading has-text-align-center\" id=\"horari-curs-falconeria\">Disponibilitat<\/h4>\n\n\n\n<p class=\"has-text-align-center\">Als grups oberts poden participar diverses persones individuals. <strong>Estan disponibles el 4t diumenge de cada mes<\/strong>, excepte durant les vacances escolars.<\/p>\n\n\n\n<p class=\"has-text-align-center\">Aqu\u00ed pots <a href=\"https:\/\/visitar.zoodelpirineu.com\/es\/actividades-con-animales\/curso-de-cetreria\/#calendari\" target=\"_blank\" rel=\"noreferrer noopener\">consultar la <strong>disponibilitat actual<\/strong><\/a> d&#8217;aquesta experi\u00e8ncia extraordin\u00e0ria.<\/p>\n<\/div>\n\n\n\n<div class=\"wp-block-column has-base-background-color has-background is-layout-flow wp-block-column-is-layout-flow\">\n<div class=\"wp-block-cover is-light has-custom-content-position is-position-top-center\"><img decoding=\"async\" class=\"wp-block-cover__image-background wp-image-35\" alt=\"Curso de cetrer\u00eda\" src=\"https:\/\/regalar-experiencias.zoodelpirineu.com\/wp-content\/uploads\/2021\/12\/Regalos-para-adolescentes.jpg\" style=\"object-position:23% 56%\" data-object-fit=\"cover\" data-object-position=\"23% 56%\"\/><span aria-hidden=\"true\" class=\"wp-block-cover__background has-background-dim-0 has-background-dim\"><\/span><div class=\"wp-block-cover__inner-container is-layout-flow wp-block-cover-is-layout-flow\">\n<h3 class=\"wp-block-heading has-text-align-center\">Val regal per a un grup privat<\/h3>\n<\/div><\/div>\n\n\n\n<div style=\"height:10px\" aria-hidden=\"true\" class=\"wp-block-spacer\"><\/div>\n\n\n\n<h4 class=\"wp-block-heading has-text-align-center\">Preu<\/h4>\n\n\n\n<p class=\"has-text-align-center\">360\u20ac per grup<\/p>\n\n\n\n<p class=\"has-text-align-center\"><em>Per aquest preu <strong><em><em><strong>poden participar fins a 5 persones al curs<\/strong><\/em><\/em><\/strong><\/em> <em><strong>i poden anar acompanyats per 5 persones m\u00e9s<\/strong>. El preu no varia si el grup est\u00e0 format per 5 participants i 5 acompanyants o nom\u00e9s per 1 persona.<\/em><\/p>\n\n\n\n<h4 class=\"wp-block-heading has-text-align-center\" id=\"horari-curs-falconeria\">Disponibilitat<\/h4>\n\n\n\n<p class=\"has-text-align-center\">Pels grups privats <strong>pots concretar qualsevol data<\/strong>, sempre que sigui compatible amb les altres activitats. Nom\u00e9s cal <a href=\"https:\/\/visitar.zoodelpirineu.com\/ca\/contacte\/\" target=\"_blank\" rel=\"noreferrer noopener\" title=\"https:\/\/visitar.zoodelpirineu.com\/ca\/contacte\/\"><strong>contactar amb nosaltres<\/strong><\/a> i demanar el curs per a un dia particular.<\/p>\n<\/div>\n<\/div>\n\n<div class=\"wp-block-buttons is-content-justification-center is-layout-flex wp-container-core-buttons-is-layout-16018d1d wp-block-buttons-is-layout-flex\">\n<div class=\"wp-block-button is-style-fill\"><a class=\"wp-block-button__link wp-element-button\" href=\"https:\/\/zoodelpirineu.com\/ca\/experiencies-per-regalar\/comprar-vals-regals\/\">Regalar Curs de falconeria<\/a><\/div>\n<\/div>\n\n<div style=\"height:20px\" aria-hidden=\"true\" class=\"wp-block-spacer\"><\/div>\n\n<h2 class=\"wp-block-heading has-large-font-size\">Opcions de compra<\/h2>\n\n<div class=\"wp-block-columns are-vertically-aligned-center is-layout-flex wp-container-core-columns-is-layout-9d6595d7 wp-block-columns-is-layout-flex\">\n<div class=\"wp-block-column is-vertically-aligned-center has-base-background-color has-background is-layout-flow wp-block-column-is-layout-flow\"><div class=\"wp-block-image\">\n<figure class=\"aligncenter size-full is-resized\"><img decoding=\"async\" src=\"https:\/\/regalar-experiencias.zoodelpirineu.com\/wp-content\/uploads\/2021\/12\/Formulario-icon.png\" alt=\"Formulari de compra de val regal\" class=\"wp-image-651\" style=\"width:240px;height:160px\"\/><\/figure>\n<\/div>\n\n\n<h3 class=\"wp-block-heading has-text-align-center\">Val regal sense especificar el dia amb validesa de 1 any<\/h3>\n\n\n\n<ul class=\"wp-block-list\">\n<li>Escull l&#8217;opci\u00f3 del Curs de falconeria que vols regalar i el nombre de participants i acompanyants.<\/li>\n\n\n\n<li>Personalitza el text que vols incloure al val regal.<\/li>\n\n\n\n<li>Procedeix amb el pagament.<\/li>\n\n\n\n<li>El val regal us arribar\u00e0 a la b\u00fastia del teu correu electr\u00f2nic en un m\u00e0xim de 24 hores.<\/li>\n<\/ul>\n\n\n\n<div class=\"wp-block-buttons is-layout-flex wp-block-buttons-is-layout-flex\">\n<div class=\"wp-block-button has-custom-width wp-block-button__width-100\"><a class=\"wp-block-button__link wp-element-button\" href=\"https:\/\/zoodelpirineu.com\/ca\/experiencies-per-regalar\/comprar-vals-regals\/\">Anar al formulari<\/a><\/div>\n<\/div>\n<\/div>\n\n\n\n<div class=\"wp-block-column is-vertically-aligned-center has-base-background-color has-background is-layout-flow wp-block-column-is-layout-flow\"><div class=\"wp-block-image\">\n<figure class=\"aligncenter size-full is-resized\"><img decoding=\"async\" src=\"https:\/\/regalar-experiencias.zoodelpirineu.com\/wp-content\/uploads\/2022\/10\/Compra-online-icon.png\" alt=\"Compra l'experi&#xE8;ncia en l&#xED;nia\" class=\"wp-image-654\" style=\"width:240px;height:160px\"\/><\/figure>\n<\/div>\n\n\n<h3 class=\"wp-block-heading has-text-align-center\">Compra per a un dia en concret<\/h3>\n\n\n\n<p class=\"has-text-align-center\">Si es tracta d&#8217;un val regal per a persones individuals, pots reservar les places directament a la plataforma de compra d&#8217;entrades.<\/p>\n\n\n\n<p class=\"has-text-align-center\">Un cop t&#8217;arriba la confirmaci\u00f3 ens avises que vols que t&#8217;enviem la teva entrada com a val regal.<\/p>\n\n\n\n<div class=\"wp-block-buttons is-layout-flex wp-block-buttons-is-layout-flex\">\n<div class=\"wp-block-button has-custom-width wp-block-button__width-100\"><a class=\"wp-block-button__link wp-element-button\" href=\"https:\/\/visitar.zoodelpirineu.com\/venda-entrades\/venda\">Comprar entrades per a un dia en concret<\/a><\/div>\n<\/div>\n<\/div>\n\n\n\n<div class=\"wp-block-column is-vertically-aligned-center has-base-background-color has-background is-layout-flow wp-block-column-is-layout-flow\"><div class=\"wp-block-image\">\n<figure class=\"aligncenter size-full is-resized\"><img decoding=\"async\" src=\"https:\/\/regalar-experiencias.zoodelpirineu.com\/wp-content\/uploads\/2022\/10\/Contacto-icon.png\" alt=\"Contacta'ns abans de regalar experi&#xE8;ncies\" class=\"wp-image-657\" style=\"width:240px;height:160px\"\/><\/figure>\n<\/div>\n\n\n<h3 class=\"wp-block-heading has-text-align-center\">Posa&#8217;t en contacte amb nosaltres<\/h3>\n\n\n\n<p class=\"has-text-align-center\">Pots enviar-nos un WhatsApp o un correu electr\u00f2nic. T&#8217;enviarem un enlla\u00e7 per fer el pagament per BIZUM o amb targeta. <\/p>\n\n\n\n<p class=\"has-text-align-center\">Un cop procedit el pagament t&#8217;enviarem el val regal personalitzat amb el text que ens indiquis. <\/p>\n\n\n\n<div class=\"wp-block-buttons is-layout-flex wp-block-buttons-is-layout-flex\">\n<div class=\"wp-block-button has-custom-width wp-block-button__width-100\"><a class=\"wp-block-button__link wp-element-button\" href=\"https:\/\/visitar.zoodelpirineu.com\/es\/contacto\/\" target=\"_blank\" rel=\"noreferrer noopener\">Contacte<\/a><\/div>\n<\/div>\n<\/div>\n<\/div>\n\n<div style=\"height:40px\" aria-hidden=\"true\" class=\"wp-block-spacer\"><\/div>\n\n<div class=\"wp-block-cover\"><img loading=\"lazy\" decoding=\"async\" width=\"2000\" height=\"1080\" class=\"wp-block-cover__image-background wp-image-397\" alt=\"Curso de cetrer\u00eda\" src=\"https:\/\/regalar-experiencias.zoodelpirineu.com\/wp-content\/uploads\/2021\/12\/Aquila-real-cara.jpg\" style=\"object-position:40% 50%\" data-object-fit=\"cover\" data-object-position=\"40% 50%\" srcset=\"https:\/\/zoodelpirineu.com\/wp-content\/uploads\/2021\/12\/Aquila-real-cara.jpg 2000w, https:\/\/zoodelpirineu.com\/wp-content\/uploads\/2021\/12\/Aquila-real-cara-300x162.jpg 300w, https:\/\/zoodelpirineu.com\/wp-content\/uploads\/2021\/12\/Aquila-real-cara-1024x553.jpg 1024w, https:\/\/zoodelpirineu.com\/wp-content\/uploads\/2021\/12\/Aquila-real-cara-768x415.jpg 768w, https:\/\/zoodelpirineu.com\/wp-content\/uploads\/2021\/12\/Aquila-real-cara-1536x829.jpg 1536w\" sizes=\"auto, (max-width: 2000px) 100vw, 2000px\" \/><span aria-hidden=\"true\" class=\"wp-block-cover__background has-background-dim-30 has-background-dim\"><\/span><div class=\"wp-block-cover__inner-container is-layout-flow wp-block-cover-is-layout-flow\">\n<div class=\"wp-block-buttons is-content-justification-center is-layout-flex wp-container-core-buttons-is-layout-16018d1d wp-block-buttons-is-layout-flex\">\n<div class=\"wp-block-button is-style-fill\"><a class=\"wp-block-button__link has-contrast-3-background-color has-background wp-element-button\" href=\"https:\/\/zoodelpirineu.com\/ca\/experiencies-per-regalar\/comprar-vals-regals\/\" style=\"border-radius:0px\">REGALAR EL CURS DE FALCONERIA<\/a><\/div>\n<\/div>\n<\/div><\/div>\n","protected":false},"excerpt":{"rendered":"<p>Busques un regal excepcional per a persones fascinades per les rapinyaires? El curs de falconeria podria ser el teu regal perfecte. \u00c9s una experi\u00e8ncia molt intensiva de 6 hores de contacte directe amb aus rapinyaires.<\/p>\n","protected":false},"author":1,"featured_media":111,"parent":5786,"menu_order":0,"comment_status":"closed","ping_status":"open","template":"","meta":{"om_disable_all_campaigns":false,"_monsterinsights_skip_tracking":false,"_monsterinsights_sitenote_active":false,"_monsterinsights_sitenote_note":"","_monsterinsights_sitenote_category":0,"footnotes":""},"class_list":["post-3415","page","type-page","status-publish","has-post-thumbnail"],"aioseo_notices":[],"_links":{"self":[{"href":"https:\/\/zoodelpirineu.com\/ca\/wp-json\/wp\/v2\/pages\/3415","targetHints":{"allow":["GET"]}}],"collection":[{"href":"https:\/\/zoodelpirineu.com\/ca\/wp-json\/wp\/v2\/pages"}],"about":[{"href":"https:\/\/zoodelpirineu.com\/ca\/wp-json\/wp\/v2\/types\/page"}],"author":[{"embeddable":true,"href":"https:\/\/zoodelpirineu.com\/ca\/wp-json\/wp\/v2\/users\/1"}],"replies":[{"embeddable":true,"href":"https:\/\/zoodelpirineu.com\/ca\/wp-json\/wp\/v2\/comments?post=3415"}],"version-history":[{"count":4,"href":"https:\/\/zoodelpirineu.com\/ca\/wp-json\/wp\/v2\/pages\/3415\/revisions"}],"predecessor-version":[{"id":5842,"href":"https:\/\/zoodelpirineu.com\/ca\/wp-json\/wp\/v2\/pages\/3415\/revisions\/5842"}],"up":[{"embeddable":true,"href":"https:\/\/zoodelpirineu.com\/ca\/wp-json\/wp\/v2\/pages\/5786"}],"wp:featuredmedia":[{"embeddable":true,"href":"https:\/\/zoodelpirineu.com\/ca\/wp-json\/wp\/v2\/media\/111"}],"wp:attachment":[{"href":"https:\/\/zoodelpirineu.com\/ca\/wp-json\/wp\/v2\/media?parent=3415"}],"curies":[{"name":"wp","href":"https:\/\/api.w.org\/{rel}","templated":true}]}}