{"id":3419,"date":"2021-12-31T06:07:47","date_gmt":"2021-12-31T05:07:47","guid":{"rendered":"https:\/\/regalar-experiencias.zoodelpirineu.com\/curs-de-fotografia-de-natura\/"},"modified":"2026-01-14T17:11:11","modified_gmt":"2026-01-14T16:11:11","slug":"curso-de-fotografia-de-natura","status":"publish","type":"page","link":"https:\/\/zoodelpirineu.com\/ca\/experiencies-per-regalar\/regalar-experiencia-amb-animals\/curso-de-fotografia-de-natura\/","title":{"rendered":"Curs de fotografia de natura"},"content":{"rendered":"\n<div class=\"wp-block-media-text alignwide is-stacked-on-mobile has-background\" style=\"background-color:#f7fefb\"><figure class=\"wp-block-media-text__media\"><img loading=\"lazy\" decoding=\"async\" width=\"800\" height=\"600\" src=\"https:\/\/regalar-experiencias.zoodelpirineu.com\/wp-content\/uploads\/2021\/12\/Curso-fotografia-animales.jpg\" alt=\"Curs de fotografia de natura\" class=\"wp-image-311 size-full\" srcset=\"https:\/\/zoodelpirineu.com\/wp-content\/uploads\/2021\/12\/Curso-fotografia-animales.jpg 800w, https:\/\/zoodelpirineu.com\/wp-content\/uploads\/2021\/12\/Curso-fotografia-animales-300x225.jpg 300w, https:\/\/zoodelpirineu.com\/wp-content\/uploads\/2021\/12\/Curso-fotografia-animales-768x576.jpg 768w\" sizes=\"auto, (max-width: 800px) 100vw, 800px\" \/><\/figure><div class=\"wp-block-media-text__content\">\n<div style=\"height:10px\" aria-hidden=\"true\" class=\"wp-block-spacer\"><\/div>\n\n\n\n<p class=\"has-medium-font-size\">Un regal extraordinari inesperat i molt apreciat pels amants de la fotografia de la natura \u00e9s el Curs de Fotografia. <\/p>\n\n\n\n<p class=\"has-medium-font-size\">Informaci\u00f3 detallada sobre el <a href=\"https:\/\/visitar.zoodelpirineu.com\/actividades-con-animales\/curso-de-fotografia\/\" target=\"_blank\" rel=\"noopener\" title=\"https:\/\/visitar.zoodelpirineu.com\/es\/actividades-con-animales\/curso-de-fotografia\/\">Curs de Fotografia de la natura<\/a>.<\/p>\n\n\n\n<h2 class=\"wp-block-heading\">Horari<\/h2>\n\n\n\n<p>10:00 -16:00 (inclou <a href=\"https:\/\/zoodelpirineu.com\/ca\/experiencies-per-regalar\/actividades\/exhibicion-de-vuelo-de-aves-rapaces\/\" target=\"_blank\" rel=\"noopener\" title=\"Exhibici&#xF3; de vol d'aus rapinyaires\">exhibici\u00f3 de vol<\/a> i 1 hora de descans per dinar)<\/p>\n\n\n\n<p>Es fa almenys 1 cop l&#8217;any, segons la demanda. Tot i aix\u00f2, podem organitzar el curs per a qualsevol altre dia si els fot\u00f2grafs ho sol\u00b7liciten. <\/p>\n\n\n\n<p>El curs de fotografia es pot fer com un curs amb diversos participants o en <a href=\"https:\/\/regalar-experiencias.zoodelpirineu.com\/que-es-un-grupo-cerrado\/\" target=\"_blank\" rel=\"noreferrer noopener\" title=\"Qu&#xE8; &#xE9;s un grup tancat\">grup privat<\/a>.<\/p>\n\n\n\n<h2 class=\"wp-block-heading\">Preu<\/h2>\n\n\n\n<ul class=\"wp-block-list\">\n<li>Participant 75\u20ac <\/li>\n\n\n\n<li>Acompanyant 20\u20ac<\/li>\n\n\n\n<li>Curs de fotografia en grup privat 600\u20ac (Per a un m\u00e0xim de 12 participants)<\/li>\n<\/ul>\n<\/div><\/div>\n\n<div style=\"height:100px\" aria-hidden=\"true\" class=\"wp-block-spacer\"><\/div>\n","protected":false},"excerpt":{"rendered":"<p>Un curs de fotografia de la natura idoni per les teves persones estimades: regala&#8217;ls una experi\u00e8ncia extraordin\u00e0ria d&#8217;aprenentatge, aus rapinyaires i altres animals aut\u00f2ctons.<\/p>\n","protected":false},"author":1,"featured_media":0,"parent":5786,"menu_order":0,"comment_status":"closed","ping_status":"open","template":"","meta":{"om_disable_all_campaigns":false,"_monsterinsights_skip_tracking":false,"_monsterinsights_sitenote_active":false,"_monsterinsights_sitenote_note":"","_monsterinsights_sitenote_category":0,"footnotes":""},"class_list":["post-3419","page","type-page","status-publish"],"aioseo_notices":[],"_links":{"self":[{"href":"https:\/\/zoodelpirineu.com\/ca\/wp-json\/wp\/v2\/pages\/3419","targetHints":{"allow":["GET"]}}],"collection":[{"href":"https:\/\/zoodelpirineu.com\/ca\/wp-json\/wp\/v2\/pages"}],"about":[{"href":"https:\/\/zoodelpirineu.com\/ca\/wp-json\/wp\/v2\/types\/page"}],"author":[{"embeddable":true,"href":"https:\/\/zoodelpirineu.com\/ca\/wp-json\/wp\/v2\/users\/1"}],"replies":[{"embeddable":true,"href":"https:\/\/zoodelpirineu.com\/ca\/wp-json\/wp\/v2\/comments?post=3419"}],"version-history":[{"count":3,"href":"https:\/\/zoodelpirineu.com\/ca\/wp-json\/wp\/v2\/pages\/3419\/revisions"}],"predecessor-version":[{"id":5852,"href":"https:\/\/zoodelpirineu.com\/ca\/wp-json\/wp\/v2\/pages\/3419\/revisions\/5852"}],"up":[{"embeddable":true,"href":"https:\/\/zoodelpirineu.com\/ca\/wp-json\/wp\/v2\/pages\/5786"}],"wp:attachment":[{"href":"https:\/\/zoodelpirineu.com\/ca\/wp-json\/wp\/v2\/media?parent=3419"}],"curies":[{"name":"wp","href":"https:\/\/api.w.org\/{rel}","templated":true}]}}