{"id":3427,"date":"2021-12-24T11:10:42","date_gmt":"2021-12-24T10:10:42","guid":{"rendered":"https:\/\/regalar-experiencias.zoodelpirineu.com\/exhibicio-de-vol-daus-rapinyaires\/"},"modified":"2026-01-14T17:05:27","modified_gmt":"2026-01-14T16:05:27","slug":"exhibicion-de-vuelo-de-aves-rapaces","status":"publish","type":"page","link":"https:\/\/zoodelpirineu.com\/ca\/experiencies-per-regalar\/regalar-experiencia-amb-animals\/exhibicion-de-vuelo-de-aves-rapaces\/","title":{"rendered":"Exhibici\u00f3 de vol d&#8217;aus rapinyaires"},"content":{"rendered":"\n<div class=\"wp-block-media-text alignwide is-stacked-on-mobile has-background\" style=\"background-color:#f6fffb\"><figure class=\"wp-block-media-text__media\"><img loading=\"lazy\" decoding=\"async\" width=\"800\" height=\"600\" src=\"https:\/\/regalar-experiencias.zoodelpirineu.com\/wp-content\/uploads\/2021\/12\/Exhibicion-aves-rapaz.jpg\" alt=\"Exhibici\u00f3 de vol\" class=\"wp-image-228 size-full\" srcset=\"https:\/\/zoodelpirineu.com\/wp-content\/uploads\/2021\/12\/Exhibicion-aves-rapaz.jpg 800w, https:\/\/zoodelpirineu.com\/wp-content\/uploads\/2021\/12\/Exhibicion-aves-rapaz-300x225.jpg 300w, https:\/\/zoodelpirineu.com\/wp-content\/uploads\/2021\/12\/Exhibicion-aves-rapaz-768x576.jpg 768w\" sizes=\"auto, (max-width: 800px) 100vw, 800px\" \/><\/figure><div class=\"wp-block-media-text__content\">\n<div style=\"height:10px\" aria-hidden=\"true\" class=\"wp-block-spacer\"><\/div>\n\n\n\n<p>Rebre un val regal per a l&#8217;exhibici\u00f3 de vol d&#8217;aus rapinyaires \u00e9s sens dubte un obsequi perfecte per a totes les persones que encara no coneixen el Zoo del Pirineu.<\/p>\n\n\n\n<p>Alimentar un corb, acariciar una fura, fer volar un mussol s\u00f3n nom\u00e9s una part de l&#8217;experi\u00e8ncia que es portaran d&#8217;aquesta activitat inusual.<\/p>\n\n\n\n<p>Gaudir d&#8217;aquest espectacle en parella, en fam\u00edlia o amb un grup d&#8217;amics\/es afegir\u00e0 al teu regal un valor afegit. <\/p>\n\n\n\n<p>Si vols regalar l&#8217;exhibici\u00f3 de vol a persones que v\u00e9nen per primera vegada, decideix si afegeixes tamb\u00e9 la <a href=\"https:\/\/zoodelpirineu.com\/ca\/experiencies-per-regalar\/actividades\/regalar-la-visita-guiada-al-refugi-danimals\/\" title=\"Visita guiada com a regal\">visita guiada<\/a> o el <a href=\"https:\/\/zoodelpirineu.com\/ca\/experiencies-per-regalar\/actividades\/toca-toca\/\" title=\"\">Toca Toca<\/a> El preu d&#8217;ambdues activitats \u00e9s accessible. Aix\u00ed obsequiar\u00e0s els teus \u00e9ssers estimats amb una experi\u00e8ncia completa.<\/p>\n\n\n\n<div class=\"wp-block-buttons is-content-justification-center is-layout-flex wp-container-core-buttons-is-layout-16018d1d wp-block-buttons-is-layout-flex\">\n<div class=\"wp-block-button\"><a class=\"wp-block-button__link wp-element-button\" href=\"https:\/\/zoodelpirineu.com\/ca\/experiencies-per-regalar\/comprar-vals-regals\/\">Regalar Exhibici\u00f3 de Vol<\/a><\/div>\n<\/div>\n<\/div><\/div>\n\n<div style=\"height:25px\" aria-hidden=\"true\" class=\"wp-block-spacer\"><\/div>\n\n<h3 class=\"wp-block-heading\">Horari<\/h3>\n\n<p>L&#8217;exhibici\u00f3 de vol es fa cada dia: entre setmana, caps de setmana i tamb\u00e9 els festius. T\u00e9 una durada de 1 hora.<\/p>\n\n<h3 class=\"wp-block-heading\">Preu<\/h3>\n\n<ul class=\"wp-block-list\">\n<li>Adult (13-77 anys): 9\u20ac<\/li>\n\n\n\n<li>Nen\/nena (3-12 anys): 7\u20ac<\/li>\n\n\n\n<li>Entrada gratu\u00efta:\n<ul class=\"wp-block-list\">\n<li>Menors de 3 anys<\/li>\n\n\n\n<li>Majors de 78 anys<\/li>\n<\/ul>\n<\/li>\n<\/ul>\n\n<div class=\"wp-block-buttons is-content-justification-center is-layout-flex wp-container-core-buttons-is-layout-16018d1d wp-block-buttons-is-layout-flex\">\n<div class=\"wp-block-button\"><a class=\"wp-block-button__link wp-element-button\" href=\"https:\/\/zoodelpirineu.com\/ca\/experiencies-per-regalar\/comprar-vals-regals\/\">Regalar Exhibici\u00f3 de Vol<\/a><\/div>\n<\/div>\n\n<p>Aqu\u00ed trobar\u00e0s <a href=\"https:\/\/visitar.zoodelpirineu.com\/actividades-con-animales\/exhibicion-de-vuelo-de-aves-rapaces\/\" title=\"\">m\u00e9s informaci\u00f3 sobre l&#8217;exhibici\u00f3 de vol<\/a>.<\/p>\n","protected":false},"excerpt":{"rendered":"<p>Un obsequi perfecte per a totes les persones que encara no coneixen el Zoo del Pirineu. Els sorprendr\u00e0 la proximitat de tracte que rebran i estaran encantades amb la part interactiva amb els animals salvatges.<\/p>\n","protected":false},"author":1,"featured_media":229,"parent":5786,"menu_order":0,"comment_status":"closed","ping_status":"open","template":"","meta":{"om_disable_all_campaigns":false,"_monsterinsights_skip_tracking":false,"_monsterinsights_sitenote_active":false,"_monsterinsights_sitenote_note":"","_monsterinsights_sitenote_category":0,"footnotes":""},"class_list":["post-3427","page","type-page","status-publish","has-post-thumbnail"],"aioseo_notices":[],"_links":{"self":[{"href":"https:\/\/zoodelpirineu.com\/ca\/wp-json\/wp\/v2\/pages\/3427","targetHints":{"allow":["GET"]}}],"collection":[{"href":"https:\/\/zoodelpirineu.com\/ca\/wp-json\/wp\/v2\/pages"}],"about":[{"href":"https:\/\/zoodelpirineu.com\/ca\/wp-json\/wp\/v2\/types\/page"}],"author":[{"embeddable":true,"href":"https:\/\/zoodelpirineu.com\/ca\/wp-json\/wp\/v2\/users\/1"}],"replies":[{"embeddable":true,"href":"https:\/\/zoodelpirineu.com\/ca\/wp-json\/wp\/v2\/comments?post=3427"}],"version-history":[{"count":3,"href":"https:\/\/zoodelpirineu.com\/ca\/wp-json\/wp\/v2\/pages\/3427\/revisions"}],"predecessor-version":[{"id":5848,"href":"https:\/\/zoodelpirineu.com\/ca\/wp-json\/wp\/v2\/pages\/3427\/revisions\/5848"}],"up":[{"embeddable":true,"href":"https:\/\/zoodelpirineu.com\/ca\/wp-json\/wp\/v2\/pages\/5786"}],"wp:featuredmedia":[{"embeddable":true,"href":"https:\/\/zoodelpirineu.com\/ca\/wp-json\/"}],"wp:attachment":[{"href":"https:\/\/zoodelpirineu.com\/ca\/wp-json\/wp\/v2\/media?parent=3427"}],"curies":[{"name":"wp","href":"https:\/\/api.w.org\/{rel}","templated":true}]}}