{"id":3431,"date":"2021-12-23T07:41:46","date_gmt":"2021-12-23T06:41:46","guid":{"rendered":"https:\/\/regalar-experiencias.zoodelpirineu.com\/tinc-un-val-regal\/"},"modified":"2025-08-21T16:09:43","modified_gmt":"2025-08-21T15:09:43","slug":"com-utilitzar-el-val-regal","status":"publish","type":"page","link":"https:\/\/zoodelpirineu.com\/ca\/experiencies-per-regalar\/preguntes-frequents-vals-regal\/com-utilitzar-el-val-regal\/","title":{"rendered":"Com utilitzar el val regal"},"content":{"rendered":"\n<div class=\"wp-block-media-text alignwide is-stacked-on-mobile has-background\" style=\"background-color:#f7fefb\"><figure class=\"wp-block-media-text__media\"><img decoding=\"async\" src=\"https:\/\/regalar-experiencias.zoodelpirineu.com\/wp-content\/uploads\/2021\/12\/Tengo-un-vale-regalo.jpg\" alt=\"Guia sobre com utilitzar el val regal\" class=\"wp-image-194 size-full\"\/><\/figure><div class=\"wp-block-media-text__content\">\n<p>Felicitats, has rebut un regal extraordinari d\u2019una persona que t\u2019estima molt! Aqu\u00ed trobar\u00e0s la informaci\u00f3 de com utilitzar el val regal. <\/p>\n\n\n\n<ul class=\"wp-block-list\">\n<li><a href=\"#concreto\" title=\"#concreto\">Val regal per a un dia concret<\/a><\/li>\n\n\n\n<li><a href=\"#fecha\" title=\"#fecha\">Val regal amb data oberta<\/a><\/li>\n\n\n\n<li><a href=\"#no\" title=\"#no\">No vull el meu regal<\/a><\/li>\n<\/ul>\n\n\n\n<p>I no t\u2019oblidis, si tens cap dubte, sempre pots <a href=\"https:\/\/zoodelpirineu.com\/ca\/contacte\/\" title=\"Contacte\"><strong>contactar <\/strong>amb nosaltres<\/a>.<\/p>\n<\/div><\/div>\n\n<div style=\"height:100px\" aria-hidden=\"true\" id=\"concreto\" class=\"wp-block-spacer\"><\/div>\n\n<h2 class=\"wp-block-heading\">Com fer servir val regal per a un dia en concret<\/h2>\n\n<p>No et preocupis per res. Ja est\u00e0 tot organitzat. Simplement el dia de la teva visita presenta&#8217;t uns 10 minuts abans que comenci la teva activitat. Ensenya a la taquilla el teu val regal (Si us plau, no l&#8217;imprimeixis, ensenya&#8217;l al m\u00f2bil). I ja est\u00e0. A gaudir dels animals!<\/p>\n\n<div style=\"height:100px\" aria-hidden=\"true\" id=\"fecha\" class=\"wp-block-spacer\"><\/div>\n\n<h2 class=\"wp-block-heading\">Com fer servir val regal amb data oberta<\/h2>\n\n<p>Abans de venir cal reservar les places per a les activitats. Cal que contactis amb nosaltres i et fem la reserva manualment. <\/p>\n\n<p><strong><a href=\"https:\/\/zoodelpirineu.com\/ca\/contacte\/\" title=\"Contacte\">Contacta<\/a><\/strong> amb nosaltres. La informaci\u00f3 que necessitem \u00e9s: <\/p>\n\n<ul class=\"wp-block-list\">\n<li>El teu nom i contacte<\/li>\n\n\n\n<li>A quin nom est\u00e0 el val regal<\/li>\n\n\n\n<li>Quin dia i a quina hora vols venir a gaudir de la teva activitat<\/li>\n<\/ul>\n\n<p>Nosaltres confirmem si hi ha disponibilitat, et reservem les places i t&#8217;enviem la confirmaci\u00f3 de la reserva. Un cop al zoo has d&#8217;ensenyar el teu val i la nostra confirmaci\u00f3 de la reserva.<\/p>\n\n<div style=\"height:25px\" aria-hidden=\"true\" class=\"wp-block-spacer\"><\/div>\n\n<div class=\"wp-block-columns are-vertically-aligned-center is-layout-flex wp-container-core-columns-is-layout-9d6595d7 wp-block-columns-is-layout-flex\">\n<div class=\"wp-block-column is-vertically-aligned-center is-layout-flow wp-block-column-is-layout-flow\" style=\"flex-basis:33.33%\">\n<figure class=\"wp-block-image size-full\"><img decoding=\"async\" src=\"https:\/\/regalar-experiencias.zoodelpirineu.com\/wp-content\/uploads\/2021\/12\/No-quiero-este-reagalo.jpg\" alt=\"Com fer servir val regal pel Zoo del Pirineu\" class=\"wp-image-198\"\/><\/figure>\n<\/div>\n\n\n\n<div class=\"wp-block-column is-vertically-aligned-center is-layout-flow wp-block-column-is-layout-flow\" style=\"flex-basis:66.66%\">\n<h2 class=\"wp-block-heading\" id=\"no\">No vull el meu regal<\/h2>\n\n\n\n<p>Sentim que el regal que has rebut t&#8217;hagi decebut i no en vulguis gaudir. Malauradament no pots demanar que et reemborsem l&#8217;import del val regal. Llegeix la nostra <strong><a href=\"https:\/\/zoodelpirineu.com\/ca\/legal\/politica-de-devolucions\/#vales-regalo\" title=\"pol&#xED;tica de devolucions\">pol\u00edtica de devolucions<\/a><\/strong>.  <\/p>\n\n\n\n<p>El val <strong>el pots regalar<\/strong> a una altra persona encara que no ser\u00e0 el nom de la persona el que consta al val. En aquest cas si us plau avisa&#8217;ns per correu electr\u00f2nic que has traspassat el teu regal a una altra persona. <\/p>\n<\/div>\n<\/div>\n\n<div style=\"height:100px\" aria-hidden=\"true\" class=\"wp-block-spacer\"><\/div>\n\n<div class=\"wp-block-cover\"><span aria-hidden=\"true\" class=\"wp-block-cover__background has-contrast-background-color has-background-dim\"><\/span><img loading=\"lazy\" decoding=\"async\" width=\"2000\" height=\"800\" class=\"wp-block-cover__image-background wp-image-3922\" alt=\"Que hacer si tienes dudas sobre c\u00f3mo usar tu vale regalo.\" src=\"https:\/\/zoodelpirineu.com\/wp-content\/uploads\/2025\/04\/dudassobrevaleregalo.jpg\" style=\"object-position:71% 12%\" data-object-fit=\"cover\" data-object-position=\"71% 12%\" srcset=\"https:\/\/zoodelpirineu.com\/wp-content\/uploads\/2025\/04\/dudassobrevaleregalo.jpg 2000w, https:\/\/zoodelpirineu.com\/wp-content\/uploads\/2025\/04\/dudassobrevaleregalo-300x120.jpg 300w, https:\/\/zoodelpirineu.com\/wp-content\/uploads\/2025\/04\/dudassobrevaleregalo-1024x410.jpg 1024w, https:\/\/zoodelpirineu.com\/wp-content\/uploads\/2025\/04\/dudassobrevaleregalo-768x307.jpg 768w, https:\/\/zoodelpirineu.com\/wp-content\/uploads\/2025\/04\/dudassobrevaleregalo-1536x614.jpg 1536w\" sizes=\"auto, (max-width: 2000px) 100vw, 2000px\" \/><div class=\"wp-block-cover__inner-container is-layout-constrained wp-block-cover-is-layout-constrained\">\n<p class=\"has-text-align-center has-large-font-size\">Encara tens dubtes sobre com fer servir val regal?<\/p>\n\n\n\n<p class=\"has-text-align-center\">Si despr\u00e9s de llegir aquesta guia encara et queden preguntes sobre <strong>com fer servir val regal<\/strong>, no et preocupis.<br\/>Som aqu\u00ed per ajudar-te. Contacta&#8217;ns directament.  <\/p>\n\n\n\n<div class=\"wp-block-buttons is-content-justification-center is-layout-flex wp-container-core-buttons-is-layout-16018d1d wp-block-buttons-is-layout-flex\">\n<div class=\"wp-block-button has-custom-font-size has-medium-font-size\"><a class=\"wp-block-button__link wp-element-button\" href=\"https:\/\/zoodelpirineu.com\/ca\/contacte\/\">Contacte<\/a><\/div>\n<\/div>\n\n\n\n<p class=\"has-text-align-center\">Volem que gaudeixis al m\u00e0xim de la teva experi\u00e8ncia al Zoo del Pirineu.<\/p>\n<\/div><\/div>\n","protected":false},"excerpt":{"rendered":"<p>Felicitats! Has rebut un regal extraordinari d\u2019una persona que t\u2019estima molt. Aqu\u00ed trobar\u00e0s la informaci\u00f3 de com utilitzar el val regal.<\/p>\n","protected":false},"author":1,"featured_media":195,"parent":4121,"menu_order":0,"comment_status":"closed","ping_status":"open","template":"","meta":{"om_disable_all_campaigns":false,"_monsterinsights_skip_tracking":false,"_monsterinsights_sitenote_active":false,"_monsterinsights_sitenote_note":"","_monsterinsights_sitenote_category":0,"footnotes":""},"class_list":["post-3431","page","type-page","status-publish","has-post-thumbnail"],"aioseo_notices":[],"_links":{"self":[{"href":"https:\/\/zoodelpirineu.com\/ca\/wp-json\/wp\/v2\/pages\/3431","targetHints":{"allow":["GET"]}}],"collection":[{"href":"https:\/\/zoodelpirineu.com\/ca\/wp-json\/wp\/v2\/pages"}],"about":[{"href":"https:\/\/zoodelpirineu.com\/ca\/wp-json\/wp\/v2\/types\/page"}],"author":[{"embeddable":true,"href":"https:\/\/zoodelpirineu.com\/ca\/wp-json\/wp\/v2\/users\/1"}],"replies":[{"embeddable":true,"href":"https:\/\/zoodelpirineu.com\/ca\/wp-json\/wp\/v2\/comments?post=3431"}],"version-history":[{"count":4,"href":"https:\/\/zoodelpirineu.com\/ca\/wp-json\/wp\/v2\/pages\/3431\/revisions"}],"predecessor-version":[{"id":4905,"href":"https:\/\/zoodelpirineu.com\/ca\/wp-json\/wp\/v2\/pages\/3431\/revisions\/4905"}],"up":[{"embeddable":true,"href":"https:\/\/zoodelpirineu.com\/ca\/wp-json\/wp\/v2\/pages\/4121"}],"wp:featuredmedia":[{"embeddable":true,"href":"https:\/\/zoodelpirineu.com\/ca\/wp-json\/"}],"wp:attachment":[{"href":"https:\/\/zoodelpirineu.com\/ca\/wp-json\/wp\/v2\/media?parent=3431"}],"curies":[{"name":"wp","href":"https:\/\/api.w.org\/{rel}","templated":true}]}}