{"id":3438,"date":"2022-12-06T16:44:19","date_gmt":"2022-12-06T15:44:19","guid":{"rendered":"https:\/\/regalar-experiencias.zoodelpirineu.com\/regals-per-nens-i-nenes-que-estimen-els-animals\/"},"modified":"2026-01-15T15:08:39","modified_gmt":"2026-01-15T14:08:39","slug":"regals-per-nens-i-nenes-que-estimen-els-animals","status":"publish","type":"page","link":"https:\/\/zoodelpirineu.com\/ca\/experiencies-per-regalar\/regals-per-a-persones-especials\/regals-per-nens-i-nenes-que-estimen-els-animals\/","title":{"rendered":"Regals per a nens i nenes que estimen els animals"},"content":{"rendered":"\n<div class=\"wp-block-media-text alignwide is-stacked-on-mobile is-vertically-aligned-center has-background\" style=\"background-color:#e5fcf3\"><figure class=\"wp-block-media-text__media\"><img decoding=\"async\" src=\"https:\/\/regalar-experiencias.zoodelpirineu.com\/wp-content\/uploads\/2022\/12\/Regalar-experiencias-para-ninas.png\" alt=\"\" class=\"wp-image-1099 size-full\"\/><\/figure><div class=\"wp-block-media-text__content\">\n<p class=\"has-text-align-center\">Busques regals per a nens i nenes i no saps qu\u00e8 regalar-los si ja ho tenen tot?<\/p>\n\n\n\n<p class=\"has-text-align-center has-medium-font-size\">Als nens els encanten els animalets. <\/p>\n\n\n\n<p class=\"has-text-align-center\">Regala&#8217;ls una viv\u00e8ncia en fam\u00edlia amb animals salvatges del nostre pa\u00eds.<\/p>\n\n\n\n<div style=\"height:20px\" aria-hidden=\"true\" class=\"wp-block-spacer\"><\/div>\n\n\n\n<p class=\"has-text-align-center has-light-green-cyan-to-vivid-green-cyan-gradient-background has-background has-medium-font-size\">Dibuixar somriures encantats a les cares dels nens, despertar la seva sorpresa i crear records de per vida \u00e9s el que se&#8217;ns d\u00f3na fenomenal.<\/p>\n<\/div><\/div>\n\n<div style=\"height:60px\" aria-hidden=\"true\" class=\"wp-block-spacer\"><\/div>\n\n<h2 class=\"wp-block-heading has-text-align-center\">Regala una viv\u00e8ncia extraordin\u00e0ria<\/h2>\n\n<div class=\"wp-block-columns is-layout-flex wp-container-core-columns-is-layout-9d6595d7 wp-block-columns-is-layout-flex\">\n<div class=\"wp-block-column is-layout-flow wp-block-column-is-layout-flow\" style=\"flex-basis:100%\">\n<div class=\"wp-block-columns is-layout-flex wp-container-core-columns-is-layout-9d6595d7 wp-block-columns-is-layout-flex\">\n<div class=\"wp-block-column is-layout-flow wp-block-column-is-layout-flow\" style=\"flex-basis:25%\"><\/div>\n\n\n\n<div class=\"wp-block-column is-layout-flow wp-block-column-is-layout-flow\" style=\"flex-basis:50%\">\n<figure class=\"wp-block-video\"><video controls=\"\" src=\"https:\/\/regalar-experiencias.zoodelpirineu.com\/wp-content\/uploads\/2022\/12\/Video-Nens-Regalar-experiencies.mp4\"><\/video><\/figure>\n<\/div>\n\n\n\n<div class=\"wp-block-column is-layout-flow wp-block-column-is-layout-flow\" style=\"flex-basis:25%\"><\/div>\n<\/div>\n<\/div>\n<\/div>\n\n<div style=\"height:60px\" aria-hidden=\"true\" class=\"wp-block-spacer\"><\/div>\n\n<h2 class=\"wp-block-heading has-text-align-center\">Els teus beneficis de regalar experi\u00e8ncies per a nens i nenes<\/h2>\n\n<div style=\"height:20px\" aria-hidden=\"true\" class=\"wp-block-spacer\"><\/div>\n\n<div class=\"wp-block-columns is-layout-flex wp-container-core-columns-is-layout-9d6595d7 wp-block-columns-is-layout-flex\">\n<div class=\"wp-block-column is-layout-flow wp-block-column-is-layout-flow\" style=\"flex-basis:10%\"><\/div>\n\n\n\n<div class=\"wp-block-column is-layout-flow wp-block-column-is-layout-flow\"><div class=\"wp-block-image\">\n<figure class=\"aligncenter size-thumbnail is-resized\"><img decoding=\"async\" src=\"https:\/\/regalar-experiencias.zoodelpirineu.com\/wp-content\/uploads\/2022\/12\/Picto-tiempo-150x150.png\" alt=\"\" class=\"wp-image-1065\" style=\"width:75px;height:75px\"\/><\/figure>\n<\/div>\n\n\n<p class=\"has-text-align-center\">Disposici\u00f3 del val regal immediat<\/p>\n<\/div>\n\n\n\n<div class=\"wp-block-column is-layout-flow wp-block-column-is-layout-flow\"><div class=\"wp-block-image\">\n<figure class=\"aligncenter size-thumbnail is-resized\"><img decoding=\"async\" src=\"https:\/\/regalar-experiencias.zoodelpirineu.com\/wp-content\/uploads\/2022\/10\/Contacto-icon-150x150.png\" alt=\"\" class=\"wp-image-657\" style=\"width:75px;height:75px\"\/><\/figure>\n<\/div>\n\n\n<p class=\"has-text-align-center\">Contractaci\u00f3 f\u00e0cil<\/p>\n<\/div>\n\n\n\n<div class=\"wp-block-column is-layout-flow wp-block-column-is-layout-flow\"><div class=\"wp-block-image\">\n<figure class=\"aligncenter size-thumbnail is-resized\"><img decoding=\"async\" src=\"https:\/\/regalar-experiencias.zoodelpirineu.com\/wp-content\/uploads\/2022\/10\/Regalar-experiencias-icon-150x150.png\" alt=\"\" class=\"wp-image-668\" style=\"width:75px;height:75px\"\/><\/figure>\n<\/div>\n\n\n<p class=\"has-text-align-center\">Val 100% personalitzat<\/p>\n<\/div>\n\n\n\n<div class=\"wp-block-column is-layout-flow wp-block-column-is-layout-flow\"><div class=\"wp-block-image\">\n<figure class=\"aligncenter size-thumbnail is-resized\"><img decoding=\"async\" src=\"https:\/\/regalar-experiencias.zoodelpirineu.com\/wp-content\/uploads\/2022\/10\/Calendario-icon-150x150.png\" alt=\"\" class=\"wp-image-671\" style=\"width:75px;height:75px\"\/><\/figure>\n<\/div>\n\n\n<p class=\"has-text-align-center\">Validesa de 1 any<\/p>\n<\/div>\n\n\n\n<div class=\"wp-block-column is-layout-flow wp-block-column-is-layout-flow\" style=\"flex-basis:10%\"><\/div>\n<\/div>\n\n<div style=\"height:60px\" aria-hidden=\"true\" class=\"wp-block-spacer\"><\/div>\n\n<h2 class=\"wp-block-heading has-text-align-center has-base-2-background-color has-background\">Escull el regal per a la nena o pel nen<\/h2>\n\n<div class=\"wp-block-columns has-base-2-background-color has-background is-layout-flex wp-container-core-columns-is-layout-9d6595d7 wp-block-columns-is-layout-flex\">\n<div class=\"wp-block-column is-layout-flow wp-block-column-is-layout-flow\" style=\"flex-basis:5%\"><\/div>\n\n\n\n<div class=\"wp-block-column has-base-3-background-color has-background is-layout-flow wp-block-column-is-layout-flow\"><div class=\"wp-block-image\">\n<figure class=\"aligncenter size-thumbnail\"><img decoding=\"async\" src=\"https:\/\/regalar-experiencias.zoodelpirineu.com\/wp-content\/uploads\/2022\/12\/Regalo-para-nino-150x150.png\" alt=\"\" class=\"wp-image-1071\"\/><\/figure>\n<\/div>\n\n\n<h3 class=\"wp-block-heading has-text-align-center has-medium-font-size\"><strong>Regals per a Infants<br\/><\/strong><strong>de 0-2 anys<\/strong><\/h3>\n\n\n\n<p class=\"has-text-align-center\">El <strong>Toca toca<\/strong> amb els pares al seu costat \u00e9s el millor regal per als menuts. Conillets, pollets i altres animals que podran acariciar i fins i tot donar-los menjar omplen les tendres \u00e0nimes dels nens amb alegria. <\/p>\n\n\n\n<p class=\"has-text-align-center has-background\" style=\"background-color:#e5fcf3\">Preu:<br\/>&#8211; 9\u20ac Adults<br\/>&#8211; 9\u20ac Nens de 3-12 anys<br\/>&#8211; Infants de 0-2 anys gratis<\/p>\n<\/div>\n\n\n\n<div class=\"wp-block-column has-base-3-background-color has-background is-layout-flow wp-block-column-is-layout-flow\"><div class=\"wp-block-image\">\n<figure class=\"aligncenter size-thumbnail\"><img decoding=\"async\" src=\"https:\/\/regalar-experiencias.zoodelpirineu.com\/wp-content\/uploads\/2022\/12\/Regalo-para-nina-150x150.png\" alt=\"\" class=\"wp-image-1075\"\/><\/figure>\n<\/div>\n\n\n<h3 class=\"wp-block-heading has-text-align-center has-medium-font-size\"><strong>Regals per a Nens i Nenes<br\/><\/strong><strong>de 3-12 anys<\/strong><\/h3>\n\n\n\n<p class=\"has-text-align-center has-base-3-background-color has-background\">Participar, descobrir la natura i sentir alegria i entusiasme \u00e9s el que viuen els nens i les nenes durant l&#8217;<strong>Exhibici\u00f3 de vol<\/strong>. Recomanem enriquir el regal amb la <strong>Visita guiada<\/strong>, on els menuts poden con\u00e8ixer tots els animals que habiten al nostre refugi. <\/p>\n\n\n\n<p class=\"has-text-align-center has-background\" style=\"background-color:#e5fcf3\">Preu Exhibici\u00f3 de vol:<br\/>&#8211; 9\u20ac Adults<br\/>&#8211; 7\u20ac Nens de 3-12 anys<br\/>&#8211; Infants de 0-2 anys gratis<\/p>\n\n\n\n<p class=\"has-text-align-center has-background\" style=\"background-color:#e5fcf3\">Preu Visita guiada:<br\/>&#8211; 9\u20ac Adults<br\/>&#8211; 6\u20ac nens de 3-12 anys<br\/>&#8211; Infants de 0-2 anys gratis<\/p>\n<\/div>\n\n\n\n<div class=\"wp-block-column has-base-3-background-color has-background is-layout-flow wp-block-column-is-layout-flow\"><div class=\"wp-block-image\">\n<figure class=\"aligncenter size-thumbnail\"><img decoding=\"async\" src=\"https:\/\/regalar-experiencias.zoodelpirineu.com\/wp-content\/uploads\/2022\/12\/Regalo-para-adolescentes-150x150.png\" alt=\"\" class=\"wp-image-1079\"\/><\/figure>\n<\/div>\n\n\n<h3 class=\"wp-block-heading has-text-align-center has-medium-font-size\"><strong>Regals per a Exploradors<br\/><\/strong><strong>de 6-12 anys<\/strong><\/h3>\n\n\n\n<p class=\"has-text-align-center\">Regala unes experi\u00e8ncies extraordin\u00e0ries.<\/p>\n\n\n\n<p class=\"has-text-align-center\">Durant l&#8217;<strong>Experi\u00e8ncia Mussols<\/strong> tots els membres de la fam\u00edlia alimentaran i faran volar els mussols. Aprendran moltes coses interessants sobre aquests ocells, per\u00f2 tamb\u00e9 a treballar en equip. <\/p>\n\n\n\n<p class=\"has-text-align-center\">L&#8217;<strong>Experi\u00e8ncia Animal<\/strong> dona protagonisme als nens i nenes. Ells mateixos escolliran els animals que vulguin visitar, acaronar i alimentar de la m\u00e0. <\/p>\n\n\n\n<p class=\"has-text-align-center has-background\" style=\"background-color:#e5fcf3\">Preu Experi\u00e8ncia Mussols:<br\/>120\u20ac per fam\u00edlia (90 minuts)<\/p>\n\n\n\n<p class=\"has-text-align-center has-background\" style=\"background-color:#e5fcf3\">Preu Experi\u00e8ncia Animal:<br\/>70\u20ac per fam\u00edlia (60 minuts)<\/p>\n<\/div>\n\n\n\n<div class=\"wp-block-column is-layout-flow wp-block-column-is-layout-flow\" style=\"flex-basis:5%\"><\/div>\n<\/div>\n\n<div class=\"wp-block-buttons is-content-justification-center is-layout-flex wp-container-core-buttons-is-layout-16018d1d wp-block-buttons-is-layout-flex\">\n<div class=\"wp-block-button has-custom-width wp-block-button__width-50\"><a class=\"wp-block-button__link wp-element-button\" href=\"https:\/\/zoodelpirineu.com\/ca\/experiencies-per-regalar\/comprar-vals-regals\/\" style=\"border-radius:0px\"><strong>REGALAR LES EXPERI\u00c8NCIES<\/strong><\/a><\/div>\n<\/div>\n\n<div style=\"height:50px\" aria-hidden=\"true\" class=\"wp-block-spacer\"><\/div>\n\n<div class=\"wp-block-columns is-layout-flex wp-container-core-columns-is-layout-9d6595d7 wp-block-columns-is-layout-flex\">\n<div class=\"wp-block-column is-layout-flow wp-block-column-is-layout-flow\" style=\"flex-basis:40%\"><\/div>\n\n\n\n<div class=\"wp-block-column is-layout-flow wp-block-column-is-layout-flow\">\n<figure class=\"wp-block-image size-full\"><img decoding=\"async\" src=\"https:\/\/regalar-experiencias.zoodelpirineu.com\/wp-content\/uploads\/2022\/12\/Regalo-bomba-para-ninos.jpg\" alt=\"\" class=\"wp-image-1123\"\/><\/figure>\n<\/div>\n\n\n\n<div class=\"wp-block-column is-layout-flow wp-block-column-is-layout-flow\" style=\"flex-basis:40%\"><\/div>\n<\/div>\n\n<div class=\"wp-block-columns is-layout-flex wp-container-core-columns-is-layout-9d6595d7 wp-block-columns-is-layout-flex\">\n<div class=\"wp-block-column is-layout-flow wp-block-column-is-layout-flow\" style=\"flex-basis:10%\"><\/div>\n\n\n\n<div class=\"wp-block-column is-layout-flow wp-block-column-is-layout-flow\">\n<h2 class=\"wp-block-heading has-text-align-center\">Un aut\u00e8ntic regal\u00e0s per a nens i nenes<\/h2>\n\n\n\n<p class=\"has-text-align-center\">El Zoo del Pirineu pot fer activitats amb animals a les escoles de tot Catalunya. Si vols fer un aut\u00e8ntic regal\u00e0s al teu nen o nena i al mateix temps enriquir la vida dels seus amics i amigues, <strong>regala a tota la classe una activitat amb animals<\/strong>.  <\/p>\n\n\n\n<p class=\"has-text-align-center\">Posa&#8217;t en contacte amb nosaltres. Ens fem c\u00e0rrec de la tramitaci\u00f3 amb l&#8217;escola i organitzarem l&#8217;activitat a l&#8217;escola segons els teus requisits. <\/p>\n\n\n\n<p class=\"has-text-align-center\">Preu: a partir de 180\u20ac<\/p>\n\n\n\n<div class=\"wp-block-buttons is-content-justification-center is-layout-flex wp-container-core-buttons-is-layout-16018d1d wp-block-buttons-is-layout-flex\">\n<div class=\"wp-block-button\"><a class=\"wp-block-button__link wp-element-button\" href=\"https:\/\/visitar.zoodelpirineu.com\/es\/contacto\/\" style=\"border-radius:0px\" target=\"_blank\" rel=\"noreferrer noopener\">Contacta amb nosaltres<\/a><\/div>\n<\/div>\n<\/div>\n\n\n\n<div class=\"wp-block-column is-layout-flow wp-block-column-is-layout-flow\" style=\"flex-basis:10%\"><\/div>\n<\/div>\n\n<div class=\"wp-block-columns is-layout-flex wp-container-core-columns-is-layout-9d6595d7 wp-block-columns-is-layout-flex\">\n<div class=\"wp-block-column is-layout-flow wp-block-column-is-layout-flow\" style=\"flex-basis:25%\"><\/div>\n\n\n\n<div class=\"wp-block-column is-layout-flow wp-block-column-is-layout-flow\" style=\"flex-basis:50%\">\n<figure class=\"wp-block-video\"><video height=\"800\" style=\"aspect-ratio: 2000 \/ 800;\" width=\"2000\" controls=\"\" src=\"https:\/\/regalar-experiencias.zoodelpirineu.com\/wp-content\/uploads\/2022\/12\/Activitat-amb-animals-al-gimnas.mp4\"><\/video><\/figure>\n<\/div>\n\n\n\n<div class=\"wp-block-column is-layout-flow wp-block-column-is-layout-flow\" style=\"flex-basis:25%\"><\/div>\n<\/div>\n\n<div style=\"height:64px\" aria-hidden=\"true\" class=\"wp-block-spacer\"><\/div>\n\n<h2 class=\"wp-block-heading has-text-align-center has-base-background-color has-background\">No saps quins regals per a nens i nenes escollir?<\/h2>\n\n<div class=\"wp-block-columns has-base-background-color has-background is-layout-flex wp-container-core-columns-is-layout-9d6595d7 wp-block-columns-is-layout-flex\">\n<div class=\"wp-block-column is-layout-flow wp-block-column-is-layout-flow\" style=\"flex-basis:25%\"><\/div>\n\n\n\n<div class=\"wp-block-column is-layout-flow wp-block-column-is-layout-flow\" style=\"flex-basis:50%\">\n<p class=\"has-text-align-center\">Truca&#8217;ns, estarem encantats d&#8217;ajudar-te a triar el regal perfecte. Tamb\u00e9 us podem facilitar tot el proc\u00e9s de compra segons les vostres necessitats.<\/p>\n\n\n\n<div class=\"wp-block-buttons is-layout-flex wp-block-buttons-is-layout-flex\">\n<div class=\"wp-block-button has-custom-width wp-block-button__width-100\"><a class=\"wp-block-button__link wp-element-button\" href=\"https:\/\/visitar.zoodelpirineu.com\/es\/contacto\/\" style=\"border-radius:0px\" target=\"_blank\" rel=\"noreferrer noopener\">Posa&#8217;t en contacte amb nosaltres<\/a><\/div>\n<\/div>\n<\/div>\n\n\n\n<div class=\"wp-block-column is-layout-flow wp-block-column-is-layout-flow\" style=\"flex-basis:25%\"><\/div>\n<\/div>\n\n<div style=\"height:60px\" aria-hidden=\"true\" class=\"wp-block-spacer\"><\/div>\n\n<div class=\"wp-block-cover has-parallax\"><div class=\"wp-block-cover__image-background wp-image-807 has-parallax\" style=\"background-position:50% 50%;background-image:url(https:\/\/regalar-experiencias.zoodelpirineu.com\/wp-content\/uploads\/2021\/12\/Aguila-real.jpg)\"><\/div><span aria-hidden=\"true\" class=\"wp-block-cover__background has-background-dim-60 has-background-dim\"><\/span><div class=\"wp-block-cover__inner-container is-layout-flow wp-block-cover-is-layout-flow\">\n<h2 class=\"wp-block-heading has-text-align-left has-base-3-color has-text-color\">Regals per a nens i nenes amb valor afegit<\/h2>\n\n\n\n<p class=\"has-base-3-color has-text-color\">I finalment pots convertir al petit o a la petita en padr\u00ed o padrina d&#8217;un animal que habita al nostre refugi. No nom\u00e9s obtindr\u00e0 un diploma de padr\u00ed\/padrina, sin\u00f3 que tamb\u00e9 tindr\u00e0 acc\u00e9s al nostre butllet\u00ed mensual amb jocs, informaci\u00f3 d&#8217;inter\u00e8s i per descomptat estar\u00e0 convidat\/da a la jornada anual de padrins i padrines.<\/p>\n\n\n\n<p>Del teu regal se&#8217;n beneficiar\u00e0 tant el nen o la nena com tots els animals de qu\u00e8 cuidem. Moltes gr\u00e0cies!<\/p>\n\n\n\n<div class=\"wp-block-buttons is-content-justification-center is-layout-flex wp-container-core-buttons-is-layout-16018d1d wp-block-buttons-is-layout-flex\">\n<div class=\"wp-block-button\"><a class=\"wp-block-button__link wp-element-button\" href=\"https:\/\/donaciones.zoodelpirineu.com\/ca\/beneficis-de-apadrinar-animals\/\" style=\"border-radius:0px\" target=\"_blank\" rel=\"noreferrer noopener\">Regalar l&#8217;apadrinament d&#8217;animals<\/a><\/div>\n<\/div>\n\n\n\n<p class=\"has-text-align-right has-base-3-color has-text-color has-small-font-size\"><em>Foto: Gast\u00f3n, una \u00e0guila daurada cega<\/em><\/p>\n<\/div><\/div>\n","protected":false},"excerpt":{"rendered":"<p>Busques regals per nens per\u00f2 ja tenen de tot? Als nens els encanten els animalets. Regala&#8217;ls una viv\u00e8ncia en fam\u00edlia amb animals salvatges del pa\u00eds, una experi\u00e8ncia que els far\u00e0 gaudir com mai!<\/p>\n","protected":false},"author":1,"featured_media":0,"parent":4790,"menu_order":0,"comment_status":"closed","ping_status":"open","template":"","meta":{"om_disable_all_campaigns":false,"_monsterinsights_skip_tracking":false,"_monsterinsights_sitenote_active":false,"_monsterinsights_sitenote_note":"","_monsterinsights_sitenote_category":0,"footnotes":""},"class_list":["post-3438","page","type-page","status-publish"],"aioseo_notices":[],"_links":{"self":[{"href":"https:\/\/zoodelpirineu.com\/ca\/wp-json\/wp\/v2\/pages\/3438","targetHints":{"allow":["GET"]}}],"collection":[{"href":"https:\/\/zoodelpirineu.com\/ca\/wp-json\/wp\/v2\/pages"}],"about":[{"href":"https:\/\/zoodelpirineu.com\/ca\/wp-json\/wp\/v2\/types\/page"}],"author":[{"embeddable":true,"href":"https:\/\/zoodelpirineu.com\/ca\/wp-json\/wp\/v2\/users\/1"}],"replies":[{"embeddable":true,"href":"https:\/\/zoodelpirineu.com\/ca\/wp-json\/wp\/v2\/comments?post=3438"}],"version-history":[{"count":6,"href":"https:\/\/zoodelpirineu.com\/ca\/wp-json\/wp\/v2\/pages\/3438\/revisions"}],"predecessor-version":[{"id":5854,"href":"https:\/\/zoodelpirineu.com\/ca\/wp-json\/wp\/v2\/pages\/3438\/revisions\/5854"}],"up":[{"embeddable":true,"href":"https:\/\/zoodelpirineu.com\/ca\/wp-json\/wp\/v2\/pages\/4790"}],"wp:attachment":[{"href":"https:\/\/zoodelpirineu.com\/ca\/wp-json\/wp\/v2\/media?parent=3438"}],"curies":[{"name":"wp","href":"https:\/\/api.w.org\/{rel}","templated":true}]}}