{"id":3444,"date":"2023-03-12T09:13:51","date_gmt":"2023-03-12T08:13:51","guid":{"rendered":"https:\/\/regalar-experiencias.zoodelpirineu.com\/regal-per-pare-excepcional\/"},"modified":"2026-01-15T15:13:41","modified_gmt":"2026-01-15T14:13:41","slug":"regals-pel-pare","status":"publish","type":"page","link":"https:\/\/zoodelpirineu.com\/ca\/experiencies-per-regalar\/regals-per-a-persones-especials\/regals-pel-pare\/","title":{"rendered":"Regals pel pare que emocionen de deb\u00f2"},"content":{"rendered":"\n<div class=\"wp-block-cover is-light has-parallax\"><div class=\"wp-block-cover__image-background wp-image-1708 has-parallax\" style=\"background-position:50% 50%;background-image:url(https:\/\/regalar-experiencias.zoodelpirineu.com\/wp-content\/uploads\/2023\/03\/Regalos-dia-del-padre.jpg)\"><\/div><span aria-hidden=\"true\" class=\"wp-block-cover__background has-background-dim\"><\/span><div class=\"wp-block-cover__inner-container is-layout-flow wp-block-cover-is-layout-flow\">\n<div style=\"height:60px\" aria-hidden=\"true\" class=\"wp-block-spacer\"><\/div>\n\n\n\n<p class=\"has-text-align-center has-base-3-color has-text-color has-large-font-size\"><br\/>Est\u00e0s buscant regals pel pare que realment emocionin?<\/p>\n\n\n\n<p class=\"has-text-align-center has-base-3-color has-text-color has-large-font-size\">Els millors <strong>regals pel pare<\/strong> no s\u00f3n coses. S\u00f3n moments compartits, experi\u00e8ncies que creen records reals\u2026 i que a m\u00e9s a m\u00e9s tenen un prop\u00f2sit. <\/p>\n\n\n\n<div style=\"height:60px\" aria-hidden=\"true\" class=\"wp-block-spacer\"><\/div>\n\n\n\n<div class=\"wp-block-buttons is-content-justification-center is-layout-flex wp-container-core-buttons-is-layout-16018d1d wp-block-buttons-is-layout-flex\">\n<div class=\"wp-block-button\"><a class=\"wp-block-button__link has-medium-font-size has-custom-font-size wp-element-button\" href=\"https:\/\/zoodelpirineu.com\/ca\/experiencies-per-regalar\/comprar-vals-regals\/\" style=\"border-radius:0px\">REGALA-LI AL TEU PARE L&#8217;EXPERI\u00c8NCIA MUSSOLS<\/a><\/div>\n<\/div>\n\n\n\n<div style=\"height:20px\" aria-hidden=\"true\" class=\"wp-block-spacer\"><\/div>\n<\/div><\/div>\n\n<div style=\"height:100px\" aria-hidden=\"true\" class=\"wp-block-spacer\"><\/div>\n\n<h2 class=\"wp-block-heading has-text-align-center\">Quin regal recomanem pel teu pare?<\/h2>\n\n<div class=\"wp-block-columns is-layout-flex wp-container-core-columns-is-layout-9d6595d7 wp-block-columns-is-layout-flex\">\n<div class=\"wp-block-column is-layout-flow wp-block-column-is-layout-flow\" style=\"flex-basis:25%\"><\/div>\n\n\n\n<div class=\"wp-block-column is-layout-flow wp-block-column-is-layout-flow\" style=\"flex-basis:50%\">\n<p class=\"has-text-align-center\"><strong>L&#8217;Experi\u00e8ncia Mussols <\/strong>\u00e9s un dels <strong>regals pel pare<\/strong> m\u00e9s originals i m\u00e9s ben valorats per les fam\u00edlies.<br\/>\u00c9s una activitat privada, exclusiva i molt emocionant.<\/p>\n<\/div>\n\n\n\n<div class=\"wp-block-column is-layout-flow wp-block-column-is-layout-flow\" style=\"flex-basis:25%\"><\/div>\n<\/div>\n\n<div style=\"height:100px\" aria-hidden=\"true\" class=\"wp-block-spacer\"><\/div>\n<div class=\"wp-block-image\">\n<figure class=\"aligncenter size-full is-resized\"><img loading=\"lazy\" decoding=\"async\" width=\"320\" height=\"213\" src=\"https:\/\/zoodelpirineu.com\/wp-content\/uploads\/2025\/04\/regalosparaelpadre.png\" alt=\"Regals pel pare\" class=\"wp-image-3974\" style=\"width:auto;height:130px\" srcset=\"https:\/\/zoodelpirineu.com\/wp-content\/uploads\/2025\/04\/regalosparaelpadre.png 320w, https:\/\/zoodelpirineu.com\/wp-content\/uploads\/2025\/04\/regalosparaelpadre-300x200.png 300w\" sizes=\"auto, (max-width: 320px) 100vw, 320px\" \/><\/figure>\n<\/div>\n<h2 class=\"wp-block-heading has-text-align-center\">Per qu\u00e8 l&#8217;Experi\u00e8ncia Mussols \u00e9s un dels millors regals pel pare?<\/h2>\n\n<div class=\"wp-block-columns is-layout-flex wp-container-core-columns-is-layout-9d6595d7 wp-block-columns-is-layout-flex\">\n<div class=\"wp-block-column is-layout-flow wp-block-column-is-layout-flow\" style=\"flex-basis:10%\"><\/div>\n\n\n\n<div class=\"wp-block-column is-layout-flow wp-block-column-is-layout-flow\"><div class=\"wp-block-image\">\n<figure class=\"aligncenter size-full is-resized\"><img loading=\"lazy\" decoding=\"async\" width=\"320\" height=\"213\" src=\"https:\/\/zoodelpirineu.com\/wp-content\/uploads\/2025\/04\/experienciabuhos.png\" alt=\"Regala al teu pare experi&#xE8;ncia mussols\" class=\"wp-image-3977\" style=\"width:auto;height:120px\" srcset=\"https:\/\/zoodelpirineu.com\/wp-content\/uploads\/2025\/04\/experienciabuhos.png 320w, https:\/\/zoodelpirineu.com\/wp-content\/uploads\/2025\/04\/experienciabuhos-300x200.png 300w\" sizes=\"auto, (max-width: 320px) 100vw, 320px\" \/><\/figure>\n<\/div>\n\n\n<p class=\"has-text-align-center\">Fareu volar mussols amb les vostres pr\u00f2pies mans.<\/p>\n<\/div>\n\n\n\n<div class=\"wp-block-column is-layout-flow wp-block-column-is-layout-flow\"><div class=\"wp-block-image\">\n<figure class=\"aligncenter size-full is-resized\"><img loading=\"lazy\" decoding=\"async\" width=\"320\" height=\"213\" src=\"https:\/\/zoodelpirineu.com\/wp-content\/uploads\/2025\/04\/regalaatupadretiempojuntos.png\" alt=\"Comparteix el teu temps amb el teu pare.\" class=\"wp-image-3980\" style=\"width:auto;height:120px\" srcset=\"https:\/\/zoodelpirineu.com\/wp-content\/uploads\/2025\/04\/regalaatupadretiempojuntos.png 320w, https:\/\/zoodelpirineu.com\/wp-content\/uploads\/2025\/04\/regalaatupadretiempojuntos-300x200.png 300w\" sizes=\"auto, (max-width: 320px) 100vw, 320px\" \/><\/figure>\n<\/div>\n\n\n<p class=\"has-text-align-center\">Compartireu temps de qualitat sense pantalles ni presses.<\/p>\n<\/div>\n\n\n\n<div class=\"wp-block-column is-layout-flow wp-block-column-is-layout-flow\"><div class=\"wp-block-image\">\n<figure class=\"aligncenter size-full is-resized\"><img loading=\"lazy\" decoding=\"async\" width=\"320\" height=\"213\" src=\"https:\/\/zoodelpirineu.com\/wp-content\/uploads\/2025\/04\/libros.png\" alt=\"Regals pel pare que eduquen.\" class=\"wp-image-3983\" style=\"width:auto;height:120px\" srcset=\"https:\/\/zoodelpirineu.com\/wp-content\/uploads\/2025\/04\/libros.png 320w, https:\/\/zoodelpirineu.com\/wp-content\/uploads\/2025\/04\/libros-300x200.png 300w\" sizes=\"auto, (max-width: 320px) 100vw, 320px\" \/><\/figure>\n<\/div>\n\n\n<p class=\"has-text-align-center\">Aprendreu junts sobre naturalesa i animals salvatges.<\/p>\n<\/div>\n\n\n\n<div class=\"wp-block-column is-layout-flow wp-block-column-is-layout-flow\"><div class=\"wp-block-image\">\n<figure class=\"aligncenter size-full is-resized\"><img loading=\"lazy\" decoding=\"async\" width=\"320\" height=\"213\" src=\"https:\/\/zoodelpirineu.com\/wp-content\/uploads\/2025\/04\/cameradefoto.png\" alt=\"Emporta't fotos per recordar aquest dia amb el teu pare per sempre.\" class=\"wp-image-3986\" style=\"width:auto;height:120px\" srcset=\"https:\/\/zoodelpirineu.com\/wp-content\/uploads\/2025\/04\/cameradefoto.png 320w, https:\/\/zoodelpirineu.com\/wp-content\/uploads\/2025\/04\/cameradefoto-300x200.png 300w\" sizes=\"auto, (max-width: 320px) 100vw, 320px\" \/><\/figure>\n<\/div>\n\n\n<p class=\"has-text-align-center\">Tindreu llibertat per fer fotos i v\u00eddeos, sense interrupcions.<\/p>\n<\/div>\n\n\n\n<div class=\"wp-block-column is-layout-flow wp-block-column-is-layout-flow\"><div class=\"wp-block-image\">\n<figure class=\"aligncenter size-full is-resized\"><img loading=\"lazy\" decoding=\"async\" width=\"320\" height=\"213\" src=\"https:\/\/zoodelpirineu.com\/wp-content\/uploads\/2025\/04\/buho.png\" alt=\"Regals pel pare 100% personalitzats.\" class=\"wp-image-3989\" style=\"width:auto;height:120px\" srcset=\"https:\/\/zoodelpirineu.com\/wp-content\/uploads\/2025\/04\/buho.png 320w, https:\/\/zoodelpirineu.com\/wp-content\/uploads\/2025\/04\/buho-300x200.png 300w\" sizes=\"auto, (max-width: 320px) 100vw, 320px\" \/><\/figure>\n<\/div>\n\n\n<p class=\"has-text-align-center\">Tota la viv\u00e8ncia ser\u00e0 nom\u00e9s per a la vostra fam\u00edlia.<\/p>\n<\/div>\n\n\n\n<div class=\"wp-block-column is-layout-flow wp-block-column-is-layout-flow\" style=\"flex-basis:10%\"><\/div>\n<\/div>\n\n<p class=\"has-text-align-center\">Aquesta experi\u00e8ncia \u00e9s molt m\u00e9s que un regal: \u00e9s una viv\u00e8ncia en fam\u00edlia que enforteix vincles familiars i ajuda els animals.<\/p>\n\n<div class=\"wp-block-buttons is-content-justification-center is-layout-flex wp-container-core-buttons-is-layout-16018d1d wp-block-buttons-is-layout-flex\">\n<div class=\"wp-block-button\"><a class=\"wp-block-button__link wp-element-button\" href=\"https:\/\/zoodelpirineu.com\/ca\/experiencies-per-regalar\/actividades\/experiencia-buhos\/#funcionamiento\">Descobreix tots els beneficis de l&#8217;Experi\u00e8ncia Mussols<\/a><\/div>\n<\/div>\n\n<div style=\"height:99px\" aria-hidden=\"true\" class=\"wp-block-spacer\"><\/div>\n\n<div class=\"wp-block-columns is-layout-flex wp-container-core-columns-is-layout-9d6595d7 wp-block-columns-is-layout-flex\">\n<div class=\"wp-block-column is-layout-flow wp-block-column-is-layout-flow\" style=\"flex-basis:15%\"><\/div>\n\n\n\n<div class=\"wp-block-column is-layout-flow wp-block-column-is-layout-flow\">\n<h2 class=\"wp-block-heading has-text-align-center\">Com regalar aquesta experi\u00e8ncia al pare de manera r\u00e0pida i especial?<\/h2>\n\n\n\n<div style=\"height:40px\" aria-hidden=\"true\" class=\"wp-block-spacer\"><\/div>\n\n\n\n<div class=\"wp-block-columns is-layout-flex wp-container-core-columns-is-layout-9d6595d7 wp-block-columns-is-layout-flex\">\n<div class=\"wp-block-column has-base-background-color has-background is-layout-flow wp-block-column-is-layout-flow\">\n<div style=\"height:20px\" aria-hidden=\"true\" class=\"wp-block-spacer\"><\/div>\n\n\n<div class=\"wp-block-image\">\n<figure class=\"aligncenter size-full is-resized\"><img loading=\"lazy\" decoding=\"async\" width=\"320\" height=\"213\" src=\"https:\/\/zoodelpirineu.com\/wp-content\/uploads\/2025\/04\/buhovolando.png\" alt=\"Guia com comprar Regals pel pare\" class=\"wp-image-3994\" style=\"width:auto;height:100px\" srcset=\"https:\/\/zoodelpirineu.com\/wp-content\/uploads\/2025\/04\/buhovolando.png 320w, https:\/\/zoodelpirineu.com\/wp-content\/uploads\/2025\/04\/buhovolando-300x200.png 300w\" sizes=\"auto, (max-width: 320px) 100vw, 320px\" \/><\/figure>\n<\/div>\n\n\n<p class=\"has-text-align-center\"><strong>Accedeix a la p\u00e0gina de compra de vals regal.<\/strong><br\/><\/p>\n\n\n\n<div class=\"wp-block-buttons is-layout-flex wp-block-buttons-is-layout-flex\">\n<div class=\"wp-block-button has-custom-width wp-block-button__width-100\"><a class=\"wp-block-button__link wp-element-button\" href=\"https:\/\/zoodelpirineu.com\/ca\/experiencies-per-regalar\/comprar-vals-regals\/\" style=\"border-radius:0px\">Anar a la p\u00e0gina de compra de vals regal.<\/a><\/div>\n<\/div>\n<\/div>\n\n\n\n<div class=\"wp-block-column has-base-background-color has-background is-layout-flow wp-block-column-is-layout-flow\">\n<div style=\"height:20px\" aria-hidden=\"true\" class=\"wp-block-spacer\"><\/div>\n\n\n<div class=\"wp-block-image\">\n<figure class=\"aligncenter size-full is-resized\"><img loading=\"lazy\" decoding=\"async\" width=\"320\" height=\"213\" src=\"https:\/\/zoodelpirineu.com\/wp-content\/uploads\/2025\/04\/buhoaterizando.png\" alt=\"Escull Regals pel pare\" class=\"wp-image-3997\" style=\"width:auto;height:100px\" srcset=\"https:\/\/zoodelpirineu.com\/wp-content\/uploads\/2025\/04\/buhoaterizando.png 320w, https:\/\/zoodelpirineu.com\/wp-content\/uploads\/2025\/04\/buhoaterizando-300x200.png 300w\" sizes=\"auto, (max-width: 320px) 100vw, 320px\" \/><\/figure>\n<\/div>\n\n\n<p class=\"has-text-align-center\"><strong>Escull \u201cExperi\u00e8ncies en grup privat\u201d<\/strong>.<\/p>\n\n\n\n<p class=\"has-text-align-center\">Aqu\u00ed trobar\u00e0s l&#8217;<em>Experi\u00e8ncia Mussols<\/em>, ideal com a regal pel teu pare.<\/p>\n<\/div>\n\n\n\n<div class=\"wp-block-column has-base-background-color has-background is-layout-flow wp-block-column-is-layout-flow\">\n<div style=\"height:20px\" aria-hidden=\"true\" class=\"wp-block-spacer\"><\/div>\n\n\n<div class=\"wp-block-image\">\n<figure class=\"aligncenter size-full is-resized\"><img loading=\"lazy\" decoding=\"async\" width=\"320\" height=\"213\" src=\"https:\/\/zoodelpirineu.com\/wp-content\/uploads\/2025\/04\/escribir.png\" alt=\"Personalitza Regals pel pare\" class=\"wp-image-4000\" style=\"width:auto;height:100px\" srcset=\"https:\/\/zoodelpirineu.com\/wp-content\/uploads\/2025\/04\/escribir.png 320w, https:\/\/zoodelpirineu.com\/wp-content\/uploads\/2025\/04\/escribir-300x200.png 300w\" sizes=\"auto, (max-width: 320px) 100vw, 320px\" \/><\/figure>\n<\/div>\n\n\n<p class=\"has-text-align-center\"><strong>Personalitza el val regal amb el teu missatge.<\/strong><\/p>\n\n\n\n<p class=\"has-text-align-center\">Fes-ho especial, \u00fanic, teu.<\/p>\n<\/div>\n\n\n\n<div class=\"wp-block-column has-base-background-color has-background is-layout-flow wp-block-column-is-layout-flow\">\n<div style=\"height:20px\" aria-hidden=\"true\" class=\"wp-block-spacer\"><\/div>\n\n\n<div class=\"wp-block-image\">\n<figure class=\"aligncenter size-full is-resized\"><img loading=\"lazy\" decoding=\"async\" width=\"320\" height=\"213\" src=\"https:\/\/zoodelpirineu.com\/wp-content\/uploads\/2025\/04\/corona.png\" alt=\"Rep Regals pel pare en 24 hores m&#xE0;xim.\" class=\"wp-image-4003\" style=\"width:auto;height:100px\" srcset=\"https:\/\/zoodelpirineu.com\/wp-content\/uploads\/2025\/04\/corona.png 320w, https:\/\/zoodelpirineu.com\/wp-content\/uploads\/2025\/04\/corona-300x200.png 300w\" sizes=\"auto, (max-width: 320px) 100vw, 320px\" \/><\/figure>\n<\/div>\n\n\n<p class=\"has-text-align-center\"><strong>Rep-lo per email en menys de 24h.<\/strong><\/p>\n\n\n\n<p class=\"has-text-align-center\">El tindr\u00e0s a la teva b\u00fastia, llest per imprimir o reenviar quan vulguis.<\/p>\n<\/div>\n<\/div>\n\n\n\n<div style=\"height:40px\" aria-hidden=\"true\" class=\"wp-block-spacer\"><\/div>\n\n\n\n<p class=\"has-text-align-center\">El teu pare tindr\u00e0 <strong>fins a 12 mesos per triar el dia<\/strong> que m\u00e9s li convingui i viure l&#8217;experi\u00e8ncia amb calma,<br\/>acompanyat de la fam\u00edlia\u2026 i envoltat de natura i animals salvatges.<\/p>\n<\/div>\n\n\n\n<div class=\"wp-block-column is-layout-flow wp-block-column-is-layout-flow\" style=\"flex-basis:15%\"><\/div>\n<\/div>\n\n<div class=\"wp-block-buttons is-content-justification-center is-layout-flex wp-container-core-buttons-is-layout-16018d1d wp-block-buttons-is-layout-flex\">\n<div class=\"wp-block-button\"><a class=\"wp-block-button__link has-medium-font-size has-custom-font-size wp-element-button\" href=\"https:\/\/zoodelpirineu.com\/ca\/experiencies-per-regalar\/comprar-vals-regals\/\" style=\"border-radius:0px\">COMPRAR EL REGAL PERFECTE PEL PARE<\/a><\/div>\n<\/div>\n\n<div style=\"height:20px\" aria-hidden=\"true\" class=\"wp-block-spacer\"><\/div>\n\n<p class=\"has-text-align-center\">Fes el teu regal amb tota tranquil\u00b7litat.<\/p>\n\n<p class=\"has-text-align-center\"><a class=\"\" href=\"https:\/\/zoodelpirineu.com\/ca\/experiencies-per-regalar\/preguntes-frequents-vals-regal\/\"><strong>Consulta aqu\u00ed tot el que cal saber sobre els vals regal<\/strong><\/a> <\/p>\n\n<div style=\"height:100px\" aria-hidden=\"true\" class=\"wp-block-spacer\"><\/div>\n\n<div class=\"wp-block-cover is-light\"><img decoding=\"async\" class=\"wp-block-cover__image-background wp-image-1719\" alt=\"Regalos para el padre que se viven juntos\" src=\"https:\/\/regalar-experiencias.zoodelpirineu.com\/wp-content\/uploads\/2023\/03\/Regalo-original-dia-de-padre.jpg\" style=\"object-position:21% 0%\" data-object-fit=\"cover\" data-object-position=\"21% 0%\"\/><span aria-hidden=\"true\" class=\"wp-block-cover__background has-background-dim\"><\/span><div class=\"wp-block-cover__inner-container is-layout-flow wp-block-cover-is-layout-flow\">\n<div class=\"wp-block-columns is-layout-flex wp-container-core-columns-is-layout-9d6595d7 wp-block-columns-is-layout-flex\">\n<div class=\"wp-block-column is-layout-flow wp-block-column-is-layout-flow\" style=\"flex-basis:33.33%\"><\/div>\n\n\n\n<div class=\"wp-block-column is-layout-flow wp-block-column-is-layout-flow\" style=\"flex-basis:66.66%\">\n<div style=\"height:100px\" aria-hidden=\"true\" class=\"wp-block-spacer\"><\/div>\n\n\n\n<p class=\"has-text-align-left has-base-3-color has-text-color has-large-font-size\">No busqueu m\u00e9s: aquest \u00e9s un d&#8217;aquells regals pel pare que es viuen de deb\u00f2. <\/p>\n\n\n\n<p class=\"has-text-align-left has-base-3-color has-text-color has-large-font-size\">Regala emoci\u00f3, connexi\u00f3\u2026 i un dia per recordar.<\/p>\n\n\n\n<div style=\"height:30px\" aria-hidden=\"true\" class=\"wp-block-spacer\"><\/div>\n\n\n\n<div class=\"wp-block-buttons is-layout-flex wp-block-buttons-is-layout-flex\">\n<div class=\"wp-block-button\"><a class=\"wp-block-button__link has-medium-font-size has-custom-font-size wp-element-button\" href=\"https:\/\/zoodelpirineu.com\/ca\/experiencies-per-regalar\/comprar-vals-regals\/\" style=\"border-radius:0px\">COMPRA EL MILLOR REGAL PEL TEU PARE<\/a><\/div>\n<\/div>\n<\/div>\n<\/div>\n\n\n\n<p><\/p>\n<\/div><\/div>\n","protected":false},"excerpt":{"rendered":"<p>Busques un regal pel teu pare? Quin millor regal hi ha que passar temps en fam\u00edlia creant records conjunts?<br \/>\nRegala-li l&#8217;experi\u00e8ncia mussols i viureu una experi\u00e8ncia \u00fanica tots plegats.<\/p>\n","protected":false},"author":1,"featured_media":1709,"parent":4790,"menu_order":0,"comment_status":"closed","ping_status":"open","template":"","meta":{"om_disable_all_campaigns":false,"_monsterinsights_skip_tracking":false,"_monsterinsights_sitenote_active":false,"_monsterinsights_sitenote_note":"","_monsterinsights_sitenote_category":0,"footnotes":""},"class_list":["post-3444","page","type-page","status-publish","has-post-thumbnail"],"aioseo_notices":[],"_links":{"self":[{"href":"https:\/\/zoodelpirineu.com\/ca\/wp-json\/wp\/v2\/pages\/3444","targetHints":{"allow":["GET"]}}],"collection":[{"href":"https:\/\/zoodelpirineu.com\/ca\/wp-json\/wp\/v2\/pages"}],"about":[{"href":"https:\/\/zoodelpirineu.com\/ca\/wp-json\/wp\/v2\/types\/page"}],"author":[{"embeddable":true,"href":"https:\/\/zoodelpirineu.com\/ca\/wp-json\/wp\/v2\/users\/1"}],"replies":[{"embeddable":true,"href":"https:\/\/zoodelpirineu.com\/ca\/wp-json\/wp\/v2\/comments?post=3444"}],"version-history":[{"count":6,"href":"https:\/\/zoodelpirineu.com\/ca\/wp-json\/wp\/v2\/pages\/3444\/revisions"}],"predecessor-version":[{"id":5860,"href":"https:\/\/zoodelpirineu.com\/ca\/wp-json\/wp\/v2\/pages\/3444\/revisions\/5860"}],"up":[{"embeddable":true,"href":"https:\/\/zoodelpirineu.com\/ca\/wp-json\/wp\/v2\/pages\/4790"}],"wp:featuredmedia":[{"embeddable":true,"href":"https:\/\/zoodelpirineu.com\/ca\/wp-json\/"}],"wp:attachment":[{"href":"https:\/\/zoodelpirineu.com\/ca\/wp-json\/wp\/v2\/media?parent=3444"}],"curies":[{"name":"wp","href":"https:\/\/api.w.org\/{rel}","templated":true}]}}