{"id":3447,"date":"2023-07-14T08:15:32","date_gmt":"2023-07-14T07:15:32","guid":{"rendered":"https:\/\/regalar-experiencias.zoodelpirineu.com\/experiencies-amb-animals-per-adolescents\/"},"modified":"2026-01-15T15:16:01","modified_gmt":"2026-01-15T14:16:01","slug":"regals-per-a-adolescents","status":"publish","type":"page","link":"https:\/\/zoodelpirineu.com\/ca\/experiencies-per-regalar\/regals-per-a-persones-especials\/regals-per-a-adolescents\/","title":{"rendered":"Regals per a adolescents que molen"},"content":{"rendered":"\n<div class=\"wp-block-cover is-light\"><img decoding=\"async\" class=\"wp-block-cover__image-background wp-image-1787\" alt=\"Regalos para adolescentes que molan\" src=\"https:\/\/regalar-experiencias.zoodelpirineu.com\/wp-content\/uploads\/2023\/07\/Regalar-experiencia-con-animales-para-adolescentes.jpg\" data-object-fit=\"cover\"\/><span aria-hidden=\"true\" class=\"wp-block-cover__background has-background-dim\"><\/span><div class=\"wp-block-cover__inner-container is-layout-flow wp-block-cover-is-layout-flow\">\n<div style=\"height:54px\" aria-hidden=\"true\" class=\"wp-block-spacer\"><\/div>\n\n\n\n<p class=\"has-text-align-center has-base-3-color has-text-color has-large-font-size\">Regals per a adolescents que els flipen de deb\u00f2<\/p>\n\n\n\n<p class=\"has-text-align-center has-base-3-color has-text-color has-large-font-size\">Aqu\u00ed tens experi\u00e8ncies que els emocionen, <strong>que comparteixen a les xarxes<\/strong>\u2026 i que et faran quedar com el pare o mare m\u00e9s cool del planeta.<\/p>\n<\/div><\/div>\n\n<div style=\"height:100px\" aria-hidden=\"true\" class=\"wp-block-spacer\"><\/div>\n\n<div class=\"wp-block-columns is-layout-flex wp-container-core-columns-is-layout-9d6595d7 wp-block-columns-is-layout-flex\">\n<div class=\"wp-block-column is-layout-flow wp-block-column-is-layout-flow\" style=\"flex-basis:25%\"><\/div>\n\n\n\n<div class=\"wp-block-column is-layout-flow wp-block-column-is-layout-flow\" style=\"flex-basis:50%\">\n<p class=\"has-text-align-center\">Trobar el regal perfecte per a un adolescent pot ser tot un repte. Vols que li encanti, que ho presumeixi, que digui: \u201cQuina passada!\u201d. <\/p>\n\n\n\n<p class=\"has-text-align-center\">Aqu\u00ed t&#8217;ajudem a encertar: et presentem regals per a adolescents que no nom\u00e9s s\u00f3n diferents, sin\u00f3 que els permeten <strong>viure una cosa \u00fanica, gravar-ho tot, pujar-ho a xarxes i fardar amb els amics<\/strong>.<\/p>\n<\/div>\n\n\n\n<div class=\"wp-block-column is-layout-flow wp-block-column-is-layout-flow\" style=\"flex-basis:25%\"><\/div>\n<\/div>\n\n<div style=\"height:100px\" aria-hidden=\"true\" class=\"wp-block-spacer\"><\/div>\n\n<h2 class=\"wp-block-heading has-text-align-center\">Quins s\u00f3n els regals per a adolescents m\u00e9s guais?<\/h2>\n\n<div class=\"wp-block-columns is-layout-flex wp-container-core-columns-is-layout-9d6595d7 wp-block-columns-is-layout-flex\">\n<div class=\"wp-block-column is-layout-flow wp-block-column-is-layout-flow\"><\/div>\n\n\n\n<div class=\"wp-block-column is-layout-flow wp-block-column-is-layout-flow\"><div class=\"wp-block-image\">\n<figure class=\"aligncenter size-full is-resized\"><img loading=\"lazy\" decoding=\"async\" width=\"320\" height=\"213\" src=\"https:\/\/zoodelpirineu.com\/wp-content\/uploads\/2025\/02\/OK-emoji.png\" alt=\"\" class=\"wp-image-2506\" style=\"width:auto;height:50px\" srcset=\"https:\/\/zoodelpirineu.com\/wp-content\/uploads\/2025\/02\/OK-emoji.png 320w, https:\/\/zoodelpirineu.com\/wp-content\/uploads\/2025\/02\/OK-emoji-300x200.png 300w\" sizes=\"auto, (max-width: 320px) 100vw, 320px\" \/><\/figure>\n<\/div>\n\n\n<p class=\"has-text-align-center has-medium-font-size\"><strong>Han de molar:<\/strong><\/p>\n\n\n\n<p class=\"has-text-align-center\">Alguna cosa que els doni adrenalina, que sigui diferent de tot all\u00f2 que han fet.<\/p>\n<\/div>\n\n\n\n<div class=\"wp-block-column is-layout-flow wp-block-column-is-layout-flow\"><div class=\"wp-block-image\">\n<figure class=\"aligncenter size-full is-resized\"><img loading=\"lazy\" decoding=\"async\" width=\"320\" height=\"213\" src=\"https:\/\/zoodelpirineu.com\/wp-content\/uploads\/2025\/02\/Inteligente-emoji.png\" alt=\"\" class=\"wp-image-2503\" style=\"width:auto;height:50px\" srcset=\"https:\/\/zoodelpirineu.com\/wp-content\/uploads\/2025\/02\/Inteligente-emoji.png 320w, https:\/\/zoodelpirineu.com\/wp-content\/uploads\/2025\/02\/Inteligente-emoji-300x200.png 300w\" sizes=\"auto, (max-width: 320px) 100vw, 320px\" \/><\/figure>\n<\/div>\n\n\n<p class=\"has-text-align-center has-medium-font-size\"><strong>Han de donar contingut \u00e8pic<\/strong>:<\/p>\n\n\n\n<p class=\"has-text-align-center\">Fotos i v\u00eddeos que pugen a xarxes socials\u2026 i es v\u00e9nen a dalt amb els likes, els missatges i els &#8216;quina passada&#8217;.<\/p>\n<\/div>\n\n\n\n<div class=\"wp-block-column is-layout-flow wp-block-column-is-layout-flow\"><div class=\"wp-block-image\">\n<figure class=\"aligncenter size-full is-resized\"><img loading=\"lazy\" decoding=\"async\" width=\"320\" height=\"213\" src=\"https:\/\/zoodelpirineu.com\/wp-content\/uploads\/2025\/02\/Muy-bien-emoji.png\" alt=\"\" class=\"wp-image-2499\" style=\"width:auto;height:50px\" srcset=\"https:\/\/zoodelpirineu.com\/wp-content\/uploads\/2025\/02\/Muy-bien-emoji.png 320w, https:\/\/zoodelpirineu.com\/wp-content\/uploads\/2025\/02\/Muy-bien-emoji-300x200.png 300w\" sizes=\"auto, (max-width: 320px) 100vw, 320px\" \/><\/figure>\n<\/div>\n\n\n<p class=\"has-text-align-center has-medium-font-size\"><strong>I, encara que no ho diguin&#8230;<\/strong><\/p>\n\n\n\n<p class=\"has-text-align-center\">Valoren molt passar temps amb tu i els agrada quan &#8220;t&#8217;ho curres per ells&#8221;.<\/p>\n<\/div>\n\n\n\n<div class=\"wp-block-column is-layout-flow wp-block-column-is-layout-flow\"><\/div>\n<\/div>\n\n<div style=\"height:100px\" aria-hidden=\"true\" class=\"wp-block-spacer\"><\/div>\n\n<h2 class=\"wp-block-heading has-text-align-center\">3 idees de regals per a adolescents que molen<\/h2>\n\n<p class=\"has-text-align-center\"><strong>Et proposem tres experi\u00e8ncies que els flipen<\/strong> als adolescents<br\/>perqu\u00e8 barregen <strong>emocions fortes, llibertat i moments que impressionen<\/strong> els altres de la seva edat.<\/p>\n\n<div class=\"wp-block-columns is-layout-flex wp-container-core-columns-is-layout-9d6595d7 wp-block-columns-is-layout-flex\">\n<div class=\"wp-block-column is-layout-flow wp-block-column-is-layout-flow\" style=\"flex-basis:10%\"><\/div>\n\n\n\n<div class=\"wp-block-column has-base-background-color has-background is-layout-flow wp-block-column-is-layout-flow\">\n<div class=\"wp-block-cover is-light has-custom-content-position is-position-bottom-center\"><img decoding=\"async\" class=\"wp-block-cover__image-background wp-image-1792\" alt=\"Experiencias con animales son regalos para adolescentes que reciben con ilusi\u00f3n.\" src=\"https:\/\/regalar-experiencias.zoodelpirineu.com\/wp-content\/uploads\/2023\/07\/Experiencia-animal-para-adolescentes.jpg\" data-object-fit=\"cover\"\/><span aria-hidden=\"true\" class=\"wp-block-cover__background has-background-dim\"><\/span><div class=\"wp-block-cover__inner-container is-layout-flow wp-block-cover-is-layout-flow\">\n<h3 class=\"wp-block-heading has-text-align-center has-base-3-color has-text-color has-large-font-size\">Experi\u00e8ncia Animal<\/h3>\n<\/div><\/div>\n\n\n\n<div style=\"height:20px\" aria-hidden=\"true\" class=\"wp-block-spacer\"><\/div>\n\n\n\n<p class=\"has-text-align-center\">Interactuen amb guineus, senglars i altres animals salvatges rescatats. Una connexi\u00f3 brutal amb la natura\u2026 i unes fotos que ho peten a Instagram. <\/p>\n\n\n\n<p class=\"has-text-align-center\">Durada 1 hora<\/p>\n\n\n\n<p class=\"has-text-align-center\"><strong>Preu per fam\u00edlia (m\u00e0xim de 5 persones<\/strong>): <strong>70\u20ac<\/strong><\/p>\n\n\n\n<div class=\"wp-block-buttons is-layout-flex wp-block-buttons-is-layout-flex\">\n<div class=\"wp-block-button has-custom-width wp-block-button__width-100\"><a class=\"wp-block-button__link wp-element-button\" href=\"https:\/\/zoodelpirineu.com\/ca\/experiencies-per-regalar\/comprar-vals-regals\/\" style=\"border-radius:0px\">Regalar Experi\u00e8ncia Animal<\/a><\/div>\n<\/div>\n<\/div>\n\n\n\n<div class=\"wp-block-column has-base-background-color has-background is-layout-flow wp-block-column-is-layout-flow\">\n<div class=\"wp-block-cover is-light has-custom-content-position is-position-bottom-center\"><img decoding=\"async\" class=\"wp-block-cover__image-background wp-image-1800\" alt=\"Regalos para adolescentes donde viven algo excepcional.\" src=\"https:\/\/regalar-experiencias.zoodelpirineu.com\/wp-content\/uploads\/2023\/07\/Exoperiencia-buhos.jpg\" data-object-fit=\"cover\"\/><span aria-hidden=\"true\" class=\"wp-block-cover__background has-background-dim\"><\/span><div class=\"wp-block-cover__inner-container is-layout-flow wp-block-cover-is-layout-flow\">\n<h3 class=\"wp-block-heading has-text-align-center has-base-3-color has-text-color has-large-font-size\">Experi\u00e8ncia Mussols<\/h3>\n<\/div><\/div>\n\n\n\n<div style=\"height:20px\" aria-hidden=\"true\" class=\"wp-block-spacer\"><\/div>\n\n\n\n<p class=\"has-text-align-center\">Fer volar el mussol m\u00e9s gran del m\u00f3n \u00e9s una passada que gaireb\u00e9 ning\u00fa no ha viscut. Els seus col\u00b7legues no s&#8217;ho creuran quan vegin el v\u00eddeo. <\/p>\n\n\n\n<p class=\"has-text-align-center\">Durada 1 hora i mitja<\/p>\n\n\n\n<p class=\"has-text-align-center\"><strong>Preu per fam\u00edlia (m\u00e0xim de 5 persones): <strong>120\u20ac<\/strong><\/strong><\/p>\n\n\n\n<div class=\"wp-block-buttons is-layout-flex wp-block-buttons-is-layout-flex\">\n<div class=\"wp-block-button has-custom-width wp-block-button__width-100\"><a class=\"wp-block-button__link wp-element-button\" href=\"https:\/\/zoodelpirineu.com\/ca\/experiencies-per-regalar\/comprar-vals-regals\/\" style=\"border-radius:0px\">Regalar Experi\u00e8ncia Mussols<\/a><\/div>\n<\/div>\n<\/div>\n\n\n\n<div class=\"wp-block-column has-base-background-color has-background is-layout-flow wp-block-column-is-layout-flow\">\n<div class=\"wp-block-cover is-light has-custom-content-position is-position-bottom-center\"><img decoding=\"async\" class=\"wp-block-cover__image-background wp-image-1797\" alt=\"Regalos para adolescentes que aman a los animales.\" src=\"https:\/\/regalar-experiencias.zoodelpirineu.com\/wp-content\/uploads\/2023\/07\/Curso-de-cetreria.jpg\" data-object-fit=\"cover\"\/><span aria-hidden=\"true\" class=\"wp-block-cover__background has-background-dim\"><\/span><div class=\"wp-block-cover__inner-container is-layout-flow wp-block-cover-is-layout-flow\">\n<h3 class=\"wp-block-heading has-text-align-center has-base-3-color has-text-color has-large-font-size\">Curs de falconeria<\/h3>\n<\/div><\/div>\n\n\n\n<div style=\"height:20px\" aria-hidden=\"true\" class=\"wp-block-spacer\"><\/div>\n\n\n\n<p class=\"has-text-align-center\"><strong>Nom\u00e9s per a adolescents que senten alguna cosa especial pels animals.<\/strong> Venen a connectar amb ells i a viure una cosa incre\u00efble.<\/p>\n\n\n\n<p class=\"has-text-align-center\">Durada 1 dia (6 hores)<\/p>\n\n\n\n<p class=\"has-text-align-center\"><strong>Preu per fam\u00edlia (m\u00e0xim 5 persones): 360\u20ac<\/strong><\/p>\n\n\n\n<p class=\"has-text-align-center\"> <strong>Preu en <strong>grup compartit amb altres visitants<\/strong><\/strong>: <strong>120\u20ac<\/strong><\/p>\n\n\n\n<div class=\"wp-block-buttons is-layout-flex wp-block-buttons-is-layout-flex\">\n<div class=\"wp-block-button has-custom-width wp-block-button__width-100\"><a class=\"wp-block-button__link wp-element-button\" href=\"https:\/\/zoodelpirineu.com\/ca\/experiencies-per-regalar\/comprar-vals-regals\/\" style=\"border-radius:0px\">Regalar Curs de falconeria<\/a><\/div>\n<\/div>\n<\/div>\n\n\n\n<div class=\"wp-block-column is-layout-flow wp-block-column-is-layout-flow\" style=\"flex-basis:10%\"><\/div>\n<\/div>\n\n<div style=\"height:100px\" aria-hidden=\"true\" class=\"wp-block-spacer\"><\/div>\n\n<div class=\"wp-block-columns is-layout-flex wp-container-core-columns-is-layout-9d6595d7 wp-block-columns-is-layout-flex\">\n<div class=\"wp-block-column is-layout-flow wp-block-column-is-layout-flow\" style=\"flex-basis:25%\"><\/div>\n\n\n\n<div class=\"wp-block-column is-layout-flow wp-block-column-is-layout-flow\" style=\"flex-basis:50%\">\n<p class=\"has-text-align-center\">Busques alguna cosa simb\u00f2lica en comptes d&#8217;una experi\u00e8ncia? Tamb\u00e9 pots regalar l&#8217;apadrinament d&#8217;un animal salvatge. <\/p>\n\n\n\n<div class=\"wp-block-buttons is-content-justification-center is-layout-flex wp-container-core-buttons-is-layout-16018d1d wp-block-buttons-is-layout-flex\">\n<div class=\"wp-block-button\"><a class=\"wp-block-button__link wp-element-button\" href=\"https:\/\/zoodelpirineu.com\/ca\/experiencies-per-regalar\/regalar-apadrinament-d-animals\/\">Regalar apadrinament d&#8217;un animal salvatge<\/a><\/div>\n<\/div>\n<\/div>\n\n\n\n<div class=\"wp-block-column is-layout-flow wp-block-column-is-layout-flow\" style=\"flex-basis:25%\"><\/div>\n<\/div>\n\n<div style=\"height:100px\" aria-hidden=\"true\" class=\"wp-block-spacer\"><\/div>\n\n<h2 class=\"wp-block-heading has-text-align-center\">Com es pot regalar una d&#8217;aquestes experi\u00e8ncies per a adolescents?<\/h2>\n\n<div class=\"wp-block-columns are-vertically-aligned-center is-layout-flex wp-container-core-columns-is-layout-9d6595d7 wp-block-columns-is-layout-flex\">\n<div class=\"wp-block-column is-vertically-aligned-center is-layout-flow wp-block-column-is-layout-flow\" style=\"flex-basis:15%\"><\/div>\n\n\n\n<div class=\"wp-block-column is-vertically-aligned-center is-layout-flow wp-block-column-is-layout-flow\"><div class=\"wp-block-image\">\n<figure class=\"aligncenter size-medium is-resized\"><img loading=\"lazy\" decoding=\"async\" width=\"300\" height=\"200\" src=\"https:\/\/zoodelpirineu.com\/wp-content\/uploads\/2025\/02\/OK-picto-300x200.png\" alt=\"\" class=\"wp-image-2700\" style=\"width:75px;height:56px\" srcset=\"https:\/\/zoodelpirineu.com\/wp-content\/uploads\/2025\/02\/OK-picto-300x200.png 300w, https:\/\/zoodelpirineu.com\/wp-content\/uploads\/2025\/02\/OK-picto.png 320w\" sizes=\"auto, (max-width: 300px) 100vw, 300px\" \/><\/figure>\n<\/div>\n\n\n<p class=\"has-text-align-center\">Entra a la p\u00e0gina de compra de vals regal.<\/p>\n\n\n\n<div class=\"wp-block-buttons is-layout-flex wp-block-buttons-is-layout-flex\">\n<div class=\"wp-block-button has-custom-width wp-block-button__width-100\"><a class=\"wp-block-button__link wp-element-button\" href=\"https:\/\/zoodelpirineu.com\/ca\/experiencies-per-regalar\/comprar-vals-regals\/\" style=\"border-radius:0px\">Comprar vals regal<\/a><\/div>\n<\/div>\n<\/div>\n\n\n\n<div class=\"wp-block-column is-vertically-aligned-center is-layout-flow wp-block-column-is-layout-flow\"><div class=\"wp-block-image\">\n<figure class=\"aligncenter size-medium is-resized\"><img loading=\"lazy\" decoding=\"async\" width=\"300\" height=\"200\" src=\"https:\/\/zoodelpirineu.com\/wp-content\/uploads\/2025\/02\/OK-picto-300x200.png\" alt=\"\" class=\"wp-image-2700\" style=\"width:75px;height:56px\" srcset=\"https:\/\/zoodelpirineu.com\/wp-content\/uploads\/2025\/02\/OK-picto-300x200.png 300w, https:\/\/zoodelpirineu.com\/wp-content\/uploads\/2025\/02\/OK-picto.png 320w\" sizes=\"auto, (max-width: 300px) 100vw, 300px\" \/><\/figure>\n<\/div>\n\n\n<p class=\"has-text-align-center\">Tria &#8220;experi\u00e8ncia en grup privat&#8221; o &#8220;cursos&#8221; si vols regalar Curs de falconeria.<\/p>\n<\/div>\n\n\n\n<div class=\"wp-block-column is-vertically-aligned-center is-layout-flow wp-block-column-is-layout-flow\"><div class=\"wp-block-image\">\n<figure class=\"aligncenter size-medium is-resized\"><img loading=\"lazy\" decoding=\"async\" width=\"300\" height=\"200\" src=\"https:\/\/zoodelpirineu.com\/wp-content\/uploads\/2025\/02\/OK-picto-300x200.png\" alt=\"\" class=\"wp-image-2700\" style=\"width:75px;height:50px\" srcset=\"https:\/\/zoodelpirineu.com\/wp-content\/uploads\/2025\/02\/OK-picto-300x200.png 300w, https:\/\/zoodelpirineu.com\/wp-content\/uploads\/2025\/02\/OK-picto.png 320w\" sizes=\"auto, (max-width: 300px) 100vw, 300px\" \/><\/figure>\n<\/div>\n\n\n<p class=\"has-text-align-center\">Omple el formulari i personalitza el teu val regal amb un missatge.<\/p>\n<\/div>\n\n\n\n<div class=\"wp-block-column is-vertically-aligned-center is-layout-flow wp-block-column-is-layout-flow\"><div class=\"wp-block-image\">\n<figure class=\"aligncenter size-medium is-resized\"><img loading=\"lazy\" decoding=\"async\" width=\"300\" height=\"200\" src=\"https:\/\/zoodelpirineu.com\/wp-content\/uploads\/2025\/02\/OK-picto-300x200.png\" alt=\"\" class=\"wp-image-2700\" style=\"width:75px;height:50px\" srcset=\"https:\/\/zoodelpirineu.com\/wp-content\/uploads\/2025\/02\/OK-picto-300x200.png 300w, https:\/\/zoodelpirineu.com\/wp-content\/uploads\/2025\/02\/OK-picto.png 320w\" sizes=\"auto, (max-width: 300px) 100vw, 300px\" \/><\/figure>\n<\/div>\n\n\n<p class=\"has-text-align-center\">El rebr\u00e0s per correu electr\u00f2nic en menys de 24h, llest per imprimir o enviar.<\/p>\n<\/div>\n\n\n\n<div class=\"wp-block-column is-vertically-aligned-center is-layout-flow wp-block-column-is-layout-flow\" style=\"flex-basis:15%\"><\/div>\n<\/div>\n\n<div style=\"height:100px\" aria-hidden=\"true\" class=\"wp-block-spacer\"><\/div>\n\n<h3 class=\"wp-block-heading has-text-align-center\">Quant de temps t\u00e9 l&#8217;adolescent per fer-lo servir?<\/h3>\n\n<div class=\"wp-block-columns is-layout-flex wp-container-core-columns-is-layout-9d6595d7 wp-block-columns-is-layout-flex\">\n<div class=\"wp-block-column is-layout-flow wp-block-column-is-layout-flow\" style=\"flex-basis:25%\"><\/div>\n\n\n\n<div class=\"wp-block-column is-layout-flow wp-block-column-is-layout-flow\" style=\"flex-basis:50%\">\n<p class=\"has-text-align-center\">El val regal t\u00e9 una validesa de <strong>12 mesos<\/strong> des de la data de compra.<br\/>Aix\u00ed pot triar el moment perfecte per gaudir-lo, sense presses ni pressions.<\/p>\n\n\n\n<p class=\"has-text-align-center\">Si tens m\u00e9s dubtes, consulta aqu\u00ed les nostres<\/p>\n\n\n\n<p class=\"has-text-align-center has-medium-font-size\"><a class=\"\" href=\"https:\/\/zoodelpirineu.com\/ca\/experiencies-per-regalar\/preguntes-frequents-vals-regal\/\"><strong>Preguntes freq\u00fcents sobre els vals regal<\/strong><\/a><\/p>\n<\/div>\n\n\n\n<div class=\"wp-block-column is-layout-flow wp-block-column-is-layout-flow\" style=\"flex-basis:25%\"><\/div>\n<\/div>\n\n<div style=\"height:100px\" aria-hidden=\"true\" class=\"wp-block-spacer\"><\/div>\n\n<div class=\"wp-block-cover\"><img decoding=\"async\" class=\"wp-block-cover__image-background wp-image-1826\" alt=\"Regalos para adolescentes \u00fanicos.\" src=\"https:\/\/regalar-experiencias.zoodelpirineu.com\/wp-content\/uploads\/2023\/07\/Regalar-experiencias-con-animales.jpg\" data-object-fit=\"cover\"\/><span aria-hidden=\"true\" class=\"wp-block-cover__background has-background-dim\"><\/span><div class=\"wp-block-cover__inner-container is-layout-flow wp-block-cover-is-layout-flow\">\n<p class=\"has-text-align-center has-large-font-size\">Els anys passen volant\u2026<br\/>Alguns <em>regals per a adolescents<\/em> no s&#8217;obliden mai.<br\/>Aquest pot ser el que recordi quan ja no sigui a casa.<\/p>\n<\/div><\/div>\n","protected":false},"excerpt":{"rendered":"<p>Regala-li a la teva filla o fill adolescent experi\u00e8ncies amb animals. Viur\u00e0 una aventura emocionant de trobades amb animals salvatges. \ud83e\udd8a\ud83e\udd89\ud83e\udd85\ud83d\udc17<\/p>\n","protected":false},"author":1,"featured_media":1793,"parent":4790,"menu_order":0,"comment_status":"closed","ping_status":"open","template":"","meta":{"om_disable_all_campaigns":false,"_monsterinsights_skip_tracking":false,"_monsterinsights_sitenote_active":false,"_monsterinsights_sitenote_note":"","_monsterinsights_sitenote_category":0,"footnotes":""},"class_list":["post-3447","page","type-page","status-publish","has-post-thumbnail"],"aioseo_notices":[],"_links":{"self":[{"href":"https:\/\/zoodelpirineu.com\/ca\/wp-json\/wp\/v2\/pages\/3447","targetHints":{"allow":["GET"]}}],"collection":[{"href":"https:\/\/zoodelpirineu.com\/ca\/wp-json\/wp\/v2\/pages"}],"about":[{"href":"https:\/\/zoodelpirineu.com\/ca\/wp-json\/wp\/v2\/types\/page"}],"author":[{"embeddable":true,"href":"https:\/\/zoodelpirineu.com\/ca\/wp-json\/wp\/v2\/users\/1"}],"replies":[{"embeddable":true,"href":"https:\/\/zoodelpirineu.com\/ca\/wp-json\/wp\/v2\/comments?post=3447"}],"version-history":[{"count":8,"href":"https:\/\/zoodelpirineu.com\/ca\/wp-json\/wp\/v2\/pages\/3447\/revisions"}],"predecessor-version":[{"id":5862,"href":"https:\/\/zoodelpirineu.com\/ca\/wp-json\/wp\/v2\/pages\/3447\/revisions\/5862"}],"up":[{"embeddable":true,"href":"https:\/\/zoodelpirineu.com\/ca\/wp-json\/wp\/v2\/pages\/4790"}],"wp:featuredmedia":[{"embeddable":true,"href":"https:\/\/zoodelpirineu.com\/ca\/wp-json\/wp\/v2\/media\/1793"}],"wp:attachment":[{"href":"https:\/\/zoodelpirineu.com\/ca\/wp-json\/wp\/v2\/media?parent=3447"}],"curies":[{"name":"wp","href":"https:\/\/api.w.org\/{rel}","templated":true}]}}