{"id":3729,"date":"2022-12-25T08:50:12","date_gmt":"2022-12-25T07:50:12","guid":{"rendered":"https:\/\/zoodelpirineu.com\/politica-de-compra\/"},"modified":"2025-10-22T15:46:01","modified_gmt":"2025-10-22T14:46:01","slug":"politica-de-compra","status":"publish","type":"page","link":"https:\/\/zoodelpirineu.com\/ca\/legal\/politica-de-compra\/","title":{"rendered":"Pol\u00edtica de compra"},"content":{"rendered":"\n<h2 class=\"wp-block-heading\">Objecte i descripci\u00f3 de la pol\u00edtica de compra<\/h2>\n\n<p>Aquestes condicions generals d&#8217;\u00fas i de contractaci\u00f3 tenen com a objecte regular la navegaci\u00f3 a trav\u00e9s de la Botiga en l\u00ednia i suposen l&#8217;acceptaci\u00f3 sense reserves per part de l&#8217;usuari de totes i cadascuna de les cl\u00e0usules descrites. <\/p>\n\n<p>El Zoo del Pirineu es reserva el dret a modificar aquestes condicions generals d&#8217;\u00fas i de contractaci\u00f3 en qualsevol moment i sense previ av\u00eds a l&#8217;usuari mitjan\u00e7ant la publicaci\u00f3 d&#8217;aquestes modificacions a trav\u00e9s del lloc web, sense perjudici d&#8217;assegurar el compliment dels contractes ja subscrits.<\/p>\n\n<p>La Fundaci\u00f3 Zoo del Pirineu es reserva el dret de modificar l&#8217;oferta comercial descrita al lloc web (productes, preus, promocions i altres condicions comercials i de servei). <\/p>\n\n<p>En cas que hi hagi errors o informaci\u00f3 inexacta al lloc web sobre qualsevol dels preus, dels productes o de la seva descripci\u00f3, i que hagin motivat de manera directa la contractaci\u00f3 de l&#8217;usuari, aquest tindr\u00e0 dret a revocar-ne la compra sense cap cost. <\/p>\n\n<p>Aquestes condicions generals de contractaci\u00f3 es complementen i formen part integrant dels Termes i condicions d&#8217;\u00fas i de contractaci\u00f3, aix\u00ed com de la <a href=\"https:\/\/zoodelpirineu.com\/ca\/legal\/politica-privadesa\/\" target=\"_blank\" rel=\"noopener\" title=\"Pol&#xED;tica Privadesa\">Pol\u00edtica de privadesa<\/a> i de protecci\u00f3 de dades de car\u00e0cter personal d&#8217;aquest lloc web (d&#8217;ara endavant Termes i condicions), aix\u00ed com tamb\u00e9 d&#8217;aquelles condicions particulars que, si escau, siguin aplicables.<\/p>\n\n<div style=\"height:100px\" aria-hidden=\"true\" class=\"wp-block-spacer\"><\/div>\n\n<h2 class=\"wp-block-heading\">Normativa aplicable<\/h2>\n\n<p>La prestaci\u00f3 de serveis del Zoo del Pirineu a trav\u00e9s de la seva p\u00e0gina web es regir\u00e0 i s&#8217;interpretar\u00e0 d&#8217;acord amb el que estableixen els Termes i condicions establerts o, si escau, d&#8217;acord amb les condicions particulars de contractaci\u00f3 establertes per a aquests efectes. Aix\u00ed mateix, se seguir\u00e0 el que no disposa aquest contracte en mat\u00e8ria d&#8217;interpretaci\u00f3, validesa i execuci\u00f3, d&#8217;acord amb les disposicions normatives espanyoles vigents i aplicables en aquesta mat\u00e8ria, amb especial atenci\u00f3 a la normativa de protecci\u00f3 dels consumidors i usuaris. <\/p>\n\n<h3 class=\"wp-block-heading\">Marc legal<\/h3>\n\n<p>Els Termes i les condicions han estat elaborats pel Zoo del Pirineu d&#8217;acord amb la normativa d&#8217;aplicaci\u00f3, en especial, d&#8217;acord amb:<\/p>\n\n<ul class=\"wp-block-list\">\n<li>El <a href=\"https:\/\/www.boe.es\/buscar\/doc.php?id=DOUE-L-2016-80807\" target=\"_blank\" rel=\"noopener\" title=\"Reglament (UE) 2016\/679 de 27 d'abril de 2016 (RGPD)\">Reglament (UE) 2016\/679 de 27 d&#8217;abril de 2016 (RGPD)<\/a><\/li>\n\n\n\n<li>La <a href=\"https:\/\/www.boe.es\/buscar\/act.php?id=BOE-A-1999-23750\" target=\"_blank\" rel=\"noopener\" title=\"la Llei org&#xE0;nica 15\/1999, de 13 de desembre (LOPD)\">Llei org\u00e0nica 15\/1999, de 13 de desembre (LOPD)<\/a>, de protecci\u00f3 de dades de car\u00e0cter personal<\/li>\n\n\n\n<li>El <a href=\"https:\/\/www.boe.es\/buscar\/act.php?id=BOE-A-2008-979\" target=\"_blank\" rel=\"noopener\" title=\"Reial decret 1720\/2007, de 21 de desembre\">Reial decret 1720\/2007, de 21 de desembre<\/a>, pel qual s&#8217;aprova el Reglament de mesures de seguretat dels fitxers automatitzats que continguin dades de car\u00e0cter personal<\/li>\n\n\n\n<li>La <a href=\"https:\/\/www.boe.es\/buscar\/act.php?id=BOE-A-2002-13758\" target=\"_blank\" rel=\"noopener\" title=\"la Llei 34\/2002, de l'11 de juliol\">Llei 34\/2002, de l&#8217;11 de juliol<\/a>, de serveis de la societat de la informaci\u00f3 i del comer\u00e7 electr\u00f2nic<\/li>\n\n\n\n<li>La <a href=\"https:\/\/www.boe.es\/buscar\/doc.php?id=BOE-A-1996-1072\" target=\"_blank\" rel=\"noopener\" title=\"la Llei 7\/1996, de 15 de gener\">Llei 7\/1996, de 15 de gener<\/a>, d&#8217;ordenaci\u00f3 del comer\u00e7 minorista<\/li>\n\n\n\n<li>El <a href=\"https:\/\/www.boe.es\/buscar\/doc.php?id=BOE-A-2007-20555\" target=\"_blank\" rel=\"noopener\" title=\"Reial decret legislatiu 1\/2007, de 16 de novembre\">Reial decret legislatiu 1\/2007, de 16 de novembre<\/a>, pel qual s&#8217;aprova el text ref\u00f3s de la Llei general per a la defensa dels consumidors i usuaris, entre altres lleis complement\u00e0ries.<\/li>\n<\/ul>\n\n<p>Tant l&#8217;acc\u00e9s i la navegaci\u00f3 com la contractaci\u00f3 de qualsevol dels productes oferts pel Zoo del Pirineu al lloc web requereixen, i per tant impliquen, l&#8217;acceptaci\u00f3 expressa dels Termes i condicions sense reserves per part de l&#8217;usuari, sigui o no un usuari registrat al lloc web del Zoo del Pirineu.<\/p>\n\n<div style=\"height:100px\" aria-hidden=\"true\" class=\"wp-block-spacer\"><\/div>\n\n<h2 class=\"wp-block-heading\">Obligacions pr\u00e8vies a l&#8217;inici de la compra<\/h2>\n\n<p>Per accedir a la contractaci\u00f3 o a la utilitzaci\u00f3 dels productes i\/o serveis que s&#8217;ofereixen en aquest lloc web, l&#8217;usuari n&#8217;ha de tenir coneixement amb car\u00e0cter previ i, si escau, acceptar les condicions generals de contractaci\u00f3, les quals s\u00f3n accessibles en tot moment des d&#8217;aquesta p\u00e0gina web per ser impreses i\/o emmagatzemades per l&#8217;usuari.<\/p>\n\n<h3 class=\"wp-block-heading\">Identificaci\u00f3 de les parts contractants<\/h3>\n\n<p>Estas condiciones generales de contrataci\u00f3n de los productos y de los servicios ofrecidos en el sitio web de la Fundaci\u00f3 Zoo del Pirineu (<a href=\"https:\/\/zoodelpirineu.com\/ca\/\">https:\/\/zoodelpirineu.com\/<\/a>) est\u00e1n suscritas por una parte por la Fundaci\u00f3 Zoo del Pirineu, con domicilio en Ctra. L-401, km 35,6, 25283 Od\u00e8n (Espa\u00f1a), y con CIF G25844416, y, por la otra, por el comprador de la entrada (el usuario), cuyos datos son los que este ha facilitado en el sitio web con la finalidad de comprar las entradas o otros productos.<\/p>\n\n<p>S&#8217;ent\u00e9n com a usuari qualsevol persona f\u00edsica o jur\u00eddica que adquireixi, utilitzi o gaudeixi de qualsevol dels productes o serveis oferts per la Fundaci\u00f3 Zoo del Pirineu o per intermediaci\u00f3 del lloc web o que es registri com a usuari del lloc web.<\/p>\n\n<p>Les parts es comprometen a complir les obligacions legals i contractuals generades en virtut d&#8217;aquest contracte. <\/p>\n\n<p>Si una part no compleix alguna de les seves obligacions o pret\u00e9n obstaculitzar el compliment per part de l&#8217;altra, aquella generar\u00e0 el dret a reclamar una indemnitzaci\u00f3 per danys i perjudicis, tant per dany emergent com per lucre cessant segons la legislaci\u00f3 vigent. <\/p>\n\n<div style=\"height:30px\" aria-hidden=\"true\" class=\"wp-block-spacer\"><\/div>\n\n<h3 class=\"wp-block-heading\">Obligacions del comprador<\/h3>\n\n<p>Quan l&#8217;usuari omple les dades incloses als formularis d&#8217;aquest lloc web s&#8217;ent\u00e9n que accepta l&#8217;obligaci\u00f3 de facilitar dades veritables, exactes i completes sobre la seva identitat i legitimitat.<\/p>\n\n<p>Accepta i ent\u00e9n que recaigui directament i exclusivament sobre ell mateix la responsabilitat de l&#8217;autenticitat, l&#8217;exactitud, la vig\u00e8ncia i la veracitat de les dades facilitades, ja que el Zoo del Pirineu no t\u00e9 mitjans per verificar la identitat de l&#8217;usuari.<\/p>\n\n<p>Reconeix ser m\u00e9s gran i que t\u00e9 la capacitat jur\u00eddica i d&#8217;obrar necess\u00e0ries per adquirir els productes oferts pel Zoo del Pirineu o per intermediaci\u00f3 del Zoo del Pirineu al lloc web.<\/p>\n\n<p>Ent\u00e9n i accepta que aquestes dades s\u00f3n necess\u00e0ries per a la prestaci\u00f3 dels serveis o pel subministrament dels productes contractats o subscrits a trav\u00e9s del lloc web. <\/p>\n\n<p>En cas que l&#8217;usuari faciliti qualsevol dada falsa, inexacta o incompleta, o si el Zoo del Pirineu t\u00e9 motius fonamentals per dubtar de la veracitat, exactitud i integritat d&#8217;aquestes dades, el Zoo del Pirineu podr\u00e0 denegar-li l&#8217;acc\u00e9s i\/o \u00fas present i\/o futur del lloc web o de qualsevol dels seus continguts.<\/p>\n\n<p>L&#8217;usuari haur\u00e0 d&#8217;actuar lleialment i de bona fe, aix\u00ed com proporcionar dades veritables i exactes en totes les relacions amb el prestador del servei i abonar les quantitats corresponents a les operacions realitzades i les despeses d&#8217;enviament en el temps i la manera que indiqui el Zoo del Pirineu en cada cas.<\/p>\n\n<div style=\"height:30px\" aria-hidden=\"true\" class=\"wp-block-spacer\"><\/div>\n\n<h3 class=\"wp-block-heading\">Obligacions del prove\u00efdor<\/h3>\n\n<p>\u00c9s obligaci\u00f3 del Zoo del Pirineu que els continguts, les dades o les informacions respecte als productes oferts al vostre lloc web siguin fiables, veritables i exactes. Es fa responsable dels preus i de les caracter\u00edstiques que s&#8217;hi anuncien. <\/p>\n\n<p>Tots els productes tenen els terminis de garantia legalment reconeguts. <\/p>\n\n<p>En el cas d&#8217;indisponibilitat del producte o d&#8217;impossibilitat de lliurament per for\u00e7a major, per robatori o per p\u00e8rdua de les dades facilitades pel client, el Zoo del Pirineu no en ser\u00e0 responsable.<\/p>\n\n<p>El Zoo del Pirineu posar\u00e0 tots els esfor\u00e7os comercials i t\u00e8cnics al vostre abast per mantenir disponibles els seus serveis mitjan\u00e7ant el lloc web. Tot i aix\u00f2, aquesta obligaci\u00f3 no s&#8217;aplicar\u00e0 per a qualsevol disponibilitat o de rendiment que sigui provocada per: <\/p>\n\n<ul class=\"wp-block-list\">\n<li>Inactivitat temporal del lloc web degut a l&#8217;actualitzaci\u00f3 i\/o al manteniment t\u00e8cnic.<\/li>\n\n\n\n<li>Causes alienes al control per part del Zoo del Pirineu com a for\u00e7a major, problemes d&#8217;acc\u00e9s a Internet, problemes tecnol\u00f2gics m\u00e9s enll\u00e0 de la gesti\u00f3 diligent i raonable del titular del lloc web, accions o omissions de tercers, etc.<\/li>\n<\/ul>\n\n<p>Sempre que els casos a qu\u00e8 s&#8217;ha fet refer\u00e8ncia siguin aliens al control i a la dilig\u00e8ncia del titular, no correspondr\u00e0 al Zoo del Pirineu indemnitzar el client per lucre cessant, danys o perjudicis.<\/p>\n\n<p>En cas de tancament o de suspensi\u00f3 del lloc web s&#8217;informar\u00e0 el client del trasllat del servei a un nou domini.<\/p>\n\n<div style=\"height:100px\" aria-hidden=\"true\" class=\"wp-block-spacer\"><\/div>\n\n<h2 class=\"wp-block-heading\">Proc\u00e9s de compra<\/h2>\n\n<h3 class=\"wp-block-heading\">Altes als serveis del Zoo del Pirineu<\/h3>\n\n<p>Per accedir als productes per als quals cal recopilar les dades de car\u00e0cter personal s&#8217;ent\u00e9n que, en completar i enviar qualsevol formulari incorporat al lloc web, l&#8217;usuari facilita les seves dades personals lliurement i volunt\u00e0riament. Consenteix i autoritza expressament que el Zoo del Pirineu els reculli i els tracti de manera automatitzada, ja que s\u00f3n necessaris per dur a terme les finalitats i els objectius que es detallen als Termes i condicions. <\/p>\n\n<div style=\"height:30px\" aria-hidden=\"true\" class=\"wp-block-spacer\"><\/div>\n\n<h3 class=\"wp-block-heading\">Protecci\u00f3, recollida i tractament de les dades de car\u00e0cter personal del comprador<\/h3>\n\n<p>El Zoo del Pirineu manifesta que les dades de car\u00e0cter personal facilitades per l&#8217;usuari seran tractades d&#8217;acord amb les disposicions normatives vigents esmentades a l&#8217;apartat anterior.<\/p>\n\n<p>Podeu accedir a m\u00e9s informaci\u00f3 mitjan\u00e7ant l&#8217;enlla\u00e7 seg\u00fcent: <a href=\"https:\/\/zoodelpirineu.com\/ca\/legal\/politica-privadesa\/\" target=\"_blank\" rel=\"noopener\" title=\"\">https:\/\/zoodelpirineu.com\/politica-privacidad\/<\/a>.<\/p>\n\n<p>En qualsevol moment, l&#8217;usuari podr\u00e0 exercir els drets d&#8217;acc\u00e9s, rectificaci\u00f3, oposici\u00f3, limitaci\u00f3 i, si escau, cancel\u00b7laci\u00f3, comunicant-ho per escrit amb indicaci\u00f3 de les dades a Fundaci\u00f3 Zoo del Pirineu, Ctra. L-401, km 35,6 25283 Od\u00e8n (Espanya), o enviant un correu electr\u00f2nic a <a href=\"mailto:zoopirineu@gmail.com\">zoopirineu@gmail.com<\/a>. <\/p>\n\n<p>Si l&#8217;usuari considera que el tractament no s&#8217;ajusta a la normativa vigent podr\u00e0 presentar una reclamaci\u00f3 davant de l&#8217;autoritat de control a <a href=\"http:\/\/www.agpd.es\/\">www.agpd.es<\/a>.<\/p>\n\n<div style=\"height:30px\" aria-hidden=\"true\" class=\"wp-block-spacer\"><\/div>\n\n<h3 class=\"wp-block-heading\">Idioma<\/h3>\n\n<p>L&#8217;idioma en qu\u00e8 es tramitar\u00e0 el procediment de contractaci\u00f3 i en qu\u00e8 es formalitzar\u00e0 el contracte ser\u00e0 el catal\u00e0, el castell\u00e0 o l&#8217;angl\u00e8s segons l&#8217;idioma que esculli l&#8217;usuari, sense perjudici del compliment de les obligacions derivades de la normativa en mat\u00e8ria de pol\u00edtica ling\u00fc\u00edstica i de protecci\u00f3 dels consumidors i usuaris de les diferents comunitats aut\u00f2nomes espanyoles.<\/p>\n\n<div style=\"height:30px\" aria-hidden=\"true\" class=\"wp-block-spacer\"><\/div>\n\n<h3 class=\"wp-block-heading\">Tarifes i tipologies de pagament<\/h3>\n\n<p>Les tarifes dels productes oferts al lloc web s&#8217;expressen en euros i inclouen l&#8217;IVA corresponent. <\/p>\n\n<p>Els preus vigents en el moment de la contractaci\u00f3 dels productes del Zoo del Pirineu es podran consultar al lloc web durant el procediment de contractaci\u00f3 dels serveis. Amb posterioritat aquestes dades seran disponibles per a la consulta al correu electr\u00f2nic de confirmaci\u00f3 de la compra. <\/p>\n\n<p>Els pagaments de les operacions realitzades a trav\u00e9s del portal web es podran efectuar a trav\u00e9s dels mitjans de pagament seg\u00fcents:<\/p>\n\n<ul class=\"wp-block-list\">\n<li>Visa<\/li>\n\n\n\n<li>Mastercard<\/li>\n\n\n\n<li>Maestro<\/li>\n\n\n\n<li>PayPal<\/li>\n\n\n\n<li>Transfer\u00e8ncia banc\u00e0ria<\/li>\n\n\n\n<li>BIZUM<\/li>\n\n\n\n<li>Recibo bancario SEPA<\/li>\n<\/ul>\n\n<p>La compra ser\u00e0 efectiva per al Zoo del Pirineu un cop rebi la confirmaci\u00f3 de la compra per part de l&#8217;entitat banc\u00e0ria.<\/p>\n\n<p>Si el proc\u00e9s de compra s&#8217;interromp per qualsevol motiu o si l&#8217;import satisfet no arriba a la quantitat corresponent (incloent-hi les despeses de gesti\u00f3 i les comissions banc\u00e0ries), el Zoo del Pirineu suspendr\u00e0 el proc\u00e9s informant el client.<\/p>\n\n<div style=\"height:30px\" aria-hidden=\"true\" class=\"wp-block-spacer\"><\/div>\n\n<h3 class=\"wp-block-heading\">Drets de desistiment<\/h3>\n\n<p>L&#8217;usuari t\u00e9 garantit per llei el dret de desistir del contracte de compra, sense indicar-ne el motiu, durant 14 dies naturals des del dia en qu\u00e8 rep el producte\/les entrades. Per cancel\u00b7lar una compra durant el per\u00edode de reflexi\u00f3 de 14 dies, l&#8217;usuari ha d&#8217;enviar un correu electr\u00f2nic a <a href=\"mailto:zoopirineu@gmail.com\">zoopirineu@gmail.com<\/a> o trucar al +34 610 750 224. <\/p>\n\n<div style=\"height:60px\" aria-hidden=\"true\" class=\"wp-block-spacer\"><\/div>\n\n<div class=\"wp-block-cover\"><span aria-hidden=\"true\" class=\"wp-block-cover__background has-contrast-2-background-color has-background-dim-100 has-background-dim\"><\/span><div class=\"wp-block-cover__inner-container is-layout-flow wp-block-cover-is-layout-flow\">\n<h2 class=\"wp-block-heading\">Pol\u00edtica de compra d&#8217;entrades<\/h2>\n\n\n\n<p>Aquestes condicions espec\u00edfiques regulen el registre, l&#8217;acc\u00e9s i l&#8217;\u00fas dels serveis prestats a l&#8217;usuari per part del Zoo del Pirineu, com a prestador del servei.<\/p>\n\n\n\n<p>El client ha de comprovar que l&#8217;entrada que heu adquirit \u00e9s la que voleu (horari, dia, espectacle, entre altres dades). No cal imprimir l&#8217;entrada en paper. A la taquilla del zoo es poden ensenyar les entrades des de la pantalla del tel\u00e8fon m\u00f2bil.  <\/p>\n\n\n\n<p>La revenda il\u00b7legal d&#8217;una entrada constitueix una causa per a la confiscaci\u00f3 o cancel\u00b7laci\u00f3 d&#8217;aquesta entrada sense devolucions ni cap altre tipus de compensaci\u00f3.<\/p>\n\n\n\n<h3 class=\"wp-block-heading\">Prestaci\u00f3 del servei<\/h3>\n\n\n\n<p>El Zoo del Pirineu es reserva el dret d&#8217;admissi\u00f3.<\/p>\n\n\n\n<p>Alhora, el Zoo del Pirineu es reserva el dret d&#8217;expulsar del recinte qui no compleixi <a href=\"https:\/\/visitar.zoodelpirineu.com\/es\/normas-del-zoo-de-los-pirineos\/\" target=\"_blank\" rel=\"noopener\" title=\"Les Normes del Zoo\">les normes del zoo<\/a> o es desentengui de les indicacions efectuades pel personal de l&#8217;organitzaci\u00f3.<\/p>\n\n\n\n<div class=\"wp-block-buttons is-layout-flex wp-block-buttons-is-layout-flex\">\n<div class=\"wp-block-button\"><a class=\"wp-block-button__link wp-element-button\" href=\"https:\/\/visitar.zoodelpirineu.com\/ca\/normes-del-zoo-del-pirineu\/\" style=\"border-radius:0px\" target=\"_blank\" rel=\"noreferrer noopener\">Normes del Zoo del Pirineu<\/a><\/div>\n<\/div>\n\n\n\n<div style=\"height:20px\" aria-hidden=\"true\" class=\"wp-block-spacer\"><\/div>\n\n\n\n<p>El Zoo del Pirineu no es fa responsable del mal \u00fas de les seves instal\u00b7lacions. La Fundaci\u00f3 no es far\u00e0 responsable de cap p\u00e8rdua, robatori o dany dels objectes personals de l&#8217;usuari durant la seva estada a la instal\u00b7laci\u00f3, llevat que l&#8217;actuaci\u00f3 estigui fora del control de la Fundaci\u00f3 Zoo del Pirineu. <\/p>\n\n\n\n<p>Es prohibeix l&#8217;entrada al recinte a menors de 18 anys sense que aquests vagin acompanyats per persones majors d&#8217;edat.<\/p>\n\n\n\n<p>Es prohibeix l&#8217;entrada al recinte de qualsevol objecte o producte que el Zoo del Pirineu consideri perill\u00f3s o que estiguin prohibits per la normativa vigent. A aquest efecte, i d&#8217;acord amb la Llei, el portador de l&#8217;entrada autoritza el Zoo del Pirineu a efectuar les revisions o registres de persona i de pertinences necessaris per verificar que es compleixin les condicions d&#8217;acc\u00e9s. <\/p>\n\n\n\n<h3 class=\"wp-block-heading\">Modificaci\u00f3 o suspensi\u00f3 de les activitats<\/h3>\n\n\n\n<p>Si les circumst\u00e0ncies ho exigeixen, el Zoo del Pirineu es reserva el dret de modificar les dades, els horaris, els programes o els animals anunciats, aix\u00ed com decretar la suspensi\u00f3 de l&#8217;espectacle.<\/p>\n\n\n\n<p>Els canvis que es produeixin amb posterioritat a la data d&#8217;inici de la venda competeixen exclusivament al Promotor de l&#8217;esdeveniment. Un cop coneguts, el Zoo del Pirineu enviar\u00e0 un correu electr\u00f2nic a l&#8217;adre\u00e7a de correu indicada pels usuaris al moment de la compra detallant aquests canvis. El Zoo del Pirineu tamb\u00e9 anunciar\u00e0 aquests canvis a la seva web perqu\u00e8 els usuaris i compradors estiguin informats.  <\/p>\n\n\n\n<p>En cas de suspensi\u00f3 d&#8217;una funci\u00f3, es poden canviar les entrades per:<\/p>\n\n\n\n<ul class=\"wp-block-list\">\n<li>Un altre dia<\/li>\n\n\n\n<li>Una altra activitat<\/li>\n\n\n\n<li>Producte\/s de la botiga solid\u00e0ria<\/li>\n\n\n\n<li>Demanar que es tornin els diners<\/li>\n<\/ul>\n\n\n\n<p>El termini m\u00e0xim per gestionar els canvis i les devolucions \u00e9s de 60 dies des de la data de la suspensi\u00f3.<\/p>\n\n\n\n<div class=\"wp-block-buttons is-layout-flex wp-block-buttons-is-layout-flex\">\n<div class=\"wp-block-button\"><a class=\"wp-block-button__link wp-element-button\" href=\"https:\/\/zoodelpirineu.com\/ca\/politica-de-devolucions\/\" style=\"border-radius:0px\">Pol\u00edtica de devoluci\u00f3 i canvi de dia<\/a><\/div>\n<\/div>\n\n\n\n<div style=\"height:30px\" aria-hidden=\"true\" class=\"wp-block-spacer\"><\/div>\n\n\n\n<h3 class=\"wp-block-heading\">Proc\u00e9s de compra d&#8217;entrades<\/h3>\n\n\n\n<p>D&#8217;acord amb l&#8217;article 23 de la Llei 34\/2002, de l&#8217;11 de juliol, de serveis de la societat de la informaci\u00f3 i de comer\u00e7 electr\u00f2nic, els contractes signats per via electr\u00f2nica seran plenament efectius i estaran previstos per l&#8217;ordenament jur\u00eddic, sempre que hi concorri el consentiment i les altres exig\u00e8ncies per validar-los. <\/p>\n\n\n\n<p>Aquestes condicions de contractaci\u00f3 estan a disposici\u00f3 de tots els clients del Zoo del Pirineu de manera lliure i gratu\u00efta.<\/p>\n\n\n\n<p>Es considera que la compra es fa efectiva en el moment en qu\u00e8 el client fa clic al bot\u00f3 Compra. En aquest moment, s&#8217;ent\u00e9n que el seguiment de totes les fases del procediment de contractaci\u00f3 electr\u00f2nica i la inclusi\u00f3 de totes les dades sol\u00b7licitades suposa una manifestaci\u00f3 clara i directa de la voluntat del client d&#8217;acceptar les condicions generals de contractaci\u00f3. <\/p>\n\n\n\n<p>El Zoo del Pirineu, com a prestador de serveis de la Fundaci\u00f3 Zoo del Pirineu, emmagatzemar\u00e0 en un suport durador el document electr\u00f2nic en qu\u00e8 es formalitzar\u00e0 el contracte, al qual l&#8217;usuari podr\u00e0 accedir mitjan\u00e7ant l&#8217;enlla\u00e7 que se li facilitar\u00e0 al correu electr\u00f2nic de confirmaci\u00f3 que podr\u00e0 ser impr\u00e8s.<\/p>\n\n\n\n<p>Una entrada no podr\u00e0 ser utilitzada per a publicitat, promocions, concursos o apostes, llevat que l&#8217;empresa promotora de l&#8217;esdeveniment concedeixi una autoritzaci\u00f3 formal per escrit. <\/p>\n\n\n\n<p>L&#8217;\u00fas de les marques comercials o de qualsevol altra propietat intel\u00b7lectual del Zoo del Pirineu tamb\u00e9 estar\u00e0 subjecte al consentiment expr\u00e9s del Zoo del Pirineu.<\/p>\n\n\n\n<p>Les entrades es poden restringir a un nombre m\u00e0xim de persones o a una edat m\u00ednima. En cas de fer compres contravenint aquestes normes, l&#8217;empresa es reserva el dret de cancel\u00b7lar aquestes entrades. <\/p>\n<\/div><\/div>\n\n<div style=\"height:100px\" aria-hidden=\"true\" class=\"wp-block-spacer\"><\/div>\n\n<h2 class=\"wp-block-heading\">Tribunals competents<\/h2>\n\n<p>Les dues parts es regeixen per les lleis de l&#8217;Estat espanyol i se sotmeten a la jurisdicci\u00f3 dels jutjats i tribunals competents de la ciutat de Solsona.<\/p>\n","protected":false},"excerpt":{"rendered":"<p>Objecte i descripci\u00f3 de la pol\u00edtica de compra Aquestes condicions generals d&#8217;\u00fas i de contractaci\u00f3 tenen com a objecte regular la navegaci\u00f3 a trav\u00e9s de &#8230; <\/p>\n<p class=\"read-more-container\"><a title=\"Pol\u00edtica de compra\" class=\"read-more button\" href=\"https:\/\/zoodelpirineu.com\/ca\/legal\/politica-de-compra\/#more-3729\" aria-label=\"M\u00e9s informaci\u00f3 sobre Pol\u00edtica de compra\">Read more<\/a><\/p>\n","protected":false},"author":1,"featured_media":0,"parent":3889,"menu_order":0,"comment_status":"closed","ping_status":"closed","template":"","meta":{"om_disable_all_campaigns":false,"_monsterinsights_skip_tracking":false,"_monsterinsights_sitenote_active":false,"_monsterinsights_sitenote_note":"","_monsterinsights_sitenote_category":0,"footnotes":""},"class_list":["post-3729","page","type-page","status-publish"],"aioseo_notices":[],"_links":{"self":[{"href":"https:\/\/zoodelpirineu.com\/ca\/wp-json\/wp\/v2\/pages\/3729","targetHints":{"allow":["GET"]}}],"collection":[{"href":"https:\/\/zoodelpirineu.com\/ca\/wp-json\/wp\/v2\/pages"}],"about":[{"href":"https:\/\/zoodelpirineu.com\/ca\/wp-json\/wp\/v2\/types\/page"}],"author":[{"embeddable":true,"href":"https:\/\/zoodelpirineu.com\/ca\/wp-json\/wp\/v2\/users\/1"}],"replies":[{"embeddable":true,"href":"https:\/\/zoodelpirineu.com\/ca\/wp-json\/wp\/v2\/comments?post=3729"}],"version-history":[{"count":2,"href":"https:\/\/zoodelpirineu.com\/ca\/wp-json\/wp\/v2\/pages\/3729\/revisions"}],"predecessor-version":[{"id":5390,"href":"https:\/\/zoodelpirineu.com\/ca\/wp-json\/wp\/v2\/pages\/3729\/revisions\/5390"}],"up":[{"embeddable":true,"href":"https:\/\/zoodelpirineu.com\/ca\/wp-json\/wp\/v2\/pages\/3889"}],"wp:attachment":[{"href":"https:\/\/zoodelpirineu.com\/ca\/wp-json\/wp\/v2\/media?parent=3729"}],"curies":[{"name":"wp","href":"https:\/\/api.w.org\/{rel}","templated":true}]}}