{"id":3889,"date":"2025-03-30T04:41:55","date_gmt":"2025-03-30T03:41:55","guid":{"rendered":"https:\/\/zoodelpirineu.com\/legal\/"},"modified":"2025-08-22T05:28:36","modified_gmt":"2025-08-22T04:28:36","slug":"legal","status":"publish","type":"page","link":"https:\/\/zoodelpirineu.com\/ca\/legal\/","title":{"rendered":"Legal"},"content":{"rendered":"\n<h2 class=\"wp-block-heading\">Informaci\u00f3 Legal i Pol\u00edtiques del Zoo del Pirineu<\/h2>\n\n<p>Al Zoo del Pirineu ens prenem molt seriosament la transpar\u00e8ncia, la protecci\u00f3 de les teves dades i el compliment de la normativa vigent. A continuaci\u00f3 trobar\u00e0s totes les nostres pol\u00edtiques legals i condicions generals, organitzades perqu\u00e8 puguis consultar-les f\u00e0cilment. <\/p>\n\n<h3 class=\"wp-block-heading\"><a href=\"https:\/\/zoodelpirineu.com\/ca\/legal\/transparencia-i-documents-legals\/\" title=\"Transpar&#xE8;ncia i documents legals\">Transpar\u00e8ncia i documents legals<\/a><\/h3>\n\n<p>Consulta els informes econ\u00f2mics, els estatuts i la documentaci\u00f3 legal. La confian\u00e7a es construeix amb fets. <\/p>\n\n<h3 class=\"wp-block-heading\"><a href=\"https:\/\/zoodelpirineu.com\/aviso-legal\/\" title=\"Av&#xED;s legal\">Av\u00eds legal<\/a><\/h3>\n\n<p>Coneixeu qui som, la nostra ra\u00f3 social, els drets d&#8217;autor sobre els continguts d&#8217;aquesta web i les condicions generals d&#8217;\u00fas del lloc.<\/p>\n\n<h3 class=\"wp-block-heading\"><a href=\"https:\/\/zoodelpirineu.com\/ca\/legal\/politica-privadesa\/\" title=\"Pol&#xED;tica Privadesa\">Pol\u00edtica de privadesa<\/a><\/h3>\n\n<p>Us expliquem com protegim les teves dades personals i en quins casos s&#8217;utilitzen, complint amb el Reglament General de Protecci\u00f3 de Dades (RGPD).<\/p>\n\n<h3 class=\"wp-block-heading\"><a href=\"https:\/\/zoodelpirineu.com\/politica-de-compra\/\" title=\"Pol&#xED;tica de compra\">Pol\u00edtica de compra<\/a><\/h3>\n\n<p>Condicions que apliquen a la compra d&#8217;entrades, experi\u00e8ncies i productes a la nostra web, incloent formes de pagament i confirmaci\u00f3 de compra.<\/p>\n\n<h3 class=\"wp-block-heading\"><a href=\"https:\/\/zoodelpirineu.com\/ca\/legal\/politica-de-donacions\/\" title=\"Pol&#xED;tica de Donacions\">Pol\u00edtica de donacions<\/a><\/h3>\n\n<p>Detalls sobre com gestionem les teves donacions, quins drets tens com a donant i com fem servir el teu suport per protegir els animals.<\/p>\n\n<h3 class=\"wp-block-heading\"><a href=\"https:\/\/zoodelpirineu.com\/politica-de-devoluciones\/\" title=\"Pol&#xED;tica de devolucions\">Pol\u00edtica de devolucions<\/a><\/h3>\n\n<p>Informaci\u00f3 clara sobre cancel\u00b7lacions, canvis de data o devolucions d&#8217;entrades i regals vals, segons el tipus d&#8217;experi\u00e8ncia contractada.<\/p>\n\n<h3 class=\"wp-block-heading\"><a href=\"https:\/\/zoodelpirineu.com\/ca\/legal\/sorteigs-i-concursos\/\" title=\"Bases legals de sorteigs i concursos\">Bases legals de sorteigs i concursos<\/a><\/h3>\n\n<p>Consulta les condicions legals de participaci\u00f3 als nostres sorteigs i concursos.<\/p>\n\n<p><\/p>\n","protected":false},"excerpt":{"rendered":"<p>Informaci\u00f3 Legal i Pol\u00edtiques del Zoo del Pirineu Al Zoo del Pirineu ens prenem molt seriosament la transpar\u00e8ncia, la protecci\u00f3 de les teves dades i &#8230; <\/p>\n<p class=\"read-more-container\"><a title=\"Legal\" class=\"read-more button\" href=\"https:\/\/zoodelpirineu.com\/ca\/legal\/#more-3889\" aria-label=\"M\u00e9s informaci\u00f3 sobre Legal\">Read more<\/a><\/p>\n","protected":false},"author":1,"featured_media":0,"parent":0,"menu_order":0,"comment_status":"closed","ping_status":"closed","template":"","meta":{"om_disable_all_campaigns":false,"_monsterinsights_skip_tracking":false,"_monsterinsights_sitenote_active":false,"_monsterinsights_sitenote_note":"","_monsterinsights_sitenote_category":0,"footnotes":""},"class_list":["post-3889","page","type-page","status-publish"],"aioseo_notices":[],"_links":{"self":[{"href":"https:\/\/zoodelpirineu.com\/ca\/wp-json\/wp\/v2\/pages\/3889","targetHints":{"allow":["GET"]}}],"collection":[{"href":"https:\/\/zoodelpirineu.com\/ca\/wp-json\/wp\/v2\/pages"}],"about":[{"href":"https:\/\/zoodelpirineu.com\/ca\/wp-json\/wp\/v2\/types\/page"}],"author":[{"embeddable":true,"href":"https:\/\/zoodelpirineu.com\/ca\/wp-json\/wp\/v2\/users\/1"}],"replies":[{"embeddable":true,"href":"https:\/\/zoodelpirineu.com\/ca\/wp-json\/wp\/v2\/comments?post=3889"}],"version-history":[{"count":2,"href":"https:\/\/zoodelpirineu.com\/ca\/wp-json\/wp\/v2\/pages\/3889\/revisions"}],"predecessor-version":[{"id":4959,"href":"https:\/\/zoodelpirineu.com\/ca\/wp-json\/wp\/v2\/pages\/3889\/revisions\/4959"}],"wp:attachment":[{"href":"https:\/\/zoodelpirineu.com\/ca\/wp-json\/wp\/v2\/media?parent=3889"}],"curies":[{"name":"wp","href":"https:\/\/api.w.org\/{rel}","templated":true}]}}