{"id":3902,"date":"2025-03-29T04:22:46","date_gmt":"2025-03-29T03:22:46","guid":{"rendered":"https:\/\/zoodelpirineu.com\/donacio\/"},"modified":"2026-01-16T10:24:25","modified_gmt":"2026-01-16T09:24:25","slug":"donacio","status":"publish","type":"page","link":"https:\/\/zoodelpirineu.com\/ca\/donacio\/","title":{"rendered":"Donaci\u00f3"},"content":{"rendered":"\n<div class=\"wp-block-cover\"><img loading=\"lazy\" decoding=\"async\" width=\"1024\" height=\"410\" class=\"wp-block-cover__image-background wp-image-2318 size-large\" alt=\"\" src=\"https:\/\/zoodelpirineu.com\/wp-content\/uploads\/2025\/02\/Zorro-rescatado-1024x410.jpg\" data-object-fit=\"cover\" srcset=\"https:\/\/zoodelpirineu.com\/wp-content\/uploads\/2025\/02\/Zorro-rescatado-1024x410.jpg 1024w, https:\/\/zoodelpirineu.com\/wp-content\/uploads\/2025\/02\/Zorro-rescatado-300x120.jpg 300w, https:\/\/zoodelpirineu.com\/wp-content\/uploads\/2025\/02\/Zorro-rescatado-768x307.jpg 768w, https:\/\/zoodelpirineu.com\/wp-content\/uploads\/2025\/02\/Zorro-rescatado-1536x614.jpg 1536w, https:\/\/zoodelpirineu.com\/wp-content\/uploads\/2025\/02\/Zorro-rescatado.jpg 2000w\" sizes=\"auto, (max-width: 1024px) 100vw, 1024px\" \/><span aria-hidden=\"true\" class=\"wp-block-cover__background has-contrast-background-color has-background-dim\"><\/span><div class=\"wp-block-cover__inner-container is-layout-constrained wp-block-cover-is-layout-constrained\">\n<div style=\"height:60px\" aria-hidden=\"true\" class=\"wp-block-spacer\"><\/div>\n\n\n\n<p class=\"has-text-align-center has-large-font-size\">Salva una vida salvatge avui mateix<br\/>Cada dia arriben animals ferits o orfes al refugi.<br\/>La teva donaci\u00f3 els dona menjar, cures&#8230; i una segona oportunitat.<\/p>\n\n\n\n<div class=\"wp-block-buttons is-content-justification-center is-layout-flex wp-container-core-buttons-is-layout-16018d1d wp-block-buttons-is-layout-flex\">\n<div class=\"wp-block-button\"><a class=\"wp-block-button__link has-medium-font-size has-custom-font-size wp-element-button\" href=\"https:\/\/zoodelpirineu.com\/ca\/donacio\/ajuda-urgent-per-a-animals-salvatges\/\" style=\"border-radius:0px\">Fes la teva donaci\u00f3 ara<\/a><\/div>\n<\/div>\n\n\n\n<div style=\"height:60px\" aria-hidden=\"true\" class=\"wp-block-spacer\"><\/div>\n\n\n\n<p class=\"has-text-align-center\">El 100\u202f% del teu suport va directament als animals.<br\/>Fins al 80\u202f% de deducci\u00f3 fiscal.<\/p>\n<\/div><\/div>\n\n<div style=\"height:100px\" aria-hidden=\"true\" class=\"wp-block-spacer\"><\/div>\n\n<h2 class=\"wp-block-heading has-text-align-center\">Aix\u00f2 \u00e9s el que fas possible amb la teva donaci\u00f3<\/h2>\n\n<div class=\"wp-block-columns is-layout-flex wp-container-core-columns-is-layout-9d6595d7 wp-block-columns-is-layout-flex\">\n<div class=\"wp-block-column is-layout-flow wp-block-column-is-layout-flow\"><\/div>\n\n\n\n<div class=\"wp-block-column is-layout-flow wp-block-column-is-layout-flow\"><div class=\"wp-block-image\">\n<figure class=\"aligncenter size-full is-resized\"><img loading=\"lazy\" decoding=\"async\" width=\"320\" height=\"213\" src=\"https:\/\/zoodelpirineu.com\/wp-content\/uploads\/2025\/08\/atencionveterinaciaicono.png\" alt=\"Donaci&#xF3; per a l&#x2019;atenci&#xF3; veterin&#xE0;ria urgent d&#x2019;animals salvatges &#x2013; icona\" class=\"wp-image-4551\" style=\"width:auto;height:150px\" srcset=\"https:\/\/zoodelpirineu.com\/wp-content\/uploads\/2025\/08\/atencionveterinaciaicono.png 320w, https:\/\/zoodelpirineu.com\/wp-content\/uploads\/2025\/08\/atencionveterinaciaicono-300x200.png 300w\" sizes=\"auto, (max-width: 320px) 100vw, 320px\" \/><\/figure>\n<\/div>\n\n\n<p class=\"has-text-align-center\"><strong>Rescat i atenci\u00f3 veterin\u00e0ria urgent<\/strong><br\/>Cada setmana arriben animals ferits o orfes.<br\/>Amb el teu suport, reben cures especialitzades i poden tornar a la natura. <\/p>\n<\/div>\n\n\n\n<div class=\"wp-block-column is-layout-flow wp-block-column-is-layout-flow\"><div class=\"wp-block-image\">\n<figure class=\"aligncenter size-full is-resized\"><img loading=\"lazy\" decoding=\"async\" width=\"320\" height=\"213\" src=\"https:\/\/zoodelpirineu.com\/wp-content\/uploads\/2025\/08\/ayudaraanimalesicono.png\" alt=\"Donaci&#xF3; per al rescat i atenci&#xF3; veterin&#xE0;ria d&#x2019;animals salvatges &#x2013; icona\" class=\"wp-image-4557\" style=\"width:auto;height:150px\" srcset=\"https:\/\/zoodelpirineu.com\/wp-content\/uploads\/2025\/08\/ayudaraanimalesicono.png 320w, https:\/\/zoodelpirineu.com\/wp-content\/uploads\/2025\/08\/ayudaraanimalesicono-300x200.png 300w\" sizes=\"auto, (max-width: 320px) 100vw, 320px\" \/><\/figure>\n<\/div>\n\n\n<p class=\"has-text-align-center\"><strong>Refugi per a m\u00e9s de 200 animals<\/strong><br\/>Alguns no poden ser retornats a la natura.<br\/>Al refugi troben seguretat, aliment i una vida digna. <\/p>\n<\/div>\n\n\n\n<div class=\"wp-block-column is-layout-flow wp-block-column-is-layout-flow\"><div class=\"wp-block-image\">\n<figure class=\"aligncenter size-full is-resized\"><img loading=\"lazy\" decoding=\"async\" width=\"800\" height=\"600\" src=\"https:\/\/zoodelpirineu.com\/wp-content\/uploads\/2025\/08\/informetrimestral.png\" alt=\"Donaci&#xF3; per al refugi d&#x2019;animals salvatges no alliberables &#x2013; icona\" class=\"wp-image-4554\" style=\"width:auto;height:150px\" srcset=\"https:\/\/zoodelpirineu.com\/wp-content\/uploads\/2025\/08\/informetrimestral.png 800w, https:\/\/zoodelpirineu.com\/wp-content\/uploads\/2025\/08\/informetrimestral-300x225.png 300w, https:\/\/zoodelpirineu.com\/wp-content\/uploads\/2025\/08\/informetrimestral-768x576.png 768w\" sizes=\"auto, (max-width: 800px) 100vw, 800px\" \/><\/figure>\n<\/div>\n\n\n<p class=\"has-text-align-center\"><strong>Un entorn segur en plena natura<\/strong><br\/>Les teves donacions fan possibles espais amplis, nets i adaptats al benestar dels animals.<\/p>\n<\/div>\n\n\n\n<div class=\"wp-block-column is-layout-flow wp-block-column-is-layout-flow\"><\/div>\n<\/div>\n<div class=\"wp-block-image\">\n<figure class=\"aligncenter size-full is-resized\"><img loading=\"lazy\" decoding=\"async\" width=\"320\" height=\"213\" src=\"https:\/\/zoodelpirineu.com\/wp-content\/uploads\/2025\/08\/transparenciaicono.png\" alt=\"Transpar&#xE8;ncia en les donacions al Zoo del Pirineu &#x2013; icona\" class=\"wp-image-4563\" style=\"width:auto;height:120px\" srcset=\"https:\/\/zoodelpirineu.com\/wp-content\/uploads\/2025\/08\/transparenciaicono.png 320w, https:\/\/zoodelpirineu.com\/wp-content\/uploads\/2025\/08\/transparenciaicono-300x200.png 300w\" sizes=\"auto, (max-width: 320px) 100vw, 320px\" \/><\/figure>\n<\/div>\n<p class=\"has-text-align-center\"><strong>Transpar\u00e8ncia total<\/strong><br\/>Et mostrem com s\u2019utilitza cada euro. Sempre. <\/p>\n\n<div class=\"wp-block-buttons is-content-justification-center is-layout-flex wp-container-core-buttons-is-layout-16018d1d wp-block-buttons-is-layout-flex\">\n<div class=\"wp-block-button\"><a class=\"wp-block-button__link wp-element-button\" style=\"border-radius:0px\">Consulta els nostres informes i comptes anuals<\/a><\/div>\n<\/div>\n\n<div style=\"height:100px\" aria-hidden=\"true\" class=\"wp-block-spacer\"><\/div>\n\n<h2 class=\"wp-block-heading has-text-align-center\" id=\"ayudar\">Com vols fer la teva donaci\u00f3?<\/h2>\n\n<div style=\"height:20px\" aria-hidden=\"true\" class=\"wp-block-spacer\"><\/div>\n\n<h3 class=\"wp-block-heading has-text-align-center\">Vull ajudar com a persona particular<\/h3>\n\n<div class=\"wp-block-columns is-layout-flex wp-container-core-columns-is-layout-9d6595d7 wp-block-columns-is-layout-flex\">\n<div class=\"wp-block-column is-layout-flow wp-block-column-is-layout-flow\" style=\"flex-basis:15%\"><\/div>\n\n\n\n<div class=\"wp-block-column is-layout-flow wp-block-column-is-layout-flow\"><div class=\"wp-block-image\">\n<figure class=\"aligncenter size-full is-resized\"><img loading=\"lazy\" decoding=\"async\" width=\"320\" height=\"213\" src=\"https:\/\/zoodelpirineu.com\/wp-content\/uploads\/2025\/08\/apadrinarzorroicono.png\" alt=\"Apadrina un animal salvatge amb una donaci&#xF3; mensual &#x2013; icona\" class=\"wp-image-4568\" style=\"width:auto;height:100px\" srcset=\"https:\/\/zoodelpirineu.com\/wp-content\/uploads\/2025\/08\/apadrinarzorroicono.png 320w, https:\/\/zoodelpirineu.com\/wp-content\/uploads\/2025\/08\/apadrinarzorroicono-300x200.png 300w\" sizes=\"auto, (max-width: 320px) 100vw, 320px\" \/><\/figure>\n<\/div>\n\n\n<p class=\"has-text-align-center\"><strong>Apadrinar un animal<\/strong><br\/>Coneix els animals i escull a qui vols ajudar cada mes.<\/p>\n\n\n\n<div class=\"wp-block-buttons is-layout-flex wp-block-buttons-is-layout-flex\">\n<div class=\"wp-block-button has-custom-width wp-block-button__width-100\"><a class=\"wp-block-button__link wp-element-button\" href=\"https:\/\/zoodelpirineu.com\/ca\/donacio\/apadrinar-animals\/\" style=\"border-radius:0px\">Vull apadrinar<\/a><\/div>\n<\/div>\n<\/div>\n\n\n\n<div class=\"wp-block-column is-layout-flow wp-block-column-is-layout-flow\"><div class=\"wp-block-image\">\n<figure class=\"aligncenter size-full is-resized\"><img loading=\"lazy\" decoding=\"async\" width=\"320\" height=\"213\" src=\"https:\/\/zoodelpirineu.com\/wp-content\/uploads\/2025\/08\/comunidadicono.png\" alt=\"Fer-se soci\/a amb una donaci&#xF3; mensual per ajudar animals salvatges &#x2013; icona\" class=\"wp-image-4577\" style=\"width:auto;height:100px\" srcset=\"https:\/\/zoodelpirineu.com\/wp-content\/uploads\/2025\/08\/comunidadicono.png 320w, https:\/\/zoodelpirineu.com\/wp-content\/uploads\/2025\/08\/comunidadicono-300x200.png 300w\" sizes=\"auto, (max-width: 320px) 100vw, 320px\" \/><\/figure>\n<\/div>\n\n\n<p class=\"has-text-align-center\"><strong>Fer-me soci\/a<\/strong><br\/>Uneix-te a la Comunitat d\u2019\u00c0nimes Salvatges i transforma la vida de centenars d\u2019animals cada mes.<\/p>\n\n\n\n<div class=\"wp-block-buttons is-layout-flex wp-block-buttons-is-layout-flex\">\n<div class=\"wp-block-button has-custom-width wp-block-button__width-100\"><a class=\"wp-block-button__link wp-element-button\" href=\"https:\/\/zoodelpirineu.com\/ca\/donacio\/fes-te-soci\/\" style=\"border-radius:0px\">Unir-me a la comunitat<\/a><\/div>\n<\/div>\n<\/div>\n\n\n\n<div class=\"wp-block-column is-layout-flow wp-block-column-is-layout-flow\"><div class=\"wp-block-image\">\n<figure class=\"aligncenter size-full is-resized\"><img loading=\"lazy\" decoding=\"async\" width=\"320\" height=\"213\" src=\"https:\/\/zoodelpirineu.com\/wp-content\/uploads\/2025\/08\/desgravacionimpuestosicono.png\" alt=\"Fer una donaci&#xF3; puntual per ajudar animals salvatges &#x2013; icona\" class=\"wp-image-4560\" style=\"width:auto;height:100px\" srcset=\"https:\/\/zoodelpirineu.com\/wp-content\/uploads\/2025\/08\/desgravacionimpuestosicono.png 320w, https:\/\/zoodelpirineu.com\/wp-content\/uploads\/2025\/08\/desgravacionimpuestosicono-300x200.png 300w\" sizes=\"auto, (max-width: 320px) 100vw, 320px\" \/><\/figure>\n<\/div>\n\n\n<p class=\"has-text-align-center\"><strong>Donaci\u00f3 puntual<\/strong><br\/>Contribueix en moments clau, rescats urgents o campanyes especials. Cada aportaci\u00f3 compta.<\/p>\n\n\n\n<div class=\"wp-block-buttons is-layout-flex wp-block-buttons-is-layout-flex\">\n<div class=\"wp-block-button has-custom-width wp-block-button__width-100\"><a class=\"wp-block-button__link wp-element-button\" href=\"https:\/\/zoodelpirineu.com\/ca\/donacio\/ajuda-urgent-per-a-animals-salvatges\/\" style=\"border-radius:0px\">Fer una donaci\u00f3 puntual<\/a><\/div>\n<\/div>\n<\/div>\n\n\n\n<div class=\"wp-block-column is-layout-flow wp-block-column-is-layout-flow\" style=\"flex-basis:15%\"><\/div>\n<\/div>\n\n<div style=\"height:60px\" aria-hidden=\"true\" class=\"wp-block-spacer\"><\/div>\n<div class=\"wp-block-image\">\n<figure class=\"aligncenter size-full is-resized\"><img loading=\"lazy\" decoding=\"async\" width=\"320\" height=\"213\" src=\"https:\/\/zoodelpirineu.com\/wp-content\/uploads\/2025\/02\/Colaboracion-picto.png\" alt=\"Col&#xB7;laboraci&#xF3; empresarial amb el Zoo del Pirineu &#x2013; icona\" class=\"wp-image-2712\" style=\"width:auto;height:100px\" srcset=\"https:\/\/zoodelpirineu.com\/wp-content\/uploads\/2025\/02\/Colaboracion-picto.png 320w, https:\/\/zoodelpirineu.com\/wp-content\/uploads\/2025\/02\/Colaboracion-picto-300x200.png 300w\" sizes=\"auto, (max-width: 320px) 100vw, 320px\" \/><\/figure>\n<\/div>\n<h3 class=\"wp-block-heading has-text-align-center\">Represento una empresa o una entitat<\/h3>\n\n<p class=\"has-text-align-center\">Col\u00b7labora amb nosaltres a trav\u00e9s de projectes de RSC, patrocinis, activitats per a equips o donacions.<\/p>\n\n<div class=\"wp-block-buttons is-content-justification-center is-layout-flex wp-container-core-buttons-is-layout-16018d1d wp-block-buttons-is-layout-flex\">\n<div class=\"wp-block-button\"><a class=\"wp-block-button__link wp-element-button\" href=\"https:\/\/zoodelpirineu.com\/ca\/donacio\/empreses\/\" style=\"border-radius:0px\">Col\u00b7laboraci\u00f3 empresarial<\/a><\/div>\n<\/div>\n\n<div style=\"height:80px\" aria-hidden=\"true\" class=\"wp-block-spacer\"><\/div>\n\n<h3 class=\"wp-block-heading has-text-align-center\">Altres formes de col\u00b7laborar<\/h3>\n\n<div class=\"wp-block-columns is-layout-flex wp-container-core-columns-is-layout-9d6595d7 wp-block-columns-is-layout-flex\">\n<div class=\"wp-block-column is-layout-flow wp-block-column-is-layout-flow\"><\/div>\n\n\n\n<div class=\"wp-block-column is-layout-flow wp-block-column-is-layout-flow\"><div class=\"wp-block-image\">\n<figure class=\"aligncenter size-full is-resized\"><img loading=\"lazy\" decoding=\"async\" width=\"320\" height=\"213\" src=\"https:\/\/zoodelpirineu.com\/wp-content\/uploads\/2025\/02\/Comunidad-icon.png\" alt=\"Donaci&#xF3; solid&#xE0;ria de 1 euro al mes a trav&#xE9;s de Teaming &#x2013; icona\" class=\"wp-image-2775\" style=\"width:auto;height:100px\" srcset=\"https:\/\/zoodelpirineu.com\/wp-content\/uploads\/2025\/02\/Comunidad-icon.png 320w, https:\/\/zoodelpirineu.com\/wp-content\/uploads\/2025\/02\/Comunidad-icon-300x200.png 300w\" sizes=\"auto, (max-width: 320px) 100vw, 320px\" \/><\/figure>\n<\/div>\n\n\n<p class=\"has-text-align-center\"><strong>Teaming (1\u202f\u20ac\/mes)<\/strong><br\/>Uneix-te al nostre grup solidari amb nom\u00e9s 1\u202f\u20ac al mes<\/p>\n\n\n\n<div class=\"wp-block-buttons is-layout-flex wp-block-buttons-is-layout-flex\">\n<div class=\"wp-block-button has-custom-width wp-block-button__width-100\"><a class=\"wp-block-button__link wp-element-button\" href=\"https:\/\/www.teaming.net\/zoodelpirineu\" style=\"border-radius:0px\">Unir-me a Teaming<\/a><\/div>\n<\/div>\n<\/div>\n\n\n\n<div class=\"wp-block-column is-layout-flow wp-block-column-is-layout-flow\"><div class=\"wp-block-image\">\n<figure class=\"aligncenter size-full is-resized\"><img loading=\"lazy\" decoding=\"async\" width=\"320\" height=\"213\" src=\"https:\/\/zoodelpirineu.com\/wp-content\/uploads\/2023\/02\/Perfil-laboral-icono.png\" alt=\"Projectes concrets de donaci&#xF3; al Zoo del Pirineu &#x2013; icona\" class=\"wp-image-561\" style=\"width:auto;height:100px\" srcset=\"https:\/\/zoodelpirineu.com\/wp-content\/uploads\/2023\/02\/Perfil-laboral-icono.png 320w, https:\/\/zoodelpirineu.com\/wp-content\/uploads\/2023\/02\/Perfil-laboral-icono-300x200.png 300w\" sizes=\"auto, (max-width: 320px) 100vw, 320px\" \/><\/figure>\n<\/div>\n\n\n<p class=\"has-text-align-center\"><strong>Projectes concrets<\/strong><br\/>Dona suport a una causa espec\u00edfica amb un impacte directe.<\/p>\n\n\n\n<div class=\"wp-block-buttons is-layout-flex wp-block-buttons-is-layout-flex\">\n<div class=\"wp-block-button has-custom-width wp-block-button__width-100\"><a class=\"wp-block-button__link wp-element-button\" style=\"border-radius:0px\">Veure projectes<\/a><\/div>\n<\/div>\n<\/div>\n\n\n\n<div class=\"wp-block-column is-layout-flow wp-block-column-is-layout-flow\"><\/div>\n<\/div>\n\n<div style=\"height:80px\" aria-hidden=\"true\" class=\"wp-block-spacer\"><\/div>\n\n<h2 class=\"wp-block-heading has-text-align-center\">Per qu\u00e8 pots confiar en nosaltres?<\/h2>\n\n<div class=\"wp-block-columns is-layout-flex wp-container-core-columns-is-layout-9d6595d7 wp-block-columns-is-layout-flex\">\n<div class=\"wp-block-column is-layout-flow wp-block-column-is-layout-flow\"><\/div>\n\n\n\n<div class=\"wp-block-column has-contrast-3-background-color has-background is-layout-flow wp-block-column-is-layout-flow\">\n<div style=\"height:20px\" aria-hidden=\"true\" class=\"wp-block-spacer\"><\/div>\n\n\n<div class=\"wp-block-image\">\n<figure class=\"aligncenter size-full is-resized\"><img loading=\"lazy\" decoding=\"async\" width=\"320\" height=\"213\" src=\"https:\/\/zoodelpirineu.com\/wp-content\/uploads\/2025\/08\/beneficiosfiscalesdelasdonaciones.png\" alt=\"Benefici fiscal per fer una donaci&#xF3; solid&#xE0;ria &#x2013; icona\" class=\"wp-image-4593\" style=\"width:auto;height:100px\" srcset=\"https:\/\/zoodelpirineu.com\/wp-content\/uploads\/2025\/08\/beneficiosfiscalesdelasdonaciones.png 320w, https:\/\/zoodelpirineu.com\/wp-content\/uploads\/2025\/08\/beneficiosfiscalesdelasdonaciones-300x200.png 300w\" sizes=\"auto, (max-width: 320px) 100vw, 320px\" \/><\/figure>\n<\/div>\n\n\n<p class=\"has-text-align-center\">Fins al 80\u202f% de deducci\u00f3 fiscal. Recuperes una gran part del que dones.<\/p>\n<\/div>\n\n\n\n<div class=\"wp-block-column has-contrast-3-background-color has-background is-layout-flow wp-block-column-is-layout-flow\">\n<div style=\"height:20px\" aria-hidden=\"true\" class=\"wp-block-spacer\"><\/div>\n\n\n<div class=\"wp-block-image\">\n<figure class=\"aligncenter size-full is-resized\"><img loading=\"lazy\" decoding=\"async\" width=\"800\" height=\"600\" src=\"https:\/\/zoodelpirineu.com\/wp-content\/uploads\/2025\/08\/certificadodedonaciones2.png\" alt=\"Certificat anual de donaci&#xF3; per desgravar &#x2013; icona\" class=\"wp-image-4596\" style=\"width:auto;height:100px\" srcset=\"https:\/\/zoodelpirineu.com\/wp-content\/uploads\/2025\/08\/certificadodedonaciones2.png 800w, https:\/\/zoodelpirineu.com\/wp-content\/uploads\/2025\/08\/certificadodedonaciones2-300x225.png 300w, https:\/\/zoodelpirineu.com\/wp-content\/uploads\/2025\/08\/certificadodedonaciones2-768x576.png 768w\" sizes=\"auto, (max-width: 800px) 100vw, 800px\" \/><\/figure>\n<\/div>\n\n\n<p class=\"has-text-align-center\">Et facilitem el el teu certificat de donaci\u00f3 perqu\u00e8 puguis aplicar la deducci\u00f3 fiscal.<\/p>\n<\/div>\n\n\n\n<div class=\"wp-block-column has-contrast-3-background-color has-background is-layout-flow wp-block-column-is-layout-flow\">\n<div style=\"height:20px\" aria-hidden=\"true\" class=\"wp-block-spacer\"><\/div>\n\n\n<div class=\"wp-block-image\">\n<figure class=\"aligncenter size-full is-resized\"><img loading=\"lazy\" decoding=\"async\" width=\"320\" height=\"213\" src=\"https:\/\/zoodelpirineu.com\/wp-content\/uploads\/2025\/08\/redessocialesicono.png\" alt=\"Transpar&#xE8;ncia en les donacions al Zoo del Pirineu &#x2013; icona\" class=\"wp-image-4599\" style=\"width:auto;height:100px\" srcset=\"https:\/\/zoodelpirineu.com\/wp-content\/uploads\/2025\/08\/redessocialesicono.png 320w, https:\/\/zoodelpirineu.com\/wp-content\/uploads\/2025\/08\/redessocialesicono-300x200.png 300w\" sizes=\"auto, (max-width: 320px) 100vw, 320px\" \/><\/figure>\n<\/div>\n\n\n<p class=\"has-text-align-center\">T\u2019expliquem com utilitzem cada euro de la teva donaci\u00f3.<\/p>\n<\/div>\n\n\n\n<div class=\"wp-block-column has-contrast-3-background-color has-background is-layout-flow wp-block-column-is-layout-flow\">\n<div style=\"height:20px\" aria-hidden=\"true\" class=\"wp-block-spacer\"><\/div>\n\n\n<div class=\"wp-block-image\">\n<figure class=\"aligncenter size-full is-resized\"><img loading=\"lazy\" decoding=\"async\" width=\"320\" height=\"213\" src=\"https:\/\/zoodelpirineu.com\/wp-content\/uploads\/2025\/08\/recomendacionicono.png\" alt=\"Donaci&#xF3; en l&#xED;nia segura i protegida &#x2013; icona\" class=\"wp-image-4602\" style=\"width:auto;height:100px\" srcset=\"https:\/\/zoodelpirineu.com\/wp-content\/uploads\/2025\/08\/recomendacionicono.png 320w, https:\/\/zoodelpirineu.com\/wp-content\/uploads\/2025\/08\/recomendacionicono-300x200.png 300w\" sizes=\"auto, (max-width: 320px) 100vw, 320px\" \/><\/figure>\n<\/div>\n\n\n<p class=\"has-text-align-center\">Pagament 100\u202f% segur. Protegim les teves dades amb sistemes xifrats i plataformes verificades.<\/p>\n<\/div>\n\n\n\n<div class=\"wp-block-column is-layout-flow wp-block-column-is-layout-flow\"><\/div>\n<\/div>\n\n<div class=\"wp-block-columns is-layout-flex wp-container-core-columns-is-layout-9d6595d7 wp-block-columns-is-layout-flex\">\n<div class=\"wp-block-column is-layout-flow wp-block-column-is-layout-flow\" style=\"flex-basis:25%\"><\/div>\n\n\n\n<div class=\"wp-block-column is-layout-flow wp-block-column-is-layout-flow\" style=\"flex-basis:50%\">\n<figure class=\"wp-block-pullquote has-base-background-color has-background has-small-font-size\"><blockquote><p><em>\u201cQuan vaig apadrinar la Maggi, vaig entendre com una petita acci\u00f3 pot canviar una vida. Ara forma part de la meva.\u201d<\/em><\/p><cite>Luc\u00eda G., madrina des del 2023<\/cite><\/blockquote><\/figure>\n<\/div>\n\n\n\n<div class=\"wp-block-column is-layout-flow wp-block-column-is-layout-flow\" style=\"flex-basis:25%\"><\/div>\n<\/div>\n\n<div style=\"height:80px\" aria-hidden=\"true\" class=\"wp-block-spacer\"><\/div>\n\n<div class=\"wp-block-cover\"><img loading=\"lazy\" decoding=\"async\" width=\"1024\" height=\"410\" class=\"wp-block-cover__image-background wp-image-4605 size-large\" alt=\"Cria de lechuza que vuelve a la naturaleza gracias a una donaci\u00f3n solidaria\" src=\"https:\/\/zoodelpirineu.com\/wp-content\/uploads\/2025\/08\/ayudaaanimalessalvajes-1024x410.jpg\" style=\"object-position:39% 37%\" data-object-fit=\"cover\" data-object-position=\"39% 37%\" srcset=\"https:\/\/zoodelpirineu.com\/wp-content\/uploads\/2025\/08\/ayudaaanimalessalvajes-1024x410.jpg 1024w, https:\/\/zoodelpirineu.com\/wp-content\/uploads\/2025\/08\/ayudaaanimalessalvajes-300x120.jpg 300w, https:\/\/zoodelpirineu.com\/wp-content\/uploads\/2025\/08\/ayudaaanimalessalvajes-768x307.jpg 768w, https:\/\/zoodelpirineu.com\/wp-content\/uploads\/2025\/08\/ayudaaanimalessalvajes-1536x614.jpg 1536w, https:\/\/zoodelpirineu.com\/wp-content\/uploads\/2025\/08\/ayudaaanimalessalvajes.jpg 2000w\" sizes=\"auto, (max-width: 1024px) 100vw, 1024px\" \/><span aria-hidden=\"true\" class=\"wp-block-cover__background has-contrast-background-color has-background-dim\"><\/span><div class=\"wp-block-cover__inner-container is-layout-constrained wp-block-cover-is-layout-constrained\">\n<p class=\"has-text-align-left has-large-font-size\">Arriben ferits. Arriben sols. Arriben sense futur.<br\/>Avui pots canviar la seva hist\u00f2ria.  <\/p>\n\n\n\n<div class=\"wp-block-buttons has-custom-font-size has-large-font-size is-content-justification-left is-layout-flex wp-container-core-buttons-is-layout-fdcfc74e wp-block-buttons-is-layout-flex\">\n<div class=\"wp-block-button\"><a class=\"wp-block-button__link has-large-font-size has-custom-font-size wp-element-button\" href=\"https:\/\/zoodelpirineu.com\/ca\/donacio\/ajuda-urgent-per-a-animals-salvatges\/\" style=\"border-radius:0px\">Fes la teva donaci\u00f3 ara<\/a><\/div>\n<\/div>\n<\/div><\/div>\n\n<p><\/p>\n","protected":false},"excerpt":{"rendered":"<p>Aix\u00f2 \u00e9s el que fas possible amb la teva donaci\u00f3 Rescat i atenci\u00f3 veterin\u00e0ria urgentCada setmana arriben animals ferits o orfes.Amb el teu suport, reben &#8230; <\/p>\n<p class=\"read-more-container\"><a title=\"Donaci\u00f3\" class=\"read-more button\" href=\"https:\/\/zoodelpirineu.com\/ca\/donacio\/#more-3902\" aria-label=\"M\u00e9s informaci\u00f3 sobre Donaci\u00f3\">Read more<\/a><\/p>\n","protected":false},"author":1,"featured_media":2319,"parent":0,"menu_order":0,"comment_status":"closed","ping_status":"closed","template":"","meta":{"om_disable_all_campaigns":false,"_monsterinsights_skip_tracking":false,"_monsterinsights_sitenote_active":false,"_monsterinsights_sitenote_note":"","_monsterinsights_sitenote_category":0,"footnotes":""},"class_list":["post-3902","page","type-page","status-publish","has-post-thumbnail"],"aioseo_notices":[],"_links":{"self":[{"href":"https:\/\/zoodelpirineu.com\/ca\/wp-json\/wp\/v2\/pages\/3902","targetHints":{"allow":["GET"]}}],"collection":[{"href":"https:\/\/zoodelpirineu.com\/ca\/wp-json\/wp\/v2\/pages"}],"about":[{"href":"https:\/\/zoodelpirineu.com\/ca\/wp-json\/wp\/v2\/types\/page"}],"author":[{"embeddable":true,"href":"https:\/\/zoodelpirineu.com\/ca\/wp-json\/wp\/v2\/users\/1"}],"replies":[{"embeddable":true,"href":"https:\/\/zoodelpirineu.com\/ca\/wp-json\/wp\/v2\/comments?post=3902"}],"version-history":[{"count":7,"href":"https:\/\/zoodelpirineu.com\/ca\/wp-json\/wp\/v2\/pages\/3902\/revisions"}],"predecessor-version":[{"id":5910,"href":"https:\/\/zoodelpirineu.com\/ca\/wp-json\/wp\/v2\/pages\/3902\/revisions\/5910"}],"wp:featuredmedia":[{"embeddable":true,"href":"https:\/\/zoodelpirineu.com\/ca\/wp-json\/wp\/v2\/media\/2319"}],"wp:attachment":[{"href":"https:\/\/zoodelpirineu.com\/ca\/wp-json\/wp\/v2\/media?parent=3902"}],"curies":[{"name":"wp","href":"https:\/\/api.w.org\/{rel}","templated":true}]}}