{"id":4121,"date":"2025-04-06T05:58:45","date_gmt":"2025-04-06T04:58:45","guid":{"rendered":"https:\/\/zoodelpirineu.com\/experiencies-per-regalar\/preguntes-frequents-vals-regal\/"},"modified":"2025-12-19T16:05:27","modified_gmt":"2025-12-19T15:05:27","slug":"preguntes-frequents-vals-regal","status":"publish","type":"page","link":"https:\/\/zoodelpirineu.com\/ca\/experiencies-per-regalar\/preguntes-frequents-vals-regal\/","title":{"rendered":"Preguntes freq\u00fcents sobre vals regal | Tot el que necessites saber"},"content":{"rendered":"\n<p>Resol els teus dubtes abans de comprar o fer servir el teu regal.<\/p>\n\n<p>Aquesta p\u00e0gina et guia pas a pas perqu\u00e8 <strong>comprar i fer servir un val regal sigui f\u00e0cil, segur i sense sorpreses<\/strong>.<\/p>\n\n<div style=\"height:60px\" aria-hidden=\"true\" class=\"wp-block-spacer\"><\/div>\n\n<p><\/p>\n\n<p>Ja tens un val regal i nom\u00e9s necessites saber com fer-lo servir? <\/p>\n\n<div class=\"wp-block-buttons is-layout-flex wp-block-buttons-is-layout-flex\">\n<div class=\"wp-block-button\"><a class=\"wp-block-button__link has-medium-font-size has-custom-font-size wp-element-button\" href=\"https:\/\/zoodelpirineu.com\/ca\/experiencies-per-regalar\/preguntes-frequents-vals-regal\/com-utilitzar-el-val-regal\/\" style=\"border-radius:0px\">Fes clic aqu\u00ed per seguir la guia pas a pas<\/a><\/div>\n<\/div>\n\n<div style=\"height:100px\" aria-hidden=\"true\" class=\"wp-block-spacer\"><\/div>\n\n<h2 class=\"wp-block-heading\">1. Qu\u00e8 \u00e9s un val regal del Zoo del Pirineu?<\/h2>\n\n<p>Un <strong>val regal<\/strong> \u00e9s un bo digital amb qu\u00e8 pots regalar una <strong>experi\u00e8ncia al Zoo del Pirineu<\/strong>.<br\/>Aquest regal permet al beneficiari gaudir d&#8217;activitats \u00faniques amb animals salvatges i alhora <a href=\"https:\/\/zoodelpirineu.com\/ca\/sobre-nosaltres\/\" title=\"\"><strong>donar suport a la nostra tasca de protecci\u00f3 animal<\/strong><\/a>.<\/p>\n\n<div style=\"height:100px\" aria-hidden=\"true\" class=\"wp-block-spacer\"><\/div>\n\n<h2 class=\"wp-block-heading\">2. Abans de comprar un val regal del Zoo del Pirineu: com triar l&#8217;opci\u00f3 adequada<\/h2>\n\n<p>Aquesta informaci\u00f3 t&#8217;ajudar\u00e0 a decidir r\u00e0pidament quin tipus de val regal del Zoo del Pirineu s&#8217;ajusta millor al tipus d&#8217;experi\u00e8ncia o suport que vols regalar.<\/p>\n\n<p>Un val regal del Zoo del Pirineu permet regalar una experi\u00e8ncia amb animals o recolzar de manera continuada un animal rescatat, segons l&#8217;opci\u00f3 escollida. Hi ha <strong>tres opcions principals<\/strong>, pensades per a necessitats i tipus de regal diferents. <\/p>\n\n<h3 class=\"wp-block-heading\">Quin tipus de val regal triar?<\/h3>\n\n<ul class=\"wp-block-list\">\n<li>Si busques <strong>una experi\u00e8ncia puntual<\/strong>, l&#8217;activitat compartida \u00e9s l&#8217;opci\u00f3 m\u00e9s habitual.<\/li>\n\n\n\n<li>Si prefereixes <strong>una experi\u00e8ncia privada per a una ocasi\u00f3 especial<\/strong>, l&#8217;experi\u00e8ncia exclusiva en grup \u00e9s la m\u00e9s adequada.<\/li>\n\n\n\n<li>Si vols <strong>un regal amb impacte continuat durant tot l&#8217;any<\/strong>, l&#8217;apadrinament \u00e9s l&#8217;opci\u00f3 indicada.<\/li>\n<\/ul>\n\n<h3 class=\"wp-block-heading\">2.1. Activitat compartida (experi\u00e8ncia est\u00e0ndard)<\/h3>\n\n<p>L&#8217;activitat compartida \u00e9s un <strong>val regal per a una experi\u00e8ncia amb animals al costat d&#8217;altres visitants del Zoo del Pirineu<\/strong>.<\/p>\n\n<ul class=\"wp-block-list\">\n<li>La persona que rep el val gaudeix duna activitat amb animals en un grup compartit.<\/li>\n\n\n\n<li>El val es pot regalar <strong>a una persona o a diverses persones juntes<\/strong>.<\/li>\n\n\n\n<li>El <strong>preu s&#8217;aplica per cada persona inclosa<\/strong> al val regal.<\/li>\n<\/ul>\n\n<p>Aquesta opci\u00f3 \u00e9s adequada per regalar una o diverses activitats compartides amb animals.<\/p>\n\n<h3 class=\"wp-block-heading\">2.2. Experi\u00e8ncia exclusiva en grup<\/h3>\n\n<p>L&#8217;experi\u00e8ncia exclusiva en grup \u00e9s un <strong>val regal per a una activitat privada amb animals<\/strong>, adaptada \u00fanicament a les persones incloses al teu regal.<\/p>\n\n<ul class=\"wp-block-list\">\n<li>\u00c9s una opci\u00f3 pensada per als que cerquen una experi\u00e8ncia <strong>m\u00e9s \u00edntima i personalitzada<\/strong>.<\/li>\n\n\n\n<li><strong>El preu \u00e9s aplicat per grup complet<\/strong>, no per persona.<\/li>\n\n\n\n<li>Pots regalar-ho <strong>a una persona o fins a un m\u00e0xim de 5 persones<\/strong>.<\/li>\n<\/ul>\n\n<p>Aquesta opci\u00f3 \u00e9s especialment adequada per a celebracions, regals familiars o ocasions especials.<\/p>\n\n<h3 class=\"wp-block-heading\">2.3. Regalar apadrinament<\/h3>\n\n<p>L&#8217;apadrinament \u00e9s un <strong>val regal que permet recolzar durant un any un animal rescatat del Zoo del Pirineu<\/strong>.<\/p>\n\n<ul class=\"wp-block-list\">\n<li>La persona benefici\u00e0ria rep un <strong>certificat personalitzat a l&#8217;instant<\/strong>, que acredita l&#8217;apadrinament.<\/li>\n\n\n\n<li>Durant els <strong>12 mesos seg\u00fcents<\/strong> rep informaci\u00f3 actualitzada sobre l&#8217;animal apadrinat.<\/li>\n\n\n\n<li>A m\u00e9s, estar\u00e0 <strong>convidat\/da a jornades exclusives per a padrins i padrines<\/strong>.<\/li>\n<\/ul>\n\n<p>Aquest tipus de val regal mant\u00e9 viu l&#8217;enlla\u00e7 amb l&#8217;animal durant tot l&#8217;any, ja que cada mes es renova el record del regal mitjan\u00e7ant informaci\u00f3 i seguiment continuat.<\/p>\n\n<p>Tu pagues <strong>una quota anual<\/strong> en regalar l&#8217;apadrinament i reps el certificat oficial per aplicar la deducci\u00f3 fiscal. <em><strong>(A Espanya pots desgravar fins al 80% de la teva aportaci\u00f3 al teu IRPF.)<\/strong><\/em><\/p>\n\n<h2 class=\"wp-block-heading\">3. Com comprar un val regal<\/h2>\n\n<p><em>Aquest bloc et guia de manera senzilla pel proc\u00e9s real per comprar un val regal del Zoo del Pirineu<\/em>. Regalar una experi\u00e8ncia \u00e9s <strong>f\u00e0cil, r\u00e0pid i segur<\/strong>.<\/p>\n\n<h3 class=\"wp-block-heading\">Quina difer\u00e8ncia hi ha entre regalar una experi\u00e8ncia i un apadrinament?<\/h3>\n\n<p>Les experi\u00e8ncies s\u00f3n activitats vivencials. L&#8217;apadrinament \u00e9s un gest solidari continu, amb seguiment de l&#8217;animal. <\/p>\n\n<h3 class=\"wp-block-heading\">Puc regalar m\u00e9s d&#8217;una experi\u00e8ncia?<\/h3>\n\n<p>S\u00ed, pots combinar diverses experi\u00e8ncies en un mateix val regal.<\/p>\n\n<h3 class=\"wp-block-heading\">Puc afegir diners al val per gastar a la botiga solid\u00e0ria?<\/h3>\n\n<p>S\u00ed. Pots afegir una quantitat addicional que la persona podr\u00e0 fer servir a la botiga del Zoo del Pirineu. <\/p>\n\n<div style=\"height:100px\" aria-hidden=\"true\" class=\"wp-block-spacer\"><\/div>\n\n<div class=\"wp-block-cover has-contrast-color has-text-color has-link-color wp-elements-a9459a6fe54d9f48031d1d69f3ced58d\"><span aria-hidden=\"true\" class=\"wp-block-cover__background has-base-background-color has-background-dim-100 has-background-dim\"><\/span><div class=\"wp-block-cover__inner-container is-layout-constrained wp-block-cover-is-layout-constrained\">\n<h2 class=\"wp-block-heading has-text-align-left has-contrast-color has-text-color has-link-color wp-elements-d8b01a84efb4c92724b0294b39c583f4\">Preguntes freq\u00fcents vals regal: proc\u00e9s de compra<\/h2>\n\n\n\n<h3 class=\"wp-block-heading\">Com es compra una experi\u00e8ncia per regalar?<\/h3>\n\n\n\n<p>Nom\u00e9s has d&#8217;escollir el regal, emplenar un breu formulari amb les dades i una dedicat\u00f2ria, i rebr\u00e0s el val per correu electr\u00f2nic en menys de 24h.<\/p>\n\n\n\n<h3 class=\"wp-block-heading\">Puc fer el regal avui mateix?<\/h3>\n\n\n\n<p>S\u00ed. Rebr\u00e0s el teu val regal per email en un m\u00e0xim de 24h.<br\/>Si necessites el val <strong>de manera urgent<\/strong>, truca&#8217;ns al <a href=\"tel:+34610750224\"><strong>610 75 02 24<\/strong><\/a> dins l&#8217;horari d&#8217;atenci\u00f3 (9:00\u201318:00) i t&#8217;ho enviarem <strong>immediatament<\/strong>. <\/p>\n\n\n\n<h3 class=\"wp-block-heading\">Quant de temps t\u00e9 de validesa el val?<\/h3>\n\n\n\n<p>Tots els vals tenen validesa de 12 mesos des de la data de compra.<\/p>\n\n\n\n<div class=\"wp-block-buttons is-layout-flex wp-block-buttons-is-layout-flex\">\n<div class=\"wp-block-button\"><a class=\"wp-block-button__link wp-element-button\" href=\"https:\/\/zoodelpirineu.com\/validez-del-vale-regalo\/\">Consulta aqu\u00ed tots els detalls sobre la validesa, les ampliacions i la caducitat.<\/a><\/div>\n<\/div>\n\n\n\n<div style=\"height:20px\" aria-hidden=\"true\" class=\"wp-block-spacer\"><\/div>\n<\/div><\/div>\n\n<div style=\"height:100px\" aria-hidden=\"true\" class=\"wp-block-spacer\"><\/div>\n\n<h2 class=\"wp-block-heading\">Vols veure el proc\u00e9s pas a pas?<\/h2>\n\n<p><strong>Consulta la guia completa per comprar un val regal<\/strong>. Descobreix totes les opcions, qu\u00e8 necessites abans de comprar, i com assegurar-te que el teu regal sigui perfecte. <\/p>\n\n<div class=\"wp-block-buttons is-layout-flex wp-block-buttons-is-layout-flex\">\n<div class=\"wp-block-button\"><a class=\"wp-block-button__link has-medium-font-size has-custom-font-size wp-element-button\" href=\"https:\/\/zoodelpirineu.com\/ca\/experiencies-per-regalar\/preguntes-frequents-vals-regal\/com-comprar-vals-regal\/\" style=\"border-radius:0px\">Veure la guia de compra de vals regal<\/a><\/div>\n<\/div>\n\n<div style=\"height:100px\" aria-hidden=\"true\" class=\"wp-block-spacer\"><\/div>\n\n<h2 class=\"wp-block-heading\">Preguntes freq\u00fcents vals regal: destinataris del regal<\/h2>\n\n<h3 class=\"wp-block-heading\">\u00bf A qui puc regalar una experi\u00e8ncia?<\/h3>\n\n<p>A qui vulguis: nens, adolescents, adults, s\u00e8niors\u2026 Tenim opcions per a tots els p\u00fablics.<\/p>\n\n<h3 class=\"wp-block-heading\">La persona que rep el val regal ha de reservar?<\/h3>\n\n<p>S\u00ed, el val inclou instruccions per reservar f\u00e0cilment el dia i l&#8217;hora que prefereixi.<\/p>\n\n<div class=\"wp-block-buttons is-layout-flex wp-block-buttons-is-layout-flex\">\n<div class=\"wp-block-button\"><a class=\"wp-block-button__link wp-element-button\" href=\"https:\/\/zoodelpirineu.com\/ca\/experiencies-per-regalar\/preguntes-frequents-vals-regal\/com-utilitzar-el-val-regal\/\">Consulta aqu\u00ed com fer servir el val regal<\/a><\/div>\n<\/div>\n\n<div style=\"height:20px\" aria-hidden=\"true\" class=\"wp-block-spacer\"><\/div>\n\n<h3 class=\"wp-block-heading\">Pot canviar l&#8217;experi\u00e8ncia?<\/h3>\n\n<p>S\u00ed, si la persona prefereix una altra experi\u00e8ncia, pot contactar amb nosaltres i fer el canvi sense problema.<\/p>\n\n<div style=\"height:100px\" aria-hidden=\"true\" class=\"wp-block-spacer\"><\/div>\n\n<h2 class=\"wp-block-heading\">Preguntes freq\u00fcents vals regal: casos especials<\/h2>\n\n<h3 class=\"wp-block-heading\">Puc personalitzar el missatge del val?<\/h3>\n\n<p>Per suposat. Al formulari de compra trobar\u00e0s una casella per escriure la teva dedicat\u00f2ria personalitzada. <\/p>\n\n<h3 class=\"wp-block-heading\">Puc regalar sense indicar data?<\/h3>\n\n<p>S\u00ed, el val no t\u00e9 data fixada. La persona decideix quan venir. <\/p>\n\n<h3 class=\"wp-block-heading\">Qu\u00e8 passa si perden el val regal?<\/h3>\n\n<p>Podem tornar-ho a enviar. Nom\u00e9s ens heu de contactar a l&#8217;email <a href=\"mailto:zoopirineu@gmail.com\">zoopirineu@gmail.com<\/a> . <\/p>\n\n<h3 class=\"wp-block-heading\">Qu\u00e8 passa si la persona no pot venir?<\/h3>\n\n<p>Podem ampliar el termini o convertir el regal en una donaci\u00f3. Sempre busquem una soluci\u00f3 que conservi el valor del regal. <\/p>\n\n<h4 class=\"wp-block-heading\">I si vull fer un regal per a un grup o una fam\u00edlia?<\/h4>\n\n<p>T&#8217;ajudem a preparar un val adaptat. Escriu-nos, explica&#8217;ns la teva idea i ho preparem junts. <\/p>\n\n<h4 class=\"wp-block-heading\">\u00bf Hi ha descomptes per regalar diverses experi\u00e8ncies?<\/h4>\n\n<p>No apliquem descomptes, perqu\u00e8 cada euro es destina \u00edntegrament a tenir cura dels animals salvatges del refugi.<\/p>\n\n<h3 class=\"wp-block-heading\">Preguntes freq\u00fcents vals regal: ajuda personalitzada<\/h3>\n\n<p>Tens alguna idea especial o necessites ajuda per dissenyar el millor regal? Tens al cap una sorpresa \u00fanica? Escriu-nos i creem junts el regal perfecte. Tu imagines, nosaltres t&#8217;ajudem a fer-ho realitat.   <\/p>\n\n<div style=\"height:100px\" aria-hidden=\"true\" class=\"wp-block-spacer\"><\/div>\n\n<div class=\"wp-block-cover has-contrast-color has-text-color has-link-color wp-elements-e8309a88e6525f8aa0fc928bef394ad2\" style=\"min-height:182px;aspect-ratio:unset;\"><span aria-hidden=\"true\" class=\"wp-block-cover__background has-base-background-color has-background-dim-100 has-background-dim\"><\/span><div class=\"wp-block-cover__inner-container is-layout-constrained wp-block-cover-is-layout-constrained\">\n<p>Esperem que aquesta guia de <strong>preguntes freq\u00fcents vals regal<\/strong> hagi resolt els teus dubtes. Si necessites ajuda personalitzada, contacta&#8217;ns. <\/p>\n\n\n\n<div class=\"wp-block-buttons is-layout-flex wp-block-buttons-is-layout-flex\">\n<div class=\"wp-block-button\"><a class=\"wp-block-button__link wp-element-button\" href=\"https:\/\/zoodelpirineu.com\/ca\/contacte\/\">Contacta&#8217;ns i t&#8217;ajudem encantats<\/a><\/div>\n<\/div>\n<\/div><\/div>\n","protected":false},"excerpt":{"rendered":"<p>Resol els teus dubtes abans de comprar o fer servir el teu regal. Aquesta p\u00e0gina et guia pas a pas perqu\u00e8 comprar i fer servir &#8230; <\/p>\n<p class=\"read-more-container\"><a title=\"Preguntes freq\u00fcents sobre vals regal | Tot el que necessites saber\" class=\"read-more button\" href=\"https:\/\/zoodelpirineu.com\/ca\/experiencies-per-regalar\/preguntes-frequents-vals-regal\/#more-4121\" aria-label=\"M\u00e9s informaci\u00f3 sobre Preguntes freq\u00fcents sobre vals regal | Tot el que necessites saber\">Read more<\/a><\/p>\n","protected":false},"author":1,"featured_media":0,"parent":3271,"menu_order":0,"comment_status":"closed","ping_status":"closed","template":"","meta":{"om_disable_all_campaigns":false,"_monsterinsights_skip_tracking":false,"_monsterinsights_sitenote_active":false,"_monsterinsights_sitenote_note":"","_monsterinsights_sitenote_category":0,"footnotes":""},"class_list":["post-4121","page","type-page","status-publish"],"aioseo_notices":[],"_links":{"self":[{"href":"https:\/\/zoodelpirineu.com\/ca\/wp-json\/wp\/v2\/pages\/4121","targetHints":{"allow":["GET"]}}],"collection":[{"href":"https:\/\/zoodelpirineu.com\/ca\/wp-json\/wp\/v2\/pages"}],"about":[{"href":"https:\/\/zoodelpirineu.com\/ca\/wp-json\/wp\/v2\/types\/page"}],"author":[{"embeddable":true,"href":"https:\/\/zoodelpirineu.com\/ca\/wp-json\/wp\/v2\/users\/1"}],"replies":[{"embeddable":true,"href":"https:\/\/zoodelpirineu.com\/ca\/wp-json\/wp\/v2\/comments?post=4121"}],"version-history":[{"count":6,"href":"https:\/\/zoodelpirineu.com\/ca\/wp-json\/wp\/v2\/pages\/4121\/revisions"}],"predecessor-version":[{"id":5608,"href":"https:\/\/zoodelpirineu.com\/ca\/wp-json\/wp\/v2\/pages\/4121\/revisions\/5608"}],"up":[{"embeddable":true,"href":"https:\/\/zoodelpirineu.com\/ca\/wp-json\/wp\/v2\/pages\/3271"}],"wp:attachment":[{"href":"https:\/\/zoodelpirineu.com\/ca\/wp-json\/wp\/v2\/media?parent=4121"}],"curies":[{"name":"wp","href":"https:\/\/api.w.org\/{rel}","templated":true}]}}