{"id":4655,"date":"2025-08-12T06:23:05","date_gmt":"2025-08-12T05:23:05","guid":{"rendered":"https:\/\/zoodelpirineu.com\/donacio\/ajuda-urgent-per-a-animals-salvatges\/"},"modified":"2026-02-16T17:03:28","modified_gmt":"2026-02-16T16:03:28","slug":"ajuda-urgent-per-a-animals-salvatges","status":"publish","type":"page","link":"https:\/\/zoodelpirineu.com\/ca\/donacio\/ajuda-urgent-per-a-animals-salvatges\/","title":{"rendered":"Ajuda urgent per a animals salvatges"},"content":{"rendered":"\n<div class=\"wp-block-cover\"><img loading=\"lazy\" decoding=\"async\" width=\"1024\" height=\"410\" class=\"wp-block-cover__image-background wp-image-4666 size-large\" alt=\"Zorrito rescatado en estado cr\u00edtico gracias a ayuda urgente para animales salvajes. La donaci\u00f3n permiti\u00f3 cuidados inmediatos, medicina y recuperaci\u00f3n total.\" src=\"https:\/\/zoodelpirineu.com\/wp-content\/uploads\/2025\/08\/zorrorescatado-1024x410.jpg\" style=\"object-position:62% 91%\" data-object-fit=\"cover\" data-object-position=\"62% 91%\" srcset=\"https:\/\/zoodelpirineu.com\/wp-content\/uploads\/2025\/08\/zorrorescatado-1024x410.jpg 1024w, https:\/\/zoodelpirineu.com\/wp-content\/uploads\/2025\/08\/zorrorescatado-300x120.jpg 300w, https:\/\/zoodelpirineu.com\/wp-content\/uploads\/2025\/08\/zorrorescatado-768x307.jpg 768w, https:\/\/zoodelpirineu.com\/wp-content\/uploads\/2025\/08\/zorrorescatado-1536x614.jpg 1536w, https:\/\/zoodelpirineu.com\/wp-content\/uploads\/2025\/08\/zorrorescatado.jpg 2000w\" sizes=\"auto, (max-width: 1024px) 100vw, 1024px\" \/><span aria-hidden=\"true\" class=\"wp-block-cover__background has-contrast-background-color has-background-dim-60 has-background-dim\"><\/span><div class=\"wp-block-cover__inner-container is-layout-constrained wp-block-cover-is-layout-constrained\">\n<div style=\"height:60px\" aria-hidden=\"true\" class=\"wp-block-spacer\"><\/div>\n\n\n\n<p class=\"has-text-align-center has-large-font-size\">La teva ajuda urgent per als animals salvatges ens permet actuar de seguida.<\/p>\n\n\n\n<p class=\"has-text-align-center has-large-font-size\">La teva donaci\u00f3 \u00e9s calor, medicaci\u00f3 i esperan\u00e7a per als m\u00e9s fr\u00e0gils.<\/p>\n<\/div><\/div>\n\n<div style=\"height:100px\" aria-hidden=\"true\" class=\"wp-block-spacer\"><\/div>\n\n<div class=\"wp-block-columns is-layout-flex wp-container-core-columns-is-layout-9d6595d7 wp-block-columns-is-layout-flex\">\n<div class=\"wp-block-column is-layout-flow wp-block-column-is-layout-flow\" style=\"flex-basis:25%\"><\/div>\n\n\n\n<div class=\"wp-block-column has-base-background-color has-background is-layout-flow wp-block-column-is-layout-flow\" style=\"flex-basis:50%\">\n<div style=\"height:20px\" aria-hidden=\"true\" class=\"wp-block-spacer\"><\/div>\n\n\n\n<p class=\"has-text-align-center\">Els animals salvatges arriben ferits, famolencs i espantats.<\/p>\n\n\n\n<p class=\"has-text-align-center\">La teva donaci\u00f3 salva vides.<\/p>\n<\/div>\n\n\n\n<div class=\"wp-block-column is-layout-flow wp-block-column-is-layout-flow\" style=\"flex-basis:25%\"><\/div>\n<\/div>\n\n<div style=\"height:100px\" aria-hidden=\"true\" class=\"wp-block-spacer\"><\/div>\n\n<div class=\"wp-block-columns is-layout-flex wp-container-core-columns-is-layout-9d6595d7 wp-block-columns-is-layout-flex\">\n<div class=\"wp-block-column is-layout-flow wp-block-column-is-layout-flow\" style=\"flex-basis:10%\"><\/div>\n\n\n\n<div class=\"wp-block-column has-base-background-color has-background is-layout-flow wp-block-column-is-layout-flow\">\n<div class=\"wp-block-columns is-layout-flex wp-container-core-columns-is-layout-9d6595d7 wp-block-columns-is-layout-flex\">\n<div class=\"wp-block-column is-layout-flow wp-block-column-is-layout-flow\" style=\"flex-basis:10px\"><\/div>\n\n\n\n<div class=\"wp-block-column is-layout-flow wp-block-column-is-layout-flow\">\n<div style=\"height:20px\" aria-hidden=\"true\" class=\"wp-block-spacer\"><\/div>\n\n\n\n<h2 class=\"wp-block-heading has-text-align-left\" id=\"donacion\">Vull fer una donaci\u00f3 amb targeta<\/h2>\n\n\n<div class=\"wpforms-container wpforms-container-full wpforms-stripe wpforms-block wpforms-block-1c1262ee-ebe0-48ee-a620-14bcbcee3726\" id=\"wpforms-4616\"><form id=\"wpforms-form-4616\" class=\"wpforms-validate wpforms-form wpforms-ajax-form\" data-formid=\"4616\" method=\"post\" enctype=\"multipart\/form-data\" action=\"\/ca\/wp-json\/wp\/v2\/pages\/4655\" data-token=\"3d492b5abfb0c44a769c90fe86db6159\" data-token-time=\"1776452989\"><noscript class=\"wpforms-error-noscript\">Activeu el JavaScript al navegador per a poder completar el formulari.<\/noscript><div class=\"wpforms-field-container\"><div id=\"wpforms-4616-field_3-container\" class=\"wpforms-field wpforms-field-payment-single\" data-field-id=\"3\"><label class=\"wpforms-field-label\" for=\"wpforms-4616-field_3\">Amb quina quantitat vols participar? <span class=\"wpforms-required-label\">*<\/span><\/label><input type=\"text\" id=\"wpforms-4616-field_3\" class=\"wpforms-field-medium wpforms-field-required wpforms-payment-user-input wpforms-payment-price\" data-rule-currency=\"[&quot;$&quot;,false]\" data-rule-required-minimum-price=\"10.00\" data-rule-required-positive-number=\"1\" name=\"wpforms[fields][3]\"><div class=\"wpforms-field-description\">Minimum Price: 10,00 &euro;<\/div><\/div><div id=\"wpforms-4616-field_19-container\" class=\"wpforms-field wpforms-field-text\" data-field-id=\"19\"><label class=\"wpforms-field-label\" for=\"wpforms-4616-field_19\">La donaci\u00f3 \u00e9s per a algun animal o per algun projecte en particular?<\/label><input type=\"text\" id=\"wpforms-4616-field_19\" class=\"wpforms-field-medium\" name=\"wpforms[fields][19]\" ><\/div><div id=\"wpforms-4616-field_11-container\" class=\"wpforms-field wpforms-field-divider\" data-field-id=\"11\"><h3 id=\"wpforms-4616-field_11\">Dades personals<\/h3><div class=\"wpforms-field-description\">La llei de blanqueig de capitals ens obliga a recollir aquestes dades.<\/div><\/div><div id=\"wpforms-4616-field_12-container\" class=\"wpforms-field wpforms-field-name\" data-field-id=\"12\"><label class=\"wpforms-field-label\">Nom <span class=\"wpforms-required-label\">*<\/span><\/label><div class=\"wpforms-field-row wpforms-field-medium\"><div class=\"wpforms-field-row-block wpforms-first wpforms-one-half\"><input type=\"text\" id=\"wpforms-4616-field_12\" class=\"wpforms-field-name-first wpforms-field-required\" name=\"wpforms[fields][12][first]\" required><label for=\"wpforms-4616-field_12\" class=\"wpforms-field-sublabel after\">Nom<\/label><\/div><div class=\"wpforms-field-row-block wpforms-one-half\"><input type=\"text\" id=\"wpforms-4616-field_12-last\" class=\"wpforms-field-name-last wpforms-field-required\" name=\"wpforms[fields][12][last]\" required><label for=\"wpforms-4616-field_12-last\" class=\"wpforms-field-sublabel after\">Cognoms<\/label><\/div><\/div><\/div><div id=\"wpforms-4616-field_14-container\" class=\"wpforms-field wpforms-field-email\" data-field-id=\"14\"><label class=\"wpforms-field-label\" for=\"wpforms-4616-field_14\">Correu electr\u00f2nic <span class=\"wpforms-required-label\">*<\/span><\/label><input type=\"email\" id=\"wpforms-4616-field_14\" class=\"wpforms-field-medium wpforms-field-required\" name=\"wpforms[fields][14]\" spellcheck=\"false\" required><\/div><div id=\"wpforms-4616-field_15-container\" class=\"wpforms-field wpforms-field-radio wpforms-list-inline wpforms-conditional-trigger\" data-field-id=\"15\"><label class=\"wpforms-field-label\">Vius a Espanya? <span class=\"wpforms-required-label\">*<\/span><\/label><ul id=\"wpforms-4616-field_15\" class=\"wpforms-field-required\"><li class=\"choice-1 depth-1\"><input type=\"radio\" id=\"wpforms-4616-field_15_1\" name=\"wpforms[fields][15]\" value=\"S\u00ed\" required ><label class=\"wpforms-field-label-inline\" for=\"wpforms-4616-field_15_1\">S\u00ed<\/label><\/li><li class=\"choice-2 depth-1\"><input type=\"radio\" id=\"wpforms-4616-field_15_2\" name=\"wpforms[fields][15]\" value=\"No\" required ><label class=\"wpforms-field-label-inline\" for=\"wpforms-4616-field_15_2\">No<\/label><\/li><\/ul><\/div><div id=\"wpforms-4616-field_13-container\" class=\"wpforms-field wpforms-field-text wpforms-conditional-field wpforms-conditional-show\" data-field-id=\"13\" style=\"display:none;\"><label class=\"wpforms-field-label\" for=\"wpforms-4616-field_13\">El teu codi postal <span class=\"wpforms-required-label\">*<\/span><\/label><input type=\"text\" id=\"wpforms-4616-field_13\" class=\"wpforms-field-medium wpforms-field-required\" name=\"wpforms[fields][13]\" required><\/div>\t\t<div id=\"wpforms-4616-field_1-container\"\n\t\t\tclass=\"wpforms-field wpforms-field-text\"\n\t\t\tdata-field-type=\"text\"\n\t\t\tdata-field-id=\"1\"\n\t\t\t>\n\t\t\t<label class=\"wpforms-field-label\" for=\"wpforms-4616-field_1\" >o Nom pagament<\/label>\n\t\t\t<input type=\"text\" id=\"wpforms-4616-field_1\" class=\"wpforms-field-medium\" name=\"wpforms[fields][1]\" >\n\t\t<\/div>\n\t\t<div id=\"wpforms-4616-field_16-container\" class=\"wpforms-field wpforms-field-text wpforms-conditional-field wpforms-conditional-show\" data-field-id=\"16\" style=\"display:none;\"><label class=\"wpforms-field-label\" for=\"wpforms-4616-field_16\">DNI \/ NIE \/ Passaport <span class=\"wpforms-required-label\">*<\/span><\/label><input type=\"text\" id=\"wpforms-4616-field_16\" class=\"wpforms-field-medium wpforms-field-required\" name=\"wpforms[fields][16]\" required><\/div><div id=\"wpforms-4616-field_17-container\" class=\"wpforms-field wpforms-field-text wpforms-conditional-field wpforms-conditional-show\" data-field-id=\"17\" style=\"display:none;\"><label class=\"wpforms-field-label\" for=\"wpforms-4616-field_17\">De quin pa\u00eds ets? <span class=\"wpforms-required-label\">*<\/span><\/label><input type=\"text\" id=\"wpforms-4616-field_17\" class=\"wpforms-field-medium wpforms-field-required\" name=\"wpforms[fields][17]\" required><\/div><div id=\"wpforms-4616-field_20-container\" class=\"wpforms-field wpforms-field-text wpforms-conditional-field wpforms-conditional-show\" data-field-id=\"20\" style=\"display:none;\"><label class=\"wpforms-field-label\" for=\"wpforms-4616-field_20\">El teu codi postal <span class=\"wpforms-required-label\">*<\/span><\/label><input type=\"text\" id=\"wpforms-4616-field_20\" class=\"wpforms-field-medium wpforms-field-required\" name=\"wpforms[fields][20]\" required><\/div><div id=\"wpforms-4616-field_21-container\" class=\"wpforms-field wpforms-field-text wpforms-conditional-field wpforms-conditional-show\" data-field-id=\"21\" style=\"display:none;\"><label class=\"wpforms-field-label\" for=\"wpforms-4616-field_21\">DNI \/ NIE \/ Passaport <span class=\"wpforms-required-label\">*<\/span><\/label><input type=\"text\" id=\"wpforms-4616-field_21\" class=\"wpforms-field-medium wpforms-field-required\" name=\"wpforms[fields][21]\" required><\/div><div id=\"wpforms-4616-field_24-container\" class=\"wpforms-field wpforms-field-radio wpforms-list-inline\" data-field-id=\"24\"><label class=\"wpforms-field-label\">Vols rebre el certificat de la teva donaci\u00f3? <span class=\"wpforms-required-label\">*<\/span><\/label><ul id=\"wpforms-4616-field_24\" class=\"wpforms-field-required\"><li class=\"choice-1 depth-1\"><input type=\"radio\" id=\"wpforms-4616-field_24_1\" name=\"wpforms[fields][24]\" value=\"S\u00ed\" required ><label class=\"wpforms-field-label-inline\" for=\"wpforms-4616-field_24_1\">S\u00ed<\/label><\/li><li class=\"choice-2 depth-1\"><input type=\"radio\" id=\"wpforms-4616-field_24_2\" name=\"wpforms[fields][24]\" value=\"No\" required ><label class=\"wpforms-field-label-inline\" for=\"wpforms-4616-field_24_2\">No<\/label><\/li><\/ul><div class=\"wpforms-field-description\">Amb el certificat podr\u00e0s desgravar fins al 80% de la teva donaci\u00f3 a la seg\u00fcent declaraci\u00f3 de la renda.<\/div><\/div><div id=\"wpforms-4616-field_7-container\" class=\"wpforms-field wpforms-field-divider wpforms-conditional-field wpforms-conditional-show\" data-field-id=\"7\" style=\"display:none;\"><h3 id=\"wpforms-4616-field_7\">M\u00e8tode de pagament<\/h3><\/div><div id=\"wpforms-4616-field_10-container\" class=\"wpforms-field wpforms-field-stripe-credit-card wpforms-conditional-field wpforms-conditional-show\" data-field-id=\"10\" style=\"display:none;\"><label class=\"wpforms-field-label\">Targeta de cr\u00e8dit o de d\u00e8bit <span class=\"wpforms-required-label\">*<\/span><\/label><div class=\"wpforms-field-row wpforms-no-columns wpforms-field-medium \" data-sublabel-position=\"above\" data-link-email=\"\" data-required=\"1\"><div id=\"wpforms-field-stripe-link-element-4616\"><\/div><div id=\"wpforms-field-stripe-payment-element-4616\"><\/div><input type=\"text\" class=\"wpforms-stripe-credit-card-hidden-input\" name=\"wpforms[stripe-credit-card-hidden-input-4616]\" disabled style=\"display: none;\"><\/div><\/div><script>\n\t\t\t\t( function() {\n\t\t\t\t\tconst style = document.createElement( 'style' );\n\t\t\t\t\tstyle.appendChild( document.createTextNode( '#wpforms-4616-field_1-container { position: absolute !important; overflow: hidden !important; display: inline !important; height: 1px !important; width: 1px !important; z-index: -1000 !important; padding: 0 !important; } #wpforms-4616-field_1-container input { visibility: hidden; } #wpforms-conversational-form-page #wpforms-4616-field_1-container label { counter-increment: none; }' ) );\n\t\t\t\t\tdocument.head.appendChild( style );\n\t\t\t\t\tdocument.currentScript?.remove();\n\t\t\t\t} )();\n\t\t\t<\/script><\/div><!-- .wpforms-field-container --><div class=\"wpforms-submit-container\" ><input type=\"hidden\" name=\"wpforms[id]\" value=\"4616\"><input type=\"hidden\" name=\"page_title\" value=\"\"><input type=\"hidden\" name=\"page_url\" value=\"https:\/\/zoodelpirineu.com\/ca\/wp-json\/wp\/v2\/pages\/4655\"><input type=\"hidden\" name=\"url_referer\" value=\"\"><button type=\"submit\" name=\"wpforms[submit]\" id=\"wpforms-submit-4616\" class=\"wpforms-submit\" data-alt-text=\"Enviant...\" data-submit-text=\"Enviar\" aria-live=\"assertive\" value=\"wpforms-submit\">Enviar<\/button><img loading=\"lazy\" decoding=\"async\" src=\"https:\/\/zoodelpirineu.com\/wp-content\/plugins\/wpforms\/assets\/images\/submit-spin.svg\" class=\"wpforms-submit-spinner\" style=\"display: none;\" width=\"26\" height=\"26\" alt=\"S&#039;est\u00e0 carregant\"><\/div><\/form><\/div>  <!-- .wpforms-container --><\/div>\n\n\n\n<div class=\"wp-block-column is-layout-flow wp-block-column-is-layout-flow\" style=\"flex-basis:10px\"><\/div>\n<\/div>\n<\/div>\n\n\n\n<div class=\"wp-block-column has-base-background-color has-background is-layout-flow wp-block-column-is-layout-flow\">\n<div class=\"wp-block-columns is-layout-flex wp-container-core-columns-is-layout-9d6595d7 wp-block-columns-is-layout-flex\">\n<div class=\"wp-block-column is-layout-flow wp-block-column-is-layout-flow\" style=\"flex-basis:10px\"><\/div>\n\n\n\n<div class=\"wp-block-column is-layout-flow wp-block-column-is-layout-flow\">\n<div style=\"height:20px\" aria-hidden=\"true\" class=\"wp-block-spacer\"><\/div>\n\n\n\n<h2 class=\"wp-block-heading has-text-align-left\">Vull fer una donaci\u00f3 per transfer\u00e8ncia banc\u00e0ria<\/h2>\n\n\n\n<p class=\"has-text-align-left\">Prefereixes fer la teva donaci\u00f3 directament des del teu banc? <strong>Pots fer-ho de manera r\u00e0pida, senzilla i segura.<\/strong> <\/p>\n\n\n\n<ul class=\"wp-block-list\">\n<li>Fins a 99\u202f\u20ac pots fer la teva donaci\u00f3 de <strong>forma an\u00f2nima<\/strong>.<\/li>\n\n\n\n<li>Si vols donar una quantitat superior, <strong>necessitarem les teves dades (nom, DNI i codi postal)<\/strong> per complir amb la <a href=\"https:\/\/www.boe.es\/buscar\/act.php?id=BOE-A-2010-6737\" target=\"_blank\" rel=\"noopener\" title=\"llei de prevenci&#xF3; del blanqueig de capitals\">llei de prevenci\u00f3 del blanqueig de capitals<\/a>.<\/li>\n<\/ul>\n\n\n\n<p class=\"has-text-align-left\">Gr\u00e0cies per la teva comprensi\u00f3 i, sobretot, pel teu suport.<\/p>\n\n\n\n<p class=\"has-text-align-left has-medium-font-size\">IBAN: <strong>ES05 0081 0214 8000 0144 2855<br\/><\/strong>Titular: Fundaci\u00f3 Zoo del Pirineu<br\/>Concepte: Donaci\u00f3<\/p>\n<\/div>\n\n\n\n<div class=\"wp-block-column is-layout-flow wp-block-column-is-layout-flow\" style=\"flex-basis:10px\"><\/div>\n<\/div>\n<\/div>\n\n\n\n<div class=\"wp-block-column is-layout-flow wp-block-column-is-layout-flow\" style=\"flex-basis:10%\"><\/div>\n<\/div>\n\n<div style=\"height:100px\" aria-hidden=\"true\" class=\"wp-block-spacer\"><\/div>\n\n<h2 class=\"wp-block-heading has-text-align-center\">Exemples reals amb rostre i hist\u00f2ria<\/h2>\n\n<div class=\"wp-block-columns is-layout-flex wp-container-core-columns-is-layout-9d6595d7 wp-block-columns-is-layout-flex\">\n<div class=\"wp-block-column is-layout-flow wp-block-column-is-layout-flow\"><\/div>\n\n\n\n<div class=\"wp-block-column is-layout-flow wp-block-column-is-layout-flow\">\n<h3 class=\"wp-block-heading has-text-align-center\">Daines de <a href=\"https:\/\/www.lugaresdeaventura.com\/noticia\/naturland-pasa-pagina-con-el-cierre-definitivo-del-parque-de-animales\" target=\"_blank\" rel=\"noopener\" title=\"Naturlandia\">Naturlandia<\/a><\/h3>\n\n\n\n<figure class=\"wp-block-image size-full\"><img loading=\"lazy\" decoding=\"async\" width=\"800\" height=\"600\" src=\"https:\/\/zoodelpirineu.com\/wp-content\/uploads\/2025\/08\/gamosdenaturlandia.jpg\" alt=\"Daines rescatades de Naturlandia vivint en semillibertat gr&#xE0;cies a l&#x2019;ajuda urgent per a animals salvatges.\" class=\"wp-image-4663\" srcset=\"https:\/\/zoodelpirineu.com\/wp-content\/uploads\/2025\/08\/gamosdenaturlandia.jpg 800w, https:\/\/zoodelpirineu.com\/wp-content\/uploads\/2025\/08\/gamosdenaturlandia-300x225.jpg 300w, https:\/\/zoodelpirineu.com\/wp-content\/uploads\/2025\/08\/gamosdenaturlandia-768x576.jpg 768w\" sizes=\"auto, (max-width: 800px) 100vw, 800px\" \/><\/figure>\n\n\n\n<p class=\"has-text-align-center\"><em>Autor: Merc\u00e8 Ibran<\/em><\/p>\n\n\n\n<p class=\"has-text-align-center\">Aquestes cinc daines estaven condemnades al sacrifici despr\u00e9s del tancament d\u2019un parc.<br\/>Gr\u00e0cies a les donacions, vam construir un espai segur on avui viuen tranquil\u00b7les, en semillibertat.<\/p>\n<\/div>\n\n\n\n<div class=\"wp-block-column is-layout-flow wp-block-column-is-layout-flow\">\n<h3 class=\"wp-block-heading has-text-align-center\">Alin, la guineueta<\/h3>\n\n\n\n<figure class=\"wp-block-image size-full\"><img loading=\"lazy\" decoding=\"async\" width=\"800\" height=\"600\" src=\"https:\/\/zoodelpirineu.com\/wp-content\/uploads\/2025\/08\/criadezorrorescatada.jpg\" alt=\"Veterin&#xE0;ria cuida a Alin, una guineu rescatada amb ajuda urgent per a animals salvatges al Delta de l&#x2019;Ebre.\" class=\"wp-image-4660\" srcset=\"https:\/\/zoodelpirineu.com\/wp-content\/uploads\/2025\/08\/criadezorrorescatada.jpg 800w, https:\/\/zoodelpirineu.com\/wp-content\/uploads\/2025\/08\/criadezorrorescatada-300x225.jpg 300w, https:\/\/zoodelpirineu.com\/wp-content\/uploads\/2025\/08\/criadezorrorescatada-768x576.jpg 768w\" sizes=\"auto, (max-width: 800px) 100vw, 800px\" \/><\/figure>\n\n\n\n<div style=\"height:30px\" aria-hidden=\"true\" class=\"wp-block-spacer\"><\/div>\n\n\n\n<p class=\"has-text-align-center\">L\u2019Alin va ser trobat d\u00e8bil al mig d\u2019una carretera, prop del Delta de l\u2019Ebre.<br\/>Vam actuar amb urg\u00e8ncia: vam rec\u00f3rrer Catalunya per oferir-li atenci\u00f3 veterin\u00e0ria immediata.<br\/>Gr\u00e0cies al suport de les persones donants, avui l\u2019Alin torna a ser lliure, fort i salvatge. <\/p>\n<\/div>\n\n\n\n<div class=\"wp-block-column is-layout-flow wp-block-column-is-layout-flow\"><\/div>\n<\/div>\n\n<div style=\"height:100px\" aria-hidden=\"true\" class=\"wp-block-spacer\"><\/div>\n\n<h2 class=\"wp-block-heading has-text-align-center\">Altres formes d\u2019oferir ajuda urgent als animals<\/h2>\n\n<div class=\"wp-block-columns is-layout-flex wp-container-core-columns-is-layout-9d6595d7 wp-block-columns-is-layout-flex\">\n<div class=\"wp-block-column is-layout-flow wp-block-column-is-layout-flow\" style=\"flex-basis:10%\"><\/div>\n\n\n\n<div class=\"wp-block-column has-base-background-color has-background is-layout-flow wp-block-column-is-layout-flow\">\n<div style=\"height:20px\" aria-hidden=\"true\" class=\"wp-block-spacer\"><\/div>\n\n\n\n<p class=\"has-text-align-center has-medium-font-size\"><strong><a href=\"https:\/\/zoodelpirineu.com\/ca\/donacio\/fes-te-soci\/formulari-per-fer-te-socia-o-soci\/\" title=\"Formulari per fer-te s&#xF2;cia o soci\">Fes-te s\u00f2cia o soci<\/a><\/strong><\/p>\n\n\n\n<p class=\"has-text-align-center\">Forma part de la Comunitat d\u2019\u00c0nimes Salvatges i dona suport als animals cada mes.<\/p>\n<\/div>\n\n\n\n<div class=\"wp-block-column has-base-background-color has-background is-layout-flow wp-block-column-is-layout-flow\">\n<div style=\"height:20px\" aria-hidden=\"true\" class=\"wp-block-spacer\"><\/div>\n\n\n\n<p class=\"has-text-align-center has-medium-font-size\"><strong><a href=\"https:\/\/zoodelpirineu.com\/ca\/category\/apadrinar-animals\/\" title=\"Apadrinar animals\">Apadrina un animal<\/a><\/strong><\/p>\n\n\n\n<p class=\"has-text-align-center\">Tria un animal irrecuperable i acompanya\u2019l amb la teva ajuda personalitzada.<\/p>\n<\/div>\n\n\n\n<div class=\"wp-block-column has-base-background-color has-background is-layout-flow wp-block-column-is-layout-flow\">\n<div style=\"height:20px\" aria-hidden=\"true\" class=\"wp-block-spacer\"><\/div>\n\n\n\n<p class=\"has-text-align-center has-medium-font-size\"><a href=\"https:\/\/zoodelpirineu.com\/ca\/donacio\/empreses\/\" title=\"Empreses\"><strong>Representes una empresa?<\/strong><\/a><\/p>\n\n\n\n<p class=\"has-text-align-center\">Col\u00b7labora amb nosaltres a trav\u00e9s de projectes de RSC, patrocinis o donacions corporatives.<\/p>\n<\/div>\n\n\n\n<div class=\"wp-block-column is-layout-flow wp-block-column-is-layout-flow\" style=\"flex-basis:10%\"><\/div>\n<\/div>\n\n<div style=\"height:100px\" aria-hidden=\"true\" class=\"wp-block-spacer\"><\/div>\n\n<h2 class=\"wp-block-heading\">Preguntes freq\u00fcents sobre la teva ajuda urgent per als animals<\/h2>\n\n<div style=\"height:20px\" aria-hidden=\"true\" class=\"wp-block-spacer\"><\/div>\n\n<h3 class=\"wp-block-heading has-text-align-left\">Com utilitzareu la meva donaci\u00f3 urgent per als animals salvatges?<\/h3>\n\n<p class=\"has-text-align-left\"><strong>Ajuda directa i immediata<\/strong>: La teva aportaci\u00f3 es destina a la urg\u00e8ncia que m\u00e9s la necessita en aquest moment: un rescat, una operaci\u00f3 veterin\u00e0ria o una cria sense mare.<br\/><strong>No es perd res<\/strong>: Si aquella emerg\u00e8ncia ja est\u00e0 coberta, la teva ajuda salvar\u00e0 l\u2019animal seg\u00fcent que arribi.<\/p>\n\n<h3 class=\"wp-block-heading\">\u00c9s segur fer el pagament?<\/h3>\n\n<p>S\u00ed. Utilitzem una passarel\u00b7la amb tecnologia encriptada i sistema 3D Secure per garantir la m\u00e0xima seguretat. <\/p>\n\n<h3 class=\"wp-block-heading\">Puc desgravar la meva donaci\u00f3?<\/h3>\n\n<p>S\u00ed. A Espanya pots desgravar fins al 80% de la teva aportaci\u00f3. Si ho sol\u00b7licites, t\u2019enviarem el certificat corresponent.  <\/p>\n\n<div style=\"height:100px\" aria-hidden=\"true\" class=\"wp-block-spacer\"><\/div>\n\n<div class=\"wp-block-cover\"><img loading=\"lazy\" decoding=\"async\" width=\"1024\" height=\"410\" class=\"wp-block-cover__image-background wp-image-4669 size-large\" alt=\"Polluelos rescatados en el Refugio Zoo de los Pirineos ilustran la frase de Gandhi sobre la grandeza de una sociedad y el trato a los animales.\" src=\"https:\/\/zoodelpirineu.com\/wp-content\/uploads\/2025\/08\/criadearrendajorescatada-1024x410.jpg\" data-object-fit=\"cover\" srcset=\"https:\/\/zoodelpirineu.com\/wp-content\/uploads\/2025\/08\/criadearrendajorescatada-1024x410.jpg 1024w, https:\/\/zoodelpirineu.com\/wp-content\/uploads\/2025\/08\/criadearrendajorescatada-300x120.jpg 300w, https:\/\/zoodelpirineu.com\/wp-content\/uploads\/2025\/08\/criadearrendajorescatada-768x307.jpg 768w, https:\/\/zoodelpirineu.com\/wp-content\/uploads\/2025\/08\/criadearrendajorescatada-1536x614.jpg 1536w, https:\/\/zoodelpirineu.com\/wp-content\/uploads\/2025\/08\/criadearrendajorescatada.jpg 2000w\" sizes=\"auto, (max-width: 1024px) 100vw, 1024px\" \/><span aria-hidden=\"true\" class=\"wp-block-cover__background has-contrast-background-color has-background-dim\"><\/span><div class=\"wp-block-cover__inner-container is-layout-constrained wp-block-cover-is-layout-constrained\">\n<div style=\"height:100px\" aria-hidden=\"true\" class=\"wp-block-spacer\"><\/div>\n\n\n\n<p class=\"has-text-align-center has-large-font-size\">La veritable grandesa d\u2019una societat es mesura per com tracta els m\u00e9s vulnerables.<\/p>\n\n\n\n<p class=\"has-text-align-center\"><em>Mahatma Gandhi<\/em><\/p>\n\n\n\n<div class=\"wp-block-buttons is-content-justification-center is-layout-flex wp-container-core-buttons-is-layout-16018d1d wp-block-buttons-is-layout-flex\">\n<div class=\"wp-block-button\"><a class=\"wp-block-button__link has-medium-font-size has-custom-font-size wp-element-button\" href=\"#donacion\" style=\"border-radius:0px\">Dona ara i deixa empremta<\/a><\/div>\n<\/div>\n<\/div><\/div>\n","protected":false},"excerpt":{"rendered":"<p>Els animals salvatges arriben ferits, famolencs i espantats. La teva donaci\u00f3 salva vides. Vull fer una donaci\u00f3 amb targeta Vull fer una donaci\u00f3 per transfer\u00e8ncia &#8230; <\/p>\n<p class=\"read-more-container\"><a title=\"Ajuda urgent per a animals salvatges\" class=\"read-more button\" href=\"https:\/\/zoodelpirineu.com\/ca\/donacio\/ajuda-urgent-per-a-animals-salvatges\/#more-4655\" aria-label=\"M\u00e9s informaci\u00f3 sobre Ajuda urgent per a animals salvatges\">Read more<\/a><\/p>\n","protected":false},"author":1,"featured_media":0,"parent":3902,"menu_order":0,"comment_status":"closed","ping_status":"closed","template":"","meta":{"om_disable_all_campaigns":false,"_monsterinsights_skip_tracking":false,"_monsterinsights_sitenote_active":false,"_monsterinsights_sitenote_note":"","_monsterinsights_sitenote_category":0,"footnotes":""},"class_list":["post-4655","page","type-page","status-publish"],"aioseo_notices":[],"_links":{"self":[{"href":"https:\/\/zoodelpirineu.com\/ca\/wp-json\/wp\/v2\/pages\/4655","targetHints":{"allow":["GET"]}}],"collection":[{"href":"https:\/\/zoodelpirineu.com\/ca\/wp-json\/wp\/v2\/pages"}],"about":[{"href":"https:\/\/zoodelpirineu.com\/ca\/wp-json\/wp\/v2\/types\/page"}],"author":[{"embeddable":true,"href":"https:\/\/zoodelpirineu.com\/ca\/wp-json\/wp\/v2\/users\/1"}],"replies":[{"embeddable":true,"href":"https:\/\/zoodelpirineu.com\/ca\/wp-json\/wp\/v2\/comments?post=4655"}],"version-history":[{"count":4,"href":"https:\/\/zoodelpirineu.com\/ca\/wp-json\/wp\/v2\/pages\/4655\/revisions"}],"predecessor-version":[{"id":6266,"href":"https:\/\/zoodelpirineu.com\/ca\/wp-json\/wp\/v2\/pages\/4655\/revisions\/6266"}],"up":[{"embeddable":true,"href":"https:\/\/zoodelpirineu.com\/ca\/wp-json\/wp\/v2\/pages\/3902"}],"wp:attachment":[{"href":"https:\/\/zoodelpirineu.com\/ca\/wp-json\/wp\/v2\/media?parent=4655"}],"curies":[{"name":"wp","href":"https:\/\/api.w.org\/{rel}","templated":true}]}}