{"id":4790,"date":"2025-04-13T05:31:47","date_gmt":"2025-04-13T04:31:47","guid":{"rendered":"https:\/\/zoodelpirineu.com\/experiencies-per-regalar\/regals-per-a-persones-especials\/"},"modified":"2026-01-14T16:12:11","modified_gmt":"2026-01-14T15:12:11","slug":"regals-per-a-persones-especials","status":"publish","type":"page","link":"https:\/\/zoodelpirineu.com\/ca\/experiencies-per-regalar\/regals-per-a-persones-especials\/","title":{"rendered":"Regals per a persones especials"},"content":{"rendered":"\n<div class=\"wp-block-cover\"><img loading=\"lazy\" decoding=\"async\" width=\"2000\" height=\"800\" class=\"wp-block-cover__image-background wp-image-4023\" alt=\"Mujer sonriente con un cuervo negro en el brazo en plena naturaleza, regalos para personas especiales con animales salvajes.\" src=\"https:\/\/zoodelpirineu.com\/wp-content\/uploads\/2025\/04\/regalosparapersonasespeciales.jpg\" style=\"object-position:48% 7%\" data-object-fit=\"cover\" data-object-position=\"48% 7%\" srcset=\"https:\/\/zoodelpirineu.com\/wp-content\/uploads\/2025\/04\/regalosparapersonasespeciales.jpg 2000w, https:\/\/zoodelpirineu.com\/wp-content\/uploads\/2025\/04\/regalosparapersonasespeciales-300x120.jpg 300w, https:\/\/zoodelpirineu.com\/wp-content\/uploads\/2025\/04\/regalosparapersonasespeciales-1024x410.jpg 1024w, https:\/\/zoodelpirineu.com\/wp-content\/uploads\/2025\/04\/regalosparapersonasespeciales-768x307.jpg 768w, https:\/\/zoodelpirineu.com\/wp-content\/uploads\/2025\/04\/regalosparapersonasespeciales-1536x614.jpg 1536w\" sizes=\"auto, (max-width: 2000px) 100vw, 2000px\" \/><span aria-hidden=\"true\" class=\"wp-block-cover__background has-contrast-background-color has-background-dim\"><\/span><div class=\"wp-block-cover__inner-container is-layout-constrained wp-block-cover-is-layout-constrained\">\n<div style=\"height:100px\" aria-hidden=\"true\" class=\"wp-block-spacer\"><\/div>\n\n\n\n<p class=\"has-text-align-center has-large-font-size\">Regals per a persones especials<\/p>\n\n\n\n<p class=\"has-text-align-center has-large-font-size\"><strong>Sorpr\u00e8n amb alguna cosa que ning\u00fa no s&#8217;espera.<\/strong><br\/>Tria el regal perfecte segons qui vulguis emocionar,<br\/>amb experi\u00e8ncies \u00faniques que es viuen\u2026 i no se n&#8217;obliden.<\/p>\n\n\n\n<div style=\"height:100px\" aria-hidden=\"true\" class=\"wp-block-spacer\"><\/div>\n<\/div><\/div>\n\n<div style=\"height:100px\" aria-hidden=\"true\" class=\"wp-block-spacer\"><\/div>\n\n<p class=\"has-text-align-center\">No tots els regals valen per a tothom.<br\/>I quan alg\u00fa \u00e9s especial, mereix alguna cosa pensada nom\u00e9s per a ell o ella.<\/p>\n\n<p class=\"has-text-align-center\">En aquesta p\u00e0gina trobar\u00e0s diferents idees de <strong>regals per a persones especials<\/strong>, pensades per crear records reals, compartir temps junts i dir &#8220;m&#8217;importes&#8221;.<\/p>\n\n<div style=\"height:100px\" aria-hidden=\"true\" class=\"wp-block-spacer\"><\/div>\n\n<h2 class=\"wp-block-heading has-text-align-center\">Regals per a persones especials segons a qui vulguis sorprendre<\/h2>\n\n<div class=\"wp-block-columns is-layout-flex wp-container-core-columns-is-layout-9d6595d7 wp-block-columns-is-layout-flex\">\n<div class=\"wp-block-column has-base-background-color has-background is-layout-flow wp-block-column-is-layout-flow\">\n<figure class=\"wp-block-image size-full\"><img loading=\"lazy\" decoding=\"async\" width=\"400\" height=\"300\" src=\"https:\/\/zoodelpirineu.com\/wp-content\/uploads\/2022\/12\/Regalar-experiencias-para-ninas.png\" alt=\"\" class=\"wp-image-3514\" srcset=\"https:\/\/zoodelpirineu.com\/wp-content\/uploads\/2022\/12\/Regalar-experiencias-para-ninas.png 400w, https:\/\/zoodelpirineu.com\/wp-content\/uploads\/2022\/12\/Regalar-experiencias-para-ninas-300x225.png 300w\" sizes=\"auto, (max-width: 400px) 100vw, 400px\" \/><\/figure>\n\n\n\n<h3 class=\"wp-block-heading has-text-align-center\">Regals per a nens i nenes que els fa feli\u00e7<\/h3>\n\n\n\n<p class=\"has-text-align-center\">Perqu\u00e8 el seu somriure ho val<\/p>\n\n\n\n<div class=\"wp-block-buttons is-content-justification-center is-layout-flex wp-container-core-buttons-is-layout-16018d1d wp-block-buttons-is-layout-flex\">\n<div class=\"wp-block-button has-custom-width wp-block-button__width-100\"><a class=\"wp-block-button__link wp-element-button\" href=\"https:\/\/zoodelpirineu.com\/ca\/experiencies-per-regalar\/regals-per-a-persones-especials\/regals-per-nens-i-nenes-que-estimen-els-animals\/\" style=\"border-radius:0px\">Veure idees per a nens i nenes<\/a><\/div>\n<\/div>\n<\/div>\n\n\n\n<div class=\"wp-block-column has-base-background-color has-background is-layout-flow wp-block-column-is-layout-flow\">\n<figure class=\"wp-block-image size-full\"><img loading=\"lazy\" decoding=\"async\" width=\"800\" height=\"600\" src=\"https:\/\/zoodelpirineu.com\/wp-content\/uploads\/2025\/04\/cursodecetreriaparaadolescentes.jpg\" alt=\"Adolescent viu una experi&#xE8;ncia inoblidable amb un corb salvatge. Regals per a adolescents que arrasen a les xarxes. \" class=\"wp-image-4029\" srcset=\"https:\/\/zoodelpirineu.com\/wp-content\/uploads\/2025\/04\/cursodecetreriaparaadolescentes.jpg 800w, https:\/\/zoodelpirineu.com\/wp-content\/uploads\/2025\/04\/cursodecetreriaparaadolescentes-300x225.jpg 300w, https:\/\/zoodelpirineu.com\/wp-content\/uploads\/2025\/04\/cursodecetreriaparaadolescentes-768x576.jpg 768w\" sizes=\"auto, (max-width: 800px) 100vw, 800px\" \/><\/figure>\n\n\n\n<h3 class=\"wp-block-heading has-text-align-center\">Regals per a adolescents que arrasen a les xarxes<\/h3>\n\n\n\n<p class=\"has-text-align-center\">Likes assegurats!<\/p>\n\n\n\n<div class=\"wp-block-buttons is-content-justification-center is-layout-flex wp-container-core-buttons-is-layout-16018d1d wp-block-buttons-is-layout-flex\">\n<div class=\"wp-block-button has-custom-width wp-block-button__width-100\"><a class=\"wp-block-button__link wp-element-button\" href=\"https:\/\/zoodelpirineu.com\/experiencias-para-regalar\/regalos-para\/regalos-para-adolescentes\/\" style=\"border-radius:0px\">Veure idees per a adolescents<\/a><\/div>\n<\/div>\n<\/div>\n\n\n\n<div class=\"wp-block-column has-base-background-color has-background is-layout-flow wp-block-column-is-layout-flow\">\n<figure class=\"wp-block-image size-full\"><img loading=\"lazy\" decoding=\"async\" width=\"800\" height=\"600\" src=\"https:\/\/zoodelpirineu.com\/wp-content\/uploads\/2025\/04\/regalosparaelpadre.jpg\" alt=\"\" class=\"wp-image-4007\" srcset=\"https:\/\/zoodelpirineu.com\/wp-content\/uploads\/2025\/04\/regalosparaelpadre.jpg 800w, https:\/\/zoodelpirineu.com\/wp-content\/uploads\/2025\/04\/regalosparaelpadre-300x225.jpg 300w, https:\/\/zoodelpirineu.com\/wp-content\/uploads\/2025\/04\/regalosparaelpadre-768x576.jpg 768w\" sizes=\"auto, (max-width: 800px) 100vw, 800px\" \/><\/figure>\n\n\n\n<h3 class=\"wp-block-heading has-text-align-center\">Regals pel pare que s&#8217;ho mereix tot<\/h3>\n\n\n\n<p class=\"has-text-align-center\">Perqu\u00e8 sempre hi \u00e9s.<\/p>\n\n\n\n<div class=\"wp-block-buttons is-layout-flex wp-block-buttons-is-layout-flex\">\n<div class=\"wp-block-button has-custom-width wp-block-button__width-100\"><a class=\"wp-block-button__link wp-element-button\" href=\"https:\/\/zoodelpirineu.com\/experiencias-para-regalar\/regalos-para\/regalos-para-el-padre\/\" style=\"border-radius:0px\">Veure idees pel teu pare<\/a><\/div>\n<\/div>\n<\/div>\n\n\n\n<div class=\"wp-block-column is-layout-flow wp-block-column-is-layout-flow\"><\/div>\n<\/div>\n\n<div style=\"height:100px\" aria-hidden=\"true\" class=\"wp-block-spacer\"><\/div>\n\n<div class=\"wp-block-cover\"><img loading=\"lazy\" decoding=\"async\" width=\"2000\" height=\"800\" class=\"wp-block-cover__image-background wp-image-4020\" alt=\"\" src=\"https:\/\/zoodelpirineu.com\/wp-content\/uploads\/2025\/04\/regaloparapersonasespeciales.jpg\" data-object-fit=\"cover\" srcset=\"https:\/\/zoodelpirineu.com\/wp-content\/uploads\/2025\/04\/regaloparapersonasespeciales.jpg 2000w, https:\/\/zoodelpirineu.com\/wp-content\/uploads\/2025\/04\/regaloparapersonasespeciales-300x120.jpg 300w, https:\/\/zoodelpirineu.com\/wp-content\/uploads\/2025\/04\/regaloparapersonasespeciales-1024x410.jpg 1024w, https:\/\/zoodelpirineu.com\/wp-content\/uploads\/2025\/04\/regaloparapersonasespeciales-768x307.jpg 768w, https:\/\/zoodelpirineu.com\/wp-content\/uploads\/2025\/04\/regaloparapersonasespeciales-1536x614.jpg 1536w\" sizes=\"auto, (max-width: 2000px) 100vw, 2000px\" \/><span aria-hidden=\"true\" class=\"wp-block-cover__background has-contrast-background-color has-background-dim-60 has-background-dim\"><\/span><div class=\"wp-block-cover__inner-container is-layout-constrained wp-block-cover-is-layout-constrained\">\n<div style=\"height:40px\" aria-hidden=\"true\" class=\"wp-block-spacer\"><\/div>\n\n\n\n<p class=\"has-text-align-center has-large-font-size\">Hi ha moltes maneres de dir \u201ct&#8217;estimo\u201d.<br\/>Una de les m\u00e9s belles \u00e9s regalar un moment compartit,<br\/>ple de vida i amb impacte positiu.<\/p>\n\n\n\n<p class=\"has-text-align-center has-large-font-size\"><br\/>Tria regals per a persones especials<br\/>que ajuden a construir un m\u00f3n millor.<\/p>\n<\/div><\/div>\n","protected":false},"excerpt":{"rendered":"<p>No tots els regals valen per a tothom.I quan alg\u00fa \u00e9s especial, mereix alguna cosa pensada nom\u00e9s per a ell o ella. En aquesta p\u00e0gina &#8230; <\/p>\n<p class=\"read-more-container\"><a title=\"Regals per a persones especials\" class=\"read-more button\" href=\"https:\/\/zoodelpirineu.com\/ca\/experiencies-per-regalar\/regals-per-a-persones-especials\/#more-4790\" aria-label=\"M\u00e9s informaci\u00f3 sobre Regals per a persones especials\">Read more<\/a><\/p>\n","protected":false},"author":1,"featured_media":0,"parent":3271,"menu_order":0,"comment_status":"closed","ping_status":"closed","template":"","meta":{"om_disable_all_campaigns":false,"_monsterinsights_skip_tracking":false,"_monsterinsights_sitenote_active":false,"_monsterinsights_sitenote_note":"","_monsterinsights_sitenote_category":0,"footnotes":""},"class_list":["post-4790","page","type-page","status-publish"],"aioseo_notices":[],"_links":{"self":[{"href":"https:\/\/zoodelpirineu.com\/ca\/wp-json\/wp\/v2\/pages\/4790","targetHints":{"allow":["GET"]}}],"collection":[{"href":"https:\/\/zoodelpirineu.com\/ca\/wp-json\/wp\/v2\/pages"}],"about":[{"href":"https:\/\/zoodelpirineu.com\/ca\/wp-json\/wp\/v2\/types\/page"}],"author":[{"embeddable":true,"href":"https:\/\/zoodelpirineu.com\/ca\/wp-json\/wp\/v2\/users\/1"}],"replies":[{"embeddable":true,"href":"https:\/\/zoodelpirineu.com\/ca\/wp-json\/wp\/v2\/comments?post=4790"}],"version-history":[{"count":2,"href":"https:\/\/zoodelpirineu.com\/ca\/wp-json\/wp\/v2\/pages\/4790\/revisions"}],"predecessor-version":[{"id":5783,"href":"https:\/\/zoodelpirineu.com\/ca\/wp-json\/wp\/v2\/pages\/4790\/revisions\/5783"}],"up":[{"embeddable":true,"href":"https:\/\/zoodelpirineu.com\/ca\/wp-json\/wp\/v2\/pages\/3271"}],"wp:attachment":[{"href":"https:\/\/zoodelpirineu.com\/ca\/wp-json\/wp\/v2\/media?parent=4790"}],"curies":[{"name":"wp","href":"https:\/\/api.w.org\/{rel}","templated":true}]}}