{"id":4803,"date":"2025-04-12T06:32:58","date_gmt":"2025-04-12T05:32:58","guid":{"rendered":"https:\/\/zoodelpirineu.com\/experiencies-per-regalar\/regals-per-a-ocasions-especials\/"},"modified":"2026-01-21T07:34:32","modified_gmt":"2026-01-21T06:34:32","slug":"regals-per-a-ocasions-especials","status":"publish","type":"page","link":"https:\/\/zoodelpirineu.com\/ca\/experiencies-per-regalar\/regals-per-a-ocasions-especials\/","title":{"rendered":"Regals per a ocasions especials | Experi\u00e8ncies amb animals \u00fanics"},"content":{"rendered":"\n<div class=\"wp-block-cover\"><img loading=\"lazy\" decoding=\"async\" width=\"1024\" height=\"410\" class=\"wp-block-cover__image-background wp-image-5583 size-large\" alt=\"\" src=\"https:\/\/zoodelpirineu.com\/wp-content\/uploads\/2025\/12\/regalosparaocacionesespeciales-1024x410.jpg\" style=\"object-position:52% 31%\" data-object-fit=\"cover\" data-object-position=\"52% 31%\" srcset=\"https:\/\/zoodelpirineu.com\/wp-content\/uploads\/2025\/12\/regalosparaocacionesespeciales-1024x410.jpg 1024w, https:\/\/zoodelpirineu.com\/wp-content\/uploads\/2025\/12\/regalosparaocacionesespeciales-300x120.jpg 300w, https:\/\/zoodelpirineu.com\/wp-content\/uploads\/2025\/12\/regalosparaocacionesespeciales-768x307.jpg 768w, https:\/\/zoodelpirineu.com\/wp-content\/uploads\/2025\/12\/regalosparaocacionesespeciales-1536x614.jpg 1536w, https:\/\/zoodelpirineu.com\/wp-content\/uploads\/2025\/12\/regalosparaocacionesespeciales.jpg 2000w\" sizes=\"auto, (max-width: 1024px) 100vw, 1024px\" \/><span aria-hidden=\"true\" class=\"wp-block-cover__background has-background-dim-60 has-background-dim\"><\/span><div class=\"wp-block-cover__inner-container is-layout-constrained wp-block-cover-is-layout-constrained\">\n<p class=\"has-text-align-center has-large-font-size\">Regals per a ocasions especials que realment emocionen<\/p>\n\n\n\n<p class=\"has-text-align-center\" style=\"font-size:25px\">Idees de regal per ocasi\u00f3, perqu\u00e8 encertis sense complicacions i regals moments que es recorden.<\/p>\n<\/div><\/div>\n\n<div style=\"height:60px\" aria-hidden=\"true\" class=\"wp-block-spacer\"><\/div>\n\n<div class=\"wp-block-columns is-layout-flex wp-container-core-columns-is-layout-9d6595d7 wp-block-columns-is-layout-flex\">\n<div class=\"wp-block-column is-layout-flow wp-block-column-is-layout-flow\" style=\"flex-basis:25%\"><\/div>\n\n\n\n<div class=\"wp-block-column is-layout-flow wp-block-column-is-layout-flow\" style=\"flex-basis:50%\">\n<h2 class=\"wp-block-heading has-text-align-center\">Et costa trobar regals per a ocasions especials?<\/h2>\n\n\n\n<p class=\"has-text-align-center\">Molts regals s&#8217;obliden l&#8217;endem\u00e0 i no diuen qu\u00e8 sents realment.<br\/>I aix\u00f2 no ho vols. <strong>Vols encertar. Sorprendre. Emocionar.  <\/strong><\/p>\n<\/div>\n\n\n\n<div class=\"wp-block-column is-layout-flow wp-block-column-is-layout-flow\" style=\"flex-basis:25%\"><\/div>\n<\/div>\n\n<div class=\"wp-block-columns is-layout-flex wp-container-core-columns-is-layout-9d6595d7 wp-block-columns-is-layout-flex\">\n<div class=\"wp-block-column is-layout-flow wp-block-column-is-layout-flow\" style=\"flex-basis:25%\"><\/div>\n\n\n\n<div class=\"wp-block-column is-layout-flow wp-block-column-is-layout-flow\" style=\"flex-basis:50%\">\n<p class=\"has-text-align-center\">Al Zoo del Pirineu, portem m\u00e9s d&#8217;11 anys ajudant a persones com tu a trobar <strong>regals realment significatius<\/strong> per a ocasions especials.<\/p>\n<\/div>\n\n\n\n<div class=\"wp-block-column is-layout-flow wp-block-column-is-layout-flow\" style=\"flex-basis:25%\"><\/div>\n<\/div>\n\n<div style=\"height:60px\" aria-hidden=\"true\" class=\"wp-block-spacer\"><\/div>\n\n<h2 class=\"wp-block-heading has-text-align-center\">Un regal no \u00e9s un objecte&#8230; \u00e9s un moment per recordar.<\/h2>\n\n<p class=\"has-text-align-center\">Un regal \u00e9s un <strong>moment compartit<\/strong>.<br\/>\u00c9s una cosa que recordar\u00e0s anys despr\u00e9s amb un somriure.<br\/>\u00c9s la sensaci\u00f3 de &#8220;aix\u00f2 \u00e9s per a tu, perqu\u00e8 et conec i et valoro&#8221;.<\/p>\n\n<p class=\"has-text-align-center\">Aqu\u00ed no es tracta de triar cegues.<br\/>Es tracta de regalar una cosa que <strong>tingui significat<\/strong>.<\/p>\n\n<div style=\"height:60px\" aria-hidden=\"true\" class=\"wp-block-spacer\"><\/div>\n\n<h2 class=\"wp-block-heading has-text-align-center\">Per comen\u00e7ar, selecciona l&#8217;ocasi\u00f3 que vols celebrar<\/h2>\n\n<p class=\"has-text-align-center\">Trieu el motiu pel qual vols regalar i et mostrarem propostes rellevants per a aquest moment:<\/p>\n\n<div style=\"height:20px\" aria-hidden=\"true\" class=\"wp-block-spacer\"><\/div>\n\n<div class=\"wp-block-columns is-layout-flex wp-container-core-columns-is-layout-9d6595d7 wp-block-columns-is-layout-flex\">\n<div class=\"wp-block-column has-base-background-color has-background is-layout-flow wp-block-column-is-layout-flow\">\n<figure class=\"wp-block-image size-full\"><img loading=\"lazy\" decoding=\"async\" width=\"800\" height=\"600\" src=\"https:\/\/zoodelpirineu.com\/wp-content\/uploads\/2025\/12\/regalarapadrinamientopornavidad.jpg\" alt=\"\" class=\"wp-image-5586\" srcset=\"https:\/\/zoodelpirineu.com\/wp-content\/uploads\/2025\/12\/regalarapadrinamientopornavidad.jpg 800w, https:\/\/zoodelpirineu.com\/wp-content\/uploads\/2025\/12\/regalarapadrinamientopornavidad-300x225.jpg 300w, https:\/\/zoodelpirineu.com\/wp-content\/uploads\/2025\/12\/regalarapadrinamientopornavidad-768x576.jpg 768w\" sizes=\"auto, (max-width: 800px) 100vw, 800px\" \/><\/figure>\n\n\n\n<div style=\"height:20px\" aria-hidden=\"true\" class=\"wp-block-spacer\"><\/div>\n\n\n\n<h3 class=\"wp-block-heading has-text-align-center\"><a href=\"https:\/\/zoodelpirineu.com\/ca\/experiencies-per-regalar\/regals-per-a-ocasions-especials\/regals-de-nadal-originals\/\" title=\"Regals de Nadal originals\">Nadal<\/a><\/h3>\n\n\n\n<p class=\"has-text-align-center\">Regals que emocionen m\u00e9s enll\u00e0 del moment.<\/p>\n\n\n\n<p class=\"has-text-align-center\">Aquest Nadal regala una hist\u00f2ria. Crea un enlla\u00e7 amb un animal rescatat que perdura tot l&#8217;any i transforma vides. <\/p>\n\n\n\n<div class=\"wp-block-buttons is-layout-flex wp-block-buttons-is-layout-flex\">\n<div class=\"wp-block-button has-custom-width wp-block-button__width-100\"><a class=\"wp-block-button__link has-medium-font-size has-custom-font-size wp-element-button\" href=\"https:\/\/zoodelpirineu.com\/ca\/experiencies-per-regalar\/regals-per-a-ocasions-especials\/regals-de-nadal-originals\/\" style=\"border-radius:0px\">Descobreix regals de Nadal amb significat<\/a><\/div>\n<\/div>\n<\/div>\n\n\n\n<div class=\"wp-block-column has-base-background-color has-background is-layout-flow wp-block-column-is-layout-flow\">\n<figure class=\"wp-block-image size-full\"><img loading=\"lazy\" decoding=\"async\" width=\"800\" height=\"600\" src=\"https:\/\/zoodelpirineu.com\/wp-content\/uploads\/2022\/09\/Experiencia-animal-para-hombres.jpg\" alt=\"Regals per a ocasions especials del dia de Sant Valent&#xED;\" class=\"wp-image-3477\" srcset=\"https:\/\/zoodelpirineu.com\/wp-content\/uploads\/2022\/09\/Experiencia-animal-para-hombres.jpg 800w, https:\/\/zoodelpirineu.com\/wp-content\/uploads\/2022\/09\/Experiencia-animal-para-hombres-300x225.jpg 300w, https:\/\/zoodelpirineu.com\/wp-content\/uploads\/2022\/09\/Experiencia-animal-para-hombres-768x576.jpg 768w\" sizes=\"auto, (max-width: 800px) 100vw, 800px\" \/><\/figure>\n\n\n\n<div style=\"height:20px\" aria-hidden=\"true\" class=\"wp-block-spacer\"><\/div>\n\n\n\n<h3 class=\"wp-block-heading has-text-align-center\"><a href=\"https:\/\/zoodelpirineu.com\/ca\/experiencies-per-regalar\/regals-per-a-ocasions-especials\/regals-de-sant-valenti\/\" title=\"Regals de Sant Valent&#xED;\">Sant Valent\u00ed<\/a><\/h3>\n\n\n\n<p class=\"has-text-align-center\">Vols dir \u201ct&#8217;estimo\u201d d&#8217;una manera \u00fanica?<\/p>\n\n\n\n<p class=\"has-text-align-center\">Hem creat una selecci\u00f3 especial amb propostes per <strong>sorprendre la teva parella<\/strong> i ajudar a salvar vides.<\/p>\n\n\n\n<div class=\"wp-block-buttons is-layout-flex wp-block-buttons-is-layout-flex\">\n<div class=\"wp-block-button has-custom-width wp-block-button__width-100\"><a class=\"wp-block-button__link has-medium-font-size has-custom-font-size wp-element-button\" href=\"https:\/\/zoodelpirineu.com\/ca\/experiencies-per-regalar\/regals-per-a-ocasions-especials\/regals-de-sant-valenti\/\" style=\"border-radius:0px\">Regala una cosa que us uneixi i que salvi vides<\/a><\/div>\n<\/div>\n<\/div>\n\n\n\n<div class=\"wp-block-column has-base-background-color has-background is-layout-flow wp-block-column-is-layout-flow\">\n<figure class=\"wp-block-image size-full\"><img loading=\"lazy\" decoding=\"async\" width=\"800\" height=\"600\" src=\"https:\/\/zoodelpirineu.com\/wp-content\/uploads\/2025\/03\/Dia-del-padre-regalar-experiencias-1.jpg\" alt=\"Regals per a ocasions especials del dia del pare\" class=\"wp-image-2945\" srcset=\"https:\/\/zoodelpirineu.com\/wp-content\/uploads\/2025\/03\/Dia-del-padre-regalar-experiencias-1.jpg 800w, https:\/\/zoodelpirineu.com\/wp-content\/uploads\/2025\/03\/Dia-del-padre-regalar-experiencias-1-300x225.jpg 300w, https:\/\/zoodelpirineu.com\/wp-content\/uploads\/2025\/03\/Dia-del-padre-regalar-experiencias-1-768x576.jpg 768w\" sizes=\"auto, (max-width: 800px) 100vw, 800px\" \/><\/figure>\n\n\n\n<div style=\"height:20px\" aria-hidden=\"true\" class=\"wp-block-spacer\"><\/div>\n\n\n\n<h3 class=\"wp-block-heading has-text-align-center\"><a href=\"https:\/\/zoodelpirineu.com\/ca\/experiencies-per-regalar\/regals-per-a-ocasions-especials\/dia-del-pare-que-regalar\/\" title=\"Dia del pare qu&#xE8; regalar\">Dia del Pare<\/a><\/h3>\n\n\n\n<p class=\"has-text-align-center\">Regala-li una experi\u00e8ncia compartida amb els seus fills i amb la natura. <\/p>\n\n\n\n<p class=\"has-text-align-center\">Perqu\u00e8 el millor regal \u00e9s <strong>passar temps junts<\/strong>\u2026 envoltats d&#8217;animals salvatges.<\/p>\n\n\n\n<div class=\"wp-block-buttons is-layout-flex wp-block-buttons-is-layout-flex\">\n<div class=\"wp-block-button has-custom-width wp-block-button__width-100\"><a class=\"wp-block-button__link has-medium-font-size has-custom-font-size wp-element-button\" href=\"https:\/\/zoodelpirineu.com\/ca\/experiencies-per-regalar\/regals-per-a-ocasions-especials\/dia-del-pare-que-regalar\/\" style=\"border-radius:0px\">Fes que aquest Dia del Pare sigui inoblidable.<\/a><\/div>\n<\/div>\n<\/div>\n<\/div>\n\n<div style=\"height:100px\" aria-hidden=\"true\" class=\"wp-block-spacer\"><\/div>\n\n<h2 class=\"wp-block-heading has-text-align-center\">Regalar per una ocasi\u00f3 especial mai ha sigut tan f\u00e0cil (ni tan emocionant)<\/h2>\n\n<div style=\"height:40px\" aria-hidden=\"true\" class=\"wp-block-spacer\"><\/div>\n\n<div class=\"wp-block-columns is-layout-flex wp-container-core-columns-is-layout-9d6595d7 wp-block-columns-is-layout-flex\">\n<div class=\"wp-block-column is-layout-flow wp-block-column-is-layout-flow\" style=\"flex-basis:15%\"><\/div>\n\n\n\n<div class=\"wp-block-column has-base-background-color has-background is-layout-flow wp-block-column-is-layout-flow\">\n<div style=\"height:20px\" aria-hidden=\"true\" class=\"wp-block-spacer\"><\/div>\n\n\n<div class=\"wp-block-image\">\n<figure class=\"aligncenter size-full is-resized\"><img loading=\"lazy\" decoding=\"async\" width=\"320\" height=\"213\" src=\"https:\/\/zoodelpirineu.com\/wp-content\/uploads\/2023\/02\/OK-icono.png\" alt=\"OK\" class=\"wp-image-500\" style=\"width:60px\" srcset=\"https:\/\/zoodelpirineu.com\/wp-content\/uploads\/2023\/02\/OK-icono.png 320w, https:\/\/zoodelpirineu.com\/wp-content\/uploads\/2023\/02\/OK-icono-300x200.png 300w\" sizes=\"auto, (max-width: 320px) 100vw, 320px\" \/><\/figure>\n<\/div>\n\n\n<p class=\"has-text-align-center\">Trieu l&#8217;<strong>ocasi\u00f3 especial<\/strong><\/p>\n<\/div>\n\n\n\n<div class=\"wp-block-column has-base-background-color has-background is-layout-flow wp-block-column-is-layout-flow\">\n<div style=\"height:20px\" aria-hidden=\"true\" class=\"wp-block-spacer\"><\/div>\n\n\n<div class=\"wp-block-image\">\n<figure class=\"aligncenter size-full is-resized\"><img loading=\"lazy\" decoding=\"async\" width=\"320\" height=\"213\" src=\"https:\/\/zoodelpirineu.com\/wp-content\/uploads\/2023\/02\/OK-icono.png\" alt=\"OK\" class=\"wp-image-500\" style=\"width:60px\" srcset=\"https:\/\/zoodelpirineu.com\/wp-content\/uploads\/2023\/02\/OK-icono.png 320w, https:\/\/zoodelpirineu.com\/wp-content\/uploads\/2023\/02\/OK-icono-300x200.png 300w\" sizes=\"auto, (max-width: 320px) 100vw, 320px\" \/><\/figure>\n<\/div>\n\n\n<p class=\"has-text-align-center\"><strong>Tria l&#8217;experi\u00e8ncia m\u00e9s adequada<\/strong> per a la persona a qui vols fer regal.<\/p>\n<\/div>\n\n\n\n<div class=\"wp-block-column has-base-background-color has-background is-layout-flow wp-block-column-is-layout-flow\">\n<div style=\"height:20px\" aria-hidden=\"true\" class=\"wp-block-spacer\"><\/div>\n\n\n<div class=\"wp-block-image\">\n<figure class=\"aligncenter size-full is-resized\"><img loading=\"lazy\" decoding=\"async\" width=\"320\" height=\"213\" src=\"https:\/\/zoodelpirineu.com\/wp-content\/uploads\/2023\/02\/OK-icono.png\" alt=\"OK\" class=\"wp-image-500\" style=\"width:60px\" srcset=\"https:\/\/zoodelpirineu.com\/wp-content\/uploads\/2023\/02\/OK-icono.png 320w, https:\/\/zoodelpirineu.com\/wp-content\/uploads\/2023\/02\/OK-icono-300x200.png 300w\" sizes=\"auto, (max-width: 320px) 100vw, 320px\" \/><\/figure>\n<\/div>\n\n\n<p class=\"has-text-align-center\"><strong>Personalitza el teu val regal<\/strong> amb el nom i un missatge des del cor.<\/p>\n<\/div>\n\n\n\n<div class=\"wp-block-column has-base-background-color has-background is-layout-flow wp-block-column-is-layout-flow\">\n<div style=\"height:20px\" aria-hidden=\"true\" class=\"wp-block-spacer\"><\/div>\n\n\n<div class=\"wp-block-image\">\n<figure class=\"aligncenter size-full is-resized\"><img loading=\"lazy\" decoding=\"async\" width=\"320\" height=\"213\" src=\"https:\/\/zoodelpirineu.com\/wp-content\/uploads\/2023\/02\/OK-icono.png\" alt=\"OK\" class=\"wp-image-500\" style=\"width:60px\" srcset=\"https:\/\/zoodelpirineu.com\/wp-content\/uploads\/2023\/02\/OK-icono.png 320w, https:\/\/zoodelpirineu.com\/wp-content\/uploads\/2023\/02\/OK-icono-300x200.png 300w\" sizes=\"auto, (max-width: 320px) 100vw, 320px\" \/><\/figure>\n<\/div>\n\n\n<p class=\"has-text-align-center\"><strong>Entrega&#8217;l amb il\u00b7lusi\u00f3<\/strong>: tindr\u00e0 fins a <strong>12 mesos<\/strong> per viure la seva experi\u00e8ncia inoblidable.<\/p>\n<\/div>\n\n\n\n<div class=\"wp-block-column is-layout-flow wp-block-column-is-layout-flow\" style=\"flex-basis:15%\"><\/div>\n<\/div>\n\n<div class=\"wp-block-columns is-layout-flex wp-container-core-columns-is-layout-9d6595d7 wp-block-columns-is-layout-flex\">\n<div class=\"wp-block-column is-layout-flow wp-block-column-is-layout-flow\" style=\"flex-basis:25%\"><\/div>\n\n\n\n<div class=\"wp-block-column is-layout-flow wp-block-column-is-layout-flow\" style=\"flex-basis:50%\">\n<p class=\"has-text-align-center\">No hi ha complicacions ni passos ocults. Simplement escull, personalitza i regala. <\/p>\n<\/div>\n\n\n\n<div class=\"wp-block-column is-layout-flow wp-block-column-is-layout-flow\" style=\"flex-basis:25%\"><\/div>\n<\/div>\n\n<div style=\"height:100px\" aria-hidden=\"true\" class=\"wp-block-spacer\"><\/div>\n\n<h2 class=\"wp-block-heading has-text-align-center\">Quan els regals per a ocasions especials tenen \u00e0nima&#8230;<\/h2>\n\n<div class=\"wp-block-columns is-layout-flex wp-container-core-columns-is-layout-9d6595d7 wp-block-columns-is-layout-flex\">\n<div class=\"wp-block-column is-layout-flow wp-block-column-is-layout-flow\"><\/div>\n\n\n\n<div class=\"wp-block-column has-base-2-background-color has-background is-layout-flow wp-block-column-is-layout-flow\">\n<div style=\"height:20px\" aria-hidden=\"true\" class=\"wp-block-spacer\"><\/div>\n\n\n<div class=\"wp-block-image\">\n<figure class=\"aligncenter size-full is-resized\"><img loading=\"lazy\" decoding=\"async\" width=\"320\" height=\"213\" src=\"https:\/\/zoodelpirineu.com\/wp-content\/uploads\/2023\/02\/regalo-sant-valentin-icono.png\" alt=\"\" class=\"wp-image-3519\" style=\"width:auto;height:60px\" srcset=\"https:\/\/zoodelpirineu.com\/wp-content\/uploads\/2023\/02\/regalo-sant-valentin-icono.png 320w, https:\/\/zoodelpirineu.com\/wp-content\/uploads\/2023\/02\/regalo-sant-valentin-icono-300x200.png 300w\" sizes=\"auto, (max-width: 320px) 100vw, 320px\" \/><\/figure>\n<\/div>\n\n\n<p class=\"has-text-align-center\">Emocionen de deb\u00f2.<\/p>\n<\/div>\n\n\n\n<div class=\"wp-block-column has-base-2-background-color has-background is-layout-flow wp-block-column-is-layout-flow\">\n<div style=\"height:20px\" aria-hidden=\"true\" class=\"wp-block-spacer\"><\/div>\n\n\n<div class=\"wp-block-image\">\n<figure class=\"aligncenter size-full is-resized\"><img loading=\"lazy\" decoding=\"async\" width=\"320\" height=\"213\" src=\"https:\/\/zoodelpirineu.com\/wp-content\/uploads\/2023\/02\/regalo-sant-valentin-icono.png\" alt=\"\" class=\"wp-image-3519\" style=\"width:auto;height:60px\" srcset=\"https:\/\/zoodelpirineu.com\/wp-content\/uploads\/2023\/02\/regalo-sant-valentin-icono.png 320w, https:\/\/zoodelpirineu.com\/wp-content\/uploads\/2023\/02\/regalo-sant-valentin-icono-300x200.png 300w\" sizes=\"auto, (max-width: 320px) 100vw, 320px\" \/><\/figure>\n<\/div>\n\n\n<p class=\"has-text-align-center\">Connecten amb la natura i el cor.<\/p>\n<\/div>\n\n\n\n<div class=\"wp-block-column has-base-2-background-color has-background is-layout-flow wp-block-column-is-layout-flow\">\n<div style=\"height:20px\" aria-hidden=\"true\" class=\"wp-block-spacer\"><\/div>\n\n\n<div class=\"wp-block-image\">\n<figure class=\"aligncenter size-full is-resized\"><img loading=\"lazy\" decoding=\"async\" width=\"320\" height=\"213\" src=\"https:\/\/zoodelpirineu.com\/wp-content\/uploads\/2023\/02\/regalo-sant-valentin-icono.png\" alt=\"\" class=\"wp-image-3519\" style=\"width:auto;height:60px\" srcset=\"https:\/\/zoodelpirineu.com\/wp-content\/uploads\/2023\/02\/regalo-sant-valentin-icono.png 320w, https:\/\/zoodelpirineu.com\/wp-content\/uploads\/2023\/02\/regalo-sant-valentin-icono-300x200.png 300w\" sizes=\"auto, (max-width: 320px) 100vw, 320px\" \/><\/figure>\n<\/div>\n\n\n<p class=\"has-text-align-center\">I deixen empremta en qui els rep\u2026 i al m\u00f3n.<\/p>\n<\/div>\n\n\n\n<div class=\"wp-block-column is-layout-flow wp-block-column-is-layout-flow\"><\/div>\n<\/div>\n\n<div style=\"height:100px\" aria-hidden=\"true\" class=\"wp-block-spacer\"><\/div>\n\n<div class=\"wp-block-cover\"><img loading=\"lazy\" decoding=\"async\" width=\"1024\" height=\"410\" class=\"wp-block-cover__image-background wp-image-5589 size-large\" alt=\"\" src=\"https:\/\/zoodelpirineu.com\/wp-content\/uploads\/2025\/12\/regalarnaturaleza-1024x410.jpg\" style=\"object-position:74% 55%\" data-object-fit=\"cover\" data-object-position=\"74% 55%\" srcset=\"https:\/\/zoodelpirineu.com\/wp-content\/uploads\/2025\/12\/regalarnaturaleza-1024x410.jpg 1024w, https:\/\/zoodelpirineu.com\/wp-content\/uploads\/2025\/12\/regalarnaturaleza-300x120.jpg 300w, https:\/\/zoodelpirineu.com\/wp-content\/uploads\/2025\/12\/regalarnaturaleza-768x307.jpg 768w, https:\/\/zoodelpirineu.com\/wp-content\/uploads\/2025\/12\/regalarnaturaleza-1536x614.jpg 1536w, https:\/\/zoodelpirineu.com\/wp-content\/uploads\/2025\/12\/regalarnaturaleza.jpg 2000w\" sizes=\"auto, (max-width: 1024px) 100vw, 1024px\" \/><span aria-hidden=\"true\" class=\"wp-block-cover__background has-background-dim\"><\/span><div class=\"wp-block-cover__inner-container is-layout-constrained wp-block-cover-is-layout-constrained\">\n<p class=\"has-text-align-center has-large-font-size\">Tria regals per a ocasions especials que<br\/>emocionin qui estimes\u2026 i ajudin a cuidar animals salvatges.<\/p>\n<\/div><\/div>\n","protected":false},"excerpt":{"rendered":"<p>Et costa trobar regals per a ocasions especials? Molts regals s&#8217;obliden l&#8217;endem\u00e0 i no diuen qu\u00e8 sents realment.I aix\u00f2 no ho vols. Vols encertar. Sorprendre. &#8230; <\/p>\n<p class=\"read-more-container\"><a title=\"Regals per a ocasions especials | Experi\u00e8ncies amb animals \u00fanics\" class=\"read-more button\" href=\"https:\/\/zoodelpirineu.com\/ca\/experiencies-per-regalar\/regals-per-a-ocasions-especials\/#more-4803\" aria-label=\"M\u00e9s informaci\u00f3 sobre Regals per a ocasions especials | Experi\u00e8ncies amb animals \u00fanics\">Read more<\/a><\/p>\n","protected":false},"author":1,"featured_media":0,"parent":3271,"menu_order":0,"comment_status":"closed","ping_status":"closed","template":"","meta":{"om_disable_all_campaigns":false,"_monsterinsights_skip_tracking":false,"_monsterinsights_sitenote_active":false,"_monsterinsights_sitenote_note":"","_monsterinsights_sitenote_category":0,"footnotes":""},"class_list":["post-4803","page","type-page","status-publish"],"aioseo_notices":[],"_links":{"self":[{"href":"https:\/\/zoodelpirineu.com\/ca\/wp-json\/wp\/v2\/pages\/4803","targetHints":{"allow":["GET"]}}],"collection":[{"href":"https:\/\/zoodelpirineu.com\/ca\/wp-json\/wp\/v2\/pages"}],"about":[{"href":"https:\/\/zoodelpirineu.com\/ca\/wp-json\/wp\/v2\/types\/page"}],"author":[{"embeddable":true,"href":"https:\/\/zoodelpirineu.com\/ca\/wp-json\/wp\/v2\/users\/1"}],"replies":[{"embeddable":true,"href":"https:\/\/zoodelpirineu.com\/ca\/wp-json\/wp\/v2\/comments?post=4803"}],"version-history":[{"count":5,"href":"https:\/\/zoodelpirineu.com\/ca\/wp-json\/wp\/v2\/pages\/4803\/revisions"}],"predecessor-version":[{"id":6111,"href":"https:\/\/zoodelpirineu.com\/ca\/wp-json\/wp\/v2\/pages\/4803\/revisions\/6111"}],"up":[{"embeddable":true,"href":"https:\/\/zoodelpirineu.com\/ca\/wp-json\/wp\/v2\/pages\/3271"}],"wp:attachment":[{"href":"https:\/\/zoodelpirineu.com\/ca\/wp-json\/wp\/v2\/media?parent=4803"}],"curies":[{"name":"wp","href":"https:\/\/api.w.org\/{rel}","templated":true}]}}