{"id":4913,"date":"2021-12-21T18:11:11","date_gmt":"2021-12-21T17:11:11","guid":{"rendered":"https:\/\/zoodelpirineu.com\/experiencies-per-regalar\/preguntes-frequents-vals-regal\/com-comprar-vals-regal\/"},"modified":"2026-02-23T05:31:04","modified_gmt":"2026-02-23T04:31:04","slug":"com-comprar-vals-regal","status":"publish","type":"page","link":"https:\/\/zoodelpirineu.com\/ca\/experiencies-per-regalar\/preguntes-frequents-vals-regal\/com-comprar-vals-regal\/","title":{"rendered":"Com comprar vals regal d&#8217;experi\u00e8ncies amb animals"},"content":{"rendered":"\n<div class=\"wp-block-media-text alignwide is-stacked-on-mobile has-background\" style=\"background-color:#f7fefb\"><figure class=\"wp-block-media-text__media\"><img loading=\"lazy\" decoding=\"async\" width=\"800\" height=\"600\" src=\"https:\/\/regalar-experiencias.zoodelpirineu.com\/wp-content\/uploads\/2021\/12\/Como-regalar-experiencias.jpg\" alt=\"Com comprar vals regals?\" class=\"wp-image-69 size-full\" srcset=\"https:\/\/zoodelpirineu.com\/wp-content\/uploads\/2021\/12\/Como-regalar-experiencias.jpg 800w, https:\/\/zoodelpirineu.com\/wp-content\/uploads\/2021\/12\/Como-regalar-experiencias-300x225.jpg 300w, https:\/\/zoodelpirineu.com\/wp-content\/uploads\/2021\/12\/Como-regalar-experiencias-768x576.jpg 768w\" sizes=\"auto, (max-width: 800px) 100vw, 800px\" \/><\/figure><div class=\"wp-block-media-text__content\">\n<div style=\"height:10px\" aria-hidden=\"true\" class=\"wp-block-spacer\"><\/div>\n\n\n\n<p class=\"has-medium-font-size\">Una guia completa sobre com comprar vals regal.<\/p>\n\n\n\n<p>Regalar una experi\u00e8ncia al Zoo del Pirineu \u00e9s f\u00e0cil, r\u00e0pid i emocionant. Nom\u00e9s has de triar el regal, personalitzar el val i el rebr\u00e0s per correu electr\u00f2nic en menys de 24 hores. <\/p>\n\n\n\n<p>Tria l&#8217;opci\u00f3 que millor s&#8217;adapta al regal que voleu fer:<\/p>\n\n\n\n<ul class=\"wp-block-list\">\n<li><a href=\"#fecha-abierta\">Com comprar vals regal amb data oberta<\/a><\/li>\n\n\n\n<li><a href=\"#fecha\" title=\"#fecha\">Regals originals per a un dia en concret<\/a><\/li>\n<\/ul>\n\n\n\n<p>Totes les experi\u00e8ncies ajuden a protegir els animals salvatges del refugi. Un regal que deixa empremta. <\/p>\n<\/div><\/div>\n\n<div style=\"height:100px\" aria-hidden=\"true\" id=\"data-abierta\" class=\"wp-block-spacer\"><\/div>\n\n<h2 class=\"wp-block-heading\">Qu\u00e8 has de decidir anteriorment<\/h2>\n\n<div class=\"wp-block-columns is-layout-flex wp-container-core-columns-is-layout-9d6595d7 wp-block-columns-is-layout-flex\">\n<div class=\"wp-block-column is-vertically-aligned-top has-base-background-color has-background is-layout-flow wp-block-column-is-layout-flow\"><div class=\"wp-block-image\">\n<figure class=\"aligncenter size-full is-resized\"><img decoding=\"async\" src=\"https:\/\/regalar-experiencias.zoodelpirineu.com\/wp-content\/uploads\/2022\/10\/Personas-icon.png\" alt=\"\" class=\"wp-image-665\" style=\"width:160px;height:107px\"\/><\/figure>\n<\/div>\n\n\n<h3 class=\"wp-block-heading has-text-align-center\">Per qui \u00e9s el regal?<\/h3>\n\n\n\n<p class=\"has-text-align-center\">Vols fer un regal per a una persona o vols que gaudeixi de l&#8217;experi\u00e8ncia acompanyat per amics o familiars?<\/p>\n\n\n\n<p class=\"has-text-align-center\">Prefereixes una activitat en <a href=\"https:\/\/regalar-experiencias.zoodelpirineu.com\/que-es-un-grupo-privado\/\" target=\"_blank\" rel=\"noopener\" title=\"Qu&#xE8; &#xE9;s un grup privat\">grup privat<\/a> o pot ser una experi\u00e8ncia on hi participen altres visitants?<\/p>\n<\/div>\n\n\n\n<div class=\"wp-block-column is-vertically-aligned-top has-base-background-color has-background is-layout-flow wp-block-column-is-layout-flow\"><div class=\"wp-block-image\">\n<figure class=\"aligncenter size-full is-resized\"><img decoding=\"async\" src=\"https:\/\/regalar-experiencias.zoodelpirineu.com\/wp-content\/uploads\/2022\/10\/Regalar-experiencias-icon.png\" alt=\"\" class=\"wp-image-668\" style=\"width:160px;height:107px\"\/><\/figure>\n<\/div>\n\n\n<h3 class=\"wp-block-heading has-text-align-center\">Activitats<\/h3>\n\n\n\n<p class=\"has-text-align-center\">T&#8217;interessa regalar una activitat o prefereixes incloure diverses activitats?<\/p>\n\n\n\n<p class=\"has-text-align-center\">El beneficiari del val regal \u00f2bviament pot ampliar el dia de visita comprant activitats addicionals.<\/p>\n<\/div>\n\n\n\n<div class=\"wp-block-column is-vertically-aligned-top has-base-background-color has-background is-layout-flow wp-block-column-is-layout-flow\"><div class=\"wp-block-image\">\n<figure class=\"aligncenter size-full is-resized\"><img decoding=\"async\" src=\"https:\/\/regalar-experiencias.zoodelpirineu.com\/wp-content\/uploads\/2022\/10\/Calendario-icon.png\" alt=\"\" class=\"wp-image-671\" style=\"width:160px;height:107px\"\/><\/figure>\n<\/div>\n\n\n<h3 class=\"wp-block-heading has-text-align-center\">Data oberta o dia concret?<\/h3>\n\n\n\n<p class=\"has-text-align-center\">Ha de ser per a un dia en particular o vols que la persona esculli el dia?<\/p>\n\n\n\n<p class=\"has-text-align-center\">Encara que escullis un dia concret el beneficiari pot ajornar la visita sense cap cost addicional.<\/p>\n\n\n\n<p class=\"has-text-align-center\">El val regal t\u00e9 una validesa de 1 any des del dia de la seva emissi\u00f3. <\/p>\n<\/div>\n\n\n\n<div class=\"wp-block-column is-vertically-aligned-top has-base-background-color has-background is-layout-flow wp-block-column-is-layout-flow\"><div class=\"wp-block-image\">\n<figure class=\"aligncenter size-full is-resized\"><img decoding=\"async\" src=\"https:\/\/regalar-experiencias.zoodelpirineu.com\/wp-content\/uploads\/2022\/10\/Forma-de-pago-icon.png\" alt=\"\" class=\"wp-image-674\" style=\"width:160px;height:107px\"\/><\/figure>\n<\/div>\n\n\n<h3 class=\"wp-block-heading has-text-align-center\">M\u00e8tode de pagament<\/h3>\n\n\n\n<p class=\"has-text-align-center\">A. Directament des de la p\u00e0gina web omplint un formulari i pagant amb targeta.<\/p>\n\n\n\n<p class=\"has-text-align-center\">B. <a href=\"https:\/\/visitar.zoodelpirineu.com\/ca\/contacte\/\" target=\"_blank\" rel=\"noopener\" title=\"Contactant-nos\">Contactant-nos<\/a>.<br\/>Et donem l&#8217;opci\u00f3 de pagar per:<br\/>Transfer\u00e8ncia banc\u00e0ria<br\/>BIZUM<\/p>\n<\/div>\n<\/div>\n\n<div style=\"height:40px\" aria-hidden=\"true\" class=\"wp-block-spacer\"><\/div>\n\n<h2 class=\"wp-block-heading\" id=\"fecha-abierta\">Com comprar vals regal amb la data oberta?<\/h2>\n\n<h3 class=\"wp-block-heading\">A. Com comprar vals regal des del formulari<\/h3>\n\n<ol class=\"wp-block-list\">\n<li>Escull la\/les experi\u00e8ncia\/es que vulguis regalar. <a href=\"https:\/\/zoodelpirineu.com\/ca\/experiencies-per-regalar\/actividades\/\" target=\"_blank\" rel=\"noopener\" title=\"Experi&#xE8;ncies per regalar\">Experi\u00e8ncies per regalar<\/a><\/li>\n\n\n\n<li>Entra a la p\u00e0gina de compra de vals regal. <a href=\"https:\/\/zoodelpirineu.com\/ca\/experiencies-per-regalar\/comprar-vals-regals\/\" target=\"_blank\" rel=\"noopener\" title=\"Comprar vals regal\">Comprar vals regal<\/a>\n<ul class=\"wp-block-list\">\n<li>Escull les experi\u00e8ncies i el nombre de persones que vols incloure al val.<\/li>\n\n\n\n<li>Escriu el text que vols que surti al val.<\/li>\n\n\n\n<li>Decideix en quin idioma vols el val.<\/li>\n<\/ul>\n<\/li>\n<\/ol>\n\n<h3 class=\"wp-block-heading\">Pagament<\/h3>\n\n<p>El pagament del val regal es processa de manera <strong>totalment segura<\/strong> utilitzant el sistema 3D Security. Podeu pagar amb la targeta VISA o MasterCard. Si vols pagar per <strong>transfer\u00e8ncia banc\u00e0ria<\/strong> o per <strong>BIZUM<\/strong>, si us plau, <a href=\"https:\/\/visitar.zoodelpirineu.com\/ca\/contacte\/\" target=\"_blank\" rel=\"noopener\" title=\"\">contacta amb nosaltres<\/a>.   <\/p>\n\n<div style=\"height:40px\" aria-hidden=\"true\" class=\"wp-block-spacer\"><\/div>\n\n<div class=\"wp-block-columns are-vertically-aligned-center has-base-background-color has-background is-layout-flex wp-container-core-columns-is-layout-9d6595d7 wp-block-columns-is-layout-flex\">\n<div class=\"wp-block-column is-vertically-aligned-center is-layout-flow wp-block-column-is-layout-flow\" style=\"flex-basis:50%\">\n<figure class=\"wp-block-image size-full\"><img decoding=\"async\" src=\"https:\/\/regalar-experiencias.zoodelpirineu.com\/wp-content\/uploads\/2021\/12\/Contacte.jpg\" alt=\"Com comprar vals regals\" class=\"wp-image-684\"\/><\/figure>\n<\/div>\n\n\n\n<div class=\"wp-block-column is-vertically-aligned-center is-layout-flow wp-block-column-is-layout-flow\" style=\"flex-basis:66.66%\">\n<h3 class=\"wp-block-heading\">B. Contactar-nos<\/h3>\n\n\n\n<p>Opcions:<\/p>\n\n\n\n<p>Tel\u00e8fon i WhatsApp: <strong><a href=\"https:\/\/wa.me\/34610750224\" target=\"_blank\" rel=\"noreferrer noopener\">+34 610 75 02 24<\/a><\/strong><br\/>Email: <a href=\"mailto:zoopirineu@gmail.com\"><strong>zoopirineu@gmail.com<\/strong><\/a><\/p>\n\n\n\n<p>Informaci\u00f3 que necessitarem:<\/p>\n\n\n\n<ul class=\"wp-block-list\">\n<li>El teu nom i correu electr\u00f2nic o n\u00famero de tel\u00e8fon<\/li>\n\n\n\n<li>Vols el val regal per a un dia concret o amb la data oberta?<\/li>\n\n\n\n<li>Quines activitats vols regalar?<\/li>\n\n\n\n<li>Quantes persones vols incloure al val regal?<\/li>\n\n\n\n<li>El text que vols que surti al teu val regal i l&#8217;idioma del val.<\/li>\n\n\n\n<li>De quina manera vols fer el pagament?<\/li>\n<\/ul>\n\n\n\n<p>Un cop rebem la confirmaci\u00f3 del pagament t&#8217;enviarem el val regal.<\/p>\n<\/div>\n<\/div>\n\n<div style=\"height:40px\" aria-hidden=\"true\" class=\"wp-block-spacer\"><\/div>\n\n<h3 class=\"wp-block-heading\">Enviament del Val regal<\/h3>\n\n<p>T&#8217;enviarem el Val regal personalitzat a la teva adre\u00e7a de correu electr\u00f2nic. Revisa totes les dades del val. Si algun detall no t&#8217;agrada, o hi ha alguna dada err\u00f2nia, <strong>personalitzarem el val segons el teu requeriment<\/strong>.  <\/p>\n\n<p>L&#8217;enviament del val regal triga un m\u00e0xim de 24 hores. <strong>Si necessites el val regal immediatament<\/strong>, si us plau <strong><a href=\"https:\/\/zoodelpirineu.com\/ca\/contacte\/\" title=\"Contacte\">posa&#8217;t en contacte amb nosaltres<\/a><\/strong>. El gestionarem sense cap despesa addicional.<\/p>\n\n<div style=\"height:40px\" aria-hidden=\"true\" class=\"wp-block-spacer\"><\/div>\n\n<div class=\"wp-block-cover is-light has-parallax\"><div class=\"wp-block-cover__image-background wp-image-67 has-parallax\" style=\"background-position:50% 50%;background-image:url(https:\/\/regalar-experiencias.zoodelpirineu.com\/wp-content\/uploads\/2021\/12\/Regalar-experiencias-a-la-natura.jpg)\"><\/div><span aria-hidden=\"true\" class=\"wp-block-cover__background has-background-dim-0 has-background-dim\"><\/span><div class=\"wp-block-cover__inner-container is-layout-flow wp-block-cover-is-layout-flow\">\n<p class=\"has-text-align-center has-large-font-size\"><\/p>\n<\/div><\/div>\n\n<div style=\"height:100px\" aria-hidden=\"true\" id=\"fecha\" class=\"wp-block-spacer\"><\/div>\n\n<h2 class=\"wp-block-heading\">Com comprar vals regal per a un dia en concret?<\/h2>\n\n<ol class=\"wp-block-list\">\n<li>Entra a la p\u00e0gina de <strong><a href=\"https:\/\/fareharbor.com\/embeds\/book\/zoodelpirineu\/?full-items=yes\" target=\"_blank\" rel=\"noopener\" title=\"venda d'entrades\">venda d&#8217;entrades<\/a><\/strong>.<\/li>\n\n\n\n<li><strong>Compra <\/strong>les entrades de manera habitual.\n<ul class=\"wp-block-list\">\n<li>Pot passar que no hi hagi disponibilitat per a alguna activitat que vulguis regalar. En aquest cas haur\u00e0s de triar un altre dia o una altra activitat per regalar. <\/li>\n<\/ul>\n<\/li>\n\n\n\n<li>Immediatament despr\u00e9s d&#8217;haver fet el pagament us arribaran les entrades a la teva adre\u00e7a de correu electr\u00f2nic.<\/li>\n\n\n\n<li>Envia&#8217;ns aquesta confirmaci\u00f3 al correu <strong><a href=\"mailto:zoopirineu@gmail.com\">zoopirineu@gmail.com<\/a><\/strong> o <a href=\"https:\/\/wa.me\/34610750224\" target=\"_blank\" rel=\"noreferrer noopener\"><strong>escriu-nos per WhatsApp a 610750224<\/strong><\/a>.\n<ul class=\"wp-block-list\">\n<li>Esmenta que \u00e9s un val regal i indica&#8217;ns a quin nom hem de preparar el val personalitzat.<\/li>\n<\/ul>\n<\/li>\n\n\n\n<li>T&#8217;enviarem el val regal personalitzat de forma digital <strong>en un m\u00e0xim de 24 hores<\/strong>.<\/li>\n<\/ol>\n\n<div style=\"height:100px\" aria-hidden=\"true\" class=\"wp-block-spacer\"><\/div>\n\n<div class=\"wp-block-cover\"><img loading=\"lazy\" decoding=\"async\" width=\"2000\" height=\"800\" class=\"wp-block-cover__image-background wp-image-3770\" alt=\"\" src=\"https:\/\/zoodelpirineu.com\/wp-content\/uploads\/2025\/04\/regalarexperienciaconzorro.jpg\" data-object-fit=\"cover\" srcset=\"https:\/\/zoodelpirineu.com\/wp-content\/uploads\/2025\/04\/regalarexperienciaconzorro.jpg 2000w, https:\/\/zoodelpirineu.com\/wp-content\/uploads\/2025\/04\/regalarexperienciaconzorro-300x120.jpg 300w, https:\/\/zoodelpirineu.com\/wp-content\/uploads\/2025\/04\/regalarexperienciaconzorro-1024x410.jpg 1024w, https:\/\/zoodelpirineu.com\/wp-content\/uploads\/2025\/04\/regalarexperienciaconzorro-768x307.jpg 768w, https:\/\/zoodelpirineu.com\/wp-content\/uploads\/2025\/04\/regalarexperienciaconzorro-1536x614.jpg 1536w\" sizes=\"auto, (max-width: 2000px) 100vw, 2000px\" \/><span aria-hidden=\"true\" class=\"wp-block-cover__background has-contrast-background-color has-background-dim\"><\/span><div class=\"wp-block-cover__inner-container is-layout-constrained wp-block-cover-is-layout-constrained\">\n<div style=\"height:100px\" aria-hidden=\"true\" class=\"wp-block-spacer\"><\/div>\n\n\n\n<p class=\"has-text-align-center has-large-font-size\">Fes que el teu regal sigui part d&#8217;una cosa m\u00e9s gran<\/p>\n\n\n\n<p class=\"has-text-align-center has-medium-font-size\">Quan compres un val regal, no nom\u00e9s est\u00e0s oferint una experi\u00e8ncia inoblidable.<br\/>Esteu recolzant la protecci\u00f3 d&#8217;animals salvatges que no poden tornar a la natura.<\/p>\n\n\n\n<p class=\"has-text-align-center has-medium-font-size\">Gr\u00e0cies a tu podran viure amb dignitat.<br\/>I la persona que rebi el regal ho sabr\u00e0 des del primer moment.<\/p>\n\n\n\n<div class=\"wp-block-buttons is-content-justification-center is-layout-flex wp-container-core-buttons-is-layout-16018d1d wp-block-buttons-is-layout-flex\">\n<div class=\"wp-block-button\"><a class=\"wp-block-button__link has-medium-font-size has-custom-font-size wp-element-button\" href=\"https:\/\/zoodelpirineu.com\/ca\/experiencies-per-regalar\/actividades\/\" style=\"border-radius:0px\">Tria la teva experi\u00e8ncia i regala emoci\u00f3<\/a><\/div>\n<\/div>\n\n\n\n<div style=\"height:100px\" aria-hidden=\"true\" class=\"wp-block-spacer\"><\/div>\n<\/div><\/div>\n","protected":false},"excerpt":{"rendered":"<p>Una guia f\u00e0cil de seguir per comprar els vals regal r\u00e0pidament i sense errades.<\/p>\n","protected":false},"author":1,"featured_media":4914,"parent":4121,"menu_order":0,"comment_status":"closed","ping_status":"open","template":"","meta":{"om_disable_all_campaigns":false,"_monsterinsights_skip_tracking":false,"_monsterinsights_sitenote_active":false,"_monsterinsights_sitenote_note":"","_monsterinsights_sitenote_category":0,"footnotes":""},"class_list":["post-4913","page","type-page","status-publish","has-post-thumbnail"],"aioseo_notices":[],"_links":{"self":[{"href":"https:\/\/zoodelpirineu.com\/ca\/wp-json\/wp\/v2\/pages\/4913","targetHints":{"allow":["GET"]}}],"collection":[{"href":"https:\/\/zoodelpirineu.com\/ca\/wp-json\/wp\/v2\/pages"}],"about":[{"href":"https:\/\/zoodelpirineu.com\/ca\/wp-json\/wp\/v2\/types\/page"}],"author":[{"embeddable":true,"href":"https:\/\/zoodelpirineu.com\/ca\/wp-json\/wp\/v2\/users\/1"}],"replies":[{"embeddable":true,"href":"https:\/\/zoodelpirineu.com\/ca\/wp-json\/wp\/v2\/comments?post=4913"}],"version-history":[{"count":2,"href":"https:\/\/zoodelpirineu.com\/ca\/wp-json\/wp\/v2\/pages\/4913\/revisions"}],"predecessor-version":[{"id":5829,"href":"https:\/\/zoodelpirineu.com\/ca\/wp-json\/wp\/v2\/pages\/4913\/revisions\/5829"}],"up":[{"embeddable":true,"href":"https:\/\/zoodelpirineu.com\/ca\/wp-json\/wp\/v2\/pages\/4121"}],"wp:featuredmedia":[{"embeddable":true,"href":"https:\/\/zoodelpirineu.com\/ca\/wp-json\/wp\/v2\/media\/4914"}],"wp:attachment":[{"href":"https:\/\/zoodelpirineu.com\/ca\/wp-json\/wp\/v2\/media?parent=4913"}],"curies":[{"name":"wp","href":"https:\/\/api.w.org\/{rel}","templated":true}]}}