{"id":4950,"date":"2025-08-22T04:56:15","date_gmt":"2025-08-22T03:56:15","guid":{"rendered":"https:\/\/zoodelpirineu.com\/transparencia-i-documents-legals\/"},"modified":"2026-02-14T08:35:45","modified_gmt":"2026-02-14T07:35:45","slug":"transparencia-i-documents-legals","status":"publish","type":"page","link":"https:\/\/zoodelpirineu.com\/ca\/legal\/transparencia-i-documents-legals\/","title":{"rendered":"Transpar\u00e8ncia i documents legals"},"content":{"rendered":"\n<div class=\"wp-block-columns is-layout-flex wp-container-core-columns-is-layout-9d6595d7 wp-block-columns-is-layout-flex\">\n<div class=\"wp-block-column is-layout-flow wp-block-column-is-layout-flow\">\n<figure class=\"wp-block-image size-large\"><a href=\"https:\/\/zoodelpirineu.com\/wp-content\/uploads\/2026\/02\/2025-CAT-MEMORIA.pdf\"><img loading=\"lazy\" decoding=\"async\" width=\"1024\" height=\"724\" src=\"https:\/\/zoodelpirineu.com\/wp-content\/uploads\/2026\/02\/2025catmemoria-1024x724.jpg\" alt=\"\" class=\"wp-image-6204\" srcset=\"https:\/\/zoodelpirineu.com\/wp-content\/uploads\/2026\/02\/2025catmemoria-1024x724.jpg 1024w, https:\/\/zoodelpirineu.com\/wp-content\/uploads\/2026\/02\/2025catmemoria-300x212.jpg 300w, https:\/\/zoodelpirineu.com\/wp-content\/uploads\/2026\/02\/2025catmemoria-768x543.jpg 768w, https:\/\/zoodelpirineu.com\/wp-content\/uploads\/2026\/02\/2025catmemoria-1536x1086.jpg 1536w, https:\/\/zoodelpirineu.com\/wp-content\/uploads\/2026\/02\/2025catmemoria.jpg 2000w\" sizes=\"auto, (max-width: 1024px) 100vw, 1024px\" \/><\/a><\/figure>\n\n\n\n<p class=\"has-text-align-center\"><a href=\"https:\/\/zoodelpirineu.com\/wp-content\/uploads\/2026\/02\/2025-CAT-MEMORIA.pdf\" title=\"Descarrega la Mem\u00f2ria anual d\u2019activitats i finances 2025\">Descarrega la Mem\u00f2ria anual d\u2019activitats i finances 2025<\/a><\/p>\n<\/div>\n\n\n\n<div class=\"wp-block-column is-layout-flow wp-block-column-is-layout-flow\">\n<figure class=\"wp-block-image size-large\"><a href=\"https:\/\/zoodelpirineu.com\/wp-content\/uploads\/2025\/08\/ESP-MEMORIA-ACTIVIDADES-2024.pdf\"><img loading=\"lazy\" decoding=\"async\" width=\"1024\" height=\"724\" src=\"https:\/\/zoodelpirineu.com\/wp-content\/uploads\/2025\/08\/espmemoriaactividades2024-1024x724.jpg\" alt=\"\" class=\"wp-image-4923\" srcset=\"https:\/\/zoodelpirineu.com\/wp-content\/uploads\/2025\/08\/espmemoriaactividades2024-1024x724.jpg 1024w, https:\/\/zoodelpirineu.com\/wp-content\/uploads\/2025\/08\/espmemoriaactividades2024-300x212.jpg 300w, https:\/\/zoodelpirineu.com\/wp-content\/uploads\/2025\/08\/espmemoriaactividades2024-768x543.jpg 768w, https:\/\/zoodelpirineu.com\/wp-content\/uploads\/2025\/08\/espmemoriaactividades2024.jpg 1497w\" sizes=\"auto, (max-width: 1024px) 100vw, 1024px\" \/><\/a><\/figure>\n\n\n\n<p class=\"has-text-align-center\"><a href=\"https:\/\/zoodelpirineu.com\/wp-content\/uploads\/2025\/08\/CAT-MEMORIA-ACTIVITATS-2024-1.pdf\" title=\"Descarrega la Mem\u00f2ria anual d\u2019activitats i finances 2024\">Descarrega la Mem\u00f2ria anual d\u2019activitats i finances 2024<\/a><\/p>\n<\/div>\n\n\n\n<div class=\"wp-block-column is-layout-flow wp-block-column-is-layout-flow\">\n<figure class=\"wp-block-image size-large\"><a href=\"https:\/\/zoodelpirineu.com\/wp-content\/uploads\/2025\/08\/Fundacion-Zoo-de-los-Pirineos-Memoria-Actividades-2023.pdf\"><img loading=\"lazy\" decoding=\"async\" width=\"1024\" height=\"724\" src=\"https:\/\/zoodelpirineu.com\/wp-content\/uploads\/2025\/08\/fundacionzoodelospirineosmemoriaactividades2023-1024x724.jpg\" alt=\"\" class=\"wp-image-4929\" srcset=\"https:\/\/zoodelpirineu.com\/wp-content\/uploads\/2025\/08\/fundacionzoodelospirineosmemoriaactividades2023-1024x724.jpg 1024w, https:\/\/zoodelpirineu.com\/wp-content\/uploads\/2025\/08\/fundacionzoodelospirineosmemoriaactividades2023-300x212.jpg 300w, https:\/\/zoodelpirineu.com\/wp-content\/uploads\/2025\/08\/fundacionzoodelospirineosmemoriaactividades2023-768x543.jpg 768w, https:\/\/zoodelpirineu.com\/wp-content\/uploads\/2025\/08\/fundacionzoodelospirineosmemoriaactividades2023.jpg 1497w\" sizes=\"auto, (max-width: 1024px) 100vw, 1024px\" \/><\/a><\/figure>\n\n\n\n<p class=\"has-text-align-center\"><a href=\"https:\/\/zoodelpirineu.com\/wp-content\/uploads\/2025\/08\/CAT-MEMORIA-ACTIVIDADES-2023.pdf\" title=\"Descarrega la Mem\u00f2ria anual d\u2019activitats i finances 2023\">Descarrega la Mem\u00f2ria anual d\u2019activitats i finances 2023<\/a><\/p>\n<\/div>\n\n\n\n<div class=\"wp-block-column is-layout-flow wp-block-column-is-layout-flow\">\n<figure class=\"wp-block-image size-large\"><a href=\"https:\/\/zoodelpirineu.com\/wp-content\/uploads\/2025\/08\/MEMORIA-ACTIVIDADES-2021-ZOO-PIRINEOS-1.pdf\"><img loading=\"lazy\" decoding=\"async\" width=\"1024\" height=\"724\" src=\"https:\/\/zoodelpirineu.com\/wp-content\/uploads\/2025\/08\/memoriaactividades2021-1024x724.png\" alt=\"\" class=\"wp-image-4935\" srcset=\"https:\/\/zoodelpirineu.com\/wp-content\/uploads\/2025\/08\/memoriaactividades2021-1024x724.png 1024w, https:\/\/zoodelpirineu.com\/wp-content\/uploads\/2025\/08\/memoriaactividades2021-300x212.png 300w, https:\/\/zoodelpirineu.com\/wp-content\/uploads\/2025\/08\/memoriaactividades2021-768x543.png 768w, https:\/\/zoodelpirineu.com\/wp-content\/uploads\/2025\/08\/memoriaactividades2021-1536x1086.png 1536w, https:\/\/zoodelpirineu.com\/wp-content\/uploads\/2025\/08\/memoriaactividades2021.png 2000w\" sizes=\"auto, (max-width: 1024px) 100vw, 1024px\" \/><\/a><\/figure>\n\n\n\n<p class=\"has-text-align-center\"><a href=\"https:\/\/zoodelpirineu.com\/wp-content\/uploads\/2025\/08\/MEMORIA-ACTIVIDADES-2021-ZOO-PIRINEOS-1.pdf\" title=\"Descarrega la Mem\u00f2ria anual d\u2019activitats i finances 2021\">Descarrega la Mem\u00f2ria anual d\u2019activitats i finances 2021<\/a><\/p>\n<\/div>\n<\/div>\n\n\n\n<p><\/p>\n","protected":false},"excerpt":{"rendered":"<p>Descarrega la Mem\u00f2ria anual d\u2019activitats i finances 2025 Descarrega la Mem\u00f2ria anual d\u2019activitats i finances 2024 Descarrega la Mem\u00f2ria anual d\u2019activitats i finances 2023 Descarrega &#8230; <\/p>\n<p class=\"read-more-container\"><a title=\"Transpar\u00e8ncia i documents legals\" class=\"read-more button\" href=\"https:\/\/zoodelpirineu.com\/ca\/legal\/transparencia-i-documents-legals\/#more-4950\" aria-label=\"M\u00e9s informaci\u00f3 sobre Transpar\u00e8ncia i documents legals\">Read more<\/a><\/p>\n","protected":false},"author":1,"featured_media":0,"parent":3889,"menu_order":0,"comment_status":"closed","ping_status":"closed","template":"","meta":{"om_disable_all_campaigns":false,"_monsterinsights_skip_tracking":false,"_monsterinsights_sitenote_active":false,"_monsterinsights_sitenote_note":"","_monsterinsights_sitenote_category":0,"footnotes":""},"class_list":["post-4950","page","type-page","status-publish"],"aioseo_notices":[],"_links":{"self":[{"href":"https:\/\/zoodelpirineu.com\/ca\/wp-json\/wp\/v2\/pages\/4950","targetHints":{"allow":["GET"]}}],"collection":[{"href":"https:\/\/zoodelpirineu.com\/ca\/wp-json\/wp\/v2\/pages"}],"about":[{"href":"https:\/\/zoodelpirineu.com\/ca\/wp-json\/wp\/v2\/types\/page"}],"author":[{"embeddable":true,"href":"https:\/\/zoodelpirineu.com\/ca\/wp-json\/wp\/v2\/users\/1"}],"replies":[{"embeddable":true,"href":"https:\/\/zoodelpirineu.com\/ca\/wp-json\/wp\/v2\/comments?post=4950"}],"version-history":[{"count":4,"href":"https:\/\/zoodelpirineu.com\/ca\/wp-json\/wp\/v2\/pages\/4950\/revisions"}],"predecessor-version":[{"id":6217,"href":"https:\/\/zoodelpirineu.com\/ca\/wp-json\/wp\/v2\/pages\/4950\/revisions\/6217"}],"up":[{"embeddable":true,"href":"https:\/\/zoodelpirineu.com\/ca\/wp-json\/wp\/v2\/pages\/3889"}],"wp:attachment":[{"href":"https:\/\/zoodelpirineu.com\/ca\/wp-json\/wp\/v2\/media?parent=4950"}],"curies":[{"name":"wp","href":"https:\/\/api.w.org\/{rel}","templated":true}]}}