{"id":5246,"date":"2025-09-07T06:10:42","date_gmt":"2025-09-07T05:10:42","guid":{"rendered":"https:\/\/zoodelpirineu.com\/sobre-nosaltres\/treballa-amb-nosaltres\/oferta-de-feina-en-ong-catalunya\/"},"modified":"2025-10-02T05:12:50","modified_gmt":"2025-10-02T04:12:50","slug":"oferta-de-feina-en-ong-catalunya","status":"publish","type":"page","link":"https:\/\/zoodelpirineu.com\/ca\/sobre-nosaltres\/treballa-amb-nosaltres\/oferta-de-feina-en-ong-catalunya\/","title":{"rendered":"Oferta de feina en ONG Catalunya"},"content":{"rendered":"\n<div class=\"wp-block-cover\"><img loading=\"lazy\" decoding=\"async\" width=\"1024\" height=\"410\" class=\"wp-block-cover__image-background wp-image-5217 size-large\" alt=\"Zorro rescatado descansando en el refugio del Zoo del Pirineu, imagen inspiradora que refleja el prop\u00f3sito de un trabajo en ONG dedicado a proteger la fauna salvaje.\" src=\"https:\/\/zoodelpirineu.com\/wp-content\/uploads\/2025\/09\/zorroenrefugiodeanimales-1024x410.jpg\" style=\"object-position:41% 56%\" data-object-fit=\"cover\" data-object-position=\"41% 56%\" srcset=\"https:\/\/zoodelpirineu.com\/wp-content\/uploads\/2025\/09\/zorroenrefugiodeanimales-1024x410.jpg 1024w, https:\/\/zoodelpirineu.com\/wp-content\/uploads\/2025\/09\/zorroenrefugiodeanimales-300x120.jpg 300w, https:\/\/zoodelpirineu.com\/wp-content\/uploads\/2025\/09\/zorroenrefugiodeanimales-768x307.jpg 768w, https:\/\/zoodelpirineu.com\/wp-content\/uploads\/2025\/09\/zorroenrefugiodeanimales-1536x614.jpg 1536w, https:\/\/zoodelpirineu.com\/wp-content\/uploads\/2025\/09\/zorroenrefugiodeanimales.jpg 2000w\" sizes=\"auto, (max-width: 1024px) 100vw, 1024px\" \/><span aria-hidden=\"true\" class=\"wp-block-cover__background has-contrast-background-color has-background-dim\"><\/span><div class=\"wp-block-cover__inner-container is-layout-constrained wp-block-cover-is-layout-constrained\">\n<p class=\"has-text-align-center has-large-font-size\">Oferta de feina en ONG: Responsable de Coordinaci\u00f3 i Avaluaci\u00f3<\/p>\n<\/div><\/div>\n\n<div style=\"height:100px\" aria-hidden=\"true\" class=\"wp-block-spacer\"><\/div>\n\n<div class=\"wp-block-columns is-layout-flex wp-container-core-columns-is-layout-9d6595d7 wp-block-columns-is-layout-flex\">\n<div class=\"wp-block-column is-layout-flow wp-block-column-is-layout-flow\" style=\"flex-basis:25%\"><\/div>\n\n\n\n<div class=\"wp-block-column has-base-background-color has-background is-layout-flow wp-block-column-is-layout-flow\" style=\"flex-basis:50%\">\n<div style=\"height:40px\" aria-hidden=\"true\" class=\"wp-block-spacer\"><\/div>\n\n\n\n<div class=\"wp-block-columns is-layout-flex wp-container-core-columns-is-layout-9d6595d7 wp-block-columns-is-layout-flex\">\n<div class=\"wp-block-column is-layout-flow wp-block-column-is-layout-flow\" style=\"flex-basis:5%\"><\/div>\n\n\n\n<div class=\"wp-block-column is-layout-flow wp-block-column-is-layout-flow\">\n<p class=\"has-text-align-center\">Si est\u00e0s buscant una <strong>feina en una ONG<\/strong> on el teu esfor\u00e7 tingui un impacte real, aquesta \u00e9s la teva oportunitat.<\/p>\n\n\n\n<p class=\"has-text-align-center\">A la <a href=\"https:\/\/zoodelpirineu.com\/ca\/sobre-nosaltres\/\" title=\"Sobre nosaltres\">\n  <strong>Fundaci\u00f3 Zoo del Pirineu<\/strong>\n<\/a> busquem un perfil anal\u00edtic i organitzat per coordinar l\u2019equip, avaluar resultats i assegurar que els nostres projectes avancin amb \u00e8xit.<\/p>\n<\/div>\n\n\n\n<div class=\"wp-block-column is-layout-flow wp-block-column-is-layout-flow\" style=\"flex-basis:5%\"><\/div>\n<\/div>\n<\/div>\n\n\n\n<div class=\"wp-block-column is-layout-flow wp-block-column-is-layout-flow\" style=\"flex-basis:25%\"><\/div>\n<\/div>\n\n<div style=\"height:100px\" aria-hidden=\"true\" class=\"wp-block-spacer\"><\/div>\n\n<h2 class=\"wp-block-heading has-text-align-center\">La teva feina a l\u2019ONG: responsabilitats i tasques principals<\/h2>\n\n<div style=\"height:20px\" aria-hidden=\"true\" class=\"wp-block-spacer\"><\/div>\n\n<div class=\"wp-block-columns is-layout-flex wp-container-core-columns-is-layout-9d6595d7 wp-block-columns-is-layout-flex\">\n<div class=\"wp-block-column is-layout-flow wp-block-column-is-layout-flow\" style=\"flex-basis:10%\"><\/div>\n\n\n\n<div class=\"wp-block-column is-layout-flow wp-block-column-is-layout-flow\">\n<p class=\"has-text-align-center\"><strong>Coordinar la feina d&#8217;equip<\/strong><\/p>\n\n\n\n<p class=\"has-text-align-center\">Planificar reunions i fer seguiment de les tasques per mantenir l\u2019equip alineat.<\/p>\n<\/div>\n\n\n\n<div class=\"wp-block-column is-layout-flow wp-block-column-is-layout-flow\">\n<p class=\"has-text-align-center\"><strong>Supervisar l\u2019execuci\u00f3<\/strong><\/p>\n\n\n\n<p class=\"has-text-align-center\">Assegurar la correcta aplicaci\u00f3 de <a href=\"https:\/\/12weekyear.com\/\" target=\"_blank\" rel=\"noopener\" title=\"12 Week Year\">12 Week Year<\/a> i <a href=\"https:\/\/grantcardone.com\/\" target=\"_blank\" rel=\"noopener\" title=\"10X Rule\">10X Rule<\/a> (inclosa la formaci\u00f3 interna).<\/p>\n<\/div>\n\n\n\n<div class=\"wp-block-column is-layout-flow wp-block-column-is-layout-flow\">\n<p class=\"has-text-align-center\"><strong>Transformar dades en millores reals<\/strong><\/p>\n\n\n\n<p class=\"has-text-align-center\">Analitzar resultats i convertir-los en propostes per millorar la comunicaci\u00f3 i l\u2019impacte.<\/p>\n<\/div>\n\n\n\n<div class=\"wp-block-column is-layout-flow wp-block-column-is-layout-flow\">\n<p class=\"has-text-align-center\"><strong>Donar suport en la gesti\u00f3 operativa.<\/strong><\/p>\n\n\n\n<p class=\"has-text-align-center\">Col\u00b7laborar en la gesti\u00f3 i en les activitats del refugi, participant tamb\u00e9 dos caps de setmana al mes.<\/p>\n<\/div>\n\n\n\n<div class=\"wp-block-column is-layout-flow wp-block-column-is-layout-flow\" style=\"flex-basis:10%\"><\/div>\n<\/div>\n\n<div style=\"height:100px\" aria-hidden=\"true\" class=\"wp-block-spacer\"><\/div>\n\n<h2 class=\"wp-block-heading has-text-align-center\">El que busquem en tu<\/h2>\n\n<div style=\"height:20px\" aria-hidden=\"true\" class=\"wp-block-spacer\"><\/div>\n\n<div class=\"wp-block-columns is-layout-flex wp-container-core-columns-is-layout-9d6595d7 wp-block-columns-is-layout-flex\">\n<div class=\"wp-block-column is-layout-flow wp-block-column-is-layout-flow\" style=\"flex-basis:15%\"><\/div>\n\n\n\n<div class=\"wp-block-column is-layout-flow wp-block-column-is-layout-flow\"><div class=\"wp-block-image\">\n<figure class=\"aligncenter size-full is-resized\"><img loading=\"lazy\" decoding=\"async\" width=\"320\" height=\"213\" src=\"https:\/\/zoodelpirineu.com\/wp-content\/uploads\/2025\/09\/menteorganizadapicto.png\" alt=\"\" class=\"wp-image-5196\" style=\"width:auto;height:100px\" srcset=\"https:\/\/zoodelpirineu.com\/wp-content\/uploads\/2025\/09\/menteorganizadapicto.png 320w, https:\/\/zoodelpirineu.com\/wp-content\/uploads\/2025\/09\/menteorganizadapicto-300x200.png 300w\" sizes=\"auto, (max-width: 320px) 100vw, 320px\" \/><\/figure>\n<\/div>\n\n\n<p class=\"has-text-align-center\"><strong>Ment anal\u00edtica i organitzada<\/strong>, capa\u00e7 de transformar dades en accions.<\/p>\n<\/div>\n\n\n\n<div class=\"wp-block-column is-layout-flow wp-block-column-is-layout-flow\"><div class=\"wp-block-image\">\n<figure class=\"aligncenter size-full is-resized\"><img loading=\"lazy\" decoding=\"async\" width=\"320\" height=\"213\" src=\"https:\/\/zoodelpirineu.com\/wp-content\/uploads\/2025\/09\/analysisdedatospicto.png\" alt=\"\" class=\"wp-image-5202\" style=\"width:auto;height:100px\" srcset=\"https:\/\/zoodelpirineu.com\/wp-content\/uploads\/2025\/09\/analysisdedatospicto.png 320w, https:\/\/zoodelpirineu.com\/wp-content\/uploads\/2025\/09\/analysisdedatospicto-300x200.png 300w\" sizes=\"auto, (max-width: 320px) 100vw, 320px\" \/><\/figure>\n<\/div>\n\n\n<p class=\"has-text-align-center\">Formaci\u00f3 o experi\u00e8ncia en <strong>gesti\u00f3 de projectes<\/strong> o an\u00e0lisi de dades (valorem tamb\u00e9 perfils j\u00fanior).<\/p>\n<\/div>\n\n\n\n<div class=\"wp-block-column is-layout-flow wp-block-column-is-layout-flow\"><div class=\"wp-block-image\">\n<figure class=\"aligncenter size-full is-resized\"><img loading=\"lazy\" decoding=\"async\" width=\"320\" height=\"213\" src=\"https:\/\/zoodelpirineu.com\/wp-content\/uploads\/2025\/09\/liderazcopicto.png\" alt=\"\" class=\"wp-image-5205\" style=\"width:auto;height:100px\" srcset=\"https:\/\/zoodelpirineu.com\/wp-content\/uploads\/2025\/09\/liderazcopicto.png 320w, https:\/\/zoodelpirineu.com\/wp-content\/uploads\/2025\/09\/liderazcopicto-300x200.png 300w\" sizes=\"auto, (max-width: 320px) 100vw, 320px\" \/><\/figure>\n<\/div>\n\n\n<p class=\"has-text-align-center\"><strong>Lideratge emp\u00e0tic<\/strong> i capacitat de treballar en equip.<\/p>\n<\/div>\n\n\n\n<div class=\"wp-block-column is-layout-flow wp-block-column-is-layout-flow\"><div class=\"wp-block-image\">\n<figure class=\"aligncenter size-full is-resized\"><img loading=\"lazy\" decoding=\"async\" width=\"320\" height=\"213\" src=\"https:\/\/zoodelpirineu.com\/wp-content\/uploads\/2025\/09\/flexibilidadpicto.png\" alt=\"\" class=\"wp-image-5208\" style=\"width:auto;height:100px\" srcset=\"https:\/\/zoodelpirineu.com\/wp-content\/uploads\/2025\/09\/flexibilidadpicto.png 320w, https:\/\/zoodelpirineu.com\/wp-content\/uploads\/2025\/09\/flexibilidadpicto-300x200.png 300w\" sizes=\"auto, (max-width: 320px) 100vw, 320px\" \/><\/figure>\n<\/div>\n\n\n<p class=\"has-text-align-center\"><strong>Flexibilitat <\/strong>per combinar gesti\u00f3 amb suport operatiu al refugi.<\/p>\n<\/div>\n\n\n\n<div class=\"wp-block-column is-layout-flow wp-block-column-is-layout-flow\" style=\"flex-basis:15%\"><\/div>\n<\/div>\n\n<div class=\"wp-block-columns is-layout-flex wp-container-core-columns-is-layout-9d6595d7 wp-block-columns-is-layout-flex\">\n<div class=\"wp-block-column is-layout-flow wp-block-column-is-layout-flow\" style=\"flex-basis:30%\"><\/div>\n\n\n\n<div class=\"wp-block-column is-layout-flow wp-block-column-is-layout-flow\">\n<p class=\"has-text-align-center\">Un <strong>treball en una ONG<\/strong> ideal per a qui vulgui cr\u00e9ixer professionalment i tenir un impacte real.<\/p>\n<\/div>\n\n\n\n<div class=\"wp-block-column is-layout-flow wp-block-column-is-layout-flow\" style=\"flex-basis:30%\"><\/div>\n<\/div>\n\n<div style=\"height:100px\" aria-hidden=\"true\" class=\"wp-block-spacer\"><\/div>\n\n<h2 class=\"wp-block-heading has-text-align-center\">El que ofereix aquesta feina<\/h2>\n\n<div class=\"wp-block-columns is-layout-flex wp-container-core-columns-is-layout-9d6595d7 wp-block-columns-is-layout-flex\">\n<div class=\"wp-block-column is-layout-flow wp-block-column-is-layout-flow\" style=\"flex-basis:20%\"><\/div>\n\n\n\n<div class=\"wp-block-column is-layout-flow wp-block-column-is-layout-flow\"><div class=\"wp-block-image\">\n<figure class=\"aligncenter size-full is-resized\"><img loading=\"lazy\" decoding=\"async\" width=\"320\" height=\"213\" src=\"https:\/\/zoodelpirineu.com\/wp-content\/uploads\/2025\/02\/OK-picto.png\" alt=\"\" class=\"wp-image-2700\" style=\"width:auto;height:60px\" srcset=\"https:\/\/zoodelpirineu.com\/wp-content\/uploads\/2025\/02\/OK-picto.png 320w, https:\/\/zoodelpirineu.com\/wp-content\/uploads\/2025\/02\/OK-picto-300x200.png 300w\" sizes=\"auto, (max-width: 320px) 100vw, 320px\" \/><\/figure>\n<\/div>\n\n\n<div style=\"height:20px\" aria-hidden=\"true\" class=\"wp-block-spacer\"><\/div>\n\n\n\n<p class=\"has-text-align-center\"><strong>Flexibilitat: 40 %<\/strong> <strong>teletreball <\/strong>i 60 % presencial en un entorn natural \u00fanic al Pirineu.<\/p>\n<\/div>\n\n\n\n<div class=\"wp-block-column is-layout-flow wp-block-column-is-layout-flow\"><div class=\"wp-block-image\">\n<figure class=\"aligncenter size-full is-resized\"><img loading=\"lazy\" decoding=\"async\" width=\"320\" height=\"213\" src=\"https:\/\/zoodelpirineu.com\/wp-content\/uploads\/2025\/02\/OK-picto.png\" alt=\"\" class=\"wp-image-2700\" style=\"width:auto;height:60px\" srcset=\"https:\/\/zoodelpirineu.com\/wp-content\/uploads\/2025\/02\/OK-picto.png 320w, https:\/\/zoodelpirineu.com\/wp-content\/uploads\/2025\/02\/OK-picto-300x200.png 300w\" sizes=\"auto, (max-width: 320px) 100vw, 320px\" \/><\/figure>\n<\/div>\n\n\n<div style=\"height:20px\" aria-hidden=\"true\" class=\"wp-block-spacer\"><\/div>\n\n\n\n<p class=\"has-text-align-center\"><strong>Sou estable, amb possibilitat de revisi\u00f3<\/strong> segons el rendiment i el creixement.<\/p>\n<\/div>\n\n\n\n<div class=\"wp-block-column is-layout-flow wp-block-column-is-layout-flow\"><div class=\"wp-block-image\">\n<figure class=\"aligncenter size-full is-resized\"><img loading=\"lazy\" decoding=\"async\" width=\"320\" height=\"213\" src=\"https:\/\/zoodelpirineu.com\/wp-content\/uploads\/2025\/02\/OK-picto.png\" alt=\"\" class=\"wp-image-2700\" style=\"width:auto;height:60px\" srcset=\"https:\/\/zoodelpirineu.com\/wp-content\/uploads\/2025\/02\/OK-picto.png 320w, https:\/\/zoodelpirineu.com\/wp-content\/uploads\/2025\/02\/OK-picto-300x200.png 300w\" sizes=\"auto, (max-width: 320px) 100vw, 320px\" \/><\/figure>\n<\/div>\n\n\n<div style=\"height:20px\" aria-hidden=\"true\" class=\"wp-block-spacer\"><\/div>\n\n\n\n<p class=\"has-text-align-center\"><strong>Formar part d\u2019un equip proper i apassionat<\/strong>, on la teva contribuci\u00f3 t\u00e9 un impacte real.<\/p>\n<\/div>\n\n\n\n<div class=\"wp-block-column is-layout-flow wp-block-column-is-layout-flow\"><div class=\"wp-block-image\">\n<figure class=\"aligncenter size-full is-resized\"><img loading=\"lazy\" decoding=\"async\" width=\"320\" height=\"213\" src=\"https:\/\/zoodelpirineu.com\/wp-content\/uploads\/2025\/02\/OK-picto.png\" alt=\"\" class=\"wp-image-2700\" style=\"width:auto;height:60px\" srcset=\"https:\/\/zoodelpirineu.com\/wp-content\/uploads\/2025\/02\/OK-picto.png 320w, https:\/\/zoodelpirineu.com\/wp-content\/uploads\/2025\/02\/OK-picto-300x200.png 300w\" sizes=\"auto, (max-width: 320px) 100vw, 320px\" \/><\/figure>\n<\/div>\n\n\n<div style=\"height:20px\" aria-hidden=\"true\" class=\"wp-block-spacer\"><\/div>\n\n\n\n<p class=\"has-text-align-center\"><strong>Oportunitat de creixement personal i professional<\/strong>, assumint responsabilitats des del primer dia.<\/p>\n<\/div>\n\n\n\n<div class=\"wp-block-column is-layout-flow wp-block-column-is-layout-flow\" style=\"flex-basis:20%\"><\/div>\n<\/div>\n\n<div style=\"height:100px\" aria-hidden=\"true\" class=\"wp-block-spacer\"><\/div>\n\n<h2 class=\"wp-block-heading has-text-align-center\">Com aplicar a aquesta feina en una ONG<\/h2>\n\n<div class=\"wp-block-columns is-layout-flex wp-container-core-columns-is-layout-9d6595d7 wp-block-columns-is-layout-flex\">\n<div class=\"wp-block-column is-layout-flow wp-block-column-is-layout-flow\" style=\"flex-basis:25%\"><\/div>\n\n\n\n<div class=\"wp-block-column is-layout-flow wp-block-column-is-layout-flow\" style=\"flex-basis:50%\">\n<p class=\"has-text-align-center\">Si vols que el teu talent tingui un impacte real en la protecci\u00f3 de la fauna salvatge, aquest \u00e9s el teu lloc.<\/p>\n\n\n\n<p class=\"has-text-align-center\">Envia\u2019ns el teu <strong>CV i una carta de motivaci\u00f3<\/strong>.<\/p>\n\n\n\n<div class=\"wp-block-buttons is-layout-flex wp-block-buttons-is-layout-flex\">\n<div class=\"wp-block-button has-custom-width wp-block-button__width-100\"><a class=\"wp-block-button__link has-medium-font-size has-custom-font-size wp-element-button\" href=\"https:\/\/zoodelpirineu.com\/ca\/contacte\/\" style=\"border-radius:0px\">Enviar la meva candidatura ara<\/a><\/div>\n<\/div>\n<\/div>\n\n\n\n<div class=\"wp-block-column is-layout-flow wp-block-column-is-layout-flow\" style=\"flex-basis:25%\"><\/div>\n<\/div>\n\n<div style=\"height:100px\" aria-hidden=\"true\" class=\"wp-block-spacer\"><\/div>\n\n<div class=\"wp-block-cover\"><img loading=\"lazy\" decoding=\"async\" width=\"1024\" height=\"410\" class=\"wp-block-cover__image-background wp-image-5221 size-large\" alt=\"Equipo de la Fundaci\u00f3 Zoo del Pirineu sonriendo y trabajando unido, ejemplo del esp\u00edritu de colaboraci\u00f3n en un trabajo en ONG con impacto real en la protecci\u00f3n de animales.\" src=\"https:\/\/zoodelpirineu.com\/wp-content\/uploads\/2025\/09\/equipodelzoodelpiirneu2024-1024x410.jpg\" data-object-fit=\"cover\" srcset=\"https:\/\/zoodelpirineu.com\/wp-content\/uploads\/2025\/09\/equipodelzoodelpiirneu2024-1024x410.jpg 1024w, https:\/\/zoodelpirineu.com\/wp-content\/uploads\/2025\/09\/equipodelzoodelpiirneu2024-300x120.jpg 300w, https:\/\/zoodelpirineu.com\/wp-content\/uploads\/2025\/09\/equipodelzoodelpiirneu2024-768x307.jpg 768w, https:\/\/zoodelpirineu.com\/wp-content\/uploads\/2025\/09\/equipodelzoodelpiirneu2024-1536x614.jpg 1536w, https:\/\/zoodelpirineu.com\/wp-content\/uploads\/2025\/09\/equipodelzoodelpiirneu2024.jpg 2000w\" sizes=\"auto, (max-width: 1024px) 100vw, 1024px\" \/><span aria-hidden=\"true\" class=\"wp-block-cover__background has-contrast-background-color has-background-dim\"><\/span><div class=\"wp-block-cover__inner-container is-layout-constrained wp-block-cover-is-layout-constrained\">\n<p class=\"has-text-align-center has-large-font-size\"><strong>Treballar en una ONG <\/strong>no \u00e9s nom\u00e9s una feina: \u00e9s una manera de transformar la teva carrera professional mentre contribueixes a protegir la fauna del nostre pa\u00eds.<\/p>\n<\/div><\/div>\n","protected":false},"excerpt":{"rendered":"<p>Si est\u00e0s buscant una feina en una ONG on el teu esfor\u00e7 tingui un impacte real, aquesta \u00e9s la teva oportunitat. A la Fundaci\u00f3 Zoo &#8230; <\/p>\n<p class=\"read-more-container\"><a title=\"Oferta de feina en ONG Catalunya\" class=\"read-more button\" href=\"https:\/\/zoodelpirineu.com\/ca\/sobre-nosaltres\/treballa-amb-nosaltres\/oferta-de-feina-en-ong-catalunya\/#more-5246\" aria-label=\"M\u00e9s informaci\u00f3 sobre Oferta de feina en ONG Catalunya\">Read more<\/a><\/p>\n","protected":false},"author":1,"featured_media":0,"parent":538,"menu_order":0,"comment_status":"closed","ping_status":"closed","template":"","meta":{"om_disable_all_campaigns":false,"_monsterinsights_skip_tracking":false,"_monsterinsights_sitenote_active":false,"_monsterinsights_sitenote_note":"","_monsterinsights_sitenote_category":0,"footnotes":""},"class_list":["post-5246","page","type-page","status-publish"],"aioseo_notices":[],"_links":{"self":[{"href":"https:\/\/zoodelpirineu.com\/ca\/wp-json\/wp\/v2\/pages\/5246","targetHints":{"allow":["GET"]}}],"collection":[{"href":"https:\/\/zoodelpirineu.com\/ca\/wp-json\/wp\/v2\/pages"}],"about":[{"href":"https:\/\/zoodelpirineu.com\/ca\/wp-json\/wp\/v2\/types\/page"}],"author":[{"embeddable":true,"href":"https:\/\/zoodelpirineu.com\/ca\/wp-json\/wp\/v2\/users\/1"}],"replies":[{"embeddable":true,"href":"https:\/\/zoodelpirineu.com\/ca\/wp-json\/wp\/v2\/comments?post=5246"}],"version-history":[{"count":4,"href":"https:\/\/zoodelpirineu.com\/ca\/wp-json\/wp\/v2\/pages\/5246\/revisions"}],"predecessor-version":[{"id":5376,"href":"https:\/\/zoodelpirineu.com\/ca\/wp-json\/wp\/v2\/pages\/5246\/revisions\/5376"}],"up":[{"embeddable":true,"href":"https:\/\/zoodelpirineu.com\/ca\/wp-json\/wp\/v2\/pages\/538"}],"wp:attachment":[{"href":"https:\/\/zoodelpirineu.com\/ca\/wp-json\/wp\/v2\/media?parent=5246"}],"curies":[{"name":"wp","href":"https:\/\/api.w.org\/{rel}","templated":true}]}}