{"id":531,"date":"2021-12-24T10:06:31","date_gmt":"2021-12-24T09:06:31","guid":{"rendered":"https:\/\/regalar-experiencias.zoodelpirineu.com\/experiencia-mussols\/"},"modified":"2026-01-14T17:00:23","modified_gmt":"2026-01-14T16:00:23","slug":"experiencia-buhos","status":"publish","type":"page","link":"https:\/\/zoodelpirineu.com\/ca\/experiencies-per-regalar\/regalar-experiencia-amb-animals\/experiencia-buhos\/","title":{"rendered":"Experi\u00e8ncia mussols"},"content":{"rendered":"\n<div class=\"wp-block-cover is-light\"><img decoding=\"async\" class=\"wp-block-cover__image-background wp-image-1405\" alt=\"\" src=\"https:\/\/regalar-experiencias.zoodelpirineu.com\/wp-content\/uploads\/2023\/01\/Regalar-experiencia-con-buhos.jpg\" data-object-fit=\"cover\"\/><span aria-hidden=\"true\" class=\"wp-block-cover__background has-background-dim\"><\/span><div class=\"wp-block-cover__inner-container is-layout-flow wp-block-cover-is-layout-flow\">\n<p class=\"has-text-align-center has-base-3-color has-text-color has-large-font-size\"><strong>Confian\u00e7a | Respecte | Cooperaci\u00f3<\/strong><\/p>\n\n\n\n<p class=\"has-text-align-center has-base-3-color has-text-color has-large-font-size\">Regala aquesta experi\u00e8ncia transformadora.<\/p>\n\n\n\n<div class=\"wp-block-buttons is-content-justification-center is-layout-flex wp-container-core-buttons-is-layout-16018d1d wp-block-buttons-is-layout-flex\">\n<div class=\"wp-block-button\"><a class=\"wp-block-button__link has-medium-font-size has-custom-font-size wp-element-button\" href=\"https:\/\/zoodelpirineu.com\/ca\/experiencies-per-regalar\/comprar-vals-regals\/\" style=\"border-radius:0px\">REGALAR EXPERI\u00c8NCIA MUSSOLS<\/a><\/div>\n<\/div>\n<\/div><\/div>\n\n<div class=\"wp-block-columns has-background is-layout-flex wp-container-core-columns-is-layout-9d6595d7 wp-block-columns-is-layout-flex\" style=\"background-color:#1f7f95\">\n<div class=\"wp-block-column is-layout-flow wp-block-column-is-layout-flow\">\n<div class=\"wp-block-buttons is-layout-flex wp-block-buttons-is-layout-flex\">\n<div class=\"wp-block-button has-custom-width wp-block-button__width-100 is-style-outline is-style-outline--1\"><a class=\"wp-block-button__link has-base-3-color has-text-color wp-element-button\" href=\"#regalar\" style=\"border-radius:0px\">PER A QUI \u00c9S?<\/a><\/div>\n<\/div>\n<\/div>\n\n\n\n<div class=\"wp-block-column is-layout-flow wp-block-column-is-layout-flow\">\n<div class=\"wp-block-buttons is-layout-flex wp-block-buttons-is-layout-flex\">\n<div class=\"wp-block-button has-custom-width wp-block-button__width-100 is-style-outline is-style-outline--2\"><a class=\"wp-block-button__link has-base-3-color has-text-color wp-element-button\" href=\"#funcionamiento\" style=\"border-radius:0px\">FUNCIONAMENT<\/a><\/div>\n<\/div>\n<\/div>\n\n\n\n<div class=\"wp-block-column is-layout-flow wp-block-column-is-layout-flow\">\n<div class=\"wp-block-buttons is-layout-flex wp-block-buttons-is-layout-flex\">\n<div class=\"wp-block-button has-custom-width wp-block-button__width-100 is-style-outline is-style-outline--3\"><a class=\"wp-block-button__link has-base-3-color has-text-color wp-element-button\" href=\"#Horario-y-precio\" style=\"border-radius:0px\">HORARI I PREU<\/a><\/div>\n<\/div>\n<\/div>\n<\/div>\n\n<div style=\"height:60px\" aria-hidden=\"true\" class=\"wp-block-spacer\"><\/div>\n\n<div class=\"wp-block-columns is-layout-flex wp-container-core-columns-is-layout-9d6595d7 wp-block-columns-is-layout-flex\">\n<div class=\"wp-block-column is-layout-flow wp-block-column-is-layout-flow\" style=\"flex-basis:25%\"><\/div>\n\n\n\n<div class=\"wp-block-column is-layout-flow wp-block-column-is-layout-flow\" style=\"flex-basis:50%\">\n<p class=\"has-text-align-center\"><strong>Aquesta activitat requereix feina en equip.<\/strong> Stania, la directora del parc, acompanyar\u00e0 els visitants en aquesta experi\u00e8ncia transformadora. Perqu\u00e8 els mussols se sentin segurs a la seva pres\u00e8ncia hauran de superar petits reptes.<\/p>\n<\/div>\n\n\n\n<div class=\"wp-block-column is-layout-flow wp-block-column-is-layout-flow\" style=\"flex-basis:25%\"><\/div>\n<\/div>\n\n<div class=\"wp-block-columns is-layout-flex wp-container-core-columns-is-layout-9d6595d7 wp-block-columns-is-layout-flex\">\n<div class=\"wp-block-column is-layout-flow wp-block-column-is-layout-flow\" style=\"flex-basis:5%\"><\/div>\n\n\n\n<div class=\"wp-block-column has-base-3-color has-contrast-2-background-color has-text-color has-background is-layout-flow wp-block-column-is-layout-flow\"><div class=\"wp-block-image\">\n<figure class=\"aligncenter size-thumbnail is-resized\"><img decoding=\"async\" src=\"https:\/\/regalar-experiencias.zoodelpirineu.com\/wp-content\/uploads\/2023\/01\/Confianza-picto-150x150.png\" alt=\"\" class=\"wp-image-1408\" style=\"width:75px;height:75px\"\/><\/figure>\n<\/div>\n\n\n<p class=\"has-text-align-center\">Aprendre a confiar en un mateix.<\/p>\n<\/div>\n\n\n\n<div class=\"wp-block-column has-base-3-color has-contrast-2-background-color has-text-color has-background is-layout-flow wp-block-column-is-layout-flow\"><div class=\"wp-block-image\">\n<figure class=\"aligncenter size-thumbnail is-resized\"><img decoding=\"async\" src=\"https:\/\/regalar-experiencias.zoodelpirineu.com\/wp-content\/uploads\/2023\/01\/Amigos-picto-150x150.png\" alt=\"\" class=\"wp-image-1411\" style=\"width:75px;height:75px\"\/><\/figure>\n<\/div>\n\n\n<p class=\"has-text-align-center\">Creure en els companys.<\/p>\n<\/div>\n\n\n\n<div class=\"wp-block-column has-base-3-color has-contrast-2-background-color has-text-color has-background is-layout-flow wp-block-column-is-layout-flow\"><div class=\"wp-block-image\">\n<figure class=\"aligncenter size-thumbnail is-resized\"><img decoding=\"async\" src=\"https:\/\/regalar-experiencias.zoodelpirineu.com\/wp-content\/uploads\/2023\/01\/Trabajo-en-equipo-picto-150x150.png\" alt=\"\" class=\"wp-image-1414\" style=\"width:75px;height:75px\"\/><\/figure>\n<\/div>\n\n\n<p class=\"has-text-align-center\">Treballar en equip.<\/p>\n<\/div>\n\n\n\n<div class=\"wp-block-column is-layout-flow wp-block-column-is-layout-flow\" style=\"flex-basis:5%\"><\/div>\n<\/div>\n\n<div class=\"wp-block-columns is-layout-flex wp-container-core-columns-is-layout-9d6595d7 wp-block-columns-is-layout-flex\">\n<div class=\"wp-block-column is-layout-flow wp-block-column-is-layout-flow\" style=\"flex-basis:25%\"><\/div>\n\n\n\n<div class=\"wp-block-column is-layout-flow wp-block-column-is-layout-flow\" style=\"flex-basis:50%\">\n<p class=\"has-text-align-center\">Sens dubte, participar en l&#8217;experi\u00e8ncia mussols no nom\u00e9s crea records inoblidables, sin\u00f3 que tamb\u00e9 <strong>els ajudar\u00e0 a ser persones millors<\/strong>. <\/p>\n\n\n\n<p class=\"has-text-align-center\">Podran aplicar <strong>els valors<\/strong> que aprendran durant l&#8217;experi\u00e8ncia mussols a la seva vida quotidiana. Si aconsegueixen que els animals salvatges confi\u00efn en ells, amb les persones no pot ser gaire m\u00e9s complicat. Qu\u00e8 opines?<\/p>\n<\/div>\n\n\n\n<div class=\"wp-block-column is-layout-flow wp-block-column-is-layout-flow\" style=\"flex-basis:25%\"><\/div>\n<\/div>\n\n<div class=\"wp-block-buttons has-custom-font-size has-medium-font-size is-content-justification-center is-layout-flex wp-container-core-buttons-is-layout-16018d1d wp-block-buttons-is-layout-flex\">\n<div class=\"wp-block-button\"><a class=\"wp-block-button__link wp-element-button\" href=\"https:\/\/zoodelpirineu.com\/ca\/experiencies-per-regalar\/comprar-vals-regals\/\" style=\"border-radius:0px\">REGALAR AQUESTA EXPERI\u00c8NCIA TRANSFORMADORA<\/a><\/div>\n<\/div>\n\n<div style=\"height:60px\" aria-hidden=\"true\" class=\"wp-block-spacer\"><\/div>\n\n<h2 class=\"wp-block-heading has-text-align-center\" id=\"regalar\">A qui pots regalar l&#8217;Experi\u00e8ncia Mussols?<\/h2>\n\n<div class=\"wp-block-columns is-layout-flex wp-container-core-columns-is-layout-9d6595d7 wp-block-columns-is-layout-flex\">\n<div class=\"wp-block-column is-layout-flow wp-block-column-is-layout-flow\" style=\"flex-basis:5%\"><\/div>\n\n\n\n<div class=\"wp-block-column has-base-3-color has-contrast-2-background-color has-text-color has-background is-layout-flow wp-block-column-is-layout-flow\"><div class=\"wp-block-image\">\n<figure class=\"aligncenter size-medium is-resized\"><img decoding=\"async\" src=\"https:\/\/regalar-experiencias.zoodelpirineu.com\/wp-content\/uploads\/2023\/01\/Pareja-picto-300x200.png\" alt=\"\" class=\"wp-image-1417\" style=\"width:150px;height:100px\"\/><\/figure>\n<\/div>\n\n\n<h3 class=\"wp-block-heading has-text-align-center has-base-3-color has-text-color\">A la teva parella<\/h3>\n\n\n\n<p class=\"has-text-align-center\">Treballar en parella amb un objectiu com\u00fa requereix confian\u00e7a, respecte mutu i col\u00b7laboraci\u00f3. S\u00f3n valors molt importants en una relaci\u00f3.<\/p>\n<\/div>\n\n\n\n<div class=\"wp-block-column has-base-3-color has-contrast-2-background-color has-text-color has-background is-layout-flow wp-block-column-is-layout-flow\"><div class=\"wp-block-image\">\n<figure class=\"aligncenter size-medium is-resized\"><img loading=\"lazy\" decoding=\"async\" width=\"300\" height=\"200\" src=\"https:\/\/regalar-experiencias.zoodelpirineu.com\/wp-content\/uploads\/2023\/01\/Ninos-y-ninas-picto-300x200.png\" alt=\"\" class=\"wp-image-1420\" style=\"width:150px;height:100px\" srcset=\"https:\/\/zoodelpirineu.com\/wp-content\/uploads\/2023\/01\/Ninos-y-ninas-picto-300x200.png 300w, https:\/\/zoodelpirineu.com\/wp-content\/uploads\/2023\/01\/Ninos-y-ninas-picto.png 320w\" sizes=\"auto, (max-width: 300px) 100vw, 300px\" \/><\/figure>\n<\/div>\n\n\n<h3 class=\"wp-block-heading has-text-align-center has-base-3-color has-text-color\">A nens i nenes<\/h3>\n\n\n\n<p class=\"has-text-align-center\">Els nens de la fam\u00edlia tindran l&#8217;oportunitat de mostrar del que s\u00f3n capa\u00e7os sota l&#8217;atenci\u00f3 especial de Stania.<\/p>\n<\/div>\n\n\n\n<div class=\"wp-block-column has-base-3-color has-contrast-2-background-color has-text-color has-background is-layout-flow wp-block-column-is-layout-flow\"><div class=\"wp-block-image\">\n<figure class=\"aligncenter size-medium is-resized\"><img decoding=\"async\" src=\"https:\/\/regalar-experiencias.zoodelpirineu.com\/wp-content\/uploads\/2023\/01\/Padres-picto-300x200.png\" alt=\"\" class=\"wp-image-1423\" style=\"width:150px;height:100px\"\/><\/figure>\n<\/div>\n\n\n<h3 class=\"wp-block-heading has-text-align-center has-base-3-color has-text-color\">Als teus pares<\/h3>\n\n\n\n<p class=\"has-text-align-center\">Quin regal millor pots fer als teus pares que reviure experi\u00e8ncies emocionants conjuntament?<\/p>\n<\/div>\n\n\n\n<div class=\"wp-block-column has-base-3-color has-contrast-2-background-color has-text-color has-background is-layout-flow wp-block-column-is-layout-flow\"><div class=\"wp-block-image\">\n<figure class=\"aligncenter size-medium is-resized\"><img decoding=\"async\" src=\"https:\/\/regalar-experiencias.zoodelpirineu.com\/wp-content\/uploads\/2023\/01\/Amigos-picto-300x200.png\" alt=\"Regalar experi&#xE8;ncia mussols a Amics picto\" class=\"wp-image-1411\" style=\"width:150px;height:100px\"\/><\/figure>\n<\/div>\n\n\n<h3 class=\"wp-block-heading has-text-align-center has-base-3-color has-text-color\">A amics<\/h3>\n\n\n\n<p class=\"has-text-align-center\">Passar una estona plegats i viure experi\u00e8ncies extraordin\u00e0ries forja una millor relaci\u00f3 entre amics i amigues.<\/p>\n<\/div>\n\n\n\n<div class=\"wp-block-column is-layout-flow wp-block-column-is-layout-flow\" style=\"flex-basis:5%\"><\/div>\n<\/div>\n\n<div class=\"wp-block-buttons has-custom-font-size has-medium-font-size is-content-justification-center is-layout-flex wp-container-core-buttons-is-layout-16018d1d wp-block-buttons-is-layout-flex\">\n<div class=\"wp-block-button\"><a class=\"wp-block-button__link wp-element-button\" href=\"https:\/\/zoodelpirineu.com\/ca\/experiencies-per-regalar\/comprar-vals-regals\/\" style=\"border-radius:0px\">REGALAR L&#8217;EXPERI\u00c8NCIA MUSSOLS<\/a><\/div>\n<\/div>\n\n<div style=\"height:60px\" aria-hidden=\"true\" class=\"wp-block-spacer\"><\/div>\n<div class=\"wp-block-image\">\n<figure class=\"aligncenter size-thumbnail\"><img loading=\"lazy\" decoding=\"async\" width=\"150\" height=\"150\" src=\"https:\/\/regalar-experiencias.zoodelpirineu.com\/wp-content\/uploads\/2023\/01\/Matrimonio-picto-150x150.png\" alt=\"\" class=\"wp-image-1426\"\/><\/figure>\n<\/div>\n<h3 class=\"wp-block-heading has-text-align-center\">Converteix l&#8217;experi\u00e8ncia mussols en una proposici\u00f3 de matrimoni<\/h3>\n\n<p class=\"has-text-align-center\">Contacta amb nosaltres. T&#8217;explicarem com ho han fet altres parelles. Fins ara han tingut un 100% d&#8217;\u00e8xit.<\/p>\n\n<div class=\"wp-block-buttons has-custom-font-size has-medium-font-size is-content-justification-center is-layout-flex wp-container-core-buttons-is-layout-16018d1d wp-block-buttons-is-layout-flex\">\n<div class=\"wp-block-button\"><a class=\"wp-block-button__link wp-element-button\" href=\"https:\/\/visitar.zoodelpirineu.com\/ca\/contacte\/\" target=\"_blank\" rel=\"noreferrer noopener\">Contacte<\/a><\/div>\n<\/div>\n\n<div style=\"height:74px\" aria-hidden=\"true\" class=\"wp-block-spacer\"><\/div>\n\n<h2 class=\"wp-block-heading has-text-align-center\" id=\"funcionamiento\">Funcionament de l&#8217;Experi\u00e8ncia Mussols<\/h2>\n\n<div class=\"wp-block-media-text alignwide is-stacked-on-mobile has-base-background-color has-background\"><figure class=\"wp-block-media-text__media\"><img decoding=\"async\" src=\"https:\/\/regalar-experiencias.zoodelpirineu.com\/wp-content\/uploads\/2021\/12\/Experiencia-buhos.jpg\" alt=\"Experi\u00e8ncia Mussols\" class=\"wp-image-222 size-full\"\/><\/figure><div class=\"wp-block-media-text__content\">\n<div style=\"height:10px\" aria-hidden=\"true\" class=\"wp-block-spacer\"><\/div>\n\n\n\n<p>L&#8217;Experi\u00e8ncia mussols \u00e9s un regal excepcional.<\/p>\n\n\n\n<p>Els participants portaran a la m\u00e0 els mussols, els donaran de menjar i els faran volar. Aprendran de forma extraordin\u00e0ria sobre les aus rapinyaires nocturnes i sobre ells mateixos.<\/p>\n\n\n\n<div style=\"height:20px\" aria-hidden=\"true\" class=\"wp-block-spacer\"><\/div>\n\n\n\n<div class=\"wp-block-buttons is-layout-flex wp-block-buttons-is-layout-flex\">\n<div class=\"wp-block-button\"><a class=\"wp-block-button__link has-medium-font-size has-custom-font-size wp-element-button\" href=\"https:\/\/zoodelpirineu.com\/ca\/experiencies-per-regalar\/comprar-vals-regals\/\" style=\"border-radius:0px\">REGALAR<\/a><\/div>\n<\/div>\n<\/div><\/div>\n\n<div style=\"height:50px\" aria-hidden=\"true\" class=\"wp-block-spacer\"><\/div>\n\n<h2 class=\"wp-block-heading\">Sobre l&#8217;Experi\u00e8ncia Mussols<\/h2>\n\n<div class=\"wp-block-columns is-layout-flex wp-container-core-columns-is-layout-9d6595d7 wp-block-columns-is-layout-flex\">\n<div class=\"wp-block-column is-layout-flow wp-block-column-is-layout-flow\" style=\"flex-basis:30%\">\n<figure class=\"wp-block-image size-full\"><img decoding=\"async\" src=\"https:\/\/regalar-experiencias.zoodelpirineu.com\/wp-content\/uploads\/2022\/09\/Experiencia-buhos-para-adultos.jpg\" alt=\"Apr&#xE8;n com portar els mussols a la m&#xE0;.\" class=\"wp-image-476\"\/><figcaption class=\"wp-element-caption\">Participants amb el mussol com\u00fa Bombeta i el xut Frodo<\/figcaption><\/figure>\n<\/div>\n\n\n\n<div class=\"wp-block-column is-layout-flow wp-block-column-is-layout-flow\" style=\"flex-basis:50%\">\n<h3 class=\"wp-block-heading\">Desenvolupament de l&#8217;activitat<\/h3>\n\n\n\n<ul class=\"wp-block-list\">\n<li>Introducci\u00f3<\/li>\n\n\n\n<li>Lliurament dels utensilis professionals<\/li>\n\n\n\n<li>Comen\u00e7aran <strong>portant<\/strong> un mussol petit al guant<\/li>\n\n\n\n<li>Despr\u00e9s els donaran de <strong>menjar<\/strong> de la manera adequada<\/li>\n\n\n\n<li>Comen\u00e7aran a fer-los <strong>volar<\/strong>: primer des d&#8217;un lloc fix a la m\u00e0<\/li>\n\n\n\n<li>Per pujar el nivell, el mussol volar\u00e0 d&#8217;un participant cap a un altre<\/li>\n\n\n\n<li>Els visitants podran fer <strong>volar una \u00f2liba sense ajuda<\/strong><\/li>\n\n\n\n<li>Coneixeran en persona el <strong>duc<\/strong> <\/li>\n\n\n\n<li>Per acabar podran experimentar <strong>la sensaci\u00f3 de fer-lo volar <\/strong><\/li>\n<\/ul>\n<\/div>\n<\/div>\n\n<div class=\"wp-block-columns is-layout-flex wp-container-core-columns-is-layout-9d6595d7 wp-block-columns-is-layout-flex\">\n<div class=\"wp-block-column is-layout-flow wp-block-column-is-layout-flow\" style=\"flex-basis:30%\">\n<figure class=\"wp-block-image size-full\"><img decoding=\"async\" src=\"https:\/\/regalar-experiencias.zoodelpirineu.com\/wp-content\/uploads\/2021\/12\/Buho-chico-en-vuelo-cetreria.jpg\" alt=\"Regalar experi&#xE8;ncia amb mussols\" class=\"wp-image-470\"\/><figcaption class=\"wp-element-caption\">Mussol banyut Cle\u00f2patra<\/figcaption><\/figure>\n<\/div>\n\n\n\n<div class=\"wp-block-column is-layout-flow wp-block-column-is-layout-flow\" style=\"flex-basis:50%\">\n<h3 class=\"wp-block-heading\" id=\"Horario-y-precio\">Horari de l&#8217;Experi\u00e8ncia mussols<\/h3>\n\n\n\n<p>L&#8217;Experi\u00e8ncia Mussols est\u00e0 <strong>disponible durant tot l&#8217;any<\/strong>. Es fa cada dia. T\u00e9 una durada de 1 hora i mitja.<\/p>\n\n\n\n<h3 class=\"wp-block-heading\">Preu de l&#8217;Experi\u00e8ncia mussols<\/h3>\n\n\n\n<p>Aquesta activitat est\u00e0 disponible nom\u00e9s per<strong> <\/strong>grups privats. Costa 120\u20ac per a tot el grup, indiferentment de si hi participa una persona o si en s\u00f3n 5. <\/p>\n\n\n\n<div class=\"wp-block-buttons is-layout-flex wp-block-buttons-is-layout-flex\">\n<div class=\"wp-block-button\"><a class=\"wp-block-button__link has-medium-font-size has-custom-font-size wp-element-button\" href=\"https:\/\/zoodelpirineu.com\/ca\/experiencies-per-regalar\/comprar-vals-regals\/\" style=\"border-radius:0px\">REGALAR L&#8217;EXPERI\u00c8NCIA MUSSOLS<\/a><\/div>\n<\/div>\n<\/div>\n<\/div>\n\n<div class=\"wp-block-columns are-vertically-aligned-center is-layout-flex wp-container-core-columns-is-layout-9d6595d7 wp-block-columns-is-layout-flex\">\n<div class=\"wp-block-column is-layout-flow wp-block-column-is-layout-flow\" style=\"flex-basis:30%\">\n<figure class=\"wp-block-image size-full\"><img decoding=\"async\" src=\"https:\/\/regalar-experiencias.zoodelpirineu.com\/wp-content\/uploads\/2023\/01\/Experiencia-Buhos.jpg\" alt=\"\" class=\"wp-image-1429\"\/><figcaption class=\"wp-element-caption\">Gamar\u00fas Casper<\/figcaption><\/figure>\n<\/div>\n\n\n\n<div class=\"wp-block-column is-layout-flow wp-block-column-is-layout-flow\" style=\"flex-basis:50%\">\n<h3 class=\"wp-block-heading\">Idiomes disponibles<\/h3>\n\n\n\n<p>Podem fer l&#8217;experi\u00e8ncia mussols en <strong>catal\u00e0<\/strong>, <strong>espanyol<\/strong>, <strong>angl\u00e8s<\/strong> o <strong>alemany<\/strong>.<\/p>\n\n\n\n<h3 class=\"wp-block-heading\">Participants<\/h3>\n\n\n\n<p>A cada sessi\u00f3 poden participar <strong>fins a 5 persones<\/strong>. Tot i que pots regalar aquesta experi\u00e8ncia per a una sola persona, recomanem que no vingui sola. Una part molt important \u00e9s la <strong>cooperaci\u00f3<\/strong> entre els participants. Et recordem que <strong>el preu no varia<\/strong> si a l&#8217;experi\u00e8ncia hi participa 1 persona o 5. <\/p>\n\n\n\n<p>L&#8217;edat recomanada per participar-hi \u00e9s a partir de 6 anys. Aix\u00f2 no obstant, podem <strong>adaptar l&#8217;experi\u00e8ncia<\/strong> a totes les edats dels visitants.<\/p>\n<\/div>\n<\/div>\n\n<div class=\"wp-block-columns are-vertically-aligned-center has-base-background-color has-background is-layout-flex wp-container-core-columns-is-layout-9d6595d7 wp-block-columns-is-layout-flex\">\n<div class=\"wp-block-column is-vertically-aligned-center is-layout-flow wp-block-column-is-layout-flow\" style=\"flex-basis:30%\">\n<figure class=\"wp-block-image size-full\"><img decoding=\"async\" src=\"https:\/\/regalar-experiencias.zoodelpirineu.com\/wp-content\/uploads\/2022\/09\/Alimentar-lechuza.jpg\" alt=\"Com alimentar &#xF2;liba?\" class=\"wp-image-479\"\/><figcaption class=\"wp-element-caption\">\u00d2liba Susanna<\/figcaption><\/figure>\n<\/div>\n\n\n\n<div class=\"wp-block-column is-vertically-aligned-center is-layout-flow wp-block-column-is-layout-flow\" style=\"flex-basis:50%\">\n<h3 class=\"wp-block-heading\">Av\u00eds<\/h3>\n\n\n\n<p>Les <strong>aus rapinyaires mengen carn crua<\/strong> i per tant els participants hauran de tocar-la durant l&#8217;Experi\u00e8ncia mussols. Si la carn crua els d\u00f3na aversi\u00f3, la Stania els ajudar\u00e0.<\/p>\n\n\n\n<p>Els participants estaran equipats amb eines professionals de falconers i la Stania supervisar\u00e0 tota l&#8217;experi\u00e8ncia per controlar el <strong>benestar animal<\/strong> i la <strong>seguretat dels visitants<\/strong>.<\/p>\n<\/div>\n<\/div>\n\n<div class=\"wp-block-cover\"><img decoding=\"async\" class=\"wp-block-cover__image-background wp-image-482\" alt=\"\" src=\"https:\/\/regalar-experiencias.zoodelpirineu.com\/wp-content\/uploads\/2022\/09\/Xot-autillo.jpg\" style=\"object-position:18% 67%\" data-object-fit=\"cover\" data-object-position=\"18% 67%\"\/><span aria-hidden=\"true\" class=\"wp-block-cover__background has-contrast-background-color has-background-dim-60 has-background-dim\"><\/span><div class=\"wp-block-cover__inner-container is-layout-flow wp-block-cover-is-layout-flow\">\n<p class=\"has-text-align-center has-medium-font-size\">L&#8217;Experi\u00e8ncia Mussols \u00e9s un regal d&#8217;enorme valor, no nom\u00e9s pel contacte directe amb els animals.<\/p>\n\n\n\n<p class=\"has-text-align-center has-medium-font-size\">\u00c9s una experi\u00e8ncia transformadora per a tots els participants.<\/p>\n\n\n\n<p class=\"has-text-align-center has-medium-font-size\">Est\u00e0s llest i llesta per canviar la vida d&#8217;alg\u00fa que t&#8217;importa?<\/p>\n\n\n\n<div style=\"height:60px\" aria-hidden=\"true\" class=\"wp-block-spacer\"><\/div>\n\n\n\n<div class=\"wp-block-buttons is-content-justification-center is-layout-flex wp-container-core-buttons-is-layout-16018d1d wp-block-buttons-is-layout-flex\">\n<div class=\"wp-block-button\"><a class=\"wp-block-button__link has-medium-font-size has-custom-font-size wp-element-button\" href=\"https:\/\/zoodelpirineu.com\/ca\/experiencies-per-regalar\/comprar-vals-regals\/\" style=\"border-radius:0px\">REGALAR<\/a><\/div>\n<\/div>\n<\/div><\/div>\n","protected":false},"excerpt":{"rendered":"<p>L&#8217;Experi\u00e8ncia mussols \u00e9s un regal sorprenent. Els participants estaran en contacte directe amb els mussols i aprendran no nom\u00e9s sobre aquestes aus misterioses, sin\u00f3 tamb\u00e9 sobre ells mateixos.<\/p>\n","protected":false},"author":1,"featured_media":223,"parent":5786,"menu_order":0,"comment_status":"closed","ping_status":"open","template":"","meta":{"om_disable_all_campaigns":false,"_monsterinsights_skip_tracking":false,"_monsterinsights_sitenote_active":false,"_monsterinsights_sitenote_note":"","_monsterinsights_sitenote_category":0,"footnotes":""},"class_list":["post-531","page","type-page","status-publish","has-post-thumbnail"],"aioseo_notices":[],"_links":{"self":[{"href":"https:\/\/zoodelpirineu.com\/ca\/wp-json\/wp\/v2\/pages\/531","targetHints":{"allow":["GET"]}}],"collection":[{"href":"https:\/\/zoodelpirineu.com\/ca\/wp-json\/wp\/v2\/pages"}],"about":[{"href":"https:\/\/zoodelpirineu.com\/ca\/wp-json\/wp\/v2\/types\/page"}],"author":[{"embeddable":true,"href":"https:\/\/zoodelpirineu.com\/ca\/wp-json\/wp\/v2\/users\/1"}],"replies":[{"embeddable":true,"href":"https:\/\/zoodelpirineu.com\/ca\/wp-json\/wp\/v2\/comments?post=531"}],"version-history":[{"count":3,"href":"https:\/\/zoodelpirineu.com\/ca\/wp-json\/wp\/v2\/pages\/531\/revisions"}],"predecessor-version":[{"id":5846,"href":"https:\/\/zoodelpirineu.com\/ca\/wp-json\/wp\/v2\/pages\/531\/revisions\/5846"}],"up":[{"embeddable":true,"href":"https:\/\/zoodelpirineu.com\/ca\/wp-json\/wp\/v2\/pages\/5786"}],"wp:featuredmedia":[{"embeddable":true,"href":"https:\/\/zoodelpirineu.com\/ca\/wp-json\/"}],"wp:attachment":[{"href":"https:\/\/zoodelpirineu.com\/ca\/wp-json\/wp\/v2\/media?parent=531"}],"curies":[{"name":"wp","href":"https:\/\/api.w.org\/{rel}","templated":true}]}}