{"id":5400,"date":"2022-06-24T06:48:41","date_gmt":"2022-06-24T05:48:41","guid":{"rendered":"https:\/\/zoodelpirineu.com\/donacio\/fes-te-soci\/"},"modified":"2026-01-16T10:15:42","modified_gmt":"2026-01-16T09:15:42","slug":"fes-te-soci","status":"publish","type":"page","link":"https:\/\/zoodelpirineu.com\/ca\/donacio\/fes-te-soci\/","title":{"rendered":"Uneix-te als nostres socis i s\u00f2cies i salva vides innocents"},"content":{"rendered":"\n<div class=\"wp-block-cover\"><img loading=\"lazy\" decoding=\"async\" width=\"2000\" height=\"800\" class=\"wp-block-cover__image-background wp-image-3962\" alt=\"\" src=\"https:\/\/zoodelpirineu.com\/wp-content\/uploads\/2024\/01\/centroderescatedeanimales.jpg\" style=\"object-position:64% 54%\" data-object-fit=\"cover\" data-object-position=\"64% 54%\" srcset=\"https:\/\/zoodelpirineu.com\/wp-content\/uploads\/2024\/01\/centroderescatedeanimales.jpg 2000w, https:\/\/zoodelpirineu.com\/wp-content\/uploads\/2024\/01\/centroderescatedeanimales-300x120.jpg 300w, https:\/\/zoodelpirineu.com\/wp-content\/uploads\/2024\/01\/centroderescatedeanimales-1024x410.jpg 1024w, https:\/\/zoodelpirineu.com\/wp-content\/uploads\/2024\/01\/centroderescatedeanimales-768x307.jpg 768w, https:\/\/zoodelpirineu.com\/wp-content\/uploads\/2024\/01\/centroderescatedeanimales-1536x614.jpg 1536w\" sizes=\"auto, (max-width: 2000px) 100vw, 2000px\" \/><span aria-hidden=\"true\" class=\"wp-block-cover__background has-background-dim\"><\/span><div class=\"wp-block-cover__inner-container is-layout-constrained wp-block-cover-is-layout-constrained\">\n<p class=\"has-text-align-center has-large-font-size\">Els animals salvatges no tenen veu pr\u00f2pia. Sigues tu qui els defensi.<\/p>\n\n\n\n<p class=\"has-text-align-center has-medium-font-size\">Fes-te soci o s\u00f2cia del Zoo del Pirineu<br\/>i posa\u2019t al costat de qui actua cada dia per salvar fauna salvatge.<\/p>\n\n\n\n<div class=\"wp-block-buttons is-content-justification-center is-layout-flex wp-container-core-buttons-is-layout-16018d1d wp-block-buttons-is-layout-flex\">\n<div class=\"wp-block-button has-custom-width wp-block-button__width-25\"><a class=\"wp-block-button__link has-medium-font-size has-custom-font-size wp-element-button\" href=\"https:\/\/zoodelpirineu.com\/ca\/donacio\/fes-te-soci\/formulari-per-fer-te-socia-o-soci\/\" style=\"border-top-left-radius:0px;border-top-right-radius:0px;border-bottom-left-radius:0px;border-bottom-right-radius:0px\">Fes-te s\u00f2cia o soci<\/a><\/div>\n<\/div>\n<\/div><\/div>\n\n<div style=\"height:80px\" aria-hidden=\"true\" class=\"wp-block-spacer\"><\/div>\n\n<div class=\"wp-block-columns is-layout-flex wp-container-core-columns-is-layout-9d6595d7 wp-block-columns-is-layout-flex\">\n<div class=\"wp-block-column is-layout-flow wp-block-column-is-layout-flow\" style=\"flex-basis:25%\"><\/div>\n\n\n\n<div class=\"wp-block-column is-layout-flow wp-block-column-is-layout-flow\" style=\"flex-basis:50%\">\n<p class=\"has-text-align-center\">Els animals salvatges arriben al refugi ferits, orfes o en perill.<br\/>No poden esperar. I no poden demanar ajuda. <\/p>\n\n\n\n<p class=\"has-text-align-center\">Al Zoo del Pirineu rescatem i cuidem fauna salvatge cada dia.<br\/>Ho fem amb experi\u00e8ncia contrastada, equip veterinari propi i una dedicaci\u00f3 constant. <br\/>Per\u00f2 cap rescat \u00e9s possible sense suport estable.<\/p>\n<\/div>\n\n\n\n<div class=\"wp-block-column is-layout-flow wp-block-column-is-layout-flow\" style=\"flex-basis:25%\"><\/div>\n<\/div>\n\n<div style=\"height:80px\" aria-hidden=\"true\" class=\"wp-block-spacer\"><\/div>\n\n<div class=\"wp-block-columns is-layout-flex wp-container-core-columns-is-layout-9d6595d7 wp-block-columns-is-layout-flex\">\n<div class=\"wp-block-column is-layout-flow wp-block-column-is-layout-flow\" style=\"flex-basis:15%\"><\/div>\n\n\n\n<div class=\"wp-block-column is-layout-flow wp-block-column-is-layout-flow\">\n<h2 class=\"wp-block-heading has-text-align-center\">Com fer-te soci o s\u00f2cia<\/h2>\n\n\n\n<p class=\"has-text-align-center\">Fer el pas \u00e9s f\u00e0cil<\/p>\n\n\n\n<div class=\"wp-block-columns is-layout-flex wp-container-core-columns-is-layout-9d6595d7 wp-block-columns-is-layout-flex\">\n<div class=\"wp-block-column has-base-background-color has-background is-layout-flow wp-block-column-is-layout-flow\">\n<div style=\"height:20px\" aria-hidden=\"true\" class=\"wp-block-spacer\"><\/div>\n\n\n\n<p class=\"has-text-align-center\"><strong>Pas 1 <br\/>Et fas soci\/a<br\/>Esculls una quota peri\u00f2dica i completes el formulari en pocs minuts.<\/strong><\/p>\n<\/div>\n\n\n\n<div class=\"wp-block-column has-base-background-color has-background is-layout-flow wp-block-column-is-layout-flow\">\n<div style=\"height:20px\" aria-hidden=\"true\" class=\"wp-block-spacer\"><\/div>\n\n\n\n<p class=\"has-text-align-center\"><strong>Pas 2<\/strong><br\/><strong>El teu suport activa rescats reals<\/strong><br\/>La teva aportaci\u00f3 va directament al fons de rescat i atenci\u00f3 de fauna salvatge.<\/p>\n<\/div>\n\n\n\n<div class=\"wp-block-column has-base-background-color has-background is-layout-flow wp-block-column-is-layout-flow\">\n<div style=\"height:20px\" aria-hidden=\"true\" class=\"wp-block-spacer\"><\/div>\n\n\n\n<p class=\"has-text-align-center\"><strong>Pas 3<\/strong><br\/><strong>Reps tota la informaci\u00f3<\/strong><br\/>En un m\u00e0xim de 24 hores reps per correu electr\u00f2nic tota la informaci\u00f3 de la teva col\u00b7laboraci\u00f3.<\/p>\n<\/div>\n<\/div>\n\n\n\n<div class=\"wp-block-columns is-layout-flex wp-container-core-columns-is-layout-9d6595d7 wp-block-columns-is-layout-flex\">\n<div class=\"wp-block-column is-layout-flow wp-block-column-is-layout-flow\" style=\"flex-basis:25%\"><\/div>\n\n\n\n<div class=\"wp-block-column has-base-background-color has-background is-layout-flow wp-block-column-is-layout-flow\" style=\"flex-basis:50%\">\n<div style=\"height:20px\" aria-hidden=\"true\" class=\"wp-block-spacer\"><\/div>\n\n\n\n<p class=\"has-text-align-center\"><strong>Sense lletra petita<\/strong><br\/>No hi ha trucades.<br\/>Et pots donar de baixa quan vulguis.<\/p>\n<\/div>\n\n\n\n<div class=\"wp-block-column is-layout-flow wp-block-column-is-layout-flow\" style=\"flex-basis:25%\"><\/div>\n<\/div>\n\n\n\n<div class=\"wp-block-buttons is-content-justification-center is-layout-flex wp-container-core-buttons-is-layout-16018d1d wp-block-buttons-is-layout-flex\">\n<div class=\"wp-block-button has-custom-width wp-block-button__width-25\"><a class=\"wp-block-button__link has-medium-font-size has-custom-font-size wp-element-button\" href=\"https:\/\/zoodelpirineu.com\/ca\/donacio\/fes-te-soci\/formulari-per-fer-te-socia-o-soci\/\" style=\"border-top-left-radius:0px;border-top-right-radius:0px;border-bottom-left-radius:0px;border-bottom-right-radius:0px\">Fes-te s\u00f2cia o soci<\/a><\/div>\n<\/div>\n<\/div>\n\n\n\n<div class=\"wp-block-column is-layout-flow wp-block-column-is-layout-flow\" style=\"flex-basis:15%\"><\/div>\n<\/div>\n\n<div style=\"height:80px\" aria-hidden=\"true\" class=\"wp-block-spacer\"><\/div>\n\n<div class=\"wp-block-columns is-layout-flex wp-container-core-columns-is-layout-9d6595d7 wp-block-columns-is-layout-flex\">\n<div class=\"wp-block-column is-layout-flow wp-block-column-is-layout-flow\" style=\"flex-basis:25%\"><\/div>\n\n\n\n<div class=\"wp-block-column is-layout-flow wp-block-column-is-layout-flow\" style=\"flex-basis:50%\">\n<h2 class=\"wp-block-heading has-text-align-left\" id=\"beneficios\">Qu\u00e8 significa ser soci o s\u00f2cia del Zoo del Pirineu<\/h2>\n\n\n\n<p class=\"has-text-align-left\">Ser soci\/a no \u00e9s nom\u00e9s fer una aportaci\u00f3.<br\/>\u00c9s formar part d\u2019una comunitat que protegeix la fauna salvatge de manera activa i constant.<\/p>\n\n\n\n<p>Com a soci o s\u00f2cia:<\/p>\n\n\n\n<ul class=\"wp-block-list\">\n<li>saps exactament a qu\u00e8 es destina el teu suport<\/li>\n\n\n\n<li>est\u00e0s informat\/da dels rescats i del treball del refugi<\/li>\n\n\n\n<li>contribueixes a que es pugui actuar quan m\u00e9s falta fa<\/li>\n<\/ul>\n\n\n\n<p class=\"has-text-align-left\"><strong>Aqu\u00ed, el teu suport t\u00e9 un impacte real i visible.<\/strong><\/p>\n\n\n\n<div class=\"wp-block-buttons is-content-justification-left is-layout-flex wp-container-core-buttons-is-layout-fdcfc74e wp-block-buttons-is-layout-flex\">\n<div class=\"wp-block-button\"><a class=\"wp-block-button__link wp-element-button\" href=\"https:\/\/zoodelpirineu.com\/ca\/donacio\/beneficis-per-a-donants\/\" style=\"border-top-left-radius:0px;border-top-right-radius:0px;border-bottom-left-radius:0px;border-bottom-right-radius:0px\">Coneix tots els beneficis de ser soci o s\u00f2cia<\/a><\/div>\n<\/div>\n<\/div>\n\n\n\n<div class=\"wp-block-column is-layout-flow wp-block-column-is-layout-flow\" style=\"flex-basis:25%\"><\/div>\n<\/div>\n\n<div style=\"height:80px\" aria-hidden=\"true\" class=\"wp-block-spacer\"><\/div>\n<div class=\"wp-block-image\">\n<figure class=\"aligncenter size-thumbnail is-resized\"><img decoding=\"async\" src=\"https:\/\/donaciones.zoodelpirineu.com\/wp-content\/uploads\/2023\/12\/Ayudar-a-animales-Icono-150x150.png\" alt=\"\" class=\"wp-image-3859\" style=\"width:auto;height:100px\"\/><\/figure>\n<\/div>\n<h2 class=\"wp-block-heading has-text-align-center\">Qu\u00e8 fas possible amb el teu suport<\/h2>\n\n<p class=\"has-text-align-center\"><br\/><\/p>\n\n<div class=\"wp-block-columns is-layout-flex wp-container-core-columns-is-layout-9d6595d7 wp-block-columns-is-layout-flex\">\n<div class=\"wp-block-column has-base-background-color has-background is-layout-flow wp-block-column-is-layout-flow\">\n<div style=\"height:20px\" aria-hidden=\"true\" class=\"wp-block-spacer\"><\/div>\n\n\n\n<h3 class=\"wp-block-heading has-text-align-center\">Animals que ajudes a salvar<\/h3>\n\n\n\n<figure class=\"wp-block-image size-full\"><img decoding=\"async\" src=\"https:\/\/donaciones.zoodelpirineu.com\/wp-content\/uploads\/2022\/06\/Cria-de-paloma.jpg\" alt=\"\" class=\"wp-image-1552\"\/><\/figure>\n\n\n\n<div style=\"height:20px\" aria-hidden=\"true\" class=\"wp-block-spacer\"><\/div>\n\n\n\n<p class=\"has-text-align-center\">Animals salvatges v\u00edctimes de:<\/p>\n\n\n\n<ul class=\"wp-block-list\">\n<li>accidents de tr\u00e0nsit<\/li>\n\n\n\n<li>caigudes del niu<\/li>\n\n\n\n<li>abandonament o p\u00e8rdua de la mare<\/li>\n<\/ul>\n\n\n\n<p class=\"has-text-align-center\">Quan arriben, <strong>cada minut compta<\/strong>.<\/p>\n<\/div>\n\n\n\n<div class=\"wp-block-column has-base-background-color has-background is-layout-flow wp-block-column-is-layout-flow\">\n<div style=\"height:20px\" aria-hidden=\"true\" class=\"wp-block-spacer\"><\/div>\n\n\n\n<h3 class=\"wp-block-heading has-text-align-center\">Atenci\u00f3 veterin\u00e0ria<\/h3>\n\n\n<div class=\"wp-block-image\">\n<figure class=\"aligncenter size-full\"><img decoding=\"async\" src=\"https:\/\/donaciones.zoodelpirineu.com\/wp-content\/uploads\/2022\/06\/Animales-salvajes-lesionados.jpg\" alt=\"\" class=\"wp-image-1503\"\/><\/figure>\n<\/div>\n\n\n<div style=\"height:20px\" aria-hidden=\"true\" class=\"wp-block-spacer\"><\/div>\n\n\n\n<p class=\"has-text-align-center\">El teu suport fa possible:<\/p>\n\n\n\n<ul class=\"wp-block-list\">\n<li>tractaments m\u00e8dics<\/li>\n\n\n\n<li>alimentaci\u00f3 adaptada a cada esp\u00e8cie<\/li>\n\n\n\n<li>material i equipament veterinari<\/li>\n\n\n\n<li>seguiment i cures continuades<\/li>\n<\/ul>\n\n\n\n<p class=\"has-text-align-center\">Parlem de centenars d\u2019animals que avui s\u00f3n vius gr\u00e0cies als socis i s\u00f2cies.<\/p>\n<\/div>\n\n\n\n<div class=\"wp-block-column has-base-background-color has-background is-layout-flow wp-block-column-is-layout-flow\">\n<div style=\"height:20px\" aria-hidden=\"true\" class=\"wp-block-spacer\"><\/div>\n\n\n\n<h3 class=\"wp-block-heading has-text-align-center\">Atenci\u00f3 24\/7 <\/h3>\n\n\n<div class=\"wp-block-image\">\n<figure class=\"aligncenter size-full\"><img decoding=\"async\" src=\"https:\/\/donaciones.zoodelpirineu.com\/wp-content\/uploads\/2022\/05\/Corzo-alimentada.jpg\" alt=\"\" class=\"wp-image-1183\"\/><\/figure>\n<\/div>\n\n\n<div style=\"height:20px\" aria-hidden=\"true\" class=\"wp-block-spacer\"><\/div>\n\n\n\n<p class=\"has-text-align-center\">Els rescats no entenen d\u2019horaris. Les cries i els animals ferits necessiten: <\/p>\n\n\n\n<ul class=\"wp-block-list\">\n<li>cures constants<\/li>\n\n\n\n<li>alimentaci\u00f3 regular<\/li>\n\n\n\n<li>vigil\u00e0ncia cont\u00ednua<\/li>\n<\/ul>\n\n\n\n<p class=\"has-text-align-center\">Com que no tenen \u201cpropietari\u201d, <strong>ning\u00fa paga per ells<\/strong>. El teu suport cobreix aquesta atenci\u00f3 quan ning\u00fa m\u00e9s ho fa. <\/p>\n<\/div>\n\n\n\n<div class=\"wp-block-column has-base-background-color has-background is-layout-flow wp-block-column-is-layout-flow\">\n<div style=\"height:20px\" aria-hidden=\"true\" class=\"wp-block-spacer\"><\/div>\n\n\n\n<h3 class=\"wp-block-heading has-text-align-center\">Transport de rescat<\/h3>\n\n\n<div class=\"wp-block-image\">\n<figure class=\"aligncenter size-full\"><img decoding=\"async\" src=\"https:\/\/zoodelpirineu.com\/wp-content\/uploads\/2023\/06\/criadezorro1.jpg\" alt=\"\" class=\"wp-image-3400\"\/><\/figure>\n<\/div>\n\n\n<div style=\"height:20px\" aria-hidden=\"true\" class=\"wp-block-spacer\"><\/div>\n\n\n\n<p class=\"has-text-align-center\">Per salvar una vida, <strong>cal arribar a temps<\/strong>. La teva aportaci\u00f3 fa possibles: <\/p>\n\n\n\n<ul class=\"wp-block-list\">\n<li>despla\u00e7aments urgents<\/li>\n\n\n\n<li>rescats a qualsevol punt de Catalunya<\/li>\n\n\n\n<li>el treball hum\u00e0 necessari per fer-los realitat<\/li>\n<\/ul>\n\n\n\n<p class=\"has-text-align-center\">Cada rescat comen\u00e7a amb una decisi\u00f3 r\u00e0pida. I aquesta rapidesa nom\u00e9s \u00e9s possible amb suport estable. <\/p>\n<\/div>\n<\/div>\n\n<div style=\"height:60px\" aria-hidden=\"true\" class=\"wp-block-spacer\"><\/div>\n\n<h2 class=\"wp-block-heading has-text-align-center\">Transpar\u00e8ncia i confian\u00e7a<\/h2>\n\n<p class=\"has-text-align-center\">La teva contribuci\u00f3 es destina <strong>\u00edntegrament al rescat i cura de fauna salvatge<\/strong>.<\/p>\n\n<p class=\"has-text-align-center\">Treballem amb la m\u00e0xima transpar\u00e8ncia i honestedat.<br\/>Pots consultar els nostres <strong><a href=\"https:\/\/zoodelpirineu.com\/ca\/legal\/transparencia-i-documents-legals\/\" title=\"Transpar&#xE8;ncia i documents legals\">informes anuals<\/a><\/strong> sempre que vulguis.<\/p>\n\n<p class=\"has-text-align-center\">Volem que ajudis amb la mateixa tranquil\u00b7litat amb qual nosaltres actuem.<\/p>\n\n<div class=\"wp-block-buttons is-content-justification-center is-layout-flex wp-container-core-buttons-is-layout-16018d1d wp-block-buttons-is-layout-flex\">\n<div class=\"wp-block-button has-custom-width wp-block-button__width-25\"><a class=\"wp-block-button__link has-medium-font-size has-custom-font-size wp-element-button\" href=\"https:\/\/zoodelpirineu.com\/ca\/donacio\/fes-te-soci\/formulari-per-fer-te-socia-o-soci\/\" style=\"border-top-left-radius:0px;border-top-right-radius:0px;border-bottom-left-radius:0px;border-bottom-right-radius:0px\">Fes-te s\u00f2cia o soci<\/a><\/div>\n<\/div>\n\n<div style=\"height:60px\" aria-hidden=\"true\" class=\"wp-block-spacer\"><\/div>\n\n<h2 class=\"wp-block-heading has-text-align-center\" id=\"Apadrinar\">El que passa quan actues<\/h2>\n\n<p class=\"has-text-align-center\">Quan et fas soci o s\u00f2cia:<\/p>\n\n<div class=\"wp-block-columns is-layout-flex wp-container-core-columns-is-layout-9d6595d7 wp-block-columns-is-layout-flex\">\n<div class=\"wp-block-column is-layout-flow wp-block-column-is-layout-flow\"><\/div>\n\n\n\n<div class=\"wp-block-column has-base-background-color has-background is-layout-flow wp-block-column-is-layout-flow\">\n<div style=\"height:20px\" aria-hidden=\"true\" class=\"wp-block-spacer\"><\/div>\n\n\n\n<p class=\"has-text-align-center\">Els rescats no s\u2019aturen.<\/p>\n<\/div>\n\n\n\n<div class=\"wp-block-column has-base-background-color has-background is-layout-flow wp-block-column-is-layout-flow\">\n<div style=\"height:20px\" aria-hidden=\"true\" class=\"wp-block-spacer\"><\/div>\n\n\n\n<p class=\"has-text-align-center\">Els animals reben cures a temps.<\/p>\n<\/div>\n\n\n\n<div class=\"wp-block-column has-base-background-color has-background is-layout-flow wp-block-column-is-layout-flow\">\n<div style=\"height:20px\" aria-hidden=\"true\" class=\"wp-block-spacer\"><\/div>\n\n\n\n<p class=\"has-text-align-center\">El refugi pot cr\u00e9ixer per respondre a m\u00e9s emerg\u00e8ncies.<\/p>\n<\/div>\n\n\n\n<div class=\"wp-block-column is-layout-flow wp-block-column-is-layout-flow\"><\/div>\n<\/div>\n\n<p class=\"has-text-align-center\"><strong>No vens a \u201cajudar una mica\u201d.<br\/>Vens a assegurar que els animals no es quedin sols quan m\u00e9s ho necessiten.<\/strong><\/p>\n\n<div class=\"wp-block-buttons is-content-justification-center is-layout-flex wp-container-core-buttons-is-layout-16018d1d wp-block-buttons-is-layout-flex\">\n<div class=\"wp-block-button has-custom-width wp-block-button__width-25\"><a class=\"wp-block-button__link has-medium-font-size has-custom-font-size wp-element-button\" href=\"https:\/\/zoodelpirineu.com\/ca\/donacio\/fes-te-soci\/formulari-per-fer-te-socia-o-soci\/\" style=\"border-top-left-radius:0px;border-top-right-radius:0px;border-bottom-left-radius:0px;border-bottom-right-radius:0px\">Fes-te s\u00f2cia o soci<\/a><\/div>\n<\/div>\n\n<div style=\"height:100px\" aria-hidden=\"true\" class=\"wp-block-spacer\"><\/div>\n\n<div class=\"wp-block-cover is-light\"><img decoding=\"async\" class=\"wp-block-cover__image-background wp-image-3404\" alt=\"\" src=\"https:\/\/zoodelpirineu.com\/wp-content\/uploads\/2023\/06\/criadecorzo.jpg\" data-object-fit=\"cover\"\/><span aria-hidden=\"true\" class=\"wp-block-cover__background has-background-dim\"><\/span><div class=\"wp-block-cover__inner-container is-layout-flow wp-block-cover-is-layout-flow\">\n<p class=\"has-text-align-center has-base-3-color has-text-color has-large-font-size\">Per a un animal ferit, tu no ets \u201calg\u00fa que ajuda\u201d.<br\/>Ets la ra\u00f3 per la qual rep cures a temps.<\/p>\n\n\n\n<div style=\"height:100px\" aria-hidden=\"true\" class=\"wp-block-spacer\"><\/div>\n\n\n\n<div class=\"wp-block-buttons is-content-justification-center is-layout-flex wp-container-core-buttons-is-layout-16018d1d wp-block-buttons-is-layout-flex\">\n<div class=\"wp-block-button\"><a class=\"wp-block-button__link has-medium-font-size has-custom-font-size wp-element-button\" href=\"https:\/\/zoodelpirineu.com\/ca\/donacio\/fes-te-soci\/formulari-per-fer-te-socia-o-soci\/\" style=\"border-top-left-radius:0px;border-top-right-radius:0px;border-bottom-left-radius:0px;border-bottom-right-radius:0px\">No hi ha temps per perdre. Fes-te s\u00f2cia o soci<\/a><\/div>\n<\/div>\n\n\n\n<div style=\"height:20px\" aria-hidden=\"true\" class=\"wp-block-spacer\"><\/div>\n<\/div><\/div>\n","protected":false},"excerpt":{"rendered":"<p>T&#8217;expliquem els beneficis de ser soci\/a del Zoo del Pirineu. A quines finalitats destinarem els teus diners i com ens pots ajudar d&#8217;altres maneres. Uneix-te a la nostra causa!  <\/p>\n","protected":false},"author":1,"featured_media":0,"parent":3902,"menu_order":0,"comment_status":"closed","ping_status":"closed","template":"","meta":{"om_disable_all_campaigns":false,"_monsterinsights_skip_tracking":false,"_monsterinsights_sitenote_active":false,"_monsterinsights_sitenote_note":"","_monsterinsights_sitenote_category":0,"footnotes":""},"class_list":["post-5400","page","type-page","status-publish"],"aioseo_notices":[],"_links":{"self":[{"href":"https:\/\/zoodelpirineu.com\/ca\/wp-json\/wp\/v2\/pages\/5400","targetHints":{"allow":["GET"]}}],"collection":[{"href":"https:\/\/zoodelpirineu.com\/ca\/wp-json\/wp\/v2\/pages"}],"about":[{"href":"https:\/\/zoodelpirineu.com\/ca\/wp-json\/wp\/v2\/types\/page"}],"author":[{"embeddable":true,"href":"https:\/\/zoodelpirineu.com\/ca\/wp-json\/wp\/v2\/users\/1"}],"replies":[{"embeddable":true,"href":"https:\/\/zoodelpirineu.com\/ca\/wp-json\/wp\/v2\/comments?post=5400"}],"version-history":[{"count":4,"href":"https:\/\/zoodelpirineu.com\/ca\/wp-json\/wp\/v2\/pages\/5400\/revisions"}],"predecessor-version":[{"id":5903,"href":"https:\/\/zoodelpirineu.com\/ca\/wp-json\/wp\/v2\/pages\/5400\/revisions\/5903"}],"up":[{"embeddable":true,"href":"https:\/\/zoodelpirineu.com\/ca\/wp-json\/wp\/v2\/pages\/3902"}],"wp:attachment":[{"href":"https:\/\/zoodelpirineu.com\/ca\/wp-json\/wp\/v2\/media?parent=5400"}],"curies":[{"name":"wp","href":"https:\/\/api.w.org\/{rel}","templated":true}]}}