{"id":5410,"date":"2024-02-27T10:04:46","date_gmt":"2024-02-27T09:04:46","guid":{"rendered":"https:\/\/zoodelpirineu.com\/donacio\/actualitzar-pagament\/"},"modified":"2026-01-17T06:43:18","modified_gmt":"2026-01-17T05:43:18","slug":"actualitzar-pagament","status":"publish","type":"page","link":"https:\/\/zoodelpirineu.com\/ca\/donacio\/actualitzar-pagament\/","title":{"rendered":"Actualitzaci\u00f3 de pagament"},"content":{"rendered":"\n<p>Hola, <strong>\u00c0nima Salvatge<\/strong>: gr\u00e0cies per estar al nostre costat.<\/p>\n\n<p>Hem vist que la teva \u00faltima quota no s\u2019ha pogut cobrar per <strong>un problema t\u00e8cnic amb la targeta<\/strong> (pot passar).<br\/>La bona not\u00edcia \u00e9s que <strong>es resol en un minut<\/strong>.  <\/p>\n\n<p><strong>Actualitzar les teves dades<\/strong> permet que el teu suport continu\u00ef arribant all\u00e0 on m\u00e9s es necessita, sense interrupcions.<\/p>\n\n<h2 class=\"wp-block-heading\">Tria el teu tipus de quota:<\/h2>\n\n<p>\ud83d\udc49 <strong><a href=\"#mensuales\" title=\"\">Actualitzar pagament mensual<\/a><\/strong><br\/>\ud83d\udc49 <strong><a href=\"#anual\" title=\"Actualitzar pagament anual\">Actualitzar pagament anual<\/a><\/strong><\/p>\n\n<p>Dins del formulari podr\u00e0s decidir si vols continuar pagant amb <strong>targeta<\/strong>, o canviar a <strong>domiciliaci\u00f3 banc\u00e0ria<\/strong> (SEPA).<\/p>\n\n<p>Si tens qualsevol dubte durant el proc\u00e9s o prefereixes que t\u2019hi ajudem directament, escriu-nos a <strong><a href=\"mailto:zoopirineu@gmail.com\" title=\"\">zoopirineu@gmail.com<\/a><\/strong>.<\/p>\n\n<h2 class=\"wp-block-heading\">Tranquil\u00b7litat i control<\/h2>\n\n<p>El teu suport \u00e9s important, i tamb\u00e9 ho \u00e9s que tinguis el control en tot moment. Pots <strong>modificar o cancel\u00b7lar<\/strong> la teva donaci\u00f3 peri\u00f2dica sempre que ho necessitis, avisant-nos amb almenys <strong>15 dies d\u2019antelaci\u00f3<\/strong> abans del pr\u00f2xim cobrament.<\/p>\n\n<ul class=\"wp-block-list\">\n<li>WhatsApp: <strong><a href=\"https:\/\/wa.me\/34610750224\" title=\"\">610 75 02 24<\/a><\/strong><\/li>\n\n\n\n<li>Correu electr\u00f2nic: <strong><a href=\"mailto:zoopirineu@gmail.com\">zoopirineu@gmail.com<\/a><\/strong><\/li>\n<\/ul>\n\n<p>Treballem amb transpar\u00e8ncia, respecte i comprom\u00eds amb cada persona que forma part del rescat.<strong><a href=\"https:\/\/zoodelpirineu.com\/ca\/legal\/politica-de-donacions\/\" title=\"\"> Consulta la nostra pol\u00edtica de donacions<\/a><\/strong>.<\/p>\n\n<p>Gr\u00e0cies per continuar al nostre costat.<br\/>El teu suport constant marca la difer\u00e8ncia per als animals que m\u00e9s ho necessiten. <\/p>\n\n<div style=\"height:20px\" aria-hidden=\"true\" class=\"wp-block-spacer\"><\/div>\n\n<div class=\"wp-block-columns is-layout-flex wp-container-core-columns-is-layout-9d6595d7 wp-block-columns-is-layout-flex\">\n<div class=\"wp-block-column has-base-background-color has-background is-layout-flow wp-block-column-is-layout-flow\">\n<div style=\"height:10px\" aria-hidden=\"true\" class=\"wp-block-spacer\"><\/div>\n\n\n\n<h2 class=\"wp-block-heading\" id=\"mensuales\">Formulari per actualitzar dades de pagament mensual<\/h2>\n\n\n<div class=\"wpforms-container wpforms-container-full wpforms-stripe\" id=\"wpforms-5871\"><form id=\"wpforms-form-5871\" class=\"wpforms-validate wpforms-form wpforms-ajax-form\" data-formid=\"5871\" method=\"post\" enctype=\"multipart\/form-data\" action=\"\/ca\/wp-json\/wp\/v2\/pages\/5410\" data-token=\"77da323b2644326031c04ab10262e3fa\" data-token-time=\"1777544099\"><noscript class=\"wpforms-error-noscript\">Activeu el JavaScript al navegador per a poder completar el formulari.<\/noscript><div class=\"wpforms-field-container\"><div id=\"wpforms-5871-field_39-container\" class=\"wpforms-field wpforms-field-divider\" data-field-id=\"39\"><h3 id=\"wpforms-5871-field_39\">Les teves dades<\/h3><\/div><div id=\"wpforms-5871-field_2-container\" class=\"wpforms-field wpforms-field-name\" data-field-id=\"2\"><label class=\"wpforms-field-label\" for=\"wpforms-5871-field_2\">Nom <span class=\"wpforms-required-label\">*<\/span><\/label><div class=\"wpforms-field-row wpforms-field-medium\"><div class=\"wpforms-field-row-block wpforms-first wpforms-one-half\"><input type=\"text\" id=\"wpforms-5871-field_2\" class=\"wpforms-field-name-first wpforms-field-required\" name=\"wpforms[fields][2][first]\" value=\"Nom\" required><label for=\"wpforms-5871-field_2\" class=\"wpforms-field-sublabel after wpforms-sublabel-hide\">Nom<\/label><\/div><div class=\"wpforms-field-row-block wpforms-one-half\"><input type=\"text\" id=\"wpforms-5871-field_2-last\" class=\"wpforms-field-name-last wpforms-field-required\" name=\"wpforms[fields][2][last]\" value=\"Cognoms\" required><label for=\"wpforms-5871-field_2-last\" class=\"wpforms-field-sublabel after wpforms-sublabel-hide\">Cognoms<\/label><\/div><\/div><\/div><div id=\"wpforms-5871-field_3-container\" class=\"wpforms-field wpforms-field-email\" data-field-id=\"3\"><label class=\"wpforms-field-label\" for=\"wpforms-5871-field_3\">Correu electr\u00f2nic <span class=\"wpforms-required-label\">*<\/span><\/label><input type=\"email\" id=\"wpforms-5871-field_3\" class=\"wpforms-field-medium wpforms-field-required\" name=\"wpforms[fields][3]\" spellcheck=\"false\" required><\/div><div id=\"wpforms-5871-field_49-container\" class=\"wpforms-field wpforms-field-divider\" data-field-id=\"49\"><\/div><div id=\"wpforms-5871-field_46-container\" class=\"wpforms-field wpforms-field-divider\" data-field-id=\"46\"><h3 id=\"wpforms-5871-field_46\">M\u00e8tode de pagament<\/h3><\/div><div id=\"wpforms-5871-field_15-container\" class=\"wpforms-field wpforms-field-radio wpforms-conditional-trigger\" data-field-id=\"15\"><label class=\"wpforms-field-label\">Com vols pagar? <span class=\"wpforms-required-label\">*<\/span><\/label><ul id=\"wpforms-5871-field_15\" class=\"wpforms-field-required\"><li class=\"choice-1 depth-1\"><input type=\"radio\" id=\"wpforms-5871-field_15_1\" name=\"wpforms[fields][15]\" value=\"Mensualment amb targeta\" required ><label class=\"wpforms-field-label-inline\" for=\"wpforms-5871-field_15_1\">Mensualment amb targeta<\/label><\/li><li class=\"choice-2 depth-1\"><input type=\"radio\" id=\"wpforms-5871-field_15_2\" name=\"wpforms[fields][15]\" value=\"Prefereixo domiciliaci\u00f3 banc\u00e0ria\" required ><label class=\"wpforms-field-label-inline\" for=\"wpforms-5871-field_15_2\">Prefereixo domiciliaci\u00f3 banc\u00e0ria<\/label><\/li><\/ul><\/div><div id=\"wpforms-5871-field_26-container\" class=\"wpforms-field wpforms-field-payment-select wpforms-field-select-style-classic\" data-field-id=\"26\"><label class=\"wpforms-field-label\" for=\"wpforms-5871-field_26\">Amb quina quantitat mensual vols col\u00b7laborar? <span class=\"wpforms-required-label\">*<\/span><\/label><select id=\"wpforms-5871-field_26\" class=\"wpforms-payment-price wpforms-field-small wpforms-field-required\" name=\"wpforms[fields][26]\" required=\"required\"><option value=\"1\" data-amount=\"10,00\"  selected='selected'>10\u20ac<\/option><option value=\"2\" data-amount=\"15,00\" >15\u20ac<\/option><option value=\"4\" data-amount=\"20,00\" >20\u20ac<\/option><option value=\"5\" data-amount=\"30,00\" >30\u20ac<\/option><option value=\"3\" data-amount=\"50,00\" >50\u20ac<\/option><option value=\"6\" data-amount=\"100,00\" >100\u20ac<\/option><\/select><div class=\"wpforms-field-description\">El 80% de la donaci\u00f3 la pots desgravar en la teva declaraci\u00f3 anual de la renda.<\/div><\/div><div id=\"wpforms-5871-field_45-container\" class=\"wpforms-field wpforms-field-divider\" data-field-id=\"45\"><\/div><div id=\"wpforms-5871-field_29-container\" class=\"wpforms-field wpforms-field-divider wpforms-conditional-field wpforms-conditional-show\" data-field-id=\"29\" style=\"display:none;\"><h3 id=\"wpforms-5871-field_29\">Actualitzar targeta<\/h3><\/div><div id=\"wpforms-5871-field_14-container\" class=\"wpforms-field wpforms-field-stripe-credit-card wpforms-conditional-field wpforms-conditional-show\" data-field-id=\"14\" style=\"display:none;\"><label class=\"wpforms-field-label\">Targeta de cr\u00e8dit <span class=\"wpforms-required-label\">*<\/span><\/label><div class=\"wpforms-field-row wpforms-no-columns wpforms-field-large \" data-sublabel-position=\"above\" data-link-email=\"\" data-required=\"1\"><div id=\"wpforms-field-stripe-link-element-5871\"><\/div><div id=\"wpforms-field-stripe-payment-element-5871\"><\/div><input type=\"text\" class=\"wpforms-stripe-credit-card-hidden-input\" name=\"wpforms[stripe-credit-card-hidden-input-5871]\" disabled style=\"display: none;\"><\/div><div class=\"wpforms-field-description\">Pagament segur amb 3D security.<\/div><\/div><div id=\"wpforms-5871-field_50-container\" class=\"wpforms-field wpforms-field-divider wpforms-conditional-field wpforms-conditional-show\" data-field-id=\"50\" style=\"display:none;\"><h3 id=\"wpforms-5871-field_50\">Dades del compte bancari<\/h3><\/div><div id=\"wpforms-5871-field_51-container\" class=\"wpforms-field wpforms-field-text wpforms-conditional-field wpforms-conditional-show\" data-field-id=\"51\" style=\"display:none;\"><label class=\"wpforms-field-label\" for=\"wpforms-5871-field_51\">N\u00famero IBAN del teu compte bancari<\/label><input type=\"text\" id=\"wpforms-5871-field_51\" class=\"wpforms-field-medium\" name=\"wpforms[fields][51]\" placeholder=\"ES _ _ _ _ _ _ _ _ _ _ _ _ _ _ \" ><\/div><div id=\"wpforms-5871-field_30-container\" class=\"wpforms-field wpforms-field-checkbox\" data-field-id=\"30\"><ul id=\"wpforms-5871-field_30\" class=\"wpforms-field-required\"><li class=\"choice-1 depth-1\"><input type=\"checkbox\" id=\"wpforms-5871-field_30_1\" name=\"wpforms[fields][30][]\" value=\"Accepto la pol\u00edtica de privacitat i la pol\u00edtica de donacions de la Fundaci\u00f3 Zoo del Pirineu\" required ><label class=\"wpforms-field-label-inline\" for=\"wpforms-5871-field_30_1\">Accepto la pol\u00edtica de privacitat i la pol\u00edtica de donacions de la Fundaci\u00f3 Zoo del Pirineu<\/label><\/li><\/ul><div class=\"wpforms-field-description\"><a href=\"https:\/\/zoodelpirineu.com\/ca\/legal\/politica-privadesa\/\" target=\"_blank\">Pol\u00edtica de privacitat<\/a>\/ <a href=\"https:\/\/zoodelpirineu.com\/ca\/legal\/politica-de-donacions\/\" target=\"_blank\">Pol\u00edtica de donacions<\/a><\/div><\/div><\/div><!-- .wpforms-field-container --><div class=\"wpforms-submit-container\" ><input type=\"hidden\" name=\"wpforms[id]\" value=\"5871\"><input type=\"hidden\" name=\"page_title\" value=\"\"><input type=\"hidden\" name=\"page_url\" value=\"https:\/\/zoodelpirineu.com\/ca\/wp-json\/wp\/v2\/pages\/5410\"><input type=\"hidden\" name=\"url_referer\" value=\"\"><button type=\"submit\" name=\"wpforms[submit]\" id=\"wpforms-submit-5871\" class=\"wpforms-submit\" data-alt-text=\"Enviant...\" data-submit-text=\"Actualitzar la meva aportaci\u00f3 mensual\" aria-live=\"assertive\" value=\"wpforms-submit\">Actualitzar la meva aportaci\u00f3 mensual<\/button><img loading=\"lazy\" decoding=\"async\" src=\"https:\/\/zoodelpirineu.com\/wp-content\/plugins\/wpforms\/assets\/images\/submit-spin.svg\" class=\"wpforms-submit-spinner\" style=\"display: none;\" width=\"26\" height=\"26\" alt=\"S&#039;est\u00e0 carregant\"><\/div><\/form><\/div>  <!-- .wpforms-container -->\n<\/div>\n\n\n\n<div class=\"wp-block-column has-base-background-color has-background is-layout-flow wp-block-column-is-layout-flow\">\n<div style=\"height:10px\" aria-hidden=\"true\" class=\"wp-block-spacer\"><\/div>\n\n\n\n<h2 class=\"wp-block-heading\" id=\"anual\">Formulari per actualitzar dades de pagament anual<\/h2>\n\n\n<div class=\"wpforms-container wpforms-container-full wpforms-stripe\" id=\"wpforms-5868\"><form id=\"wpforms-form-5868\" class=\"wpforms-validate wpforms-form wpforms-ajax-form\" data-formid=\"5868\" method=\"post\" enctype=\"multipart\/form-data\" action=\"\/ca\/wp-json\/wp\/v2\/pages\/5410\" data-token=\"a73a0286188190eae93746c1d6bd2339\" data-token-time=\"1777544099\"><noscript class=\"wpforms-error-noscript\">Activeu el JavaScript al navegador per a poder completar el formulari.<\/noscript><div class=\"wpforms-field-container\"><div id=\"wpforms-5868-field_35-container\" class=\"wpforms-field wpforms-field-divider\" data-field-id=\"35\"><h3 id=\"wpforms-5868-field_35\">Les teves dades<\/h3><\/div><div id=\"wpforms-5868-field_2-container\" class=\"wpforms-field wpforms-field-name\" data-field-id=\"2\"><label class=\"wpforms-field-label\">Nom <span class=\"wpforms-required-label\">*<\/span><\/label><div class=\"wpforms-field-row wpforms-field-medium\"><div class=\"wpforms-field-row-block wpforms-first wpforms-one-half\"><input type=\"text\" id=\"wpforms-5868-field_2\" class=\"wpforms-field-name-first wpforms-field-required\" name=\"wpforms[fields][2][first]\" required><label for=\"wpforms-5868-field_2\" class=\"wpforms-field-sublabel after\">Nom<\/label><\/div><div class=\"wpforms-field-row-block wpforms-one-half\"><input type=\"text\" id=\"wpforms-5868-field_2-last\" class=\"wpforms-field-name-last wpforms-field-required\" name=\"wpforms[fields][2][last]\" required><label for=\"wpforms-5868-field_2-last\" class=\"wpforms-field-sublabel after\">Cognoms<\/label><\/div><\/div><\/div><div id=\"wpforms-5868-field_3-container\" class=\"wpforms-field wpforms-field-email\" data-field-id=\"3\"><label class=\"wpforms-field-label\" for=\"wpforms-5868-field_3\">Correu electr\u00f2nic <span class=\"wpforms-required-label\">*<\/span><\/label><input type=\"email\" id=\"wpforms-5868-field_3\" class=\"wpforms-field-medium wpforms-field-required\" name=\"wpforms[fields][3]\" spellcheck=\"false\" required><\/div><div id=\"wpforms-5868-field_36-container\" class=\"wpforms-field wpforms-field-divider\" data-field-id=\"36\"><\/div><div id=\"wpforms-5868-field_17-container\" class=\"wpforms-field wpforms-field-divider\" data-field-id=\"17\"><h3 id=\"wpforms-5868-field_17\">M\u00e8tode de pagament<\/h3><\/div><div id=\"wpforms-5868-field_15-container\" class=\"wpforms-field wpforms-field-radio wpforms-conditional-trigger\" data-field-id=\"15\"><label class=\"wpforms-field-label\">Com vols pagar? <span class=\"wpforms-required-label\">*<\/span><\/label><ul id=\"wpforms-5868-field_15\" class=\"wpforms-field-required\"><li class=\"choice-2 depth-1\"><input type=\"radio\" id=\"wpforms-5868-field_15_2\" name=\"wpforms[fields][15]\" value=\"Anualment amb targeta\" required ><label class=\"wpforms-field-label-inline\" for=\"wpforms-5868-field_15_2\">Anualment amb targeta<\/label><\/li><li class=\"choice-3 depth-1\"><input type=\"radio\" id=\"wpforms-5868-field_15_3\" name=\"wpforms[fields][15]\" value=\"Prefereixo domiciliaci\u00f3 banc\u00e0ria\" required ><label class=\"wpforms-field-label-inline\" for=\"wpforms-5868-field_15_3\">Prefereixo domiciliaci\u00f3 banc\u00e0ria<\/label><\/li><\/ul><\/div><div id=\"wpforms-5868-field_27-container\" class=\"wpforms-field wpforms-field-payment-select wpforms-conditional-field wpforms-conditional-show wpforms-field-select-style-classic\" data-field-id=\"27\" style=\"display:none;\"><label class=\"wpforms-field-label\" for=\"wpforms-5868-field_27\">Amb quina quantitat anual vols col\u00b7laborar? <span class=\"wpforms-required-label\">*<\/span><\/label><select id=\"wpforms-5868-field_27\" class=\"wpforms-payment-price wpforms-field-small wpforms-field-required\" name=\"wpforms[fields][27]\" required=\"required\"><option value=\"1\" data-amount=\"120,00\"  selected='selected'>120\u20ac<\/option><option value=\"2\" data-amount=\"180,00\" >180\u20ac<\/option><option value=\"4\" data-amount=\"240,00\" >240\u20ac<\/option><option value=\"5\" data-amount=\"360,00\" >360\u20ac<\/option><option value=\"3\" data-amount=\"600,00\" >600\u20ac<\/option><option value=\"6\" data-amount=\"1.200,00\" >1.200\u20ac<\/option><\/select><div class=\"wpforms-field-description\">El 80% de la donaci\u00f3 la pots desgravar en la teva declaraci\u00f3 anual de la renda.<\/div><\/div><div id=\"wpforms-5868-field_40-container\" class=\"wpforms-field wpforms-field-divider\" data-field-id=\"40\"><\/div><div id=\"wpforms-5868-field_29-container\" class=\"wpforms-field wpforms-field-divider wpforms-conditional-field wpforms-conditional-show\" data-field-id=\"29\" style=\"display:none;\"><h3 id=\"wpforms-5868-field_29\">Informaci\u00f3 de la targeta<\/h3><\/div><div id=\"wpforms-5868-field_14-container\" class=\"wpforms-field wpforms-field-stripe-credit-card wpforms-conditional-field wpforms-conditional-show\" data-field-id=\"14\" style=\"display:none;\"><label class=\"wpforms-field-label\">Targeta de cr\u00e8dit <span class=\"wpforms-required-label\">*<\/span><\/label><div class=\"wpforms-field-row wpforms-no-columns wpforms-field-large \" data-sublabel-position=\"above\" data-link-email=\"\" data-required=\"1\"><div id=\"wpforms-field-stripe-link-element-5868\"><\/div><div id=\"wpforms-field-stripe-payment-element-5868\"><\/div><input type=\"text\" class=\"wpforms-stripe-credit-card-hidden-input\" name=\"wpforms[stripe-credit-card-hidden-input-5868]\" disabled style=\"display: none;\"><\/div><div class=\"wpforms-field-description\">Pagament segur amb 3D security.<\/div><\/div><div id=\"wpforms-5868-field_41-container\" class=\"wpforms-field wpforms-field-divider wpforms-conditional-field wpforms-conditional-show\" data-field-id=\"41\" style=\"display:none;\"><h3 id=\"wpforms-5868-field_41\"> Dades del compte bancari<\/h3><\/div><div id=\"wpforms-5868-field_42-container\" class=\"wpforms-field wpforms-field-text wpforms-conditional-field wpforms-conditional-show\" data-field-id=\"42\" style=\"display:none;\"><label class=\"wpforms-field-label\" for=\"wpforms-5868-field_42\">N\u00famero IBAN del teu compte bancari<\/label><input type=\"text\" id=\"wpforms-5868-field_42\" class=\"wpforms-field-medium\" name=\"wpforms[fields][42]\" placeholder=\"ES _ _ _ _ _ _ _ _ _ _ _ _ _ _\" ><\/div><div id=\"wpforms-5868-field_30-container\" class=\"wpforms-field wpforms-field-checkbox\" data-field-id=\"30\"><ul id=\"wpforms-5868-field_30\" class=\"wpforms-field-required\"><li class=\"choice-1 depth-1\"><input type=\"checkbox\" id=\"wpforms-5868-field_30_1\" name=\"wpforms[fields][30][]\" value=\"Accepto la pol\u00edtica de privacitat i la pol\u00edtica de donacions de la Fundaci\u00f3 Zoo del Pirineu\" required ><label class=\"wpforms-field-label-inline\" for=\"wpforms-5868-field_30_1\">Accepto la pol\u00edtica de privacitat i la pol\u00edtica de donacions de la Fundaci\u00f3 Zoo del Pirineu<\/label><\/li><\/ul><div class=\"wpforms-field-description\"><a href=\"https:\/\/zoodelpirineu.com\/ca\/legal\/politica-privadesa\/\" target=\"_blank\">Pol\u00edtica de privacitat<\/a>\/ <a href=\"https:\/\/zoodelpirineu.com\/ca\/legal\/politica-de-donacions\/\" target=\"_blank\">Pol\u00edtica de donacions<\/a><\/div><\/div><\/div><!-- .wpforms-field-container --><div class=\"wpforms-submit-container\" ><input type=\"hidden\" name=\"wpforms[id]\" value=\"5868\"><input type=\"hidden\" name=\"page_title\" value=\"\"><input type=\"hidden\" name=\"page_url\" value=\"https:\/\/zoodelpirineu.com\/ca\/wp-json\/wp\/v2\/pages\/5410\"><input type=\"hidden\" name=\"url_referer\" value=\"\"><button type=\"submit\" name=\"wpforms[submit]\" id=\"wpforms-submit-5868\" class=\"wpforms-submit\" data-alt-text=\"Enviant...\" data-submit-text=\"Actualitzar la meva aportaci\u00f3 anual\" aria-live=\"assertive\" value=\"wpforms-submit\">Actualitzar la meva aportaci\u00f3 anual<\/button><img loading=\"lazy\" decoding=\"async\" src=\"https:\/\/zoodelpirineu.com\/wp-content\/plugins\/wpforms\/assets\/images\/submit-spin.svg\" class=\"wpforms-submit-spinner\" style=\"display: none;\" width=\"26\" height=\"26\" alt=\"S&#039;est\u00e0 carregant\"><\/div><\/form><\/div>  <!-- .wpforms-container -->\n<\/div>\n<\/div>\n","protected":false},"excerpt":{"rendered":"<p>En aquesta p\u00e0gina pots fer actualitzaci\u00f3 de pagament com Alma Salvaje. Gr\u00e0cies per continuar ajudant-nos a ajudar els animals que ho necessiten. <\/p>\n","protected":false},"author":1,"featured_media":0,"parent":3902,"menu_order":0,"comment_status":"closed","ping_status":"closed","template":"","meta":{"om_disable_all_campaigns":false,"_monsterinsights_skip_tracking":false,"_monsterinsights_sitenote_active":false,"_monsterinsights_sitenote_note":"","_monsterinsights_sitenote_category":0,"footnotes":""},"class_list":["post-5410","page","type-page","status-publish"],"aioseo_notices":[],"_links":{"self":[{"href":"https:\/\/zoodelpirineu.com\/ca\/wp-json\/wp\/v2\/pages\/5410","targetHints":{"allow":["GET"]}}],"collection":[{"href":"https:\/\/zoodelpirineu.com\/ca\/wp-json\/wp\/v2\/pages"}],"about":[{"href":"https:\/\/zoodelpirineu.com\/ca\/wp-json\/wp\/v2\/types\/page"}],"author":[{"embeddable":true,"href":"https:\/\/zoodelpirineu.com\/ca\/wp-json\/wp\/v2\/users\/1"}],"replies":[{"embeddable":true,"href":"https:\/\/zoodelpirineu.com\/ca\/wp-json\/wp\/v2\/comments?post=5410"}],"version-history":[{"count":6,"href":"https:\/\/zoodelpirineu.com\/ca\/wp-json\/wp\/v2\/pages\/5410\/revisions"}],"predecessor-version":[{"id":5929,"href":"https:\/\/zoodelpirineu.com\/ca\/wp-json\/wp\/v2\/pages\/5410\/revisions\/5929"}],"up":[{"embeddable":true,"href":"https:\/\/zoodelpirineu.com\/ca\/wp-json\/wp\/v2\/pages\/3902"}],"wp:attachment":[{"href":"https:\/\/zoodelpirineu.com\/ca\/wp-json\/wp\/v2\/media?parent=5410"}],"curies":[{"name":"wp","href":"https:\/\/api.w.org\/{rel}","templated":true}]}}