{"id":6408,"date":"2026-02-23T04:29:30","date_gmt":"2026-02-23T03:29:30","guid":{"rendered":"https:\/\/zoodelpirineu.com\/experiencies-per-regalar\/comprar-vals-regals\/comprar-val-regal-cursos\/"},"modified":"2026-02-23T04:34:51","modified_gmt":"2026-02-23T03:34:51","slug":"comprar-val-regal-cursos","status":"publish","type":"page","link":"https:\/\/zoodelpirineu.com\/ca\/experiencies-per-regalar\/comprar-vals-regals\/comprar-val-regal-cursos\/","title":{"rendered":"Comprar Val Regal Cursos"},"content":{"rendered":"\n<h3 class=\"wp-block-heading\">Regala un curs al Zoo del Pirineu<\/h3>\n\n<p>\u2713 Proc\u00e9s de compra senzill i segur<br\/>\u2713 Rep-lo per email en menys de 24 h<\/p>\n\n<p>El necessites r\u00e0pidament?<br\/>Truca&#8217;ns al <strong><a href=\"tel:+34610750224\" title=\"610 75 02 24\">610 75 02 24<\/a><\/strong> i te l\u2019enviem immediatament.<\/p>\n\n<p>Comen\u00e7a ara. Et portar\u00e0 menys de 2 minuts. <\/p>\n<div class=\"wpforms-container wpforms-container-full wpforms-stripe wpforms-block wpforms-block-b642da91-5c90-4da1-8049-08e6c1f4ab74\" id=\"wpforms-6397\"><form id=\"wpforms-form-6397\" class=\"wpforms-validate wpforms-form wpforms-ajax-form\" data-formid=\"6397\" method=\"post\" enctype=\"multipart\/form-data\" action=\"\/ca\/wp-json\/wp\/v2\/pages\/6408\" data-token=\"d874a218bd17f6ed3d4351a36e7bdaaa\" data-token-time=\"1775361722\"><noscript class=\"wpforms-error-noscript\">Activeu el JavaScript al navegador per a poder completar el formulari.<\/noscript><div class=\"wpforms-page-indicator progress\" data-indicator=\"progress\" data-indicator-color=\"#72b239\" data-scroll=\"1\"><span class=\"wpforms-page-indicator-page-title\" ><\/span><span class=\"wpforms-page-indicator-page-title-sep\" style=\"display:none;\"> &#8211; <\/span><span class=\"wpforms-page-indicator-steps\">Step <span class=\"wpforms-page-indicator-steps-current\">1<\/span> of 3<\/span><div class=\"wpforms-page-indicator-page-progress-wrap\"><div class=\"wpforms-page-indicator-page-progress\" style=\"width:33.333333333333%;background-color:#72b239\"><\/div><\/div><\/div><div class=\"wpforms-field-container\"><div class=\"wpforms-page wpforms-page-1 \" data-page=\"1\"><div id=\"wpforms-6397-field_132-container\" class=\"wpforms-field wpforms-field-pagebreak\" data-field-id=\"132\"><\/div><div id=\"wpforms-6397-field_28-container\" class=\"wpforms-field wpforms-field-divider\" data-field-id=\"28\"><h3 id=\"wpforms-6397-field_28\">\u00bfQu\u00e9 curso quieres regalar?<\/h3><\/div><div id=\"wpforms-6397-field_198-container\" class=\"wpforms-field wpforms-field-checkbox wpforms-list-inline wpforms-conditional-trigger\" data-field-id=\"198\"><label class=\"wpforms-field-label\">Cursos<\/label><ul id=\"wpforms-6397-field_198\" class=\"wpforms-image-choices wpforms-image-choices-modern\"><li class=\"choice-1 depth-1 wpforms-image-choices-item\"><label class=\"wpforms-field-label-inline\" for=\"wpforms-6397-field_198_1\" tabindex=\"0\"><span class=\"wpforms-image-choices-image\"><img decoding=\"async\" src=\"https:\/\/zoodelpirineu.com\/wp-content\/uploads\/2026\/02\/cursodecetreriacomoregalo.jpg\" alt=\"Curs de falconeria\" title=\"Curs de falconeria\"><\/span><input type=\"checkbox\" id=\"wpforms-6397-field_198_1\" class=\"wpforms-screen-reader-element\" name=\"wpforms[fields][198][]\" value=\"Curs de falconeria\" tabindex=\"-1\"  ><span class=\"wpforms-image-choices-label\">Curs de falconeria<\/span><\/label><\/li><li class=\"choice-2 depth-1 wpforms-image-choices-item\"><label class=\"wpforms-field-label-inline\" for=\"wpforms-6397-field_198_2\" tabindex=\"0\"><span class=\"wpforms-image-choices-image\"><img decoding=\"async\" src=\"https:\/\/zoodelpirineu.com\/wp-content\/uploads\/2026\/02\/cursoveterinariocomoregalo.jpg\" alt=\"Curs Veterinari\" title=\"Curs Veterinari\"><\/span><input type=\"checkbox\" id=\"wpforms-6397-field_198_2\" class=\"wpforms-screen-reader-element\" name=\"wpforms[fields][198][]\" value=\"Curs Veterinari\" tabindex=\"-1\"  ><span class=\"wpforms-image-choices-label\">Curs Veterinari<\/span><\/label><\/li><li class=\"choice-3 depth-1 wpforms-image-choices-item\"><label class=\"wpforms-field-label-inline\" for=\"wpforms-6397-field_198_3\" tabindex=\"0\"><span class=\"wpforms-image-choices-image\"><img decoding=\"async\" src=\"https:\/\/zoodelpirineu.com\/wp-content\/uploads\/2026\/02\/cursodefotografiacomoregalo.jpg\" alt=\"Curs de fotografia\" title=\"Curs de fotografia\"><\/span><input type=\"checkbox\" id=\"wpforms-6397-field_198_3\" class=\"wpforms-screen-reader-element\" name=\"wpforms[fields][198][]\" value=\"Curs de fotografia\" tabindex=\"-1\"  ><span class=\"wpforms-image-choices-label\">Curs de fotografia<\/span><\/label><\/li><\/ul><\/div><div id=\"wpforms-6397-field_187-container\" class=\"wpforms-field wpforms-field-divider\" data-field-id=\"187\"><\/div><div id=\"wpforms-6397-field_200-container\" class=\"wpforms-field wpforms-field-payment-multiple wpforms-list-inline wpforms-conditional-field wpforms-conditional-show wpforms-conditional-trigger\" data-field-id=\"200\" style=\"display:none;\"><label class=\"wpforms-field-label\">Tria la modalitat del curs de falconeria <span class=\"wpforms-required-label\">*<\/span><\/label><ul id=\"wpforms-6397-field_200\" class=\"wpforms-field-required wpforms-image-choices wpforms-image-choices-modern\"><li class=\"choice-1 wpforms-image-choices-item\"><label class=\"wpforms-field-label-inline\" for=\"wpforms-6397-field_200_1\"><span class=\"wpforms-image-choices-image\"><img decoding=\"async\" src=\"https:\/\/zoodelpirineu.com\/wp-content\/uploads\/2026\/02\/cursodecetreriacomoregalocompartido.jpg\" alt=\"Grup compartit\" title=\"Grup compartit\"><\/span><input type=\"radio\" id=\"wpforms-6397-field_200_1\" class=\"wpforms-payment-price wpforms-screen-reader-element\" data-amount=\"120,00\" name=\"wpforms[fields][200]\" value=\"1\" required ><span class=\"wpforms-image-choices-label\">Grup compartit &#8211; <span class=\"wpforms-currency-symbol\">120,00 &euro;<\/span><\/span><\/label><\/li><li class=\"choice-2 wpforms-image-choices-item\"><label class=\"wpforms-field-label-inline\" for=\"wpforms-6397-field_200_2\"><span class=\"wpforms-image-choices-image\"><img decoding=\"async\" src=\"https:\/\/zoodelpirineu.com\/wp-content\/uploads\/2026\/02\/cursodecetreriaprivadocomoregalo.jpg\" alt=\"Grup privat\" title=\"Grup privat\"><\/span><input type=\"radio\" id=\"wpforms-6397-field_200_2\" class=\"wpforms-payment-price wpforms-screen-reader-element\" data-amount=\"380,00\" name=\"wpforms[fields][200]\" value=\"2\" required ><span class=\"wpforms-image-choices-label\">Grup privat &#8211; <span class=\"wpforms-currency-symbol\">380,00 &euro;<\/span><\/span><\/label><\/li><\/ul><div class=\"wpforms-field-description\"><strong>Grup compartit:<\/strong> places individuals en una data programada.\n<p><strong>Grup privat:<\/strong> curs exclusiu nom\u00e9s pel vostre grup, en data acordada. Hi poden participar fins a 5 persones pel mateix preu de 380\u20ac <\/p><\/div><\/div><div id=\"wpforms-6397-field_189-container\" class=\"wpforms-field wpforms-field-divider\" data-field-id=\"189\"><\/div><div id=\"wpforms-6397-field_158-container\" class=\"wpforms-field wpforms-field-divider wpforms-conditional-field wpforms-conditional-show\" data-field-id=\"158\" style=\"display:none;\"><h3 id=\"wpforms-6397-field_158\">PER A QUANTES PERSONES \u00c9S EL VAL REGAL?<\/h3><\/div><div id=\"wpforms-6397-field_159-container\" class=\"wpforms-field wpforms-field-select wpforms-one-half wpforms-first wpforms-conditional-field wpforms-conditional-show wpforms-field-select-style-classic\" data-field-id=\"159\" style=\"display:none;\"><label class=\"wpforms-field-label\" for=\"wpforms-6397-field_159\">Participants<\/label><select id=\"wpforms-6397-field_159\" class=\"wpforms-field-medium\" name=\"wpforms[fields][159]\"><option value=\"1\"  class=\"choice-1 depth-1\"  >1<\/option><option value=\"2\"  class=\"choice-2 depth-1\"  >2<\/option><option value=\"3\"  class=\"choice-3 depth-1\"  >3<\/option><option value=\"4\"  class=\"choice-4 depth-1\"  >4<\/option><option value=\"5\"  class=\"choice-5 depth-1\"  >5<\/option><\/select><\/div><div id=\"wpforms-6397-field_160-container\" class=\"wpforms-field wpforms-field-select wpforms-one-half wpforms-second wpforms-conditional-field wpforms-conditional-show wpforms-field-select-style-classic\" data-field-id=\"160\" style=\"display:none;\"><label class=\"wpforms-field-label\" for=\"wpforms-6397-field_160\">Acompanyants (opcional)<\/label><select id=\"wpforms-6397-field_160\" class=\"wpforms-field-medium\" name=\"wpforms[fields][160]\"><option value=\"0\"  class=\"choice-6 depth-1\"  >0<\/option><option value=\"1\"  class=\"choice-1 depth-1\"  >1<\/option><option value=\"2\"  class=\"choice-2 depth-1\"  >2<\/option><\/select><div class=\"wpforms-field-description\">Assisteixen al curs per\u00f2 no hi participen activament.<\/div><\/div><div id=\"wpforms-6397-field_162-container\" class=\"wpforms-field wpforms-field-divider wpforms-conditional-field wpforms-conditional-show\" data-field-id=\"162\" style=\"display:none;\"><h3 id=\"wpforms-6397-field_162\">PER A QUANTES PERSONES \u00c9S EL VAL REGAL?<\/h3><\/div><div id=\"wpforms-6397-field_163-container\" class=\"wpforms-field wpforms-field-payment-select wpforms-one-half wpforms-first wpforms-conditional-field wpforms-conditional-show wpforms-field-select-style-classic\" data-field-id=\"163\" style=\"display:none;\"><label class=\"wpforms-field-label\" for=\"wpforms-6397-field_163\">Curs de falconeria: participants (120\u20ac per participant) <span class=\"wpforms-required-label\">*<\/span><\/label><select id=\"wpforms-6397-field_163\" class=\"wpforms-payment-price wpforms-field-medium wpforms-field-required\" name=\"wpforms[fields][163]\" required=\"required\"><option value=\"\" class=\"placeholder\" disabled  selected='selected'>&#8212; Seleccioneu l&#039;opci\u00f3 &#8212;<\/option><option value=\"1\" data-amount=\"0,00\" >1 participant<\/option><option value=\"2\" data-amount=\"120,00\" >2 participants<\/option><option value=\"3\" data-amount=\"240,00\" >3 participants<\/option><\/select><\/div><div id=\"wpforms-6397-field_166-container\" class=\"wpforms-field wpforms-field-payment-select wpforms-one-half wpforms-first wpforms-conditional-field wpforms-conditional-show wpforms-field-select-style-classic\" data-field-id=\"166\" style=\"display:none;\"><label class=\"wpforms-field-label\" for=\"wpforms-6397-field_166\">Curs per a veterinaris: participants <span class=\"wpforms-required-label\">*<\/span><\/label><select id=\"wpforms-6397-field_166\" class=\"wpforms-payment-price wpforms-field-medium wpforms-field-required\" name=\"wpforms[fields][166]\" required=\"required\"><option value=\"\" class=\"placeholder\" disabled  selected='selected'>&#8212; Seleccioneu l&#039;opci\u00f3 &#8212;<\/option><option value=\"1\" data-amount=\"180,00\" >1 participant &#8211; 180,00 &euro;<\/option><option value=\"2\" data-amount=\"360,00\" >2 participants &#8211; 360,00 &euro;<\/option><option value=\"3\" data-amount=\"540,00\" >3 participants &#8211; 540,00 &euro;<\/option><\/select><\/div><div id=\"wpforms-6397-field_167-container\" class=\"wpforms-field wpforms-field-payment-select wpforms-one-half wpforms-first wpforms-conditional-field wpforms-conditional-show wpforms-field-select-style-classic\" data-field-id=\"167\" style=\"display:none;\"><label class=\"wpforms-field-label\" for=\"wpforms-6397-field_167\">Curs de fotografia: participants <span class=\"wpforms-required-label\">*<\/span><\/label><select id=\"wpforms-6397-field_167\" class=\"wpforms-payment-price wpforms-field-medium wpforms-field-required\" name=\"wpforms[fields][167]\" required=\"required\"><option value=\"\" class=\"placeholder\" disabled  selected='selected'>&#8212; Seleccioneu l&#039;opci\u00f3 &#8212;<\/option><option value=\"1\" data-amount=\"75,00\" >1 participant &#8211; 75,00 &euro;<\/option><option value=\"2\" data-amount=\"150,00\" >2 participants &#8211; 150,00 &euro;<\/option><option value=\"3\" data-amount=\"225,00\" >3 participants &#8211; 225,00 &euro;<\/option><\/select><\/div><div id=\"wpforms-6397-field_164-container\" class=\"wpforms-field wpforms-field-payment-select wpforms-one-half wpforms-second wpforms-conditional-field wpforms-conditional-show wpforms-field-select-style-classic\" data-field-id=\"164\" style=\"display:none;\"><label class=\"wpforms-field-label\" for=\"wpforms-6397-field_164\">Acompanyants (opcional)<\/label><select id=\"wpforms-6397-field_164\" class=\"wpforms-payment-price wpforms-field-medium\" name=\"wpforms[fields][164]\"><option value=\"4\" data-amount=\"0,00\" >0 acompanyants &#8211; 0,00 &euro;<\/option><option value=\"1\" data-amount=\"20,00\" >1 acompanyant &#8211; 20,00 &euro;<\/option><option value=\"2\" data-amount=\"40,00\" >2 acompanyants &#8211; 40,00 &euro;<\/option><option value=\"3\" data-amount=\"60,00\" >3 acompanyants &#8211; 60,00 &euro;<\/option><\/select><div class=\"wpforms-field-description\">Poden assistir al curs, per\u00f2 no fan les activitats.<\/div><\/div><div id=\"wpforms-6397-field_81-container\" class=\"wpforms-field wpforms-field-divider\" data-field-id=\"81\"><h3 id=\"wpforms-6397-field_81\">RESUM DE LA TEVA COMPRA<\/h3><\/div><div id=\"wpforms-6397-field_19-container\" class=\"wpforms-field wpforms-field-payment-total wpforms-field-medium\" data-field-id=\"19\"><label class=\"wpforms-field-label\">PREU TOTAL<\/label><div class=\"wpforms-payment-total\" style=\"\">0,00 &euro;<\/div><input type=\"hidden\" id=\"wpforms-6397-field_19\" class=\"wpforms-field-medium wpforms-payment-total\" name=\"wpforms[fields][19]\" value=\"0\"><\/div><div id=\"wpforms-6397-field_153-container\" class=\"wpforms-field wpforms-field-pagebreak\" data-field-id=\"153\"><div class=\"wpforms-clear wpforms-pagebreak-left\"><button class=\"wpforms-page-button wpforms-page-next\" data-action=\"next\" data-page=\"1\" data-formid=\"6397\" disabled>Continuar amb la personalitzaci\u00f3 del regal<\/button><\/div><\/div><\/div><div class=\"wpforms-page wpforms-page-2  \" data-page=\"2\" style=\"display:none;\"><div id=\"wpforms-6397-field_83-container\" class=\"wpforms-field wpforms-field-divider\" data-field-id=\"83\"><h3 id=\"wpforms-6397-field_83\">LES DADES PEL VAL REGAL PERSONALITZAT<\/h3><\/div><div id=\"wpforms-6397-field_170-container\" class=\"wpforms-field wpforms-field-payment-total wpforms-field-medium\" data-field-id=\"170\"><label class=\"wpforms-field-label\">PREU TOTAL<\/label><div class=\"wpforms-payment-total\" style=\"\">0,00 &euro;<\/div><input type=\"hidden\" id=\"wpforms-6397-field_170\" class=\"wpforms-field-medium wpforms-payment-total\" name=\"wpforms[fields][170]\" value=\"0\"><\/div><div id=\"wpforms-6397-field_5-container\" class=\"wpforms-field wpforms-field-text\" data-field-id=\"5\"><label class=\"wpforms-field-label\" for=\"wpforms-6397-field_5\">Text pel Val regal <span class=\"wpforms-required-label\">*<\/span><\/label><input type=\"text\" id=\"wpforms-6397-field_5\" class=\"wpforms-field-large wpforms-field-required\" name=\"wpforms[fields][5]\" required><div class=\"wpforms-field-description\">Habitualment el nom de la persona o fam\u00edlia a qui vols obsequiar.<\/div><\/div><div id=\"wpforms-6397-field_201-container\" class=\"wpforms-field wpforms-field-name\" data-field-id=\"201\"><label class=\"wpforms-field-label\" for=\"wpforms-6397-field_201\">El teu nom <span class=\"wpforms-required-label\">*<\/span><\/label><input type=\"text\" id=\"wpforms-6397-field_201\" class=\"wpforms-field-medium wpforms-field-required\" name=\"wpforms[fields][201]\" required><\/div><div id=\"wpforms-6397-field_1-container\" class=\"wpforms-field wpforms-field-email\" data-field-id=\"1\"><label class=\"wpforms-field-label\" for=\"wpforms-6397-field_1\">El teu Email <span class=\"wpforms-required-label\">*<\/span><\/label><input type=\"email\" id=\"wpforms-6397-field_1\" class=\"wpforms-field-medium wpforms-field-required\" name=\"wpforms[fields][1]\" spellcheck=\"false\" required><\/div><div id=\"wpforms-6397-field_88-container\" class=\"wpforms-field wpforms-field-radio\" data-field-id=\"88\"><label class=\"wpforms-field-label\">En quin idioma vols rebre el Val Regal? <span class=\"wpforms-required-label\">*<\/span><\/label><ul id=\"wpforms-6397-field_88\" class=\"wpforms-field-required\"><li class=\"choice-1 depth-1\"><input type=\"radio\" id=\"wpforms-6397-field_88_1\" name=\"wpforms[fields][88]\" value=\"Catal\u00e0\" required ><label class=\"wpforms-field-label-inline\" for=\"wpforms-6397-field_88_1\">Catal\u00e0<\/label><\/li><li class=\"choice-2 depth-1\"><input type=\"radio\" id=\"wpforms-6397-field_88_2\" name=\"wpforms[fields][88]\" value=\"Castell\u00e0\" required ><label class=\"wpforms-field-label-inline\" for=\"wpforms-6397-field_88_2\">Castell\u00e0<\/label><\/li><li class=\"choice-3 depth-1\"><input type=\"radio\" id=\"wpforms-6397-field_88_3\" name=\"wpforms[fields][88]\" value=\"Angl\u00e8s\" required ><label class=\"wpforms-field-label-inline\" for=\"wpforms-6397-field_88_3\">Angl\u00e8s<\/label><\/li><\/ul><\/div><div id=\"wpforms-6397-field_86-container\" class=\"wpforms-field wpforms-field-text\" data-field-id=\"86\"><label class=\"wpforms-field-label\" for=\"wpforms-6397-field_86\">Hi ha alguna cosa m\u00e9s que haguem de saber?<\/label><input type=\"text\" id=\"wpforms-6397-field_86\" class=\"wpforms-field-large\" name=\"wpforms[fields][86]\" ><\/div><div id=\"wpforms-6397-field_180-container\" class=\"wpforms-field wpforms-field-pagebreak\" data-field-id=\"180\"><div class=\"wpforms-clear wpforms-pagebreak-left\"><button class=\"wpforms-page-button wpforms-page-prev\" data-action=\"prev\" data-page=\"2\" data-formid=\"6397\" disabled>Anterior<\/button><button class=\"wpforms-page-button wpforms-page-next\" data-action=\"next\" data-page=\"2\" data-formid=\"6397\" disabled>Seg\u00fcent<\/button><\/div><\/div><\/div><div class=\"wpforms-page wpforms-page-3 last \" data-page=\"3\" style=\"display:none;\"><div id=\"wpforms-6397-field_89-container\" class=\"wpforms-field wpforms-field-divider\" data-field-id=\"89\"><h3 id=\"wpforms-6397-field_89\">PROCEDEIX AMB LA TEVA COMPRA<\/h3><\/div><div id=\"wpforms-6397-field_177-container\" class=\"wpforms-field wpforms-field-payment-total wpforms-field-medium\" data-field-id=\"177\"><label class=\"wpforms-field-label\">PREU TOTAL DEL TEU REGAL<\/label><div class=\"wpforms-payment-total\" style=\"\">0,00 &euro;<\/div><input type=\"hidden\" id=\"wpforms-6397-field_177\" class=\"wpforms-field-medium wpforms-payment-total\" name=\"wpforms[fields][177]\" value=\"0\"><\/div><div id=\"wpforms-6397-field_183-container\" class=\"wpforms-field wpforms-field-divider\" data-field-id=\"183\"><\/div><div id=\"wpforms-6397-field_82-container\" class=\"wpforms-field wpforms-field-stripe-credit-card\" data-field-id=\"82\"><label class=\"wpforms-field-label\">Tu tarjeta de cr\u00e9dito <span class=\"wpforms-required-label\">*<\/span><\/label><div class=\"wpforms-field-row wpforms-no-columns wpforms-field-large \" data-sublabel-position=\"above\" data-link-email=\"\" data-required=\"1\"><div id=\"wpforms-field-stripe-link-element-6397\"><\/div><div id=\"wpforms-field-stripe-payment-element-6397\"><\/div><input type=\"text\" class=\"wpforms-stripe-credit-card-hidden-input\" name=\"wpforms[stripe-credit-card-hidden-input-6397]\" disabled style=\"display: none;\"><\/div><div class=\"wpforms-field-description\">Pagament segur amb sistema 3D SECURITY.<\/div><\/div><div id=\"wpforms-6397-field_178-container\" class=\"wpforms-field wpforms-field-checkbox\" data-field-id=\"178\"><ul id=\"wpforms-6397-field_178\" class=\"wpforms-field-required\"><li class=\"choice-1 depth-1\"><input type=\"checkbox\" id=\"wpforms-6397-field_178_1\" name=\"wpforms[fields][178][]\" value=\"Accepto la Pol\u00edtica de privacitat i la Pol\u00edtica de compra i devolucions de la Fundaci\u00f3 Zoo del Pirineu.\" required ><label class=\"wpforms-field-label-inline\" for=\"wpforms-6397-field_178_1\">Accepto la Pol\u00edtica de privacitat i la Pol\u00edtica de compra i devolucions de la Fundaci\u00f3 Zoo del Pirineu.<\/label><\/li><\/ul><div class=\"wpforms-field-description\"><a href=\"https:\/\/zoodelpirineu.com\/ca\/legal\/politica-privadesa\/\" target=\"_blank\">Pol\u00edtica de Privadesa<\/a> \/ <a href=\"https:\/\/zoodelpirineu.com\/ca\/legal\/politica-de-compra\/\" target=\"_blank\">Pol\u00edtica de compra<\/a> \/ <a href=\"https:\/\/zoodelpirineu.com\/ca\/legal\/politica-de-devolucions\/#vales-regalo\" target=\"_blank\">Pol\u00edtica de devolucions de vals regal<\/a><\/div><\/div><div id=\"wpforms-6397-field_133-container\" class=\"wpforms-field wpforms-field-pagebreak\" data-field-id=\"133\"><div class=\"wpforms-clear wpforms-pagebreak-left\"><\/div><\/div><\/div><\/div><!-- .wpforms-field-container --><div class=\"wpforms-submit-container\" style=\"display:none;\"><input type=\"hidden\" name=\"wpforms[id]\" value=\"6397\"><input type=\"hidden\" name=\"page_title\" value=\"\"><input type=\"hidden\" name=\"page_url\" value=\"https:\/\/zoodelpirineu.com\/ca\/wp-json\/wp\/v2\/pages\/6408\"><input type=\"hidden\" name=\"url_referer\" value=\"\"><button type=\"submit\" name=\"wpforms[submit]\" id=\"wpforms-submit-6397\" class=\"wpforms-submit\" data-alt-text=\"Enviant...\" data-submit-text=\"Confirmar i pagar\" aria-live=\"assertive\" value=\"wpforms-submit\">Confirmar i pagar<\/button><img loading=\"lazy\" decoding=\"async\" src=\"https:\/\/zoodelpirineu.com\/wp-content\/plugins\/wpforms\/assets\/images\/submit-spin.svg\" class=\"wpforms-submit-spinner\" style=\"display: none;\" width=\"26\" height=\"26\" alt=\"S&#039;est\u00e0 carregant\"><\/div><\/form><\/div>  <!-- .wpforms-container -->","protected":false},"excerpt":{"rendered":"<p>Regala un curs al Zoo del Pirineu \u2713 Proc\u00e9s de compra senzill i segur\u2713 Rep-lo per email en menys de 24 h El necessites r\u00e0pidament?Truca&#8217;ns &#8230; <\/p>\n<p class=\"read-more-container\"><a title=\"Comprar Val Regal Cursos\" class=\"read-more button\" href=\"https:\/\/zoodelpirineu.com\/ca\/experiencies-per-regalar\/comprar-vals-regals\/comprar-val-regal-cursos\/#more-6408\" aria-label=\"M\u00e9s informaci\u00f3 sobre Comprar Val Regal Cursos\">Read more<\/a><\/p>\n","protected":false},"author":1,"featured_media":0,"parent":3282,"menu_order":0,"comment_status":"closed","ping_status":"closed","template":"","meta":{"om_disable_all_campaigns":false,"_monsterinsights_skip_tracking":false,"_monsterinsights_sitenote_active":false,"_monsterinsights_sitenote_note":"","_monsterinsights_sitenote_category":0,"footnotes":""},"class_list":["post-6408","page","type-page","status-publish"],"aioseo_notices":[],"_links":{"self":[{"href":"https:\/\/zoodelpirineu.com\/ca\/wp-json\/wp\/v2\/pages\/6408","targetHints":{"allow":["GET"]}}],"collection":[{"href":"https:\/\/zoodelpirineu.com\/ca\/wp-json\/wp\/v2\/pages"}],"about":[{"href":"https:\/\/zoodelpirineu.com\/ca\/wp-json\/wp\/v2\/types\/page"}],"author":[{"embeddable":true,"href":"https:\/\/zoodelpirineu.com\/ca\/wp-json\/wp\/v2\/users\/1"}],"replies":[{"embeddable":true,"href":"https:\/\/zoodelpirineu.com\/ca\/wp-json\/wp\/v2\/comments?post=6408"}],"version-history":[{"count":1,"href":"https:\/\/zoodelpirineu.com\/ca\/wp-json\/wp\/v2\/pages\/6408\/revisions"}],"predecessor-version":[{"id":6409,"href":"https:\/\/zoodelpirineu.com\/ca\/wp-json\/wp\/v2\/pages\/6408\/revisions\/6409"}],"up":[{"embeddable":true,"href":"https:\/\/zoodelpirineu.com\/ca\/wp-json\/wp\/v2\/pages\/3282"}],"wp:attachment":[{"href":"https:\/\/zoodelpirineu.com\/ca\/wp-json\/wp\/v2\/media?parent=6408"}],"curies":[{"name":"wp","href":"https:\/\/api.w.org\/{rel}","templated":true}]}}