{"id":6412,"date":"2026-02-23T04:27:28","date_gmt":"2026-02-23T03:27:28","guid":{"rendered":"https:\/\/zoodelpirineu.com\/experiencies-per-regalar\/comprar-vals-regals\/comprar-val-regal-experiencia-privada\/"},"modified":"2026-02-23T04:36:49","modified_gmt":"2026-02-23T03:36:49","slug":"comprar-val-regal-experiencia-privada","status":"publish","type":"page","link":"https:\/\/zoodelpirineu.com\/ca\/experiencies-per-regalar\/comprar-vals-regals\/comprar-val-regal-experiencia-privada\/","title":{"rendered":"Comprar Val Regal Experi\u00e8ncia Privada"},"content":{"rendered":"\n<h3 class=\"wp-block-heading\">Regala una experi\u00e8ncia privada al Zoo del Pirineu<\/h3>\n\n<p>\u2713 Proc\u00e9s de compra senzill i segur<br\/>\u2713 Rep-lo per email en menys de 24 h<\/p>\n\n<p>El necessites r\u00e0pidament?<br\/>Truca&#8217;ns al <strong><a href=\"tel:+34610750224\" title=\"610 75 02 24\">610 75 02 24<\/a><\/strong> i te l\u2019enviem immediatament.<\/p>\n\n<p>Comen\u00e7a ara. Et portar\u00e0 menys de 2 minuts. <\/p>\n<div class=\"wpforms-container wpforms-container-full wpforms-stripe wpforms-block wpforms-block-79c2a82c-285a-4a4b-806e-11e4c20afd89\" id=\"wpforms-6393\"><form id=\"wpforms-form-6393\" class=\"wpforms-validate wpforms-form wpforms-ajax-form\" data-formid=\"6393\" method=\"post\" enctype=\"multipart\/form-data\" action=\"\/ca\/wp-json\/wp\/v2\/pages\/6412\" data-token=\"b0a5a40b8f292c1db9d2003e0e70c52c\" data-token-time=\"1778252565\"><noscript class=\"wpforms-error-noscript\">Activeu el JavaScript al navegador per a poder completar el formulari.<\/noscript><div class=\"wpforms-page-indicator progress\" data-indicator=\"progress\" data-indicator-color=\"#72b239\" data-scroll=\"1\"><span class=\"wpforms-page-indicator-page-title\" ><\/span><span class=\"wpforms-page-indicator-page-title-sep\" style=\"display:none;\"> &#8211; <\/span><span class=\"wpforms-page-indicator-steps\">Step <span class=\"wpforms-page-indicator-steps-current\">1<\/span> of 3<\/span><div class=\"wpforms-page-indicator-page-progress-wrap\"><div class=\"wpforms-page-indicator-page-progress\" style=\"width:33.333333333333%;background-color:#72b239\"><\/div><\/div><\/div><div class=\"wpforms-field-container\"><div class=\"wpforms-page wpforms-page-1 \" data-page=\"1\"><div id=\"wpforms-6393-field_132-container\" class=\"wpforms-field wpforms-field-pagebreak\" data-field-id=\"132\"><\/div><div id=\"wpforms-6393-field_28-container\" class=\"wpforms-field wpforms-field-divider\" data-field-id=\"28\"><h3 id=\"wpforms-6393-field_28\">Quina experi\u00e8ncia vols regalar?<\/h3><\/div><div id=\"wpforms-6393-field_196-container\" class=\"wpforms-field wpforms-field-payment-checkbox wpforms-list-inline wpforms-conditional-trigger\" data-field-id=\"196\"><label class=\"wpforms-field-label\">Experi\u00e8ncies privades<\/label><ul id=\"wpforms-6393-field_196\" class=\"wpforms-image-choices wpforms-image-choices-modern\"><li class=\"choice-1 wpforms-image-choices-item\"><label class=\"wpforms-field-label-inline\" for=\"wpforms-6393-field_196_1\"><span class=\"wpforms-image-choices-image\"><img decoding=\"async\" src=\"https:\/\/zoodelpirineu.com\/wp-content\/uploads\/2026\/02\/experienciaanimalpararegalar.jpg\" alt=\"Experi\u00e8ncia Animal\" title=\"Experi\u00e8ncia Animal\"><\/span><input type=\"checkbox\" id=\"wpforms-6393-field_196_1\" class=\"wpforms-payment-price wpforms-screen-reader-element\" data-amount=\"70,00\" name=\"wpforms[fields][196][]\" value=\"1\"  ><span class=\"wpforms-image-choices-label\">Experi\u00e8ncia Animal<\/span><\/label><\/li><li class=\"choice-2 wpforms-image-choices-item\"><label class=\"wpforms-field-label-inline\" for=\"wpforms-6393-field_196_2\"><span class=\"wpforms-image-choices-image\"><img decoding=\"async\" src=\"https:\/\/zoodelpirineu.com\/wp-content\/uploads\/2026\/02\/experienciabuhoscomoregalo.jpg\" alt=\"Experi\u00e8ncia mussols\" title=\"Experi\u00e8ncia mussols\"><\/span><input type=\"checkbox\" id=\"wpforms-6393-field_196_2\" class=\"wpforms-payment-price wpforms-screen-reader-element\" data-amount=\"120,00\" name=\"wpforms[fields][196][]\" value=\"2\"  ><span class=\"wpforms-image-choices-label\">Experi\u00e8ncia mussols<\/span><\/label><\/li><li class=\"choice-3 wpforms-image-choices-item\"><label class=\"wpforms-field-label-inline\" for=\"wpforms-6393-field_196_3\"><span class=\"wpforms-image-choices-image\"><img decoding=\"async\" src=\"https:\/\/zoodelpirineu.com\/wp-content\/uploads\/2026\/02\/experiencadefotografiacomoregalo.jpg\" alt=\"Experi\u00e8ncia de fotografia\" title=\"Experi\u00e8ncia de fotografia\"><\/span><input type=\"checkbox\" id=\"wpforms-6393-field_196_3\" class=\"wpforms-payment-price wpforms-screen-reader-element\" data-amount=\"60,00\" name=\"wpforms[fields][196][]\" value=\"3\"  ><span class=\"wpforms-image-choices-label\">Experi\u00e8ncia de fotografia<\/span><\/label><\/li><\/ul><\/div><div id=\"wpforms-6393-field_23-container\" class=\"wpforms-field wpforms-field-divider\" data-field-id=\"23\"><\/div><div id=\"wpforms-6393-field_151-container\" class=\"wpforms-field wpforms-field-payment-checkbox wpforms-conditional-field wpforms-conditional-show\" data-field-id=\"151\" style=\"display:none;\"><label class=\"wpforms-field-label\">Voleu ampliar l&#039;Experi\u00e8ncia de Fotografia a 2 hores? (+60 \u20ac) <\/label><ul id=\"wpforms-6393-field_151\"><li class=\"choice-3\"><input type=\"checkbox\" id=\"wpforms-6393-field_151_3\" class=\"wpforms-payment-price\" data-amount=\"60,00\" name=\"wpforms[fields][151][]\" value=\"3\"  ><label class=\"wpforms-field-label-inline\" for=\"wpforms-6393-field_151_3\">Afegir 1 hora addicional<\/label><\/li><\/ul><\/div><div id=\"wpforms-6393-field_187-container\" class=\"wpforms-field wpforms-field-divider\" data-field-id=\"187\"><\/div><div id=\"wpforms-6393-field_130-container\" class=\"wpforms-field wpforms-field-divider wpforms-conditional-field wpforms-conditional-show\" data-field-id=\"130\" style=\"display:none;\"><h3 id=\"wpforms-6393-field_130\">PER A QUANTES PERSONES \u00c9S EL VAL REGAL?<\/h3><div class=\"wpforms-field-description\">El precio es el mismo para 1 o 5 personas.<\/div><\/div><div id=\"wpforms-6393-field_25-container\" class=\"wpforms-field wpforms-field-select wpforms-one-third wpforms-first wpforms-conditional-field wpforms-conditional-show wpforms-field-select-style-classic\" data-field-id=\"25\" style=\"display:none;\"><label class=\"wpforms-field-label\" for=\"wpforms-6393-field_25\">Nombre de persones <span class=\"wpforms-required-label\">*<\/span><\/label><select id=\"wpforms-6393-field_25\" class=\"wpforms-field-medium wpforms-field-required\" name=\"wpforms[fields][25]\" required=\"required\"><option value=\"\" class=\"placeholder\" disabled  selected='selected'>Nom\u00e9s per personalitzar el val<\/option><option value=\"1\"  class=\"choice-1 depth-1\"  >1<\/option><option value=\"2\"  class=\"choice-2 depth-1\"  >2<\/option><option value=\"3\"  class=\"choice-3 depth-1\"  >3<\/option><option value=\"4\"  class=\"choice-4 depth-1\"  >4<\/option><option value=\"5\"  class=\"choice-5 depth-1\"  >5<\/option><\/select><\/div><div id=\"wpforms-6393-field_188-container\" class=\"wpforms-field wpforms-field-divider\" data-field-id=\"188\"><\/div><div id=\"wpforms-6393-field_152-container\" class=\"wpforms-field wpforms-field-payment-multiple wpforms-conditional-field wpforms-conditional-show\" data-field-id=\"152\" style=\"display:none;\"><label class=\"wpforms-field-label\">Afegir visita guiada privada?<\/label><ul id=\"wpforms-6393-field_152\"><li class=\"choice-1\"><input type=\"radio\" id=\"wpforms-6393-field_152_1\" class=\"wpforms-payment-price\" data-amount=\"50,00\" name=\"wpforms[fields][152]\" value=\"1\"  ><label class=\"wpforms-field-label-inline\" for=\"wpforms-6393-field_152_1\">S\u00ed, vull afegir la Visita Guiada Privada per 50\u20ac<\/label><\/li><li class=\"choice-2\"><input type=\"radio\" id=\"wpforms-6393-field_152_2\" class=\"wpforms-payment-price\" data-amount=\"0,00\" name=\"wpforms[fields][152]\" value=\"2\"  ><label class=\"wpforms-field-label-inline\" for=\"wpforms-6393-field_152_2\">No, gr\u00e0cies<\/label><\/li><\/ul><\/div><div id=\"wpforms-6393-field_189-container\" class=\"wpforms-field wpforms-field-divider\" data-field-id=\"189\"><\/div><div id=\"wpforms-6393-field_81-container\" class=\"wpforms-field wpforms-field-divider\" data-field-id=\"81\"><h3 id=\"wpforms-6393-field_81\">RESUM DE LA TEVA COMPRA<\/h3><\/div><div id=\"wpforms-6393-field_19-container\" class=\"wpforms-field wpforms-field-payment-total wpforms-field-medium\" data-field-id=\"19\"><label class=\"wpforms-field-label\">PREU TOTAL<\/label><div class=\"wpforms-payment-total\" style=\"\">0,00 &euro;<\/div><input type=\"hidden\" id=\"wpforms-6393-field_19\" class=\"wpforms-field-medium wpforms-payment-total\" name=\"wpforms[fields][19]\" value=\"0\"><\/div><div id=\"wpforms-6393-field_153-container\" class=\"wpforms-field wpforms-field-pagebreak\" data-field-id=\"153\"><div class=\"wpforms-clear wpforms-pagebreak-left\"><button class=\"wpforms-page-button wpforms-page-next\" data-action=\"next\" data-page=\"1\" data-formid=\"6393\" disabled>Continuar amb la personalitzaci\u00f3 del regal<\/button><\/div><\/div><\/div><div class=\"wpforms-page wpforms-page-2  \" data-page=\"2\" style=\"display:none;\"><div id=\"wpforms-6393-field_83-container\" class=\"wpforms-field wpforms-field-divider\" data-field-id=\"83\"><h3 id=\"wpforms-6393-field_83\">LES DADES PEL VAL REGAL PERSONALITZAT<\/h3><\/div><div id=\"wpforms-6393-field_170-container\" class=\"wpforms-field wpforms-field-payment-total wpforms-field-medium\" data-field-id=\"170\"><label class=\"wpforms-field-label\">PREU TOTAL<\/label><div class=\"wpforms-payment-total\" style=\"\">0,00 &euro;<\/div><input type=\"hidden\" id=\"wpforms-6393-field_170\" class=\"wpforms-field-medium wpforms-payment-total\" name=\"wpforms[fields][170]\" value=\"0\"><\/div><div id=\"wpforms-6393-field_5-container\" class=\"wpforms-field wpforms-field-text\" data-field-id=\"5\"><label class=\"wpforms-field-label\" for=\"wpforms-6393-field_5\">Text pel Val regal <span class=\"wpforms-required-label\">*<\/span><\/label><input type=\"text\" id=\"wpforms-6393-field_5\" class=\"wpforms-field-large wpforms-field-required\" name=\"wpforms[fields][5]\" required><div class=\"wpforms-field-description\">Habitualment el nom de la persona o fam\u00edlia a qui vols obsequiar.<\/div><\/div><div id=\"wpforms-6393-field_201-container\" class=\"wpforms-field wpforms-field-name\" data-field-id=\"201\"><label class=\"wpforms-field-label\" for=\"wpforms-6393-field_201\">El teu nom <span class=\"wpforms-required-label\">*<\/span><\/label><input type=\"text\" id=\"wpforms-6393-field_201\" class=\"wpforms-field-medium wpforms-field-required\" name=\"wpforms[fields][201]\" required><\/div><div id=\"wpforms-6393-field_1-container\" class=\"wpforms-field wpforms-field-email\" data-field-id=\"1\"><label class=\"wpforms-field-label\" for=\"wpforms-6393-field_1\">El teu Email <span class=\"wpforms-required-label\">*<\/span><\/label><input type=\"email\" id=\"wpforms-6393-field_1\" class=\"wpforms-field-medium wpforms-field-required\" name=\"wpforms[fields][1]\" spellcheck=\"false\" required><\/div><div id=\"wpforms-6393-field_88-container\" class=\"wpforms-field wpforms-field-radio\" data-field-id=\"88\"><label class=\"wpforms-field-label\">En quin idioma vols rebre el Val Regal? <span class=\"wpforms-required-label\">*<\/span><\/label><ul id=\"wpforms-6393-field_88\" class=\"wpforms-field-required\"><li class=\"choice-1 depth-1\"><input type=\"radio\" id=\"wpforms-6393-field_88_1\" name=\"wpforms[fields][88]\" value=\"Catal\u00e0\" required ><label class=\"wpforms-field-label-inline\" for=\"wpforms-6393-field_88_1\">Catal\u00e0<\/label><\/li><li class=\"choice-2 depth-1\"><input type=\"radio\" id=\"wpforms-6393-field_88_2\" name=\"wpforms[fields][88]\" value=\"Castell\u00e0\" required ><label class=\"wpforms-field-label-inline\" for=\"wpforms-6393-field_88_2\">Castell\u00e0<\/label><\/li><li class=\"choice-3 depth-1\"><input type=\"radio\" id=\"wpforms-6393-field_88_3\" name=\"wpforms[fields][88]\" value=\"Angl\u00e8s\" required ><label class=\"wpforms-field-label-inline\" for=\"wpforms-6393-field_88_3\">Angl\u00e8s<\/label><\/li><\/ul><\/div><div id=\"wpforms-6393-field_86-container\" class=\"wpforms-field wpforms-field-text\" data-field-id=\"86\"><label class=\"wpforms-field-label\" for=\"wpforms-6393-field_86\">Hi ha alguna cosa m\u00e9s que haguem de saber?<\/label><input type=\"text\" id=\"wpforms-6393-field_86\" class=\"wpforms-field-large\" name=\"wpforms[fields][86]\" ><\/div><div id=\"wpforms-6393-field_180-container\" class=\"wpforms-field wpforms-field-pagebreak\" data-field-id=\"180\"><div class=\"wpforms-clear wpforms-pagebreak-left\"><button class=\"wpforms-page-button wpforms-page-prev\" data-action=\"prev\" data-page=\"2\" data-formid=\"6393\" disabled>Anterior<\/button><button class=\"wpforms-page-button wpforms-page-next\" data-action=\"next\" data-page=\"2\" data-formid=\"6393\" disabled>Seg\u00fcent<\/button><\/div><\/div><\/div><div class=\"wpforms-page wpforms-page-3 last \" data-page=\"3\" style=\"display:none;\"><div id=\"wpforms-6393-field_89-container\" class=\"wpforms-field wpforms-field-divider\" data-field-id=\"89\"><h3 id=\"wpforms-6393-field_89\">PROCEDEIX AMB LA TEVA COMPRA<\/h3><\/div><div id=\"wpforms-6393-field_177-container\" class=\"wpforms-field wpforms-field-payment-total wpforms-field-medium\" data-field-id=\"177\"><label class=\"wpforms-field-label\">PREU TOTAL DEL TEU REGAL<\/label><div class=\"wpforms-payment-total\" style=\"\">0,00 &euro;<\/div><input type=\"hidden\" id=\"wpforms-6393-field_177\" class=\"wpforms-field-medium wpforms-payment-total\" name=\"wpforms[fields][177]\" value=\"0\"><\/div><div id=\"wpforms-6393-field_183-container\" class=\"wpforms-field wpforms-field-divider\" data-field-id=\"183\"><\/div><div id=\"wpforms-6393-field_82-container\" class=\"wpforms-field wpforms-field-stripe-credit-card\" data-field-id=\"82\"><label class=\"wpforms-field-label\">Tu tarjeta de cr\u00e9dito <span class=\"wpforms-required-label\">*<\/span><\/label><div class=\"wpforms-field-row wpforms-no-columns wpforms-field-large \" data-sublabel-position=\"above\" data-link-email=\"\" data-required=\"1\"><div id=\"wpforms-field-stripe-link-element-6393\"><\/div><div id=\"wpforms-field-stripe-payment-element-6393\"><\/div><input type=\"text\" class=\"wpforms-stripe-credit-card-hidden-input\" name=\"wpforms[stripe-credit-card-hidden-input-6393]\" disabled style=\"display: none;\"><\/div><div class=\"wpforms-field-description\">Pagament segur amb sistema 3D SECURITY.<\/div><\/div><div id=\"wpforms-6393-field_178-container\" class=\"wpforms-field wpforms-field-checkbox\" data-field-id=\"178\"><ul id=\"wpforms-6393-field_178\" class=\"wpforms-field-required\"><li class=\"choice-1 depth-1\"><input type=\"checkbox\" id=\"wpforms-6393-field_178_1\" name=\"wpforms[fields][178][]\" value=\"Accepto la Pol\u00edtica de privacitat i la Pol\u00edtica de compra i devolucions de la Fundaci\u00f3 Zoo del Pirineu.\" required ><label class=\"wpforms-field-label-inline\" for=\"wpforms-6393-field_178_1\">Accepto la Pol\u00edtica de privacitat i la Pol\u00edtica de compra i devolucions de la Fundaci\u00f3 Zoo del Pirineu.<\/label><\/li><\/ul><div class=\"wpforms-field-description\"><a href=\"https:\/\/zoodelpirineu.com\/ca\/legal\/politica-privadesa\/\" target=\"_blank\">Pol\u00edtica de Privadesa<\/a> \/ <a href=\"https:\/\/zoodelpirineu.com\/ca\/legal\/politica-de-compra\/\" target=\"_blank\">Pol\u00edtica de compra<\/a> \/ <a href=\"https:\/\/zoodelpirineu.com\/ca\/legal\/politica-de-devolucions\/#vales-regalo\" target=\"_blank\">Pol\u00edtica de devolucions de vals regal<\/a><\/div><\/div><div id=\"wpforms-6393-field_133-container\" class=\"wpforms-field wpforms-field-pagebreak\" data-field-id=\"133\"><div class=\"wpforms-clear wpforms-pagebreak-left\"><\/div><\/div><\/div><\/div><!-- .wpforms-field-container --><div class=\"wpforms-submit-container\" style=\"display:none;\"><input type=\"hidden\" name=\"wpforms[id]\" value=\"6393\"><input type=\"hidden\" name=\"page_title\" value=\"\"><input type=\"hidden\" name=\"page_url\" value=\"https:\/\/zoodelpirineu.com\/ca\/wp-json\/wp\/v2\/pages\/6412\"><input type=\"hidden\" name=\"url_referer\" value=\"\"><button type=\"submit\" name=\"wpforms[submit]\" id=\"wpforms-submit-6393\" class=\"wpforms-submit\" data-alt-text=\"Enviant...\" data-submit-text=\"Confirmar i pagar\" aria-live=\"assertive\" value=\"wpforms-submit\">Confirmar i pagar<\/button><img loading=\"lazy\" decoding=\"async\" src=\"https:\/\/zoodelpirineu.com\/wp-content\/plugins\/wpforms\/assets\/images\/submit-spin.svg\" class=\"wpforms-submit-spinner\" style=\"display: none;\" width=\"26\" height=\"26\" alt=\"S&#039;est\u00e0 carregant\"><\/div><\/form><\/div>  <!-- .wpforms-container -->","protected":false},"excerpt":{"rendered":"<p>Regala una experi\u00e8ncia privada al Zoo del Pirineu \u2713 Proc\u00e9s de compra senzill i segur\u2713 Rep-lo per email en menys de 24 h El necessites &#8230; <\/p>\n<p class=\"read-more-container\"><a title=\"Comprar Val Regal Experi\u00e8ncia Privada\" class=\"read-more button\" href=\"https:\/\/zoodelpirineu.com\/ca\/experiencies-per-regalar\/comprar-vals-regals\/comprar-val-regal-experiencia-privada\/#more-6412\" aria-label=\"M\u00e9s informaci\u00f3 sobre Comprar Val Regal Experi\u00e8ncia Privada\">Read more<\/a><\/p>\n","protected":false},"author":1,"featured_media":0,"parent":3282,"menu_order":0,"comment_status":"closed","ping_status":"closed","template":"","meta":{"om_disable_all_campaigns":false,"_monsterinsights_skip_tracking":false,"_monsterinsights_sitenote_active":false,"_monsterinsights_sitenote_note":"","_monsterinsights_sitenote_category":0,"footnotes":""},"class_list":["post-6412","page","type-page","status-publish"],"aioseo_notices":[],"_links":{"self":[{"href":"https:\/\/zoodelpirineu.com\/ca\/wp-json\/wp\/v2\/pages\/6412","targetHints":{"allow":["GET"]}}],"collection":[{"href":"https:\/\/zoodelpirineu.com\/ca\/wp-json\/wp\/v2\/pages"}],"about":[{"href":"https:\/\/zoodelpirineu.com\/ca\/wp-json\/wp\/v2\/types\/page"}],"author":[{"embeddable":true,"href":"https:\/\/zoodelpirineu.com\/ca\/wp-json\/wp\/v2\/users\/1"}],"replies":[{"embeddable":true,"href":"https:\/\/zoodelpirineu.com\/ca\/wp-json\/wp\/v2\/comments?post=6412"}],"version-history":[{"count":1,"href":"https:\/\/zoodelpirineu.com\/ca\/wp-json\/wp\/v2\/pages\/6412\/revisions"}],"predecessor-version":[{"id":6413,"href":"https:\/\/zoodelpirineu.com\/ca\/wp-json\/wp\/v2\/pages\/6412\/revisions\/6413"}],"up":[{"embeddable":true,"href":"https:\/\/zoodelpirineu.com\/ca\/wp-json\/wp\/v2\/pages\/3282"}],"wp:attachment":[{"href":"https:\/\/zoodelpirineu.com\/ca\/wp-json\/wp\/v2\/media?parent=6412"}],"curies":[{"name":"wp","href":"https:\/\/api.w.org\/{rel}","templated":true}]}}