{"id":706,"date":"2023-02-12T05:11:23","date_gmt":"2023-02-12T04:11:23","guid":{"rendered":"https:\/\/zoodelpirineu.com\/sobre-nosaltres\/"},"modified":"2026-03-06T17:27:07","modified_gmt":"2026-03-06T16:27:07","slug":"sobre-nosaltres","status":"publish","type":"page","link":"https:\/\/zoodelpirineu.com\/ca\/sobre-nosaltres\/","title":{"rendered":"Sobre nosaltres"},"content":{"rendered":"\n<div class=\"wp-block-cover\"><img loading=\"lazy\" decoding=\"async\" width=\"1024\" height=\"410\" class=\"wp-block-cover__image-background wp-image-6175 size-large\" alt=\"Sobre nosotros: educadora del Zoo del Pirineu mostrando un ave rapaz a un ni\u00f1o durante una actividad de educaci\u00f3n y protecci\u00f3n de fauna salvaje en Catalu\u00f1a.\" src=\"https:\/\/zoodelpirineu.com\/wp-content\/uploads\/2026\/02\/educacionambientalreal-1024x410.jpg\" style=\"object-position:47% 28%\" data-object-fit=\"cover\" data-object-position=\"47% 28%\" srcset=\"https:\/\/zoodelpirineu.com\/wp-content\/uploads\/2026\/02\/educacionambientalreal-1024x410.jpg 1024w, https:\/\/zoodelpirineu.com\/wp-content\/uploads\/2026\/02\/educacionambientalreal-300x120.jpg 300w, https:\/\/zoodelpirineu.com\/wp-content\/uploads\/2026\/02\/educacionambientalreal-768x307.jpg 768w, https:\/\/zoodelpirineu.com\/wp-content\/uploads\/2026\/02\/educacionambientalreal-1536x614.jpg 1536w, https:\/\/zoodelpirineu.com\/wp-content\/uploads\/2026\/02\/educacionambientalreal.jpg 2000w\" sizes=\"auto, (max-width: 1024px) 100vw, 1024px\" \/><span aria-hidden=\"true\" class=\"wp-block-cover__background has-background-dim\"><\/span><div class=\"wp-block-cover__inner-container is-layout-flow wp-block-cover-is-layout-flow\">\n<div style=\"height:60px\" aria-hidden=\"true\" class=\"wp-block-spacer\"><\/div>\n\n\n\n<p class=\"has-text-align-center has-base-3-color has-text-color has-large-font-size\">No som aqu\u00ed nom\u00e9s per salvar animals.<\/p>\n\n\n\n<p class=\"has-text-align-center has-base-3-color has-text-color has-large-font-size\">Eduquem, rescatem i transformem la manera<br>com la societat protegeix la fauna salvatge.<\/p>\n<\/div><\/div>\n\n\n\n<div style=\"height:100px\" aria-hidden=\"true\" class=\"wp-block-spacer\"><\/div>\n\n\n\n<div class=\"wp-block-columns is-layout-flex wp-container-core-columns-is-layout-9d6595d7 wp-block-columns-is-layout-flex\">\n<div class=\"wp-block-column is-layout-flow wp-block-column-is-layout-flow\" style=\"flex-basis:20%\"><\/div>\n\n\n\n<div class=\"wp-block-column has-base-background-color has-background is-layout-flow wp-block-column-is-layout-flow\">\n<div style=\"height:20px\" aria-hidden=\"true\" class=\"wp-block-spacer\"><\/div>\n\n\n\n<h2 class=\"wp-block-heading has-text-align-center\">QUI SOM<\/h2>\n\n\n\n<p class=\"has-text-align-center\">Som <strong>la Fundaci\u00f3 Zoo del Pirineu<\/strong>, el centre privat de rescat de fauna salvatge m\u00e9s gran de Catalunya.<br>Des del 2014 integrem <strong>rescat, educaci\u00f3 i conservaci\u00f3<\/strong> en un \u00fanic projecte<\/p>\n\n\n\n<div class=\"wp-block-columns is-layout-flex wp-container-core-columns-is-layout-9d6595d7 wp-block-columns-is-layout-flex\">\n<div class=\"wp-block-column is-layout-flow wp-block-column-is-layout-flow\" style=\"flex-basis:5%\"><\/div>\n\n\n\n<div class=\"wp-block-column is-layout-flow wp-block-column-is-layout-flow\"><div class=\"wp-block-image\">\n<figure class=\"aligncenter size-thumbnail is-resized\"><img loading=\"lazy\" decoding=\"async\" width=\"150\" height=\"150\" src=\"https:\/\/zoodelpirineu.com\/wp-content\/uploads\/2023\/02\/OK-icono-150x150.png\" alt=\"Qu\u00e8 has de fer per treballar amb nosaltres.\" class=\"wp-image-500\" style=\"width:38px;height:38px\"\/><\/figure>\n<\/div>\n\n\n<p class=\"has-text-align-center\">Rescatem i rehabilitem animals salvatges amb criteri t\u00e8cnic i protocols rigorosos.<\/p>\n<\/div>\n\n\n\n<div class=\"wp-block-column is-layout-flow wp-block-column-is-layout-flow\"><div class=\"wp-block-image\">\n<figure class=\"aligncenter size-thumbnail is-resized\"><img loading=\"lazy\" decoding=\"async\" width=\"150\" height=\"150\" src=\"https:\/\/zoodelpirineu.com\/wp-content\/uploads\/2023\/02\/OK-icono-150x150.png\" alt=\"Qu\u00e8 has de fer per treballar amb nosaltres.\" class=\"wp-image-500\" style=\"width:38px;height:38px\"\/><\/figure>\n<\/div>\n\n\n<p class=\"has-text-align-center\">Eduquem milers de persones cada any per fomentar una cultura activa de respecte i protecci\u00f3 de la natura.<\/p>\n<\/div>\n\n\n\n<div class=\"wp-block-column is-layout-flow wp-block-column-is-layout-flow\"><div class=\"wp-block-image\">\n<figure class=\"aligncenter size-thumbnail is-resized\"><img loading=\"lazy\" decoding=\"async\" width=\"150\" height=\"150\" src=\"https:\/\/zoodelpirineu.com\/wp-content\/uploads\/2023\/02\/OK-icono-150x150.png\" alt=\"Qu\u00e8 has de fer per treballar amb nosaltres.\" class=\"wp-image-500\" style=\"width:38px;height:38px\"\/><\/figure>\n<\/div>\n\n\n<p class=\"has-text-align-center\">Desenvolupem projectes de conservaci\u00f3 orientats a protegir el futur de la fauna salvatge.<\/p>\n<\/div>\n\n\n\n<div class=\"wp-block-column is-layout-flow wp-block-column-is-layout-flow\" style=\"flex-basis:5%\"><\/div>\n<\/div>\n<\/div>\n\n\n\n<div class=\"wp-block-column is-layout-flow wp-block-column-is-layout-flow\" style=\"flex-basis:20%\"><\/div>\n<\/div>\n\n\n\n<div style=\"height:100px\" aria-hidden=\"true\" class=\"wp-block-spacer\"><\/div>\n\n\n\n<h2 class=\"wp-block-heading has-text-align-center\">EL NOSTRE EQUIP<\/h2>\n\n\n\n<div class=\"wp-block-columns is-layout-flex wp-container-core-columns-is-layout-9d6595d7 wp-block-columns-is-layout-flex\">\n<div class=\"wp-block-column is-layout-flow wp-block-column-is-layout-flow\" style=\"flex-basis:25%\"><\/div>\n\n\n\n<div class=\"wp-block-column is-layout-flow wp-block-column-is-layout-flow\" style=\"flex-basis:50%\">\n<p class=\"has-text-align-center\">Comptem amb un equip de professionals especialitzats en rescat i rehabilitaci\u00f3 de fauna salvatge, compromesos amb l&#8217;excel\u00b7l\u00e8ncia t\u00e8cnica i amb una vocaci\u00f3 profunda per la protecci\u00f3 de la natura.<\/p>\n<\/div>\n\n\n\n<div class=\"wp-block-column is-layout-flow wp-block-column-is-layout-flow\" style=\"flex-basis:25%\"><\/div>\n<\/div>\n\n\n\n<h3 class=\"wp-block-heading has-text-align-center\">Lideratge<\/h3>\n\n\n\n<div style=\"height:20px\" aria-hidden=\"true\" class=\"wp-block-spacer\"><\/div>\n\n\n\n<div class=\"wp-block-columns is-layout-flex wp-container-core-columns-is-layout-9d6595d7 wp-block-columns-is-layout-flex\">\n<div class=\"wp-block-column is-layout-flow wp-block-column-is-layout-flow\" style=\"flex-basis:5%\"><\/div>\n\n\n\n<div class=\"wp-block-column has-base-background-color has-background is-layout-flow wp-block-column-is-layout-flow\">\n<div style=\"height:20px\" aria-hidden=\"true\" class=\"wp-block-spacer\"><\/div>\n\n\n<div class=\"wp-block-image is-style-rounded\">\n<figure class=\"aligncenter size-medium is-resized\"><img loading=\"lazy\" decoding=\"async\" width=\"300\" height=\"225\" src=\"https:\/\/zoodelpirineu.com\/wp-content\/uploads\/2023\/01\/Stania-y-cuervos-300x225.jpg\" alt=\"Visi\u00f3 i Estrat\u00e8gia\" class=\"wp-image-192\" style=\"width:150px;height:113px\" srcset=\"https:\/\/zoodelpirineu.com\/wp-content\/uploads\/2023\/01\/Stania-y-cuervos-300x225.jpg 300w, https:\/\/zoodelpirineu.com\/wp-content\/uploads\/2023\/01\/Stania-y-cuervos-768x576.jpg 768w, https:\/\/zoodelpirineu.com\/wp-content\/uploads\/2023\/01\/Stania-y-cuervos.jpg 800w\" sizes=\"auto, (max-width: 300px) 100vw, 300px\" \/><\/figure>\n<\/div>\n\n\n<h4 class=\"wp-block-heading has-text-align-center\"><a href=\"https:\/\/zoodelpirineu.com\/ca\/sobre-nosaltres\/stania-kuspertova\/\" title=\"Stania Kuspertova\">Stania Kuspertova<\/a><\/h4>\n\n\n\n<p class=\"has-text-align-center\">Directora Executiva i Educaci\u00f3 Ambiental<\/p>\n\n\n\n<p class=\"has-text-align-center\"><em>Direcci\u00f3 estrat\u00e8gica del projecte i lideratge del model educatiu del Zoo del Pirineu.<\/em><\/p>\n<\/div>\n\n\n\n<div class=\"wp-block-column has-base-background-color has-background is-layout-flow wp-block-column-is-layout-flow\">\n<div style=\"height:20px\" aria-hidden=\"true\" class=\"wp-block-spacer\"><\/div>\n\n\n<div class=\"wp-block-image is-style-rounded\">\n<figure class=\"aligncenter size-medium is-resized\"><img loading=\"lazy\" decoding=\"async\" width=\"300\" height=\"225\" src=\"https:\/\/zoodelpirineu.com\/wp-content\/uploads\/2023\/06\/Veterinaria-fauna-salvaje-300x225.jpg\" alt=\"\" class=\"wp-image-1433\" style=\"width:150px;height:113px\" srcset=\"https:\/\/zoodelpirineu.com\/wp-content\/uploads\/2023\/06\/Veterinaria-fauna-salvaje-300x225.jpg 300w, https:\/\/zoodelpirineu.com\/wp-content\/uploads\/2023\/06\/Veterinaria-fauna-salvaje-768x576.jpg 768w, https:\/\/zoodelpirineu.com\/wp-content\/uploads\/2023\/06\/Veterinaria-fauna-salvaje.jpg 800w\" sizes=\"auto, (max-width: 300px) 100vw, 300px\" \/><\/figure>\n<\/div>\n\n\n<h4 class=\"wp-block-heading has-text-align-center\"><a href=\"https:\/\/zoodelpirineu.com\/ca\/sobre-nosaltres\/laia-sanchez-golobart-veterinaria-de-fauna-salvatge\/\" title=\"Laia Sanchez Golobart, veterin\u00e0ria de fauna salvatge al Pirineu\">Laia Sanchez Golobart<\/a><\/h4>\n\n\n\n<p class=\"has-text-align-center\">Veterin\u00e0ria Titular<\/p>\n\n\n\n<p class=\"has-text-align-center\"><em>Direcci\u00f3 cl\u00ednica i criteri t\u00e8cnic en benestar animal, rehabilitaci\u00f3 i presa de decisions estrat\u00e8giques del centre.<\/em><\/p>\n<\/div>\n\n\n\n<div class=\"wp-block-column has-base-background-color has-background is-layout-flow wp-block-column-is-layout-flow\">\n<div style=\"height:20px\" aria-hidden=\"true\" class=\"wp-block-spacer\"><\/div>\n\n\n<div class=\"wp-block-image is-style-rounded\">\n<figure class=\"aligncenter size-medium is-resized\"><img loading=\"lazy\" decoding=\"async\" width=\"300\" height=\"225\" src=\"https:\/\/zoodelpirineu.com\/wp-content\/uploads\/2023\/02\/Eloi-Arenas-Lopez-300x225.jpg\" alt=\"Sobre nosaltres Eloi Arenas Lopez\" class=\"wp-image-653\" style=\"width:150px;height:113px\" srcset=\"https:\/\/zoodelpirineu.com\/wp-content\/uploads\/2023\/02\/Eloi-Arenas-Lopez-300x225.jpg 300w, https:\/\/zoodelpirineu.com\/wp-content\/uploads\/2023\/02\/Eloi-Arenas-Lopez-768x576.jpg 768w, https:\/\/zoodelpirineu.com\/wp-content\/uploads\/2023\/02\/Eloi-Arenas-Lopez.jpg 800w\" sizes=\"auto, (max-width: 300px) 100vw, 300px\" \/><\/figure>\n<\/div>\n\n\n<h4 class=\"wp-block-heading has-text-align-center\">Eloi Arenas Lopez<\/h4>\n\n\n\n<p class=\"has-text-align-center\">Director d\u2019Infraestructures<\/p>\n\n\n\n<p class=\"has-text-align-center\"><em>Gesti\u00f3 d\u2019espais orientats al benestar animal, seguretat i experi\u00e8ncia del visitant.<\/em><\/p>\n<\/div>\n\n\n\n<div class=\"wp-block-column is-layout-flow wp-block-column-is-layout-flow\" style=\"flex-basis:5%\"><\/div>\n<\/div>\n\n\n\n<div style=\"height:60px\" aria-hidden=\"true\" class=\"wp-block-spacer\"><\/div>\n\n\n\n<div class=\"wp-block-columns is-layout-flex wp-container-core-columns-is-layout-9d6595d7 wp-block-columns-is-layout-flex\">\n<div class=\"wp-block-column is-layout-flow wp-block-column-is-layout-flow\">\n<h3 class=\"wp-block-heading has-text-align-center\">\u00c0rea de Fauna Salvatge<\/h3>\n\n\n\n<div class=\"wp-block-columns is-layout-flex wp-container-core-columns-is-layout-9d6595d7 wp-block-columns-is-layout-flex\">\n<div class=\"wp-block-column has-base-background-color has-background is-layout-flow wp-block-column-is-layout-flow\">\n<div style=\"height:20px\" aria-hidden=\"true\" class=\"wp-block-spacer\"><\/div>\n\n\n<div class=\"wp-block-image is-style-rounded\">\n<figure class=\"aligncenter size-medium is-resized\"><img loading=\"lazy\" decoding=\"async\" width=\"300\" height=\"225\" src=\"https:\/\/zoodelpirineu.com\/wp-content\/uploads\/2026\/02\/rogervallsbiologo-300x225.jpg\" alt=\"\" class=\"wp-image-6182\" style=\"width:150px;height:113px\" srcset=\"https:\/\/zoodelpirineu.com\/wp-content\/uploads\/2026\/02\/rogervallsbiologo-300x225.jpg 300w, https:\/\/zoodelpirineu.com\/wp-content\/uploads\/2026\/02\/rogervallsbiologo-768x576.jpg 768w, https:\/\/zoodelpirineu.com\/wp-content\/uploads\/2026\/02\/rogervallsbiologo.jpg 800w\" sizes=\"auto, (max-width: 300px) 100vw, 300px\" \/><\/figure>\n<\/div>\n\n\n<h4 class=\"wp-block-heading has-text-align-center\">Roger Valls Mart\u00ednez<\/h4>\n\n\n\n<p class=\"has-text-align-center\">Responsable de l\u2019\u00c0rea d\u2019Animals<\/p>\n\n\n\n<p class=\"has-text-align-center\"><em>Enginyer de Sistemes Biol\u00f2gics especialitzat en benestar animal i rehabilitaci\u00f3 de fauna salvatge.<\/em><\/p>\n<\/div>\n\n\n\n<div class=\"wp-block-column has-base-background-color has-background is-layout-flow wp-block-column-is-layout-flow\">\n<div style=\"height:20px\" aria-hidden=\"true\" class=\"wp-block-spacer\"><\/div>\n\n\n<div class=\"wp-block-image is-style-rounded\">\n<figure class=\"aligncenter size-medium is-resized\"><img loading=\"lazy\" decoding=\"async\" width=\"300\" height=\"225\" src=\"https:\/\/zoodelpirineu.com\/wp-content\/uploads\/2024\/09\/Manel-Sanchez-Santiago-300x225.jpg\" alt=\"\" class=\"wp-image-1944\" style=\"width:150px;height:113px\" srcset=\"https:\/\/zoodelpirineu.com\/wp-content\/uploads\/2024\/09\/Manel-Sanchez-Santiago-300x225.jpg 300w, https:\/\/zoodelpirineu.com\/wp-content\/uploads\/2024\/09\/Manel-Sanchez-Santiago-768x576.jpg 768w, https:\/\/zoodelpirineu.com\/wp-content\/uploads\/2024\/09\/Manel-Sanchez-Santiago.jpg 800w\" sizes=\"auto, (max-width: 300px) 100vw, 300px\" \/><\/figure>\n<\/div>\n\n\n<h4 class=\"wp-block-heading has-text-align-center\">Manu Sanchez Santiago<\/h4>\n\n\n\n<p class=\"has-text-align-center\">Auxiliar Veterinari<\/p>\n\n\n\n<p class=\"has-text-align-center\"><em>Suport cl\u00ednic en la rehabilitaci\u00f3 de fauna salvatge i manteniment t\u00e8cnic de les instal\u00b7lacions.<\/em><\/p>\n<\/div>\n<\/div>\n<\/div>\n\n\n\n<div class=\"wp-block-column is-layout-flow wp-block-column-is-layout-flow\">\n<h3 class=\"wp-block-heading has-text-align-center\">Comunicaci\u00f3 i Creixement<\/h3>\n\n\n\n<div class=\"wp-block-columns is-layout-flex wp-container-core-columns-is-layout-9d6595d7 wp-block-columns-is-layout-flex\">\n<div class=\"wp-block-column has-base-background-color has-background is-layout-flow wp-block-column-is-layout-flow\">\n<div style=\"height:20px\" aria-hidden=\"true\" class=\"wp-block-spacer\"><\/div>\n\n\n<div class=\"wp-block-image is-style-rounded\">\n<figure class=\"aligncenter size-medium is-resized\"><img loading=\"lazy\" decoding=\"async\" width=\"300\" height=\"225\" src=\"https:\/\/zoodelpirineu.com\/wp-content\/uploads\/2026\/02\/noeliasanchezcomunitymanager-300x225.jpg\" alt=\"\" class=\"wp-image-6186\" style=\"width:150px;height:113px\" srcset=\"https:\/\/zoodelpirineu.com\/wp-content\/uploads\/2026\/02\/noeliasanchezcomunitymanager-300x225.jpg 300w, https:\/\/zoodelpirineu.com\/wp-content\/uploads\/2026\/02\/noeliasanchezcomunitymanager-768x576.jpg 768w, https:\/\/zoodelpirineu.com\/wp-content\/uploads\/2026\/02\/noeliasanchezcomunitymanager.jpg 800w\" sizes=\"auto, (max-width: 300px) 100vw, 300px\" \/><\/figure>\n<\/div>\n\n\n<h4 class=\"wp-block-heading has-text-align-center\">Noelia S\u00e1nchez S\u00e1nchez<\/h4>\n\n\n\n<p class=\"has-text-align-center\">Responsable d\u2019Estrat\u00e8gia Digital<\/p>\n\n\n\n<p class=\"has-text-align-center\"><em>Graduada en Mitjans de Comunicaci\u00f3 Audiovisual. Desenvolupament de continguts i captaci\u00f3 de fons. <\/em><\/p>\n<\/div>\n\n\n\n<div class=\"wp-block-column has-base-background-color has-background is-layout-flow wp-block-column-is-layout-flow\">\n<div style=\"height:20px\" aria-hidden=\"true\" class=\"wp-block-spacer\"><\/div>\n\n\n<div class=\"wp-block-image is-style-rounded\">\n<figure class=\"aligncenter size-medium is-resized\"><img loading=\"lazy\" decoding=\"async\" width=\"300\" height=\"225\" src=\"https:\/\/zoodelpirineu.com\/wp-content\/uploads\/2023\/02\/Anna-Tristany-Otero-300x225.png\" alt=\"\" class=\"wp-image-2908\" style=\"width:150px;height:113px\" srcset=\"https:\/\/zoodelpirineu.com\/wp-content\/uploads\/2023\/02\/Anna-Tristany-Otero-300x225.png 300w, https:\/\/zoodelpirineu.com\/wp-content\/uploads\/2023\/02\/Anna-Tristany-Otero-768x576.png 768w, https:\/\/zoodelpirineu.com\/wp-content\/uploads\/2023\/02\/Anna-Tristany-Otero.png 800w\" sizes=\"auto, (max-width: 300px) 100vw, 300px\" \/><\/figure>\n<\/div>\n\n\n<h4 class=\"wp-block-heading has-text-align-center\">Anna Tristany Otero<\/h4>\n\n\n\n<p class=\"has-text-align-center\">Responsable de Relacions P\u00fabliques<\/p>\n\n\n\n<p class=\"has-text-align-center\"><em>Graduada en Publicitat, RP i M\u00e0rqueting. Aliances estrat\u00e8giques i posicionament institucional. <\/em><\/p>\n<\/div>\n<\/div>\n<\/div>\n<\/div>\n\n\n\n<div style=\"height:100px\" aria-hidden=\"true\" class=\"wp-block-spacer\"><\/div>\n\n\n\n<div class=\"wp-block-columns is-layout-flex wp-container-core-columns-is-layout-9d6595d7 wp-block-columns-is-layout-flex\">\n<div class=\"wp-block-column is-layout-flow wp-block-column-is-layout-flow\" style=\"flex-basis:10%\"><\/div>\n\n\n\n<div class=\"wp-block-column is-layout-flow wp-block-column-is-layout-flow\" style=\"flex-basis:50%\">\n<h2 class=\"wp-block-heading\">EL NOSTRE IMPACTE EN XIFRES<\/h2>\n\n\n\n<p class=\"has-medium-font-size\">El nostre model no es basa en la intenci\u00f3, sin\u00f3 en l\u2019execuci\u00f3 i en resultats verificables. Cada xifra reflecteix rescat, educaci\u00f3 i canvi real en la manera com les persones es relacionen amb la fauna. <\/p>\n\n\n\n<p>Rescatar no \u00e9s suficient. Sense prevenci\u00f3 i educaci\u00f3, el problema es repeteix.<br>Per aix\u00f2 actuem en tres nivells: rescat, formaci\u00f3 i transformaci\u00f3 social. <\/p>\n\n\n\n<p><strong><a href=\"https:\/\/zoodelpirineu.com\/ca\/sobre-nosaltres\/zoo-del-pirineu-a-la-premsa\/\" target=\"_blank\" rel=\"noopener\" title=\"Zoo del Pirineu a la premsa\">La nostra tasca ha estat reconeguda per mitjans de comunicaci\u00f3 nacionals.<\/a><\/strong><\/p>\n\n\n\n<p><strong><a href=\"https:\/\/zoodelpirineu.com\/ca\/donacio\/empreses\/\" target=\"_blank\" rel=\"noopener\" title=\"Empreses\">Empreses<\/a><\/strong>, <strong><a href=\"https:\/\/educando.zoodelpirineu.com\" target=\"_blank\" rel=\"noopener\" title=\"centres educatius\">centres educatius<\/a><\/strong>, <strong><a href=\"https:\/\/visitar.zoodelpirineu.com\/ca\/\" target=\"_blank\" rel=\"noopener\" title=\"visitants\">visitants<\/a> <\/strong>i <strong><a href=\"https:\/\/zoodelpirineu.com\/ca\/donacio\/\" target=\"_blank\" rel=\"noopener\" title=\"persones\">col\u00b7laboradors privats<\/a><\/strong> formen part d\u2019un projecte amb resultats tangibles i mesurables.<\/p>\n\n\n\n<div class=\"wp-block-buttons is-layout-flex wp-block-buttons-is-layout-flex\">\n<div class=\"wp-block-button\"><a class=\"wp-block-button__link wp-element-button\" href=\"https:\/\/zoodelpirineu.com\/wp-content\/uploads\/2026\/02\/2025-CAT-MEMORIA.pdf\" style=\"border-top-left-radius:0px;border-top-right-radius:0px;border-bottom-left-radius:0px;border-bottom-right-radius:0px\">Veure Mem\u00f2ria Anual 2025<\/a><\/div>\n<\/div>\n<\/div>\n\n\n\n<div class=\"wp-block-column is-layout-flow wp-block-column-is-layout-flow\">\n<h2 class=\"wp-block-heading has-text-align-center\">Any 2025<\/h2>\n\n\n\n<figure class=\"wp-block-table\"><table><tbody><tr><td class=\"has-text-align-center\" data-align=\"center\"><strong>529<\/strong><br>animals acollits<\/td><\/tr><tr><td class=\"has-text-align-center\" data-align=\"center\"><strong>320<\/strong><br>animals alliberats<\/td><\/tr><tr><td class=\"has-text-align-center\" data-align=\"center\"><strong><strong>13.926<\/strong><\/strong><br>visitants<\/td><\/tr><tr><td class=\"has-text-align-center\" data-align=\"center\"><strong>108<\/strong><br>escoles participants<\/td><\/tr><\/tbody><\/table><\/figure>\n<\/div>\n\n\n\n<div class=\"wp-block-column is-layout-flow wp-block-column-is-layout-flow\" style=\"flex-basis:10%\"><\/div>\n<\/div>\n\n\n\n<div style=\"height:60px\" aria-hidden=\"true\" class=\"wp-block-spacer\"><\/div>\n\n\n\n<div class=\"wp-block-cover\"><img loading=\"lazy\" decoding=\"async\" width=\"1024\" height=\"410\" class=\"wp-block-cover__image-background wp-image-6178 size-large\" alt=\"Visitantes y colaboradores del centro de rescate Zoo del Pirineu en un encuentro comunitario en Catalu\u00f1a.\" src=\"https:\/\/zoodelpirineu.com\/wp-content\/uploads\/2026\/02\/comunidaddelzoodelpirineu-1024x410.jpg\" data-object-fit=\"cover\" srcset=\"https:\/\/zoodelpirineu.com\/wp-content\/uploads\/2026\/02\/comunidaddelzoodelpirineu-1024x410.jpg 1024w, https:\/\/zoodelpirineu.com\/wp-content\/uploads\/2026\/02\/comunidaddelzoodelpirineu-300x120.jpg 300w, https:\/\/zoodelpirineu.com\/wp-content\/uploads\/2026\/02\/comunidaddelzoodelpirineu-768x307.jpg 768w, https:\/\/zoodelpirineu.com\/wp-content\/uploads\/2026\/02\/comunidaddelzoodelpirineu-1536x614.jpg 1536w, https:\/\/zoodelpirineu.com\/wp-content\/uploads\/2026\/02\/comunidaddelzoodelpirineu.jpg 2000w\" sizes=\"auto, (max-width: 1024px) 100vw, 1024px\" \/><span aria-hidden=\"true\" class=\"wp-block-cover__background has-background-dim-40 has-background-dim\"><\/span><div class=\"wp-block-cover__inner-container is-layout-flow wp-block-cover-is-layout-flow\">\n<div style=\"height:100px\" aria-hidden=\"true\" class=\"wp-block-spacer\"><\/div>\n\n\n\n<p class=\"has-text-align-center has-base-3-color has-text-color has-large-font-size\">FORMES DE PARTICIPAR<\/p>\n\n\n\n<div style=\"height:40px\" aria-hidden=\"true\" class=\"wp-block-spacer\"><\/div>\n\n\n\n<div class=\"wp-block-columns is-layout-flex wp-container-core-columns-is-layout-9d6595d7 wp-block-columns-is-layout-flex\">\n<div class=\"wp-block-column is-layout-flow wp-block-column-is-layout-flow\">\n<div class=\"wp-block-buttons is-content-justification-center is-layout-flex wp-container-core-buttons-is-layout-16018d1d wp-block-buttons-is-layout-flex\">\n<div class=\"wp-block-button has-custom-width wp-block-button__width-75 is-style-outline is-style-outline--1\"><a class=\"wp-block-button__link has-contrast-color has-base-3-background-color has-text-color has-background has-small-font-size has-custom-font-size wp-element-button\" href=\"https:\/\/visitar.zoodelpirineu.com\/ca\/\" style=\"border-radius:0px\">Visitar el centre<\/a><\/div>\n<\/div>\n<\/div>\n\n\n\n<div class=\"wp-block-column is-layout-flow wp-block-column-is-layout-flow\">\n<div class=\"wp-block-buttons is-content-justification-center is-layout-flex wp-container-core-buttons-is-layout-16018d1d wp-block-buttons-is-layout-flex\">\n<div class=\"wp-block-button has-custom-width wp-block-button__width-75 is-style-outline is-style-outline--2\"><a class=\"wp-block-button__link has-contrast-color has-base-3-background-color has-text-color has-background has-small-font-size has-custom-font-size wp-element-button\" href=\"https:\/\/zoodelpirineu.com\/empresas\/\" style=\"border-radius:0px\">Empreses i institucions<\/a><\/div>\n<\/div>\n<\/div>\n\n\n\n<div class=\"wp-block-column is-layout-flow wp-block-column-is-layout-flow\">\n<div class=\"wp-block-buttons is-content-justification-center is-layout-flex wp-container-core-buttons-is-layout-16018d1d wp-block-buttons-is-layout-flex\">\n<div class=\"wp-block-button has-custom-width wp-block-button__width-75 is-style-fill\"><a class=\"wp-block-button__link has-contrast-color has-base-3-background-color has-text-color has-background has-small-font-size has-custom-font-size wp-element-button\" href=\"https:\/\/zoodelpirineu.com\/ca\/donacio\/\" style=\"border-radius:0px\">Donar o col\u00b7laborar<\/a><\/div>\n<\/div>\n<\/div>\n\n\n\n<div class=\"wp-block-column is-layout-flow wp-block-column-is-layout-flow\">\n<div class=\"wp-block-buttons is-content-justification-center is-layout-flex wp-container-core-buttons-is-layout-16018d1d wp-block-buttons-is-layout-flex\">\n<div class=\"wp-block-button has-custom-width wp-block-button__width-75 is-style-outline is-style-outline--3\"><a class=\"wp-block-button__link has-contrast-color has-base-3-background-color has-text-color has-background has-small-font-size has-custom-font-size wp-element-button\" href=\"https:\/\/zoodelpirineu.com\/ca\/sobre-nosaltres\/treballa-amb-nosaltres\/practiques-a-l-empresa\/\" style=\"border-radius:0px\">Pr\u00e0ctiques i voluntariat<\/a><\/div>\n<\/div>\n<\/div>\n\n\n\n<div class=\"wp-block-column is-layout-flow wp-block-column-is-layout-flow\">\n<div class=\"wp-block-buttons is-content-justification-center is-layout-flex wp-container-core-buttons-is-layout-16018d1d wp-block-buttons-is-layout-flex\">\n<div class=\"wp-block-button has-custom-width wp-block-button__width-75 is-style-outline is-style-outline--4\"><a class=\"wp-block-button__link has-contrast-color has-base-3-background-color has-text-color has-background has-small-font-size has-custom-font-size wp-element-button\" href=\"https:\/\/zoodelpirineu.com\/ca\/sobre-nosaltres\/zoo-del-pirineu-a-la-premsa\/\" style=\"border-radius:0px\">Zoo a la Premsa<\/a><\/div>\n<\/div>\n<\/div>\n<\/div>\n<\/div><\/div>\n\n\n\n<p><\/p>\n","protected":false},"excerpt":{"rendered":"<p>Vols saber m\u00e9s sobre nosaltres? El Zoo del Pirineu \u00e9s una organitzaci\u00f3 sense \u00e0nim de lucre que rescata animals salvatges i cuida dels que no poden tornar a la natura. Avancem cada dia gr\u00e0cies a l&#8217;ajuda dels nostres visitants, socis i generosos patrocinadors.<\/p>\n","protected":false},"author":1,"featured_media":5938,"parent":0,"menu_order":0,"comment_status":"closed","ping_status":"open","template":"","meta":{"om_disable_all_campaigns":false,"_monsterinsights_skip_tracking":false,"_monsterinsights_sitenote_active":false,"_monsterinsights_sitenote_note":"","_monsterinsights_sitenote_category":0,"footnotes":""},"class_list":["post-706","page","type-page","status-publish","has-post-thumbnail"],"aioseo_notices":[],"_links":{"self":[{"href":"https:\/\/zoodelpirineu.com\/ca\/wp-json\/wp\/v2\/pages\/706","targetHints":{"allow":["GET"]}}],"collection":[{"href":"https:\/\/zoodelpirineu.com\/ca\/wp-json\/wp\/v2\/pages"}],"about":[{"href":"https:\/\/zoodelpirineu.com\/ca\/wp-json\/wp\/v2\/types\/page"}],"author":[{"embeddable":true,"href":"https:\/\/zoodelpirineu.com\/ca\/wp-json\/wp\/v2\/users\/1"}],"replies":[{"embeddable":true,"href":"https:\/\/zoodelpirineu.com\/ca\/wp-json\/wp\/v2\/comments?post=706"}],"version-history":[{"count":22,"href":"https:\/\/zoodelpirineu.com\/ca\/wp-json\/wp\/v2\/pages\/706\/revisions"}],"predecessor-version":[{"id":6502,"href":"https:\/\/zoodelpirineu.com\/ca\/wp-json\/wp\/v2\/pages\/706\/revisions\/6502"}],"wp:featuredmedia":[{"embeddable":true,"href":"https:\/\/zoodelpirineu.com\/ca\/wp-json\/wp\/v2\/media\/5938"}],"wp:attachment":[{"href":"https:\/\/zoodelpirineu.com\/ca\/wp-json\/wp\/v2\/media?parent=706"}],"curies":[{"name":"wp","href":"https:\/\/api.w.org\/{rel}","templated":true}]}}