{"id":968,"date":"2021-12-22T13:23:49","date_gmt":"2021-12-22T12:23:49","guid":{"rendered":"https:\/\/regalar-experiencias.zoodelpirineu.com\/validesa-del-val-regal\/"},"modified":"2026-01-14T16:48:18","modified_gmt":"2026-01-14T15:48:18","slug":"validesa-del-val-regal","status":"publish","type":"page","link":"https:\/\/zoodelpirineu.com\/ca\/experiencies-per-regalar\/preguntes-frequents-vals-regal\/validesa-del-val-regal\/","title":{"rendered":"Quina \u00e9s la validesa del val regal?"},"content":{"rendered":"\n<div class=\"wp-block-media-text alignwide is-stacked-on-mobile has-background\" style=\"background-color:#f7fefb\"><figure class=\"wp-block-media-text__media\"><img decoding=\"async\" src=\"https:\/\/regalar-experiencias.zoodelpirineu.com\/wp-content\/uploads\/2021\/12\/Valideza-de-vale-regalo.jpg\" alt=\"\" class=\"wp-image-146 size-full\"\/><\/figure><div class=\"wp-block-media-text__content\">\n<p>La validesa del val regal \u00e9s de <strong>12 mesos des de la seva emissi\u00f3<\/strong>.<\/p>\n\n\n\n<p>En altres paraules:<br\/>El dia per venir a gaudir de les activitats regalades ha de ser abans dels 12 mesos de la data d&#8217;emissi\u00f3 del Val regal.<\/p>\n\n\n\n<p>Exemple: si compres el val el 15 d&#8217;abril, es podr\u00e0 fer servir fins al 15 d&#8217;abril de l&#8217;any seg\u00fcent.<\/p>\n\n\n\n<p><em>Totes aquestes dades constaran tamb\u00e9 al val.<\/em><\/p>\n<\/div><\/div>\n\n<div style=\"height:40px\" aria-hidden=\"true\" class=\"wp-block-spacer\"><\/div>\n\n<h2 class=\"wp-block-heading\">Es pot estendre la validesa del val regal?<\/h2>\n\n<p>En <strong>casos excepcionals<\/strong>, podem <strong>estendre la validesa del val fins a 24 mesos<\/strong>.<\/p>\n\n<ol class=\"wp-block-list\">\n<li>Si l&#8217;exig\u00e8ncia legal no permet gaudir de l&#8217;experi\u00e8ncia regalada.<\/li>\n\n\n\n<li>Per for\u00e7a major<\/li>\n\n\n\n<li>A causa d&#8217;una malaltia llarga<\/li>\n<\/ol>\n\n<div style=\"height:40px\" aria-hidden=\"true\" class=\"wp-block-spacer\"><\/div>\n\n<h2 class=\"wp-block-heading\">Qu\u00e8 passa si el val ha caducat?<\/h2>\n\n<p><strong>No es pot ampliar un val ja caducat<\/strong>. Si us plau, llegeix la nostra <a href=\"https:\/\/regalar-experiencias.zoodelpirineu.com\/devolucion-del-vale-regalo\/\" target=\"_blank\" rel=\"noopener\" title=\"pol&#xED;tica de les devolucions\">pol\u00edtica de les devolucions<\/a> de vals regal. Tot i aix\u00ed, valorem cada cas individualment.<\/p>\n\n<div class=\"wp-block-buttons is-layout-flex wp-block-buttons-is-layout-flex\">\n<div class=\"wp-block-button\"><a class=\"wp-block-button__link wp-element-button\" href=\"https:\/\/zoodelpirineu.com\/ca\/contacte\/\" style=\"border-radius:0px\">Escriu-nos i estudiarem si hi ha alguna alternativa possible.<\/a><\/div>\n<\/div>\n\n<div style=\"height:100px\" aria-hidden=\"true\" class=\"wp-block-spacer\"><\/div>\n\n<h2 class=\"wp-block-heading\">Validesa del val regal per a un dia en concret<\/h2>\n\n<p>Pots <strong>regalar experi\u00e8ncies al Zoo del Pirineu per a un dia concret<\/strong>.<\/p>\n\n<p>Aix\u00f2 no obstant, la persona a qui vas fer el regal pot <strong>canviar la data de la seva experi\u00e8ncia<\/strong>. <\/p>\n\n<ul class=\"wp-block-list\">\n<li>La persona podr\u00e0 <strong>canviar el dia amb almenys 48 hores d&#8217;antelaci\u00f3<\/strong> contactant amb nosaltres.<\/li>\n\n\n\n<li>La nova data escollida tamb\u00e9 ha d&#8217;estar <strong>dins del termini de 12 mesos<\/strong> des de l&#8217;emissi\u00f3 del val.<\/li>\n<\/ul>\n\n<div style=\"height:40px\" aria-hidden=\"true\" class=\"wp-block-spacer\"><\/div>\n\n<h2 class=\"wp-block-heading\">Validesa del val regal amb causes solid\u00e0ries<\/h2>\n\n<div class=\"wp-block-columns are-vertically-aligned-bottom is-layout-flex wp-container-core-columns-is-layout-9d6595d7 wp-block-columns-is-layout-flex\">\n<div class=\"wp-block-column is-vertically-aligned-bottom is-layout-flow wp-block-column-is-layout-flow\" style=\"flex-basis:5%\"><\/div>\n\n\n\n<div class=\"wp-block-column is-vertically-aligned-bottom has-contrast-2-background-color has-background is-layout-flow wp-block-column-is-layout-flow\"><div class=\"wp-block-image\">\n<figure class=\"aligncenter size-medium is-resized\"><img decoding=\"async\" src=\"https:\/\/regalar-experiencias.zoodelpirineu.com\/wp-content\/uploads\/2023\/01\/WEB-activitats-normal-2-300x225.png\" alt=\"Validesa del val regal d'apadrinar animals\" class=\"wp-image-1388\" style=\"width:150px;height:113px\"\/><\/figure>\n<\/div>\n\n\n<h3 class=\"wp-block-heading has-text-align-center has-base-3-color has-text-color\">Apadrinar animals<\/h3>\n\n\n\n<p class=\"has-text-align-center has-base-3-color has-text-color\">La persona gaudir\u00e0 dels beneficis de ser padr\u00ed o padrina durant els 12 mesos seg\u00fcents.<\/p>\n\n\n\n<div class=\"wp-block-buttons is-layout-flex wp-block-buttons-is-layout-flex\">\n<div class=\"wp-block-button has-custom-width wp-block-button__width-100 is-style-outline is-style-outline--1\"><a class=\"wp-block-button__link has-contrast-color has-base-3-background-color has-text-color has-background has-medium-font-size has-custom-font-size wp-element-button\" href=\"https:\/\/donaciones.zoodelpirineu.com\/ca\/beneficis-de-apadrinar-animals\/\" style=\"border-radius:0px\" target=\"_blank\" rel=\"noreferrer noopener\">Apadrinar Animals<\/a><\/div>\n<\/div>\n<\/div>\n\n\n\n<div class=\"wp-block-column is-vertically-aligned-bottom has-contrast-2-background-color has-background is-layout-flow wp-block-column-is-layout-flow\"><div class=\"wp-block-image\">\n<figure class=\"aligncenter size-medium is-resized\"><img decoding=\"async\" src=\"https:\/\/regalar-experiencias.zoodelpirineu.com\/wp-content\/uploads\/2023\/01\/Socio-picto-300x200.png\" alt=\"validesa de val regal\" class=\"wp-image-1391\" style=\"width:150px;height:100px\"\/><\/figure>\n<\/div>\n\n\n<h3 class=\"wp-block-heading has-text-align-center has-base-3-color has-text-color\">Soci i S\u00f2cia<\/h3>\n\n\n\n<p class=\"has-text-align-center has-base-3-color has-text-color\">Durant 12 mesos la persona a qui fas el regal tindr\u00e0 acc\u00e9s als beneficis dels socis i s\u00f2cies. <\/p>\n\n\n\n<div class=\"wp-block-buttons is-layout-flex wp-block-buttons-is-layout-flex\">\n<div class=\"wp-block-button has-custom-width wp-block-button__width-100 is-style-outline is-style-outline--2\"><a class=\"wp-block-button__link has-contrast-color has-base-3-background-color has-text-color has-background has-medium-font-size has-custom-font-size wp-element-button\" href=\"https:\/\/donaciones.zoodelpirineu.com\/ca\/uneix-te-a-les-nostres-socies-i-socis-i-salva-vides-innocents\/\" style=\"border-radius:0px\" target=\"_blank\" rel=\"noreferrer noopener\">Soci i S\u00f2cia<\/a><\/div>\n<\/div>\n<\/div>\n\n\n\n<div class=\"wp-block-column is-vertically-aligned-bottom has-contrast-2-background-color has-background is-layout-flow wp-block-column-is-layout-flow\"><div class=\"wp-block-image\">\n<figure class=\"aligncenter size-medium is-resized\"><img decoding=\"async\" src=\"https:\/\/regalar-experiencias.zoodelpirineu.com\/wp-content\/uploads\/2023\/01\/Patrocinar-un-proyecto-picto-300x200.png\" alt=\"\" class=\"wp-image-1394\" style=\"width:150px;height:100px\"\/><\/figure>\n<\/div>\n\n\n<h3 class=\"wp-block-heading has-text-align-center has-base-3-color has-text-color\">Patrocinar un projecte<\/h3>\n\n\n\n<p class=\"has-text-align-center has-base-3-color has-text-color\">Si la teva aportaci\u00f3 \u00e9s igual o superior a 120\u20ac, la persona en el nom de la qual fas la donaci\u00f3 tindr\u00e0 els mateixos beneficis com els socis i les s\u00f2cies.<\/p>\n\n\n\n<div class=\"wp-block-buttons is-layout-flex wp-block-buttons-is-layout-flex\">\n<div class=\"wp-block-button has-custom-width wp-block-button__width-100 is-style-outline is-style-outline--3\"><a class=\"wp-block-button__link has-contrast-color has-base-3-background-color has-text-color has-background has-medium-font-size has-custom-font-size wp-element-button\" href=\"https:\/\/zoodelpirineu.com\/ca\/donacio\/ajuda-urgent-per-a-animals-salvatges\/\" style=\"border-radius:0px\">Projectes per patrocinar<\/a><\/div>\n<\/div>\n<\/div>\n\n\n\n<div class=\"wp-block-column is-vertically-aligned-bottom is-layout-flow wp-block-column-is-layout-flow\" style=\"flex-basis:5%\"><\/div>\n<\/div>\n\n<div style=\"height:100px\" aria-hidden=\"true\" class=\"wp-block-spacer\"><\/div>\n\n<h2 class=\"wp-block-heading\">M\u00e9s informaci\u00f3 \u00fatil<\/h2>\n\n<p>Pots consultar tamb\u00e9 la nostra <strong><a class=\"\" href=\"https:\/\/zoodelpirineu.com\/ca\/experiencies-per-regalar\/preguntes-frequents-vals-regal\/\">p\u00e0gina de preguntes freq\u00fcents sobre els vals regal<\/a><\/strong> per resoldre qualsevol altre dubte relacionat amb la compra, \u00fas o condicions.<\/p>\n\n<div style=\"height:100px\" aria-hidden=\"true\" class=\"wp-block-spacer\"><\/div>\n\n<h2 class=\"wp-block-heading\">Encara no tens el teu val regal?<\/h2>\n\n<div class=\"wp-block-buttons is-layout-flex wp-block-buttons-is-layout-flex\">\n<div class=\"wp-block-button\"><a class=\"wp-block-button__link has-medium-font-size has-custom-font-size wp-element-button\" href=\"https:\/\/zoodelpirineu.com\/ca\/experiencies-per-regalar\/comprar-vals-regals\/\" style=\"border-radius:0px\">Compra el teu val regal ara<\/a><\/div>\n<\/div>\n\n<div class=\"wp-block-cover is-light\"><img decoding=\"async\" class=\"wp-block-cover__image-background wp-image-150\" alt=\"\" src=\"https:\/\/regalar-experiencias.zoodelpirineu.com\/wp-content\/uploads\/2021\/12\/Validez-vale-regalo.jpg\" data-object-fit=\"cover\"\/><span aria-hidden=\"true\" class=\"wp-block-cover__background has-background-dim\"><\/span><div class=\"wp-block-cover__inner-container is-layout-flow wp-block-cover-is-layout-flow\">\n<p class=\"has-text-align-center has-base-3-color has-text-color has-large-font-size\">La informaci\u00f3 sobre la validesa del val regal tamb\u00e9 estar\u00e0 detallada al Val regal.<\/p>\n<\/div><\/div>\n","protected":false},"excerpt":{"rendered":"<p>Quina validesa tenen els vals regal del Zoo del Pirineu? Coneix la nostra normativa i les excepcions que et permetran allargar-ne la validesa.<\/p>\n","protected":false},"author":1,"featured_media":147,"parent":4121,"menu_order":0,"comment_status":"closed","ping_status":"open","template":"","meta":{"om_disable_all_campaigns":false,"_monsterinsights_skip_tracking":false,"_monsterinsights_sitenote_active":false,"_monsterinsights_sitenote_note":"","_monsterinsights_sitenote_category":0,"footnotes":""},"class_list":["post-968","page","type-page","status-publish","has-post-thumbnail"],"aioseo_notices":[],"_links":{"self":[{"href":"https:\/\/zoodelpirineu.com\/ca\/wp-json\/wp\/v2\/pages\/968","targetHints":{"allow":["GET"]}}],"collection":[{"href":"https:\/\/zoodelpirineu.com\/ca\/wp-json\/wp\/v2\/pages"}],"about":[{"href":"https:\/\/zoodelpirineu.com\/ca\/wp-json\/wp\/v2\/types\/page"}],"author":[{"embeddable":true,"href":"https:\/\/zoodelpirineu.com\/ca\/wp-json\/wp\/v2\/users\/1"}],"replies":[{"embeddable":true,"href":"https:\/\/zoodelpirineu.com\/ca\/wp-json\/wp\/v2\/comments?post=968"}],"version-history":[{"count":5,"href":"https:\/\/zoodelpirineu.com\/ca\/wp-json\/wp\/v2\/pages\/968\/revisions"}],"predecessor-version":[{"id":5836,"href":"https:\/\/zoodelpirineu.com\/ca\/wp-json\/wp\/v2\/pages\/968\/revisions\/5836"}],"up":[{"embeddable":true,"href":"https:\/\/zoodelpirineu.com\/ca\/wp-json\/wp\/v2\/pages\/4121"}],"wp:featuredmedia":[{"embeddable":true,"href":"https:\/\/zoodelpirineu.com\/ca\/wp-json\/"}],"wp:attachment":[{"href":"https:\/\/zoodelpirineu.com\/ca\/wp-json\/wp\/v2\/media?parent=968"}],"curies":[{"name":"wp","href":"https:\/\/api.w.org\/{rel}","templated":true}]}}