{"id":4657,"date":"2025-08-12T06:23:05","date_gmt":"2025-08-12T05:23:05","guid":{"rendered":"https:\/\/zoodelpirineu.com\/donation\/urgent-help-for-wild-animals\/"},"modified":"2026-02-16T17:10:01","modified_gmt":"2026-02-16T16:10:01","slug":"urgent-help-for-wild-animals","status":"publish","type":"page","link":"https:\/\/zoodelpirineu.com\/en\/donation\/urgent-help-for-wild-animals\/","title":{"rendered":"Urgent Help for Wild Animals"},"content":{"rendered":"\n<div class=\"wp-block-cover\"><img loading=\"lazy\" decoding=\"async\" width=\"1024\" height=\"410\" class=\"wp-block-cover__image-background wp-image-4666 size-large\" alt=\"Zorrito rescatado en estado cr\u00edtico gracias a ayuda urgente para animales salvajes. La donaci\u00f3n permiti\u00f3 cuidados inmediatos, medicina y recuperaci\u00f3n total.\" src=\"https:\/\/zoodelpirineu.com\/wp-content\/uploads\/2025\/08\/zorrorescatado-1024x410.jpg\" style=\"object-position:62% 91%\" data-object-fit=\"cover\" data-object-position=\"62% 91%\" srcset=\"https:\/\/zoodelpirineu.com\/wp-content\/uploads\/2025\/08\/zorrorescatado-1024x410.jpg 1024w, https:\/\/zoodelpirineu.com\/wp-content\/uploads\/2025\/08\/zorrorescatado-300x120.jpg 300w, https:\/\/zoodelpirineu.com\/wp-content\/uploads\/2025\/08\/zorrorescatado-768x307.jpg 768w, https:\/\/zoodelpirineu.com\/wp-content\/uploads\/2025\/08\/zorrorescatado-1536x614.jpg 1536w, https:\/\/zoodelpirineu.com\/wp-content\/uploads\/2025\/08\/zorrorescatado.jpg 2000w\" sizes=\"auto, (max-width: 1024px) 100vw, 1024px\" \/><span aria-hidden=\"true\" class=\"wp-block-cover__background has-contrast-background-color has-background-dim-60 has-background-dim\"><\/span><div class=\"wp-block-cover__inner-container is-layout-constrained wp-block-cover-is-layout-constrained\">\n<div style=\"height:60px\" aria-hidden=\"true\" class=\"wp-block-spacer\"><\/div>\n\n\n\n<p class=\"has-text-align-center has-large-font-size\">Your urgent support for wild animals allows us to act immediately.<\/p>\n\n\n\n<p class=\"has-text-align-center has-large-font-size\">Your donation brings warmth, treatment and hope to the most vulnerable.<\/p>\n<\/div><\/div>\n\n<div style=\"height:100px\" aria-hidden=\"true\" class=\"wp-block-spacer\"><\/div>\n\n<div class=\"wp-block-columns is-layout-flex wp-container-core-columns-is-layout-9d6595d7 wp-block-columns-is-layout-flex\">\n<div class=\"wp-block-column is-layout-flow wp-block-column-is-layout-flow\" style=\"flex-basis:25%\"><\/div>\n\n\n\n<div class=\"wp-block-column has-base-background-color has-background is-layout-flow wp-block-column-is-layout-flow\" style=\"flex-basis:50%\">\n<div style=\"height:20px\" aria-hidden=\"true\" class=\"wp-block-spacer\"><\/div>\n\n\n\n<p class=\"has-text-align-center\">Wild animals arrive injured, starving and terrified.<\/p>\n\n\n\n<p class=\"has-text-align-center\">Your donation saves lives.<\/p>\n<\/div>\n\n\n\n<div class=\"wp-block-column is-layout-flow wp-block-column-is-layout-flow\" style=\"flex-basis:25%\"><\/div>\n<\/div>\n\n<div style=\"height:100px\" aria-hidden=\"true\" class=\"wp-block-spacer\"><\/div>\n\n<div class=\"wp-block-columns is-layout-flex wp-container-core-columns-is-layout-9d6595d7 wp-block-columns-is-layout-flex\">\n<div class=\"wp-block-column is-layout-flow wp-block-column-is-layout-flow\" style=\"flex-basis:10%\"><\/div>\n\n\n\n<div class=\"wp-block-column has-base-background-color has-background is-layout-flow wp-block-column-is-layout-flow\">\n<div class=\"wp-block-columns is-layout-flex wp-container-core-columns-is-layout-9d6595d7 wp-block-columns-is-layout-flex\">\n<div class=\"wp-block-column is-layout-flow wp-block-column-is-layout-flow\" style=\"flex-basis:10px\"><\/div>\n\n\n\n<div class=\"wp-block-column is-layout-flow wp-block-column-is-layout-flow\">\n<div style=\"height:20px\" aria-hidden=\"true\" class=\"wp-block-spacer\"><\/div>\n\n\n\n<h2 class=\"wp-block-heading has-text-align-left\" id=\"donacion\">I want to make a donation by card<\/h2>\n\n\n<div class=\"wpforms-container wpforms-container-full wpforms-stripe wpforms-block wpforms-block-1c1262ee-ebe0-48ee-a620-14bcbcee3726\" id=\"wpforms-4616\"><form id=\"wpforms-form-4616\" class=\"wpforms-validate wpforms-form wpforms-ajax-form\" data-formid=\"4616\" method=\"post\" enctype=\"multipart\/form-data\" action=\"\/en\/wp-json\/wp\/v2\/pages\/4657\" data-token=\"48559a354c2d136276443bb905bb4ba6\" data-token-time=\"1778664154\"><noscript class=\"wpforms-error-noscript\">Please enable JavaScript in your browser to complete this form.<\/noscript><div class=\"wpforms-field-container\"><div id=\"wpforms-4616-field_3-container\" class=\"wpforms-field wpforms-field-payment-single\" data-field-id=\"3\"><label class=\"wpforms-field-label\" for=\"wpforms-4616-field_3\">How much do you want to participate with? <span class=\"wpforms-required-label\">*<\/span><\/label><input type=\"text\" id=\"wpforms-4616-field_3\" class=\"wpforms-field-medium wpforms-field-required wpforms-payment-user-input wpforms-payment-price\" data-rule-currency=\"[&quot;$&quot;,false]\" data-rule-required-minimum-price=\"10.00\" data-rule-required-positive-number=\"1\" name=\"wpforms[fields][3]\"><div class=\"wpforms-field-description\">Minimum Price: 10,00 &euro;<\/div><\/div><div id=\"wpforms-4616-field_19-container\" class=\"wpforms-field wpforms-field-text\" data-field-id=\"19\"><label class=\"wpforms-field-label\" for=\"wpforms-4616-field_19\">Is the donation for a particular animal or project?<\/label><input type=\"text\" id=\"wpforms-4616-field_19\" class=\"wpforms-field-medium\" name=\"wpforms[fields][19]\" ><\/div><div id=\"wpforms-4616-field_11-container\" class=\"wpforms-field wpforms-field-divider\" data-field-id=\"11\"><h3 id=\"wpforms-4616-field_11\">Personal data<\/h3><div class=\"wpforms-field-description\">The anti-money laundering law requires us to collect this data.<\/div><\/div>\t\t<div id=\"wpforms-4616-field_1-container\"\n\t\t\tclass=\"wpforms-field wpforms-field-text\"\n\t\t\tdata-field-type=\"text\"\n\t\t\tdata-field-id=\"1\"\n\t\t\t>\n\t\t\t<label class=\"wpforms-field-label\" for=\"wpforms-4616-field_1\" >a Do Credit<\/label>\n\t\t\t<input type=\"text\" id=\"wpforms-4616-field_1\" class=\"wpforms-field-medium\" name=\"wpforms[fields][1]\" >\n\t\t<\/div>\n\t\t<div id=\"wpforms-4616-field_12-container\" class=\"wpforms-field wpforms-field-name\" data-field-id=\"12\"><label class=\"wpforms-field-label\">Name <span class=\"wpforms-required-label\">*<\/span><\/label><div class=\"wpforms-field-row wpforms-field-medium\"><div class=\"wpforms-field-row-block wpforms-first wpforms-one-half\"><input type=\"text\" id=\"wpforms-4616-field_12\" class=\"wpforms-field-name-first wpforms-field-required\" name=\"wpforms[fields][12][first]\" required><label for=\"wpforms-4616-field_12\" class=\"wpforms-field-sublabel after\">Name<\/label><\/div><div class=\"wpforms-field-row-block wpforms-one-half\"><input type=\"text\" id=\"wpforms-4616-field_12-last\" class=\"wpforms-field-name-last wpforms-field-required\" name=\"wpforms[fields][12][last]\" required><label for=\"wpforms-4616-field_12-last\" class=\"wpforms-field-sublabel after\">Surname<\/label><\/div><\/div><\/div><div id=\"wpforms-4616-field_14-container\" class=\"wpforms-field wpforms-field-email\" data-field-id=\"14\"><label class=\"wpforms-field-label\" for=\"wpforms-4616-field_14\">Your email address <span class=\"wpforms-required-label\">*<\/span><\/label><input type=\"email\" id=\"wpforms-4616-field_14\" class=\"wpforms-field-medium wpforms-field-required\" name=\"wpforms[fields][14]\" spellcheck=\"false\" required><\/div><div id=\"wpforms-4616-field_15-container\" class=\"wpforms-field wpforms-field-radio wpforms-list-inline wpforms-conditional-trigger\" data-field-id=\"15\"><label class=\"wpforms-field-label\">Do you live in Spain? <span class=\"wpforms-required-label\">*<\/span><\/label><ul id=\"wpforms-4616-field_15\" class=\"wpforms-field-required\"><li class=\"choice-1 depth-1\"><input type=\"radio\" id=\"wpforms-4616-field_15_1\" name=\"wpforms[fields][15]\" value=\"Yes\" required ><label class=\"wpforms-field-label-inline\" for=\"wpforms-4616-field_15_1\">Yes<\/label><\/li><li class=\"choice-2 depth-1\"><input type=\"radio\" id=\"wpforms-4616-field_15_2\" name=\"wpforms[fields][15]\" value=\"No\" required ><label class=\"wpforms-field-label-inline\" for=\"wpforms-4616-field_15_2\">No<\/label><\/li><\/ul><\/div><div id=\"wpforms-4616-field_13-container\" class=\"wpforms-field wpforms-field-text wpforms-conditional-field wpforms-conditional-show\" data-field-id=\"13\" style=\"display:none;\"><label class=\"wpforms-field-label\" for=\"wpforms-4616-field_13\">Your postal code <span class=\"wpforms-required-label\">*<\/span><\/label><input type=\"text\" id=\"wpforms-4616-field_13\" class=\"wpforms-field-medium wpforms-field-required\" name=\"wpforms[fields][13]\" required><\/div><div id=\"wpforms-4616-field_16-container\" class=\"wpforms-field wpforms-field-text wpforms-conditional-field wpforms-conditional-show\" data-field-id=\"16\" style=\"display:none;\"><label class=\"wpforms-field-label\" for=\"wpforms-4616-field_16\">DNI \/ NIE \/ Passport <span class=\"wpforms-required-label\">*<\/span><\/label><input type=\"text\" id=\"wpforms-4616-field_16\" class=\"wpforms-field-medium wpforms-field-required\" name=\"wpforms[fields][16]\" required><\/div><div id=\"wpforms-4616-field_17-container\" class=\"wpforms-field wpforms-field-text wpforms-conditional-field wpforms-conditional-show\" data-field-id=\"17\" style=\"display:none;\"><label class=\"wpforms-field-label\" for=\"wpforms-4616-field_17\">What country are you from? <span class=\"wpforms-required-label\">*<\/span><\/label><input type=\"text\" id=\"wpforms-4616-field_17\" class=\"wpforms-field-medium wpforms-field-required\" name=\"wpforms[fields][17]\" required><\/div><div id=\"wpforms-4616-field_20-container\" class=\"wpforms-field wpforms-field-text wpforms-conditional-field wpforms-conditional-show\" data-field-id=\"20\" style=\"display:none;\"><label class=\"wpforms-field-label\" for=\"wpforms-4616-field_20\">Your postal code <span class=\"wpforms-required-label\">*<\/span><\/label><input type=\"text\" id=\"wpforms-4616-field_20\" class=\"wpforms-field-medium wpforms-field-required\" name=\"wpforms[fields][20]\" required><\/div><div id=\"wpforms-4616-field_21-container\" class=\"wpforms-field wpforms-field-text wpforms-conditional-field wpforms-conditional-show\" data-field-id=\"21\" style=\"display:none;\"><label class=\"wpforms-field-label\" for=\"wpforms-4616-field_21\">DNI \/ NIE \/ Passport <span class=\"wpforms-required-label\">*<\/span><\/label><input type=\"text\" id=\"wpforms-4616-field_21\" class=\"wpforms-field-medium wpforms-field-required\" name=\"wpforms[fields][21]\" required><\/div><div id=\"wpforms-4616-field_24-container\" class=\"wpforms-field wpforms-field-radio wpforms-list-inline\" data-field-id=\"24\"><label class=\"wpforms-field-label\">Would you like to receive a certificate of your donation? <span class=\"wpforms-required-label\">*<\/span><\/label><ul id=\"wpforms-4616-field_24\" class=\"wpforms-field-required\"><li class=\"choice-1 depth-1\"><input type=\"radio\" id=\"wpforms-4616-field_24_1\" name=\"wpforms[fields][24]\" value=\"Yes\" required ><label class=\"wpforms-field-label-inline\" for=\"wpforms-4616-field_24_1\">Yes<\/label><\/li><li class=\"choice-2 depth-1\"><input type=\"radio\" id=\"wpforms-4616-field_24_2\" name=\"wpforms[fields][24]\" value=\"No\" required ><label class=\"wpforms-field-label-inline\" for=\"wpforms-4616-field_24_2\">No<\/label><\/li><\/ul><div class=\"wpforms-field-description\">With the certificate, you can deduct up to 80% of your donation on your next tax return.<\/div><\/div><div id=\"wpforms-4616-field_7-container\" class=\"wpforms-field wpforms-field-divider wpforms-conditional-field wpforms-conditional-show\" data-field-id=\"7\" style=\"display:none;\"><h3 id=\"wpforms-4616-field_7\">Payment method<\/h3><\/div><div id=\"wpforms-4616-field_10-container\" class=\"wpforms-field wpforms-field-stripe-credit-card wpforms-conditional-field wpforms-conditional-show\" data-field-id=\"10\" style=\"display:none;\"><label class=\"wpforms-field-label\">Credit or debit card <span class=\"wpforms-required-label\">*<\/span><\/label><div class=\"wpforms-field-row wpforms-no-columns wpforms-field-medium \" data-sublabel-position=\"above\" data-link-email=\"\" data-required=\"1\"><div id=\"wpforms-field-stripe-link-element-4616\"><\/div><div id=\"wpforms-field-stripe-payment-element-4616\"><\/div><input type=\"text\" class=\"wpforms-stripe-credit-card-hidden-input\" name=\"wpforms[stripe-credit-card-hidden-input-4616]\" disabled style=\"display: none;\"><\/div><\/div><script>\n\t\t\t\t( function() {\n\t\t\t\t\tconst style = document.createElement( 'style' );\n\t\t\t\t\tstyle.appendChild( document.createTextNode( '#wpforms-4616-field_1-container { position: absolute !important; overflow: hidden !important; display: inline !important; height: 1px !important; width: 1px !important; z-index: -1000 !important; padding: 0 !important; } #wpforms-4616-field_1-container input { visibility: hidden; } #wpforms-conversational-form-page #wpforms-4616-field_1-container label { counter-increment: none; }' ) );\n\t\t\t\t\tdocument.head.appendChild( style );\n\t\t\t\t\tdocument.currentScript?.remove();\n\t\t\t\t} )();\n\t\t\t<\/script><\/div><!-- .wpforms-field-container --><div class=\"wpforms-submit-container\" ><input type=\"hidden\" name=\"wpforms[id]\" value=\"4616\"><input type=\"hidden\" name=\"page_title\" value=\"\"><input type=\"hidden\" name=\"page_url\" value=\"https:\/\/zoodelpirineu.com\/en\/wp-json\/wp\/v2\/pages\/4657\"><input type=\"hidden\" name=\"url_referer\" value=\"\"><button type=\"submit\" name=\"wpforms[submit]\" id=\"wpforms-submit-4616\" class=\"wpforms-submit\" data-alt-text=\"Submitting...\" data-submit-text=\"Send\" aria-live=\"assertive\" value=\"wpforms-submit\">Send<\/button><img loading=\"lazy\" decoding=\"async\" src=\"https:\/\/zoodelpirineu.com\/wp-content\/plugins\/wpforms\/assets\/images\/submit-spin.svg\" class=\"wpforms-submit-spinner\" style=\"display: none;\" width=\"26\" height=\"26\" alt=\"Loading\"><\/div><\/form><\/div>  <!-- .wpforms-container --><\/div>\n\n\n\n<div class=\"wp-block-column is-layout-flow wp-block-column-is-layout-flow\" style=\"flex-basis:10px\"><\/div>\n<\/div>\n<\/div>\n\n\n\n<div class=\"wp-block-column has-base-background-color has-background is-layout-flow wp-block-column-is-layout-flow\">\n<div class=\"wp-block-columns is-layout-flex wp-container-core-columns-is-layout-9d6595d7 wp-block-columns-is-layout-flex\">\n<div class=\"wp-block-column is-layout-flow wp-block-column-is-layout-flow\" style=\"flex-basis:10px\"><\/div>\n\n\n\n<div class=\"wp-block-column is-layout-flow wp-block-column-is-layout-flow\">\n<div style=\"height:20px\" aria-hidden=\"true\" class=\"wp-block-spacer\"><\/div>\n\n\n\n<h2 class=\"wp-block-heading has-text-align-left\">I want to donate via bank transfer<\/h2>\n\n\n\n<p class=\"has-text-align-left\">Would you prefer to make your donation directly from your bank? You can do so <strong>quickly, easily, and securely<\/strong>. <\/p>\n\n\n\n<ul class=\"wp-block-list\">\n<li>You can donate up to \u20ac99 <strong>anonymously<\/strong>.<\/li>\n\n\n\n<li>If you wish to donate a larger amount, we will need your details (name, ID number and postal code) to comply with the <strong><a href=\"https:\/\/www.boe.es\/buscar\/act.php?id=BOE-A-2010-6737\" target=\"_blank\" rel=\"noopener\" title=\" law on the prevention of money laundering.\">law on the prevention of money laundering.<\/a><\/strong><\/li>\n<\/ul>\n\n\n\n<p class=\"has-text-align-left\">Thank you for your understanding, and above all, for your support.<\/p>\n\n\n\n<p class=\"has-text-align-left has-medium-font-size\">IBAN: <strong>ES05 0081 0214 8000 0144 2855<br\/><\/strong>Account holder: Fundaci\u00f3 Zoo del Pirineu<br\/>Reference: Donation<\/p>\n<\/div>\n\n\n\n<div class=\"wp-block-column is-layout-flow wp-block-column-is-layout-flow\" style=\"flex-basis:10px\"><\/div>\n<\/div>\n<\/div>\n\n\n\n<div class=\"wp-block-column is-layout-flow wp-block-column-is-layout-flow\" style=\"flex-basis:10%\"><\/div>\n<\/div>\n\n<div style=\"height:100px\" aria-hidden=\"true\" class=\"wp-block-spacer\"><\/div>\n\n<h2 class=\"wp-block-heading has-text-align-center\">Real examples with faces and stories<\/h2>\n\n<div class=\"wp-block-columns is-layout-flex wp-container-core-columns-is-layout-9d6595d7 wp-block-columns-is-layout-flex\">\n<div class=\"wp-block-column is-layout-flow wp-block-column-is-layout-flow\"><\/div>\n\n\n\n<div class=\"wp-block-column is-layout-flow wp-block-column-is-layout-flow\">\n<h3 class=\"wp-block-heading has-text-align-center\">Fallow deer from <a href=\"https:\/\/www.lugaresdeaventura.com\/noticia\/naturland-pasa-pagina-con-el-cierre-definitivo-del-parque-de-animales\" target=\"_blank\" rel=\"noopener\" title=\"Naturlandia\">Naturlandia<\/a><\/h3>\n\n\n\n<figure class=\"wp-block-image size-full\"><img loading=\"lazy\" decoding=\"async\" width=\"800\" height=\"600\" src=\"https:\/\/zoodelpirineu.com\/wp-content\/uploads\/2025\/08\/gamosdenaturlandia.jpg\" alt=\"Five wild fallow deer rescued from Naturlandia, saved from slaughter thanks to urgent donations for wild animals.\" class=\"wp-image-4663\" srcset=\"https:\/\/zoodelpirineu.com\/wp-content\/uploads\/2025\/08\/gamosdenaturlandia.jpg 800w, https:\/\/zoodelpirineu.com\/wp-content\/uploads\/2025\/08\/gamosdenaturlandia-300x225.jpg 300w, https:\/\/zoodelpirineu.com\/wp-content\/uploads\/2025\/08\/gamosdenaturlandia-768x576.jpg 768w\" sizes=\"auto, (max-width: 800px) 100vw, 800px\" \/><\/figure>\n\n\n\n<p class=\"has-text-align-center\"><em>Autor: Merc\u00e8 Ibran<\/em><\/p>\n\n\n\n<p class=\"has-text-align-center\">These five fallow deer were facing slaughter after the closure of a wildlife park.<br\/>Thanks to donations, we built a safe space where they now live peacefully in semi-freedom.<\/p>\n<\/div>\n\n\n\n<div class=\"wp-block-column is-layout-flow wp-block-column-is-layout-flow\">\n<h3 class=\"wp-block-heading has-text-align-center\">Alin, the little fox<\/h3>\n\n\n\n<figure class=\"wp-block-image size-full\"><img loading=\"lazy\" decoding=\"async\" width=\"800\" height=\"600\" src=\"https:\/\/zoodelpirineu.com\/wp-content\/uploads\/2025\/08\/criadezorrorescatada.jpg\" alt=\"Veterinarians care for Alin, a fox cub rescued in critical condition and cured thanks to an urgent donation for wild animals.\" class=\"wp-image-4660\" srcset=\"https:\/\/zoodelpirineu.com\/wp-content\/uploads\/2025\/08\/criadezorrorescatada.jpg 800w, https:\/\/zoodelpirineu.com\/wp-content\/uploads\/2025\/08\/criadezorrorescatada-300x225.jpg 300w, https:\/\/zoodelpirineu.com\/wp-content\/uploads\/2025\/08\/criadezorrorescatada-768x576.jpg 768w\" sizes=\"auto, (max-width: 800px) 100vw, 800px\" \/><\/figure>\n\n\n\n<div style=\"height:30px\" aria-hidden=\"true\" class=\"wp-block-spacer\"><\/div>\n\n\n\n<p class=\"has-text-align-center\">Alin was found weak and alone on a roadside near the Ebro Delta.<br\/>We acted fast \u2014 travelling across Catalonia to provide urgent veterinary care.<br\/>Thanks to our donors, Alin is now strong and free again. <\/p>\n<\/div>\n\n\n\n<div class=\"wp-block-column is-layout-flow wp-block-column-is-layout-flow\"><\/div>\n<\/div>\n\n<div style=\"height:100px\" aria-hidden=\"true\" class=\"wp-block-spacer\"><\/div>\n\n<h2 class=\"wp-block-heading has-text-align-center\">Other ways to offer urgent help to wild animals<\/h2>\n\n<div class=\"wp-block-columns is-layout-flex wp-container-core-columns-is-layout-9d6595d7 wp-block-columns-is-layout-flex\">\n<div class=\"wp-block-column is-layout-flow wp-block-column-is-layout-flow\" style=\"flex-basis:10%\"><\/div>\n\n\n\n<div class=\"wp-block-column has-base-background-color has-background is-layout-flow wp-block-column-is-layout-flow\">\n<div style=\"height:20px\" aria-hidden=\"true\" class=\"wp-block-spacer\"><\/div>\n\n\n\n<p class=\"has-text-align-center has-medium-font-size\"><strong><a href=\"https:\/\/zoodelpirineu.com\/en\/donation\/become-a-member\/membership-form\/\" title=\"Application form to become a member\">Become a member<\/a><\/strong><\/p>\n\n\n\n<p class=\"has-text-align-center\">Join the Wild Souls Community and support rescued animals every month.<\/p>\n<\/div>\n\n\n\n<div class=\"wp-block-column has-base-background-color has-background is-layout-flow wp-block-column-is-layout-flow\">\n<div style=\"height:20px\" aria-hidden=\"true\" class=\"wp-block-spacer\"><\/div>\n\n\n\n<p class=\"has-text-align-center has-medium-font-size\"><strong><a href=\"https:\/\/zoodelpirineu.com\/en\/category\/sponsor-animals\/\" title=\"Sponsor animals\">Sponsor an animal<\/a><\/strong><\/p>\n\n\n\n<p class=\"has-text-align-center\">Stand by an animal who can never return to the wild \u2013 your help will mean the world to them.<\/p>\n<\/div>\n\n\n\n<div class=\"wp-block-column has-base-background-color has-background is-layout-flow wp-block-column-is-layout-flow\">\n<div style=\"height:20px\" aria-hidden=\"true\" class=\"wp-block-spacer\"><\/div>\n\n\n\n<p class=\"has-text-align-center has-medium-font-size\"><a href=\"https:\/\/zoodelpirineu.com\/en\/donation\/companies\/\" title=\"Companies and businesses\"><strong>Are you representing a company?<\/strong><\/a><\/p>\n\n\n\n<p class=\"has-text-align-center\">Find out how your company can make a difference.<\/p>\n<\/div>\n\n\n\n<div class=\"wp-block-column is-layout-flow wp-block-column-is-layout-flow\" style=\"flex-basis:10%\"><\/div>\n<\/div>\n\n<div style=\"height:100px\" aria-hidden=\"true\" class=\"wp-block-spacer\"><\/div>\n\n<h2 class=\"wp-block-heading\">Frequently Asked Questions about Your Emergency Support for Wildlife<\/h2>\n\n<div style=\"height:20px\" aria-hidden=\"true\" class=\"wp-block-spacer\"><\/div>\n\n<h3 class=\"wp-block-heading has-text-align-left\">How will my emergency donation be used?<\/h3>\n\n<p class=\"has-text-align-left\"><strong>Immediate and direct action<\/strong>: your donation goes straight to where it&#8217;s most urgently needed \u2014 a rescue mission, a life-saving operation, or a baby animal left without a mother.<br\/><strong>Nothing is ever wasted<\/strong>: if that emergency is already covered, your donation will save the next animal that arrives.<\/p>\n\n<h3 class=\"wp-block-heading\">Is the payment secure?<\/h3>\n\n<p>Yes. Our payment platform uses encrypted technology and 3D Secure protection. <\/p>\n\n<h3 class=\"wp-block-heading\">Can I claim tax relief on my donation?<\/h3>\n\n<p>In Spain, donations are eligible for up to 80% tax relief.<br\/>If you&#8217;re donating from abroad, tax benefits may vary depending on your country&#8217;s regulations.<br\/>If you request it, we will send you a donation certificate in the format you need to apply for tax relief in your country.  <\/p>\n\n<div style=\"height:100px\" aria-hidden=\"true\" class=\"wp-block-spacer\"><\/div>\n\n<div class=\"wp-block-cover\"><img loading=\"lazy\" decoding=\"async\" width=\"1024\" height=\"410\" class=\"wp-block-cover__image-background wp-image-4669 size-large\" alt=\"Polluelos rescatados en el Refugio Zoo de los Pirineos ilustran la frase de Gandhi sobre la grandeza de una sociedad y el trato a los animales.\" src=\"https:\/\/zoodelpirineu.com\/wp-content\/uploads\/2025\/08\/criadearrendajorescatada-1024x410.jpg\" data-object-fit=\"cover\" srcset=\"https:\/\/zoodelpirineu.com\/wp-content\/uploads\/2025\/08\/criadearrendajorescatada-1024x410.jpg 1024w, https:\/\/zoodelpirineu.com\/wp-content\/uploads\/2025\/08\/criadearrendajorescatada-300x120.jpg 300w, https:\/\/zoodelpirineu.com\/wp-content\/uploads\/2025\/08\/criadearrendajorescatada-768x307.jpg 768w, https:\/\/zoodelpirineu.com\/wp-content\/uploads\/2025\/08\/criadearrendajorescatada-1536x614.jpg 1536w, https:\/\/zoodelpirineu.com\/wp-content\/uploads\/2025\/08\/criadearrendajorescatada.jpg 2000w\" sizes=\"auto, (max-width: 1024px) 100vw, 1024px\" \/><span aria-hidden=\"true\" class=\"wp-block-cover__background has-contrast-background-color has-background-dim\"><\/span><div class=\"wp-block-cover__inner-container is-layout-constrained wp-block-cover-is-layout-constrained\">\n<div style=\"height:100px\" aria-hidden=\"true\" class=\"wp-block-spacer\"><\/div>\n\n\n\n<p class=\"has-text-align-center has-large-font-size\">The true greatness of a society is measured by how it treats its most vulnerable members.<\/p>\n\n\n\n<p class=\"has-text-align-center\"><em>Mahatma Gandhi<\/em><\/p>\n\n\n\n<div class=\"wp-block-buttons is-content-justification-center is-layout-flex wp-container-core-buttons-is-layout-16018d1d wp-block-buttons-is-layout-flex\">\n<div class=\"wp-block-button\"><a class=\"wp-block-button__link has-medium-font-size has-custom-font-size wp-element-button\" href=\"#donacion\" style=\"border-radius:0px\">Donate now and make a real difference<\/a><\/div>\n<\/div>\n<\/div><\/div>\n","protected":false},"excerpt":{"rendered":"<p>Wild animals arrive injured, starving and terrified. Your donation saves lives. I want to make a donation by card I want to donate via bank &#8230; <\/p>\n<p class=\"read-more-container\"><a title=\"Urgent Help for Wild Animals\" class=\"read-more button\" href=\"https:\/\/zoodelpirineu.com\/en\/donation\/urgent-help-for-wild-animals\/#more-4657\" aria-label=\"Read more about Urgent Help for Wild Animals\">Read more<\/a><\/p>\n","protected":false},"author":1,"featured_media":4662,"parent":3903,"menu_order":0,"comment_status":"closed","ping_status":"closed","template":"","meta":{"om_disable_all_campaigns":false,"_monsterinsights_skip_tracking":false,"_monsterinsights_sitenote_active":false,"_monsterinsights_sitenote_note":"","_monsterinsights_sitenote_category":0,"footnotes":""},"class_list":["post-4657","page","type-page","status-publish","has-post-thumbnail"],"aioseo_notices":[],"_links":{"self":[{"href":"https:\/\/zoodelpirineu.com\/en\/wp-json\/wp\/v2\/pages\/4657","targetHints":{"allow":["GET"]}}],"collection":[{"href":"https:\/\/zoodelpirineu.com\/en\/wp-json\/wp\/v2\/pages"}],"about":[{"href":"https:\/\/zoodelpirineu.com\/en\/wp-json\/wp\/v2\/types\/page"}],"author":[{"embeddable":true,"href":"https:\/\/zoodelpirineu.com\/en\/wp-json\/wp\/v2\/users\/1"}],"replies":[{"embeddable":true,"href":"https:\/\/zoodelpirineu.com\/en\/wp-json\/wp\/v2\/comments?post=4657"}],"version-history":[{"count":7,"href":"https:\/\/zoodelpirineu.com\/en\/wp-json\/wp\/v2\/pages\/4657\/revisions"}],"predecessor-version":[{"id":6268,"href":"https:\/\/zoodelpirineu.com\/en\/wp-json\/wp\/v2\/pages\/4657\/revisions\/6268"}],"up":[{"embeddable":true,"href":"https:\/\/zoodelpirineu.com\/en\/wp-json\/wp\/v2\/pages\/3903"}],"wp:featuredmedia":[{"embeddable":true,"href":"https:\/\/zoodelpirineu.com\/en\/wp-json\/wp\/v2\/media\/4662"}],"wp:attachment":[{"href":"https:\/\/zoodelpirineu.com\/en\/wp-json\/wp\/v2\/media?parent=4657"}],"curies":[{"name":"wp","href":"https:\/\/api.w.org\/{rel}","templated":true}]}}