{"id":5297,"date":"2022-06-13T10:59:22","date_gmt":"2022-06-13T09:59:22","guid":{"rendered":"https:\/\/zoodelpirineu.com\/donation\/benefits-for-donors\/"},"modified":"2026-02-16T17:10:01","modified_gmt":"2026-02-16T16:10:01","slug":"benefits-for-donors","status":"publish","type":"page","link":"https:\/\/zoodelpirineu.com\/en\/donation\/benefits-for-donors\/","title":{"rendered":"Benefits for Donors"},"content":{"rendered":"\n<div class=\"wp-block-cover\"><img loading=\"lazy\" decoding=\"async\" width=\"2000\" height=\"800\" class=\"wp-block-cover__image-background wp-image-3906\" alt=\"Beneficios para donantes del Zoo del Pirineu que forman parte de una comunidad unida para salvar animales salvajes.\" src=\"https:\/\/zoodelpirineu.com\/wp-content\/uploads\/2024\/01\/trobadaanimessalvatges.png\" data-object-fit=\"cover\" srcset=\"https:\/\/zoodelpirineu.com\/wp-content\/uploads\/2024\/01\/trobadaanimessalvatges.png 2000w, https:\/\/zoodelpirineu.com\/wp-content\/uploads\/2024\/01\/trobadaanimessalvatges-300x120.png 300w, https:\/\/zoodelpirineu.com\/wp-content\/uploads\/2024\/01\/trobadaanimessalvatges-1024x410.png 1024w, https:\/\/zoodelpirineu.com\/wp-content\/uploads\/2024\/01\/trobadaanimessalvatges-768x307.png 768w, https:\/\/zoodelpirineu.com\/wp-content\/uploads\/2024\/01\/trobadaanimessalvatges-1536x614.png 1536w\" sizes=\"auto, (max-width: 2000px) 100vw, 2000px\" \/><span aria-hidden=\"true\" class=\"wp-block-cover__background has-background-dim\"><\/span><div class=\"wp-block-cover__inner-container is-layout-constrained wp-block-cover-is-layout-constrained\">\n<p class=\"has-text-align-center has-base-3-color has-text-color has-link-color has-large-font-size wp-elements-17ab1d9a1a9aaaae7bc12970ff98a701\">Benefits for donors of the Pyrenees Wildlife Centre<\/p>\n\n\n\n<p class=\"has-text-align-center has-medium-font-size\">Be part of a community that saves wild animals and gain access to tax advantages and exclusive experiences.<\/p>\n\n\n\n<div style=\"height:100px\" aria-hidden=\"true\" class=\"wp-block-spacer\"><\/div>\n\n\n\n<div class=\"wp-block-buttons is-content-justification-center is-layout-flex wp-container-core-buttons-is-layout-16018d1d wp-block-buttons-is-layout-flex\">\n<div class=\"wp-block-button\"><a class=\"wp-block-button__link has-medium-font-size has-custom-font-size wp-element-button\" href=\"https:\/\/zoodelpirineu.com\/en\/donation\/sponsor-wild-animals\/animal-sponsorship-form\/\" style=\"border-radius:0px\">Join the donor community<\/a><\/div>\n<\/div>\n<\/div><\/div>\n\n<div style=\"height:100px\" aria-hidden=\"true\" class=\"wp-block-spacer\"><\/div>\n\n<h2 class=\"wp-block-heading has-text-align-center\" id=\"Beneficios\">Benefits for Donors<\/h2>\n\n<div class=\"wp-block-columns is-layout-flex wp-container-core-columns-is-layout-9d6595d7 wp-block-columns-is-layout-flex\">\n<div class=\"wp-block-column is-layout-flow wp-block-column-is-layout-flow\"><\/div>\n\n\n\n<div class=\"wp-block-column has-base-2-background-color has-background is-layout-flow wp-block-column-is-layout-flow\"><div class=\"wp-block-image\">\n<figure class=\"aligncenter size-full is-resized\"><img loading=\"lazy\" decoding=\"async\" width=\"320\" height=\"213\" src=\"https:\/\/zoodelpirineu.com\/wp-content\/uploads\/2025\/09\/cartificadopicto.png\" alt=\"benefits for donors &#x2013; official certificate Pyrenees Wildlife Centre\" class=\"wp-image-5278\" style=\"width:auto;height:100px\" srcset=\"https:\/\/zoodelpirineu.com\/wp-content\/uploads\/2025\/09\/cartificadopicto.png 320w, https:\/\/zoodelpirineu.com\/wp-content\/uploads\/2025\/09\/cartificadopicto-300x200.png 300w\" sizes=\"auto, (max-width: 320px) 100vw, 320px\" \/><\/figure>\n<\/div>\n\n\n<h3 class=\"wp-block-heading has-text-align-center\">Certificate<\/h3>\n\n\n\n<p class=\"has-text-align-center\">You will receive an <strong>official certificate<\/strong> by email that allows you to claim tax relief on your donations.<\/p>\n<\/div>\n\n\n\n<div class=\"wp-block-column has-base-2-background-color has-background is-layout-flow wp-block-column-is-layout-flow\"><div class=\"wp-block-image\">\n<figure class=\"aligncenter size-full is-resized\"><img loading=\"lazy\" decoding=\"async\" width=\"320\" height=\"213\" src=\"https:\/\/zoodelpirineu.com\/wp-content\/uploads\/2025\/09\/ventajasfiscalespicto.png\" alt=\"donor benefits tax advantages HMRC certificate Pyrenees Wildlife Centre\" class=\"wp-image-5275\" style=\"width:auto;height:100px\" srcset=\"https:\/\/zoodelpirineu.com\/wp-content\/uploads\/2025\/09\/ventajasfiscalespicto.png 320w, https:\/\/zoodelpirineu.com\/wp-content\/uploads\/2025\/09\/ventajasfiscalespicto-300x200.png 300w\" sizes=\"auto, (max-width: 320px) 100vw, 320px\" \/><\/figure>\n<\/div>\n\n\n<h3 class=\"wp-block-heading has-text-align-center\">Tax Advantages<\/h3>\n\n\n\n<p class=\"has-text-align-center\">You can <strong>claim back up to 80%<\/strong> through your Income Tax return \u2014 if you are a taxpayer in Spain. <\/p>\n\n\n\n<p class=\"has-text-align-center\"><em>Example: if you donate \u20ac200, you only pay \u20ac40 \u2014 HMRC refunds you \u20ac160.<\/em><\/p>\n<\/div>\n\n\n\n<div class=\"wp-block-column is-layout-flow wp-block-column-is-layout-flow\"><\/div>\n<\/div>\n\n<div class=\"wp-block-buttons is-content-justification-center is-layout-flex wp-container-core-buttons-is-layout-16018d1d wp-block-buttons-is-layout-flex\">\n<div class=\"wp-block-button\"><a class=\"wp-block-button__link has-medium-font-size has-custom-font-size wp-element-button\" href=\"https:\/\/zoodelpirineu.com\/en\/donation\/urgent-help-for-wildlife-in-spain\/\" style=\"border-radius:0px\">Make a one-off donation<\/a><\/div>\n<\/div>\n\n<div style=\"height:100px\" aria-hidden=\"true\" class=\"wp-block-spacer\"><\/div>\n\n<h2 class=\"wp-block-heading has-text-align-center\" id=\"Beneficios\">Benefits for recurring donors<br\/>(Wild Souls)<\/h2>\n\n<div class=\"wp-block-columns is-layout-flex wp-container-core-columns-is-layout-9d6595d7 wp-block-columns-is-layout-flex\">\n<div class=\"wp-block-column is-layout-flow wp-block-column-is-layout-flow\" style=\"flex-basis:25%\"><\/div>\n\n\n\n<div class=\"wp-block-column is-layout-flow wp-block-column-is-layout-flow\" style=\"flex-basis:50%\">\n<p class=\"has-text-align-center\">The <strong><a href=\"https:\/\/zoodelpirineu.com\/en\/donation\/become-a-member\/\" title=\"\">members<\/a><\/strong> and <strong><a href=\"https:\/\/zoodelpirineu.com\/en\/donation\/sponsor-wild-animals\/\" title=\"Sponsor Wild Animals\">sponsors<\/a> <\/strong>form the <strong>Wild Souls community<\/strong>.<\/p>\n\n\n\n<p class=\"has-text-align-center\">Their steady support makes it possible to care for wild animals every single day \u2014 and for that, they enjoy extra benefits. <\/p>\n<\/div>\n\n\n\n<div class=\"wp-block-column is-layout-flow wp-block-column-is-layout-flow\" style=\"flex-basis:25%\"><\/div>\n<\/div>\n\n<div style=\"height:60px\" aria-hidden=\"true\" class=\"wp-block-spacer\"><\/div>\n\n<div class=\"wp-block-columns is-layout-flex wp-container-core-columns-is-layout-9d6595d7 wp-block-columns-is-layout-flex\">\n<div class=\"wp-block-column is-layout-flow wp-block-column-is-layout-flow\" style=\"flex-basis:10%\"><\/div>\n\n\n\n<div class=\"wp-block-column has-base-2-background-color has-background is-layout-flow wp-block-column-is-layout-flow\"><div class=\"wp-block-image\">\n<figure class=\"aligncenter size-full is-resized\"><img loading=\"lazy\" decoding=\"async\" width=\"320\" height=\"213\" src=\"https:\/\/zoodelpirineu.com\/wp-content\/uploads\/2025\/09\/regalopicto.png\" alt=\"\" class=\"wp-image-5269\" style=\"width:auto;height:100px\" srcset=\"https:\/\/zoodelpirineu.com\/wp-content\/uploads\/2025\/09\/regalopicto.png 320w, https:\/\/zoodelpirineu.com\/wp-content\/uploads\/2025\/09\/regalopicto-300x200.png 300w\" sizes=\"auto, (max-width: 320px) 100vw, 320px\" \/><\/figure>\n<\/div>\n\n\n<h3 class=\"wp-block-heading has-text-align-center\">Welcome gift<\/h3>\n\n\n\n<p class=\"has-text-align-center\">On your first visit you will receive an exclusive T-shirt as a symbol of your commitment.<\/p>\n<\/div>\n\n\n\n<div class=\"wp-block-column has-base-2-background-color has-background is-layout-flow wp-block-column-is-layout-flow\"><div class=\"wp-block-image\">\n<figure class=\"aligncenter size-full is-resized\"><img loading=\"lazy\" decoding=\"async\" width=\"320\" height=\"213\" src=\"https:\/\/zoodelpirineu.com\/wp-content\/uploads\/2025\/09\/visitaguiadapicto.png\" alt=\"\" class=\"wp-image-5272\" style=\"width:auto;height:100px\" srcset=\"https:\/\/zoodelpirineu.com\/wp-content\/uploads\/2025\/09\/visitaguiadapicto.png 320w, https:\/\/zoodelpirineu.com\/wp-content\/uploads\/2025\/09\/visitaguiadapicto-300x200.png 300w\" sizes=\"auto, (max-width: 320px) 100vw, 320px\" \/><\/figure>\n<\/div>\n\n\n<h3 class=\"wp-block-heading has-text-align-center\">Free guided visits<\/h3>\n\n\n\n<p class=\"has-text-align-center\">As long as you remain a recurring donor, you can enjoy our guided visits at no cost.<\/p>\n<\/div>\n\n\n\n<div class=\"wp-block-column has-base-2-background-color has-background is-layout-flow wp-block-column-is-layout-flow\"><div class=\"wp-block-image\">\n<figure class=\"aligncenter size-full is-resized\"><img loading=\"lazy\" decoding=\"async\" width=\"320\" height=\"213\" src=\"https:\/\/zoodelpirineu.com\/wp-content\/uploads\/2025\/09\/comunidadpicto.png\" alt=\"\" class=\"wp-image-5284\" style=\"width:auto;height:100px\" srcset=\"https:\/\/zoodelpirineu.com\/wp-content\/uploads\/2025\/09\/comunidadpicto.png 320w, https:\/\/zoodelpirineu.com\/wp-content\/uploads\/2025\/09\/comunidadpicto-300x200.png 300w\" sizes=\"auto, (max-width: 320px) 100vw, 320px\" \/><\/figure>\n<\/div>\n\n\n<h3 class=\"wp-block-heading has-text-align-center\"><a href=\"https:\/\/zoodelpirineu.com\/en\/donation\/benefits-for-donors\/annual-event-for-members\/\" title=\"Annual Event for Members and Sponsors\">Exclusive Events<\/a><\/h3>\n\n\n\n<p class=\"has-text-align-center\">Take part in the annual events for members and sponsors, and join exclusive volunteer events together with other Wild Souls.<\/p>\n\n\n\n<div class=\"wp-block-buttons is-layout-flex wp-block-buttons-is-layout-flex\">\n<div class=\"wp-block-button has-custom-width wp-block-button__width-100\"><a class=\"wp-block-button__link wp-element-button\" href=\"https:\/\/zoodelpirineu.com\/en\/donation\/benefits-for-donors\/annual-event-for-members\/\" style=\"border-radius:0px\">Discover Wild Souls Events<\/a><\/div>\n<\/div>\n<\/div>\n\n\n\n<div class=\"wp-block-column has-base-2-background-color has-background is-layout-flow wp-block-column-is-layout-flow\"><div class=\"wp-block-image\">\n<figure class=\"aligncenter size-full is-resized\"><img loading=\"lazy\" decoding=\"async\" width=\"320\" height=\"213\" src=\"https:\/\/zoodelpirineu.com\/wp-content\/uploads\/2025\/09\/boletinpicto.png\" alt=\"\" class=\"wp-image-5281\" style=\"width:auto;height:100px\" srcset=\"https:\/\/zoodelpirineu.com\/wp-content\/uploads\/2025\/09\/boletinpicto.png 320w, https:\/\/zoodelpirineu.com\/wp-content\/uploads\/2025\/09\/boletinpicto-300x200.png 300w\" sizes=\"auto, (max-width: 320px) 100vw, 320px\" \/><\/figure>\n<\/div>\n\n\n<h3 class=\"wp-block-heading has-text-align-center\">Exclusive newsletter<\/h3>\n\n\n\n<p class=\"has-text-align-center\">Every month you\u2019ll receive stories, videos and learning materials to get closer to wildlife and the animals you help protect.<\/p>\n<\/div>\n\n\n\n<div class=\"wp-block-column is-layout-flow wp-block-column-is-layout-flow\" style=\"flex-basis:10%\"><\/div>\n<\/div>\n\n<div style=\"height:100px\" aria-hidden=\"true\" class=\"wp-block-spacer\"><\/div>\n\n<h2 class=\"wp-block-heading has-text-align-center\">Choose how you want to be part of the Wild Souls<\/h2>\n\n<div class=\"wp-block-columns is-layout-flex wp-container-core-columns-is-layout-9d6595d7 wp-block-columns-is-layout-flex\">\n<div class=\"wp-block-column is-layout-flow wp-block-column-is-layout-flow\" style=\"flex-basis:10%\"><\/div>\n\n\n\n<div class=\"wp-block-column has-base-2-background-color has-background is-layout-flow wp-block-column-is-layout-flow\">\n<div style=\"height:30px\" aria-hidden=\"true\" class=\"wp-block-spacer\"><\/div>\n\n\n\n<p class=\"has-text-align-center has-medium-font-size\"><strong>Become a member<\/strong><\/p>\n\n\n\n<p class=\"has-text-align-center\">A fixed contribution that supports all the animals at the centre.<\/p>\n\n\n\n<p class=\"has-text-align-center\">You take part in the overall care of the project.<\/p>\n\n\n\n<div class=\"wp-block-buttons is-layout-flex wp-block-buttons-is-layout-flex\">\n<div class=\"wp-block-button has-custom-width wp-block-button__width-100\"><a class=\"wp-block-button__link wp-element-button\" href=\"https:\/\/zoodelpirineu.com\/en\/donation\/become-a-member\/\" style=\"border-radius:0px\">I want to become a member<\/a><\/div>\n<\/div>\n<\/div>\n\n\n\n<div class=\"wp-block-column has-base-2-background-color has-background is-layout-flow wp-block-column-is-layout-flow\">\n<div style=\"height:30px\" aria-hidden=\"true\" class=\"wp-block-spacer\"><\/div>\n\n\n\n<p class=\"has-text-align-center has-medium-font-size\"><strong>Become a godparent<\/strong><\/p>\n\n\n\n<p class=\"has-text-align-center\">Sponsor a specific animal and accompany it throughout its recovery.<\/p>\n\n\n\n<p class=\"has-text-align-center\">Follow their story and progress closely.<\/p>\n\n\n\n<div class=\"wp-block-buttons is-layout-flex wp-block-buttons-is-layout-flex\">\n<div class=\"wp-block-button has-custom-width wp-block-button__width-100\"><a class=\"wp-block-button__link wp-element-button\" href=\"https:\/\/zoodelpirineu.com\/en\/donation\/sponsor-wild-animals\/animal-sponsorship-form\/\" style=\"border-radius:0px\">I want to sponsor an animal<\/a><\/div>\n<\/div>\n<\/div>\n\n\n\n<div class=\"wp-block-column is-layout-flow wp-block-column-is-layout-flow\" style=\"flex-basis:10%\"><\/div>\n<\/div>\n\n<div style=\"height:100px\" aria-hidden=\"true\" class=\"wp-block-spacer\"><\/div>\n\n<div class=\"wp-block-columns are-vertically-aligned-center has-base-background-color has-background is-layout-flex wp-container-core-columns-is-layout-9d6595d7 wp-block-columns-is-layout-flex\">\n<div class=\"wp-block-column is-vertically-aligned-center has-base-background-color has-background is-layout-flow wp-block-column-is-layout-flow\" style=\"flex-basis:33.33%\">\n<figure class=\"wp-block-image size-full\"><img loading=\"lazy\" decoding=\"async\" width=\"800\" height=\"600\" src=\"https:\/\/zoodelpirineu.com\/wp-content\/uploads\/2024\/09\/Rebeco.jpg\" alt=\"One-off donations allow the chamois La Coma to live in a safe space at the Pyrenees Wildlife Centre.\" class=\"wp-image-1754\" srcset=\"https:\/\/zoodelpirineu.com\/wp-content\/uploads\/2024\/09\/Rebeco.jpg 800w, https:\/\/zoodelpirineu.com\/wp-content\/uploads\/2024\/09\/Rebeco-300x225.jpg 300w, https:\/\/zoodelpirineu.com\/wp-content\/uploads\/2024\/09\/Rebeco-768x576.jpg 768w\" sizes=\"auto, (max-width: 800px) 100vw, 800px\" \/><\/figure>\n\n\n\n<p><strong>The chamois La Coma lost her home after the closure of the refuge where she lived.<\/strong><br\/>Thanks to the generosity of one-off donors, she now enjoys a safe semi-wild space, adapted to her needs.<\/p>\n<\/div>\n\n\n\n<div class=\"wp-block-column is-vertically-aligned-center is-layout-flow wp-block-column-is-layout-flow\" style=\"flex-basis:60%\">\n<h2 class=\"wp-block-heading has-text-align-left\">Frequently Asked Questions from Donors<\/h2>\n\n\n\n<h3 class=\"wp-block-heading has-text-align-left\">What is the difference between a one-off donation and a recurring donation?<\/h3>\n\n\n\n<ul class=\"wp-block-list\">\n<li><strong>One-off donation<\/strong>: you make a single contribution, whenever you wish.<\/li>\n\n\n\n<li><strong>Recurring donation<\/strong>: you give a fixed amount every month or year as a member or sponsor.<\/li>\n<\/ul>\n\n\n\n<h3 class=\"wp-block-heading has-text-align-left\">Can I always claim tax relief on my donations?<\/h3>\n\n\n\n<ul class=\"wp-block-list\">\n<li>Yes, if you pay <strong>Income Tax in Spain<\/strong> and need to file a tax return (IRPF).<br\/>No, if you do not file a tax return or if the Spanish Tax Agency (Hacienda) owes you a refund.<\/li>\n\n\n\n<li><strong>Important note for international donors:<\/strong><br\/>Tax relief rules apply to Spanish taxpayers. If you live outside Spain, your ability to claim tax benefits will depend on the laws of your own country.<\/li>\n<\/ul>\n\n\n\n<h3 class=\"wp-block-heading has-text-align-left\">How will I receive my tax certificate?<\/h3>\n\n\n\n<ul class=\"wp-block-list\">\n<li><strong>Donaci\u00f3n puntual<\/strong>: si lo solicitas, lo recibir\u00e1s por correo electr\u00f3nico en un m\u00e1ximo de una semana tras tu aportaci\u00f3n.<\/li>\n\n\n\n<li><strong>Recurring donation<\/strong>: we send it automatically at the beginning of the following year, including all your donations \u2014 even if you have stopped collaborating during the year.<\/li>\n<\/ul>\n<\/div>\n<\/div>\n\n<div style=\"height:100px\" aria-hidden=\"true\" class=\"wp-block-spacer\"><\/div>\n\n<div class=\"wp-block-columns are-vertically-aligned-center has-base-background-color has-background is-layout-flex wp-container-core-columns-is-layout-9d6595d7 wp-block-columns-is-layout-flex\">\n<div class=\"wp-block-column is-vertically-aligned-center has-base-background-color has-background is-layout-flow wp-block-column-is-layout-flow\" style=\"flex-basis:33.33%\">\n<figure class=\"wp-block-image size-full\"><img loading=\"lazy\" decoding=\"async\" width=\"800\" height=\"600\" src=\"https:\/\/zoodelpirineu.com\/wp-content\/uploads\/2025\/09\/jinetahelen.jpg\" alt=\"Genet Helen at the Pyrenees Wildlife Centre, rehabilitated after a car accident thanks to recurring donors.\" class=\"wp-image-5291\" srcset=\"https:\/\/zoodelpirineu.com\/wp-content\/uploads\/2025\/09\/jinetahelen.jpg 800w, https:\/\/zoodelpirineu.com\/wp-content\/uploads\/2025\/09\/jinetahelen-300x225.jpg 300w, https:\/\/zoodelpirineu.com\/wp-content\/uploads\/2025\/09\/jinetahelen-768x576.jpg 768w\" sizes=\"auto, (max-width: 800px) 100vw, 800px\" \/><\/figure>\n\n\n\n<p><strong>Helen the genet lost her sight after being hit by a car.<\/strong><br\/>Today she lives peacefully in a spacious enclosure adapted to her needs, thanks to the constant support of her sponsors.<\/p>\n<\/div>\n\n\n\n<div class=\"wp-block-column is-vertically-aligned-center is-layout-flow wp-block-column-is-layout-flow\" style=\"flex-basis:60%\">\n<h2 class=\"wp-block-heading has-text-align-left\">Questions from recurring donors (Wild Souls)<\/h2>\n\n\n\n<h3 class=\"wp-block-heading has-text-align-left\">How will I receive your updates?<\/h3>\n\n\n\n<ul class=\"wp-block-list\">\n<li>You will receive them by email through the monthly Wild Souls newsletter.<\/li>\n\n\n\n<li>You must be subscribed to the newsletter; otherwise, you will not receive the information.<\/li>\n\n\n\n<li>If your newsletter does not arrive, <a href=\"https:\/\/zoodelpirineu.com\/en\/contact\/\" title=\"Contact\"><strong>contact us<\/strong><\/a> and we will solve the issue.<\/li>\n<\/ul>\n\n\n\n<h3 class=\"wp-block-heading has-text-align-left\">Can I cancel my support at any time?<\/h3>\n\n\n\n<ul class=\"wp-block-list\">\n<li>Yes, you can cancel your contribution at any time, with no commitment or long-term obligation.<\/li>\n\n\n\n<li>Simply let us know by email and we will process it immediately.<\/li>\n\n\n\n<li>Read our <a href=\"https:\/\/zoodelpirineu.com\/en\/legal\/donation-policy\/\" title=\"Donation Policy\"><strong>Donation Policy<\/strong><\/a>.<\/li>\n<\/ul>\n<\/div>\n<\/div>\n\n<div style=\"height:100px\" aria-hidden=\"true\" class=\"wp-block-spacer\"><\/div>\n\n<div class=\"wp-block-cover\"><img decoding=\"async\" class=\"wp-block-cover__image-background wp-image-1710\" alt=\"Donantes ayudan a proteger zorros y otros animales salvajes en el Zoo de los Pirineos.\" src=\"https:\/\/zoodelpirineu.com\/wp-content\/uploads\/2022\/06\/zorrocara.jpg\" data-object-fit=\"cover\"\/><span aria-hidden=\"true\" class=\"wp-block-cover__background has-background-dim\"><\/span><div class=\"wp-block-cover__inner-container is-layout-flow wp-block-cover-is-layout-flow\">\n<p class=\"has-text-align-right has-large-font-size\">\u201cRespecting animals is a duty,<br\/>loving them is a privilege.\u201d<\/p>\n\n\n\n<div class=\"wp-block-buttons is-content-justification-right is-layout-flex wp-container-core-buttons-is-layout-765c4724 wp-block-buttons-is-layout-flex\">\n<div class=\"wp-block-button\"><a class=\"wp-block-button__link has-medium-font-size has-custom-font-size wp-element-button\" href=\"https:\/\/zoodelpirineu.com\/en\/donation\/become-a-member\/membership-form\/\" style=\"border-radius:0px\">Become a donor today<\/a><\/div>\n<\/div>\n<\/div><\/div>\n\n<p><\/p>\n","protected":false},"excerpt":{"rendered":"<p>Join us in building a community of extraordinary people who care for the future of all living beings.<br \/>\nThey stand by our side in the fight against injustice and ignorance towards wildlife.<br \/>They support us either financially or by dedicating their free time to our projects. <\/p>\n","protected":false},"author":1,"featured_media":0,"parent":3903,"menu_order":0,"comment_status":"closed","ping_status":"closed","template":"","meta":{"om_disable_all_campaigns":false,"_monsterinsights_skip_tracking":false,"_monsterinsights_sitenote_active":false,"_monsterinsights_sitenote_note":"","_monsterinsights_sitenote_category":0,"footnotes":""},"class_list":["post-5297","page","type-page","status-publish"],"aioseo_notices":[],"_links":{"self":[{"href":"https:\/\/zoodelpirineu.com\/en\/wp-json\/wp\/v2\/pages\/5297","targetHints":{"allow":["GET"]}}],"collection":[{"href":"https:\/\/zoodelpirineu.com\/en\/wp-json\/wp\/v2\/pages"}],"about":[{"href":"https:\/\/zoodelpirineu.com\/en\/wp-json\/wp\/v2\/types\/page"}],"author":[{"embeddable":true,"href":"https:\/\/zoodelpirineu.com\/en\/wp-json\/wp\/v2\/users\/1"}],"replies":[{"embeddable":true,"href":"https:\/\/zoodelpirineu.com\/en\/wp-json\/wp\/v2\/comments?post=5297"}],"version-history":[{"count":6,"href":"https:\/\/zoodelpirineu.com\/en\/wp-json\/wp\/v2\/pages\/5297\/revisions"}],"predecessor-version":[{"id":5921,"href":"https:\/\/zoodelpirineu.com\/en\/wp-json\/wp\/v2\/pages\/5297\/revisions\/5921"}],"up":[{"embeddable":true,"href":"https:\/\/zoodelpirineu.com\/en\/wp-json\/wp\/v2\/pages\/3903"}],"wp:attachment":[{"href":"https:\/\/zoodelpirineu.com\/en\/wp-json\/wp\/v2\/media?parent=5297"}],"curies":[{"name":"wp","href":"https:\/\/api.w.org\/{rel}","templated":true}]}}